{"id":1987,"date":"2023-04-09T13:25:52","date_gmt":"2023-04-09T11:25:52","guid":{"rendered":"https:\/\/agora.xtec.cat\/ilb\/?page_id=1987"},"modified":"2025-12-17T17:13:26","modified_gmt":"2025-12-17T16:13:26","slug":"proteccio-de-dades","status":"publish","type":"page","link":"https:\/\/agora.xtec.cat\/ilb\/proteccio-de-dades\/","title":{"rendered":"Protecci\u00f3 de dades"},"content":{"rendered":"<h3><span style=\"color: #009fe3;\">Qui \u00e9s el responsable del tractament de les seves dades personals?<\/span><\/h3>\n<ul>\n<li style=\"list-style-type: none;\">\n<ul>\n<li><strong><span style=\"color: #333333;\">Responsable del tractament<\/span><\/strong>: Institut de Log\u00edstica de Barcelona<\/li>\n<li><strong>CIF<\/strong>: Q0802364J<\/li>\n<li><strong>Adre\u00e7a postal:<\/strong> WTC-B Moll de Barcelona, s\/n &#8211; Edifici Sud Local, 27 &#8211; 08039 Barcelona<\/li>\n<li><strong>Adre\u00e7a electr\u00f2nica<\/strong>: <a href=\"mailto:ilb@xtec.cat\">ilb@xtec.cat<\/a><\/li>\n<li><strong>Tel\u00e8fon<\/strong>: 93 118 12 88<\/li>\n<li><strong>Contacte del delegat de protecci\u00f3 de dades<\/strong>: <a href=\"mailto:protecciodades@ilb.cat\">protecciodades@ilb.cat<\/a><\/li>\n<\/ul>\n<\/li>\n<\/ul>\n<h4><span style=\"color: #009fe3;\">Amb quina finalitat tractem les seves dades personals?<\/span><\/h4>\n<p>Les dades personals proporcionades a trav\u00e9s d&#8217;aquesta p\u00e0gina web seran tractades amb la finalitat de gestionar les sol\u00b7licituds que ens feu arribar a trav\u00e9s dels formularis de contacte, aix\u00ed com per a l&#8217;enviament d&#8217;informaci\u00f3 i altres dades relacionades amb els serveis que oferim, sempre que h\u00e0giu consentit a aquesta finalitat espec\u00edfica mitjan\u00e7ant la casella corresponent en el formulari de recollida de dades.<\/p>\n<h4><span style=\"color: #009fe3;\">\u00c9s obligatori proporcionar tota la informaci\u00f3 sol\u00b7licitada en els formularis de la p\u00e0gina web?<\/span><\/h4>\n<p>\u00c9s possible que en els formularis de la nostra p\u00e0gina web se us sol\u00b7licitin determinades dades personals per poder processar la vostra sol\u00b7licitud o consulta. L&#8217;omissi\u00f3 de determinades dades pot comportar que no puguem atendre adequadament la vostra sol\u00b7licitud o que aquesta no pugui ser tramitada.<\/p>\n<p>En qualsevol cas, en els formularis de recollida de dades estar\u00e0 indicat quines dades s\u00f3n obligat\u00f2ries i quines s\u00f3n opcionals. Si no proporcioneu les dades obligat\u00f2ries o ho feu de manera inexacta, l&#8217;INSTITUT DE LOG\u00cdSTICA DE BARCELONA no podr\u00e0 tramitar correctament la vostra petici\u00f3 i, en conseq\u00fc\u00e8ncia, el centre no ser\u00e0 responsable de cap manera per la no prestaci\u00f3 o la prestaci\u00f3 incompleta dels serveis sol\u00b7licitats. Per tant, heu de garantir que les dades que ens faciliteu s\u00f3n veraces i estan actualitzades en tot moment.<\/p>\n<h4><span style=\"color: #009fe3;\">Quant de temps conservarem les seves dades personals?<\/span><\/h4>\n<p>Les dades personals es conservaran mentre duri la finalitat per la qual van ser prestades i no se sol\u00b7liciti la seva supressi\u00f3 o revocaci\u00f3.<\/p>\n<h4><span style=\"color: #009fe3;\">Quina \u00e9s la legitimaci\u00f3 pel tractament de les seves dades personals?<\/span><\/h4>\n<p>La base legal pel tractament de les seves dades \u00e9s el consentiment prestat mitjan\u00e7ant l&#8217;acceptaci\u00f3 de la cl\u00e0usula de tractament de dades.<\/p>\n<h4><span style=\"color: #009fe3;\">A quins destinataris es comunicaran les seves dades?<\/span><\/h4>\n<p>No se cediran dades a tercers, excepte obligaci\u00f3 legal. En cas de tenir intenci\u00f3 de fer-ho, es recavaria primer l&#8217;autoritzaci\u00f3 de les persones afectades.<\/p>\n<h4><span style=\"color: #009fe3;\">Quins son els seus drets en relaci\u00f3 amb les seves dades personals?<\/span><\/h4>\n<p>La persona interessada pot exercir el dret d&#8217;acc\u00e9s a les seves dades personals, aix\u00ed com sol\u00b7licitar la rectificaci\u00f3 de les dades inexactes o, si escau, sol\u00b7licitar la seva supressi\u00f3 quan les dades ja no siguin necess\u00e0ries per a les finalitats que van ser recollides. Tamb\u00e9 podr\u00e0 sol\u00b7licitar la limitaci\u00f3, portabilitat i oposici\u00f3 del tractament de les seves dades en determinades circumst\u00e0ncies i per motius relacionats amb la seva situaci\u00f3 particular. Igualment, t\u00e9 el dret a revocar el seu consentiment en qualsevol moment sense que aix\u00f2 afecti de manera retroactiva al tractament de dades personals realitzat fins al moment.<\/p>\n<p>Aquesta persona podr\u00e0 exercir els seus drets referits al par\u00e0graf anterior, en els termes i condicions previstes a la legislaci\u00f3 vigent, a trav\u00e9s d&#8217;una sol\u00b7licitud en suport paper al domicili fiscal de l&#8217;INSTITUT DE LOG\u00cdSTICA DE BARCELONA.<\/p>\n<p><em>En el sup\u00f2sit que no obtingui una resposta satisfact\u00f2ria o desitgi formular una reclamaci\u00f3 o obtenir m\u00e9s informaci\u00f3 respecte a qualsevol d&#8217;aquests drets, pot acudir a l&#8217;<a href=\"https:\/\/apdcat.gencat.cat\/ca\/inici\">Autoritat Catalana de Protecci\u00f3 de Dades<\/a>.<\/em><\/p>\n<h4><span style=\"color: #009fe3;\">Quines mesures de seguretat t\u00e9 implementades l&#8217;entitat?<\/span><\/h4>\n<p>L&#8217;INSTITUT DE LOG\u00cdSTICA DE BARCELONA informa que t\u00e9 implantades les mesures d&#8217;informaci\u00f3 de seguretat t\u00e8cnica i organitzatives necess\u00e0ries per garantir la seguretat de les dades de car\u00e0cter personal de la persona usu\u00e0ria i evitar la seva alteraci\u00f3, p\u00e8rdua, tractament i\/o acc\u00e9s no autoritzat amb l&#8217;estat de la tecnologia, la naturalesa de les dades emmagatzemades i els riscos que estan exposats, tant si provenen de l&#8217;acci\u00f3 humana o del medi f\u00edsic o natural, de conformitat amb el que preveu la normativa vigent.<\/p>\n<h5><span style=\"color: #009fe3;\">Informaci\u00f3 addicional sobre el tractament de protecci\u00f3 de dades<\/span><\/h5>\n<ul>\n<li style=\"list-style-type: none;\">\n<ul style=\"list-style-type: square;\">\n<li><a href=\"https:\/\/educacio.gencat.cat\/ca\/departament\/proteccio-dades\/informacio-addicional-tractaments\/llista-responsables\/\">Departament d&#8217;Educaci\u00f3<\/a><\/li>\n<li><a href=\"https:\/\/www.edubcn.cat\/ca\/el_consorci\/proteccio_de_dades_personals\">Consorci d&#8217;Educaci\u00f3 de Barcelona<\/a><\/li>\n<\/ul>\n<\/li>\n<\/ul>\n<p style=\"text-align: right;\"><em><span style=\"color: #0000ff;\"><strong>Rumb al teu futur<\/strong><\/span><\/em><\/p>\n<p style=\"text-align: right;\"><em><span style=\"color: #0000ff;\"><strong>ILB \u2013 connected to change<\/strong><\/span><\/em><\/p>\n","protected":false},"excerpt":{"rendered":"<p>Qui \u00e9s el responsable del tractament de les seves dades personals?<\/p>\n<ul>\n<li style=\"list-style-type: none;\">\n<ul>\n<li>Responsable del tractament: Institut de Log\u00edstica de Barcelona<\/li>\n<li>CIF: Q0802364J<\/li>\n<li>Adre\u00e7a postal: WTC-B Moll de Barcelona, s\/n &#8211; Edifici Sud Local, 27 &#8211; 08039 Barcelona<\/li>\n<li>Adre\u00e7a electr\u00f2nica: <a href=\"mailto:ilb@xtec.cat\">ilb@xtec.cat<\/a><\/li>\n<li>Tel\u00e8fon: 93 118 12 88<\/li>\n<li>Contacte del delegat de&hellip;  <a href=\"https:\/\/agora.xtec.cat\/ilb\/proteccio-de-dades\/\" title=\"Read Protecci\u00f3 de dades\">Llegeix m\u00e9s\u00bb<\/a><br \/>\n","protected":false},"author":1,"featured_media":0,"parent":0,"menu_order":0,"comment_status":"closed","ping_status":"closed","template":"","meta":{"_bbp_topic_count":0,"_bbp_reply_count":0,"_bbp_total_topic_count":0,"_bbp_total_reply_count":0,"_bbp_voice_count":0,"_bbp_anonymous_reply_count":0,"_bbp_topic_count_hidden":0,"_bbp_reply_count_hidden":0,"_bbp_forum_subforum_count":0,"footnotes":""},"class_list":["post-1987","page","type-page","status-publish","hentry"],"post_mailing_queue_ids":[],"_links":{"self":[{"href":"https:\/\/agora.xtec.cat\/ilb\/wp-json\/wp\/v2\/pages\/1987","targetHints":{"allow":["GET"]}}],"collection":[{"href":"https:\/\/agora.xtec.cat\/ilb\/wp-json\/wp\/v2\/pages"}],"about":[{"href":"https:\/\/agora.xtec.cat\/ilb\/wp-json\/wp\/v2\/types\/page"}],"author":[{"embeddable":true,"href":"https:\/\/agora.xtec.cat\/ilb\/wp-json\/wp\/v2\/users\/1"}],"replies":[{"embeddable":true,"href":"https:\/\/agora.xtec.cat\/ilb\/wp-json\/wp\/v2\/comments?post=1987"}],"version-history":[{"count":4,"href":"https:\/\/agora.xtec.cat\/ilb\/wp-json\/wp\/v2\/pages\/1987\/revisions"}],"predecessor-version":[{"id":4609,"href":"https:\/\/agora.xtec.cat\/ilb\/wp-json\/wp\/v2\/pages\/1987\/revisions\/4609"}],"wp:attachment":[{"href":"https:\/\/agora.xtec.cat\/ilb\/wp-json\/wp\/v2\/media?parent=1987"}],"curies":[{"name":"wp","href":"https:\/\/api.w.org\/{rel}","templated":true}]}}