{"id":1906,"date":"2023-03-02T21:19:16","date_gmt":"2023-03-02T20:19:16","guid":{"rendered":"https:\/\/agora.xtec.cat\/ilb\/?page_id=1906"},"modified":"2025-12-17T17:11:33","modified_gmt":"2025-12-17T16:11:33","slug":"preinscripcio-pfi-23-24","status":"publish","type":"page","link":"https:\/\/agora.xtec.cat\/ilb\/preinscripcio-pfi-23-24\/","title":{"rendered":"Preinscripci\u00f3 PFI curs 2025-2026"},"content":{"rendered":"<p><a href=\"https:\/\/preinscripcio.gencat.cat\/ca\/estudis\/pfi\/inici\/\">Informaci\u00f3 de la preinscripci\u00f3 per als programes de formaci\u00f3 i inserci\u00f3<\/a><\/p>\n<p>En aquest espai s&#8217;anir\u00e0 penjant la informaci\u00f3 i llistes de cada una de les fases de preinscripci\u00f3 tal com us marca el mapa de l&#8217;enlla\u00e7 anterior:<\/p>\n<p><a href=\"https:\/\/agora.xtec.cat\/ilb\/wp-content\/uploads\/usu2296\/2025\/05\/Mapa-preinscripcio-pfi-curs-2526.png\"><img loading=\"lazy\" decoding=\"async\" class=\"wp-image-4182 alignleft\" src=\"https:\/\/agora.xtec.cat\/ilb\/wp-content\/uploads\/usu2296\/2025\/05\/Mapa-preinscripcio-pfi-curs-2526.png\" alt=\"\" width=\"846\" height=\"470\" srcset=\"https:\/\/agora.xtec.cat\/ilb\/wp-content\/uploads\/usu2296\/2025\/05\/Mapa-preinscripcio-pfi-curs-2526.png 738w, https:\/\/agora.xtec.cat\/ilb\/wp-content\/uploads\/usu2296\/2025\/05\/Mapa-preinscripcio-pfi-curs-2526-300x167.png 300w\" sizes=\"auto, (max-width: 846px) 100vw, 846px\" \/><\/a><\/p>\n<p>&nbsp;<\/p>\n<p>&nbsp;<\/p>\n<p>&nbsp;<\/p>\n<p>&nbsp;<\/p>\n<p>&nbsp;<\/p>\n<p>&nbsp;<\/p>\n<p>&nbsp;<\/p>\n<p>&nbsp;<\/p>\n<p>&nbsp;<\/p>\n<p>&nbsp;<\/p>\n<p>&nbsp;<\/p>\n<p><strong>Publicaci\u00f3 de l&#8217;oferta inicial de programes de formaci\u00f3 i inserci\u00f3:<\/strong><\/p>\n<ul>\n<li style=\"list-style-type: none;\">\n<ul>\n<li><a href=\"https:\/\/agora.xtec.cat\/ilb\/wp-content\/uploads\/usu2296\/2025\/05\/PFI_2526_OFERTA_INICIAL.pdf\">Oferta inicial PFI<\/a><\/li>\n<li><a href=\"https:\/\/agora.xtec.cat\/ilb\/wp-content\/uploads\/usu2296\/2025\/05\/PREINSCRIPCIO-25-26-PFI-BAREM-PROVISIONAL_INFORME_ASSIGNADES.pdf\">Publicaci\u00f3 de la llista de sol\u00b7licituds que han demanat el centre i l&#8217;ensenyament en primera petici\u00f3 amb la puntuaci\u00f3 provisional.<\/a><\/li>\n<li><a href=\"https:\/\/agora.xtec.cat\/ilb\/wp-content\/uploads\/usu2296\/2025\/06\/PFI_BAREM_RESOLTES_RECLAMACIONS.pdf\">Publicaci\u00f3 de la llista de sol\u00b7licituds que han demanat al centre i l&#8217;ensenyament en primera petici\u00f3 amb la puntuaci\u00f3 resoltes les reclamacions.<\/a><\/li>\n<li><a href=\"https:\/\/agora.xtec.cat\/ilb\/wp-content\/uploads\/usu2296\/2025\/06\/PFI_INFORME_BAREM_DEFINITIU_BAREM.pdf\">Publicaci\u00f3 de la llista de sol\u00b7licituds que han demanat el centre i l&#8217;ensenyament en primera petici\u00f3 ordenada<\/a><\/li>\n<li><a href=\"https:\/\/agora.xtec.cat\/ilb\/wp-content\/uploads\/usu2296\/2025\/07\/INFORME_ASSIGNADES_INFORME_ASSIGNADES_PFI.pdf\">Publicaci\u00f3 de la llista d&#8217;alumnat assignat al centre amb indicaci\u00f3 de la primera petici\u00f3<\/a><\/li>\n<\/ul>\n<\/li>\n<\/ul>\n<p><a href=\"https:\/\/agora.xtec.cat\/ilb\/wp-content\/uploads\/usu2296\/2025\/07\/alumnat-assignat-pfi-curs-2526.png\"><img loading=\"lazy\" decoding=\"async\" class=\"aligncenter size-full wp-image-4350\" src=\"https:\/\/agora.xtec.cat\/ilb\/wp-content\/uploads\/usu2296\/2025\/07\/alumnat-assignat-pfi-curs-2526.png\" alt=\"\" width=\"628\" height=\"466\" srcset=\"https:\/\/agora.xtec.cat\/ilb\/wp-content\/uploads\/usu2296\/2025\/07\/alumnat-assignat-pfi-curs-2526.png 628w, https:\/\/agora.xtec.cat\/ilb\/wp-content\/uploads\/usu2296\/2025\/07\/alumnat-assignat-pfi-curs-2526-300x223.png 300w\" sizes=\"auto, (max-width: 628px) 100vw, 628px\" \/><\/a><\/p>\n<ul>\n<li style=\"list-style-type: none;\">\n<ul>\n<li><a href=\"https:\/\/agora.xtec.cat\/ilb\/wp-content\/uploads\/usu2296\/2025\/07\/PFI_INFORME_LLISTA_ESPERA_OME_LLISTA_ESPERA.pdf\">Publicaci\u00f3 de la llista d&#8217;espera<\/a><\/li>\n<\/ul>\n<\/li>\n<\/ul>\n<p><a href=\"https:\/\/agora.xtec.cat\/ilb\/wp-content\/uploads\/usu2296\/2025\/07\/pfi-llista-espera-curs-2526.png\"><img loading=\"lazy\" decoding=\"async\" class=\"aligncenter wp-image-4354\" src=\"https:\/\/agora.xtec.cat\/ilb\/wp-content\/uploads\/usu2296\/2025\/07\/pfi-llista-espera-curs-2526-1024x435.png\" alt=\"\" width=\"798\" height=\"339\" srcset=\"https:\/\/agora.xtec.cat\/ilb\/wp-content\/uploads\/usu2296\/2025\/07\/pfi-llista-espera-curs-2526-1024x435.png 1024w, https:\/\/agora.xtec.cat\/ilb\/wp-content\/uploads\/usu2296\/2025\/07\/pfi-llista-espera-curs-2526-300x127.png 300w, https:\/\/agora.xtec.cat\/ilb\/wp-content\/uploads\/usu2296\/2025\/07\/pfi-llista-espera-curs-2526-768x326.png 768w, https:\/\/agora.xtec.cat\/ilb\/wp-content\/uploads\/usu2296\/2025\/07\/pfi-llista-espera-curs-2526.png 1132w\" sizes=\"auto, (max-width: 798px) 100vw, 798px\" \/><\/a><\/p>\n<ul>\n<li style=\"list-style-type: none;\">\n<ul>\n<li><a href=\"https:\/\/agora.xtec.cat\/ilb\/wp-content\/uploads\/usu2296\/2025\/07\/PFI_INFORME_PREINSCRITES_OME_INFORME_PREINSCRITES_OME.pdf\">Publicaci\u00f3 d&#8217;alumnat preinscrit al centre<\/a><\/li>\n<\/ul>\n<\/li>\n<\/ul>\n<p><a href=\"https:\/\/agora.xtec.cat\/ilb\/wp-content\/uploads\/usu2296\/2025\/07\/pfi-alumnat-inscrit-centre-1-curs-2526.png\"><img loading=\"lazy\" decoding=\"async\" class=\"aligncenter size-full wp-image-4357\" src=\"https:\/\/agora.xtec.cat\/ilb\/wp-content\/uploads\/usu2296\/2025\/07\/pfi-alumnat-inscrit-centre-1-curs-2526.png\" alt=\"\" width=\"645\" height=\"715\" srcset=\"https:\/\/agora.xtec.cat\/ilb\/wp-content\/uploads\/usu2296\/2025\/07\/pfi-alumnat-inscrit-centre-1-curs-2526.png 645w, https:\/\/agora.xtec.cat\/ilb\/wp-content\/uploads\/usu2296\/2025\/07\/pfi-alumnat-inscrit-centre-1-curs-2526-271x300.png 271w\" sizes=\"auto, (max-width: 645px) 100vw, 645px\" \/><\/a><\/p>\n<p><a href=\"https:\/\/agora.xtec.cat\/ilb\/wp-content\/uploads\/usu2296\/2025\/07\/pfi-alumnat-inscrit-centre-2-curs-2526.png\"><img loading=\"lazy\" decoding=\"async\" class=\"aligncenter size-full wp-image-4358\" src=\"https:\/\/agora.xtec.cat\/ilb\/wp-content\/uploads\/usu2296\/2025\/07\/pfi-alumnat-inscrit-centre-2-curs-2526.png\" alt=\"\" width=\"637\" height=\"223\" srcset=\"https:\/\/agora.xtec.cat\/ilb\/wp-content\/uploads\/usu2296\/2025\/07\/pfi-alumnat-inscrit-centre-2-curs-2526.png 637w, https:\/\/agora.xtec.cat\/ilb\/wp-content\/uploads\/usu2296\/2025\/07\/pfi-alumnat-inscrit-centre-2-curs-2526-300x105.png 300w\" sizes=\"auto, (max-width: 637px) 100vw, 637px\" \/><\/a><\/p>\n<p>&nbsp;<\/p>\n<p>&nbsp;<\/p>\n<p style=\"text-align: right;\"><em><span style=\"color: #0000ff;\"><strong>Rumb al teu futur<\/strong><\/span><\/em><\/p>\n<p style=\"text-align: right;\"><em><span style=\"color: #0000ff;\"><strong>ILB \u2013 connected to change<\/strong><\/span><\/em><\/p>\n","protected":false},"excerpt":{"rendered":"<p><a href=\"https:\/\/preinscripcio.gencat.cat\/ca\/estudis\/pfi\/inici\/\">Informaci\u00f3 de la preinscripci\u00f3 per als programes de formaci\u00f3 i inserci\u00f3<\/a><br \/>\nEn aquest espai s&#8217;anir\u00e0 penjant la informaci\u00f3 i llistes de cada una de les fases de preinscripci\u00f3 tal com us marca el mapa de l&#8217;enlla\u00e7 anterior:<br \/>\n<a href=\"https:\/\/agora.xtec.cat\/ilb\/wp-content\/uploads\/usu2296\/2025\/05\/Mapa-preinscripcio-pfi-curs-2526.png\"><\/a><br \/>\n&nbsp;<br \/>\n&nbsp;<br \/>\n&nbsp;<br \/>\n&nbsp;<br \/>\n&nbsp;<br \/>\n&nbsp;<br \/>\n&nbsp;<br \/>\n&nbsp;<br \/>\n&nbsp;<br \/>\n&nbsp;<br \/>\n&nbsp;<br \/>\nPublicaci\u00f3 de l&#8217;oferta inicial de programes de formaci\u00f3&hellip;  <a href=\"https:\/\/agora.xtec.cat\/ilb\/preinscripcio-pfi-23-24\/\" title=\"Read Preinscripci\u00f3 PFI curs 2025-2026\">Llegeix m\u00e9s\u00bb<\/a><\/p>\n","protected":false},"author":1,"featured_media":0,"parent":0,"menu_order":0,"comment_status":"closed","ping_status":"closed","template":"","meta":{"_bbp_topic_count":0,"_bbp_reply_count":0,"_bbp_total_topic_count":0,"_bbp_total_reply_count":0,"_bbp_voice_count":0,"_bbp_anonymous_reply_count":0,"_bbp_topic_count_hidden":0,"_bbp_reply_count_hidden":0,"_bbp_forum_subforum_count":0,"footnotes":""},"class_list":["post-1906","page","type-page","status-publish","hentry"],"post_mailing_queue_ids":[],"_links":{"self":[{"href":"https:\/\/agora.xtec.cat\/ilb\/wp-json\/wp\/v2\/pages\/1906","targetHints":{"allow":["GET"]}}],"collection":[{"href":"https:\/\/agora.xtec.cat\/ilb\/wp-json\/wp\/v2\/pages"}],"about":[{"href":"https:\/\/agora.xtec.cat\/ilb\/wp-json\/wp\/v2\/types\/page"}],"author":[{"embeddable":true,"href":"https:\/\/agora.xtec.cat\/ilb\/wp-json\/wp\/v2\/users\/1"}],"replies":[{"embeddable":true,"href":"https:\/\/agora.xtec.cat\/ilb\/wp-json\/wp\/v2\/comments?post=1906"}],"version-history":[{"count":7,"href":"https:\/\/agora.xtec.cat\/ilb\/wp-json\/wp\/v2\/pages\/1906\/revisions"}],"predecessor-version":[{"id":4644,"href":"https:\/\/agora.xtec.cat\/ilb\/wp-json\/wp\/v2\/pages\/1906\/revisions\/4644"}],"wp:attachment":[{"href":"https:\/\/agora.xtec.cat\/ilb\/wp-json\/wp\/v2\/media?parent=1906"}],"curies":[{"name":"wp","href":"https:\/\/api.w.org\/{rel}","templated":true}]}}