{"id":1892,"date":"2023-03-02T21:03:42","date_gmt":"2023-03-02T20:03:42","guid":{"rendered":"https:\/\/agora.xtec.cat\/ilb\/?page_id=1892"},"modified":"2025-12-17T17:10:51","modified_gmt":"2025-12-17T16:10:51","slug":"preinscripcio-i-matricula-23-24","status":"publish","type":"page","link":"https:\/\/agora.xtec.cat\/ilb\/preinscripcio-i-matricula-23-24\/","title":{"rendered":"Preinscripci\u00f3 i matr\u00edcula curs 2025-2026"},"content":{"rendered":"<p><strong>Informaci\u00f3 nou cercador de portes obertes<\/strong><\/p>\n<p>Enguany s&#8217;ha obert una nova campanya de portes obertes de la formaci\u00f3 professional anomenada <strong>&#8220;Be_The Futur | Be_Pro La nova | FP \u00e9s el futor i pot ser el teu&#8221;<\/strong> amb l&#8217;objectiu de fer arribar a l&#8217;alumnat i a les fam\u00edlies la nova proposta renovada de formaci\u00f3 professional que els centres, a trav\u00e9s de les <strong>Xarxes BePro<\/strong>, ofereixen a la ciutat.<\/p>\n<p><a href=\"https:\/\/agora.xtec.cat\/ilb\/wp-content\/uploads\/usu2296\/2023\/03\/Be_Pro_campanya_po_Banner_164x164_1.png\"><img loading=\"lazy\" decoding=\"async\" class=\"size-full wp-image-1893 alignnone\" src=\"https:\/\/agora.xtec.cat\/ilb\/wp-content\/uploads\/usu2296\/2023\/03\/Be_Pro_campanya_po_Banner_164x164_1.png\" alt=\"\" width=\"165\" height=\"165\" srcset=\"https:\/\/agora.xtec.cat\/ilb\/wp-content\/uploads\/usu2296\/2023\/03\/Be_Pro_campanya_po_Banner_164x164_1.png 165w, https:\/\/agora.xtec.cat\/ilb\/wp-content\/uploads\/usu2296\/2023\/03\/Be_Pro_campanya_po_Banner_164x164_1-150x150.png 150w\" sizes=\"auto, (max-width: 165px) 100vw, 165px\" \/><\/a> <a href=\"https:\/\/agora.xtec.cat\/ilb\/wp-content\/uploads\/usu2296\/2023\/03\/Be_Pro_campanya_po_Banner_164x164_2.png\"><img loading=\"lazy\" decoding=\"async\" class=\"size-large wp-image-1894 alignnone\" src=\"https:\/\/agora.xtec.cat\/ilb\/wp-content\/uploads\/usu2296\/2023\/03\/Be_Pro_campanya_po_Banner_164x164_2.png\" alt=\"\" width=\"165\" height=\"165\" srcset=\"https:\/\/agora.xtec.cat\/ilb\/wp-content\/uploads\/usu2296\/2023\/03\/Be_Pro_campanya_po_Banner_164x164_2.png 165w, https:\/\/agora.xtec.cat\/ilb\/wp-content\/uploads\/usu2296\/2023\/03\/Be_Pro_campanya_po_Banner_164x164_2-150x150.png 150w\" sizes=\"auto, (max-width: 165px) 100vw, 165px\" \/><\/a><\/p>\n<p>El nou cercador de portes obertes de l&#8217;FP us facilitar\u00e0 la cerca en funci\u00f3 d&#8217;estudis, \u00e0mbits i centres on podreu con\u00e8ixer informaci\u00f3 de les jornades de portes obertes dels trenta-un centres educatius d&#8217;FP p\u00fablics a Barcelona.<\/p>\n<p>A trav\u00e9s de les nostres jornades de<strong> portes obertes <\/strong>tindr\u00e0s l&#8217;oportunitat de con\u00e8ixer el nostre projecte educatiu amb l&#8217;acompanyament del professorat expert en la formaci\u00f3 per tal que t&#8217;expliquin de primera m\u00e0 els cicles que oferim.<\/p>\n<p><strong>Preinscripci\u00f3 i matr\u00edcula\u00a0<\/strong><\/p>\n<ul>\n<li style=\"list-style-type: none;\">\n<ul>\n<li><a href=\"https:\/\/agora.xtec.cat\/ilb\/?page_id=1898&amp;preview=true\">Preinscripci\u00f3 CFGM<\/a><\/li>\n<li><a href=\"https:\/\/agora.xtec.cat\/ilb\/?page_id=1902&amp;preview=true\">Preinscripci\u00f3 CFGS<\/a><\/li>\n<li><a href=\"https:\/\/agora.xtec.cat\/ilb\/preinscripcio-pfi-23-24\/\">Preinscripci\u00f3 PFI<\/a><\/li>\n<\/ul>\n<\/li>\n<\/ul>\n<p><strong>M\u00e9s informaci\u00f3<\/strong><\/p>\n<p>Podeu consultar tota la informaci\u00f3 sobre els processos de preinscripci\u00f3 i matr\u00edcula a:<\/p>\n<ul>\n<li style=\"list-style-type: none;\">\n<ul>\n<li><a href=\"https:\/\/triaeducativa.gencat.cat\/ca\/inici\">Tria Educativa<\/a><\/li>\n<li><a href=\"https:\/\/preinscripcio.gencat.cat\/ca\/inici\">Preinscripci\u00f3 curs 2025-2026 del<em> Departament d&#8217;Educaci\u00f3<\/em><\/a><\/li>\n<li><a href=\"https:\/\/www.edubcn.cat\/ca\/alumnat_i_familia\/informacio_general_matriculacio%20\/postobligatoris\">Preinscripci\u00f3 curs 2025-2026 de <em>Consorci d&#8217;Educaci\u00f3 de Barcelona<\/em><\/a><\/li>\n<\/ul>\n<\/li>\n<\/ul>\n<p style=\"text-align: right;\"><em><span style=\"color: #0000ff;\"><strong>Rumb al teu futur<\/strong><\/span><\/em><\/p>\n<p style=\"text-align: right;\"><em><span style=\"color: #0000ff;\"><strong>ILB \u2013 connected to change<\/strong><\/span><\/em><\/p>\n","protected":false},"excerpt":{"rendered":"<p>Informaci\u00f3 nou cercador de portes obertes<br \/>\nEnguany s&#8217;ha obert una nova campanya de portes obertes de la formaci\u00f3 professional anomenada &#8220;Be_The Futur | Be_Pro La nova | FP \u00e9s el futor i pot ser el teu&#8221; amb l&#8217;objectiu de fer arribar a l&#8217;alumnat i a les&hellip;  <a href=\"https:\/\/agora.xtec.cat\/ilb\/preinscripcio-i-matricula-23-24\/\" title=\"Read Preinscripci\u00f3 i matr\u00edcula curs 2025-2026\">Llegeix m\u00e9s\u00bb<\/a><\/p>\n","protected":false},"author":1,"featured_media":0,"parent":0,"menu_order":0,"comment_status":"closed","ping_status":"closed","template":"","meta":{"_bbp_topic_count":0,"_bbp_reply_count":0,"_bbp_total_topic_count":0,"_bbp_total_reply_count":0,"_bbp_voice_count":0,"_bbp_anonymous_reply_count":0,"_bbp_topic_count_hidden":0,"_bbp_reply_count_hidden":0,"_bbp_forum_subforum_count":0,"footnotes":""},"class_list":["post-1892","page","type-page","status-publish","hentry"],"post_mailing_queue_ids":[],"_links":{"self":[{"href":"https:\/\/agora.xtec.cat\/ilb\/wp-json\/wp\/v2\/pages\/1892","targetHints":{"allow":["GET"]}}],"collection":[{"href":"https:\/\/agora.xtec.cat\/ilb\/wp-json\/wp\/v2\/pages"}],"about":[{"href":"https:\/\/agora.xtec.cat\/ilb\/wp-json\/wp\/v2\/types\/page"}],"author":[{"embeddable":true,"href":"https:\/\/agora.xtec.cat\/ilb\/wp-json\/wp\/v2\/users\/1"}],"replies":[{"embeddable":true,"href":"https:\/\/agora.xtec.cat\/ilb\/wp-json\/wp\/v2\/comments?post=1892"}],"version-history":[{"count":6,"href":"https:\/\/agora.xtec.cat\/ilb\/wp-json\/wp\/v2\/pages\/1892\/revisions"}],"predecessor-version":[{"id":4252,"href":"https:\/\/agora.xtec.cat\/ilb\/wp-json\/wp\/v2\/pages\/1892\/revisions\/4252"}],"wp:attachment":[{"href":"https:\/\/agora.xtec.cat\/ilb\/wp-json\/wp\/v2\/media?parent=1892"}],"curies":[{"name":"wp","href":"https:\/\/api.w.org\/{rel}","templated":true}]}}