{"id":1726,"date":"2023-02-16T18:01:48","date_gmt":"2023-02-16T17:01:48","guid":{"rendered":"https:\/\/agora.xtec.cat\/ilb\/?page_id=1726"},"modified":"2026-02-17T22:37:22","modified_gmt":"2026-02-17T21:37:22","slug":"portes-obertes","status":"publish","type":"page","link":"https:\/\/agora.xtec.cat\/ilb\/portes-obertes\/","title":{"rendered":"PORTES OBERTES 2026-2027"},"content":{"rendered":"<div><\/div>\n<div><a href=\"https:\/\/agora.xtec.cat\/ilb\/wp-content\/uploads\/usu2296\/2026\/02\/PPOO-WEB-OPTI.jpg\"><img loading=\"lazy\" decoding=\"async\" class=\"aligncenter size-full wp-image-4763\" src=\"https:\/\/agora.xtec.cat\/ilb\/wp-content\/uploads\/usu2296\/2026\/02\/PPOO-WEB-OPTI.jpg\" alt=\"\" width=\"720\" height=\"509\" srcset=\"https:\/\/agora.xtec.cat\/ilb\/wp-content\/uploads\/usu2296\/2026\/02\/PPOO-WEB-OPTI.jpg 720w, https:\/\/agora.xtec.cat\/ilb\/wp-content\/uploads\/usu2296\/2026\/02\/PPOO-WEB-OPTI-300x212.jpg 300w\" sizes=\"auto, (max-width: 720px) 100vw, 720px\" \/><\/a><\/div>\n<div><\/div>\n<div>\n<div><\/div>\n<div>\n<p>Les jornades de Portes Obertes del nostre centre es faran durant dues jornades:<\/p>\n<ul>\n<li>8 d&#8217;abril de 2026 per FP de grau mitj\u00e0 i superior, <strong>virtual a les 18:00 h<\/strong><\/li>\n<\/ul>\n<div><\/div>\n<ul>\n<li>9 d&#8217;abril de 2026 per FP de grau mitj\u00e0 i superior, <strong>presencial en dos torns: 18:00 h i 18:30 h<\/strong><\/li>\n<\/ul>\n<div><\/div>\n<div><a href=\"https:\/\/docs.google.com\/forms\/d\/e\/1FAIpQLSecBXn4phxI_MlIr_Bf6EyElHWc6HLFLFQhYzkpPk9MCHeuxA\/viewform\">Cal inscripci\u00f3 pr\u00e8via: ENLLA\u00c7 FORMULARI D&#8217;INSCRIPCI\u00d3 (ONLINE O PRESENCIAL)<\/a><\/div>\n<div><\/div>\n<\/div>\n<\/div>\n<div>\n<hr \/>\n<\/div>\n<div>\n<div>\n<p>Per resoldre qualsevol dubte podeu contactar a l&#8217;adre\u00e7a electr\u00f2nica preinscripcio@ilb.cat<\/p>\n<\/div>\n<div><\/div>\n<div><\/div>\n<div><\/div>\n<div><\/div>\n<\/div>\n<p>&nbsp;<\/p>\n<p style=\"text-align: right;\"><em><span style=\"color: #0000ff;\"><strong>Rumb al teu futur<\/strong><\/span><\/em><\/p>\n<p style=\"text-align: right;\"><em><span style=\"color: #0000ff;\"><strong>ILB \u2013 connected to change<\/strong><\/span><\/em><\/p>\n","protected":false},"excerpt":{"rendered":"<p><a href=\"https:\/\/agora.xtec.cat\/ilb\/wp-content\/uploads\/usu2296\/2026\/02\/PPOO-WEB-OPTI.jpg\"><\/a><\/p>\n<p>Les jornades de Portes Obertes del nostre centre es faran durant dues jornades:<\/p>\n<ul>\n<li>8 d&#8217;abril de 2026 per FP de grau mitj\u00e0 i superior, virtual a les 18:00 h<\/li>\n<\/ul>\n<ul>\n<li>9 d&#8217;abril de 2026 per FP de grau mitj\u00e0 i superior, presencial en dos torns: 18:00 h&hellip;  <a href=\"https:\/\/agora.xtec.cat\/ilb\/portes-obertes\/\" title=\"Read PORTES OBERTES 2026-2027\">Llegeix m\u00e9s\u00bb<\/a><br \/>\n","protected":false},"author":1,"featured_media":0,"parent":0,"menu_order":0,"comment_status":"closed","ping_status":"closed","template":"","meta":{"_bbp_topic_count":0,"_bbp_reply_count":0,"_bbp_total_topic_count":0,"_bbp_total_reply_count":0,"_bbp_voice_count":0,"_bbp_anonymous_reply_count":0,"_bbp_topic_count_hidden":0,"_bbp_reply_count_hidden":0,"_bbp_forum_subforum_count":0,"footnotes":""},"class_list":["post-1726","page","type-page","status-publish","hentry"],"post_mailing_queue_ids":[],"_links":{"self":[{"href":"https:\/\/agora.xtec.cat\/ilb\/wp-json\/wp\/v2\/pages\/1726","targetHints":{"allow":["GET"]}}],"collection":[{"href":"https:\/\/agora.xtec.cat\/ilb\/wp-json\/wp\/v2\/pages"}],"about":[{"href":"https:\/\/agora.xtec.cat\/ilb\/wp-json\/wp\/v2\/types\/page"}],"author":[{"embeddable":true,"href":"https:\/\/agora.xtec.cat\/ilb\/wp-json\/wp\/v2\/users\/1"}],"replies":[{"embeddable":true,"href":"https:\/\/agora.xtec.cat\/ilb\/wp-json\/wp\/v2\/comments?post=1726"}],"version-history":[{"count":7,"href":"https:\/\/agora.xtec.cat\/ilb\/wp-json\/wp\/v2\/pages\/1726\/revisions"}],"predecessor-version":[{"id":4769,"href":"https:\/\/agora.xtec.cat\/ilb\/wp-json\/wp\/v2\/pages\/1726\/revisions\/4769"}],"wp:attachment":[{"href":"https:\/\/agora.xtec.cat\/ilb\/wp-json\/wp\/v2\/media?parent=1726"}],"curies":[{"name":"wp","href":"https:\/\/api.w.org\/{rel}","templated":true}]}}