{"id":1676,"date":"2023-02-09T10:40:44","date_gmt":"2023-02-09T09:40:44","guid":{"rendered":"https:\/\/agora.xtec.cat\/ilb\/?page_id=1676"},"modified":"2026-01-29T11:16:31","modified_gmt":"2026-01-29T10:16:31","slug":"projecte-educatiu","status":"publish","type":"page","link":"https:\/\/agora.xtec.cat\/ilb\/projecte-educatiu\/","title":{"rendered":"Projecte educatiu de centre"},"content":{"rendered":"<p>El centre \u00e9s important per la comunitat portu\u00e0ria ja que dona respostes a les necessitats de m\u00e9s de 500 empreses, que contracten al voltant de 37.000 treballadors directes.<\/p>\n<p>El <i>hinterland<\/i> del port de Barcelona \u00e9s innovador, forma part dels <i>smarts ports<\/i> (Rotterdam, Hamburg, Angeles, Korea) i necessita generar fluxos d\u2019importaci\u00f3 i exportaci\u00f3 envers aquest hinterland. Per donar resposta a les necessitats de professionals que es desenvolupin a l\u2019entorn de l\u2019empresa 4\u00b70 la seva professi\u00f3, calen titulats formats en:<\/p>\n<ol>\n<li aria-level=\"1\">Comer\u00e7 Internacional<\/li>\n<li aria-level=\"1\">Transport i Log\u00edstica<\/li>\n<li aria-level=\"1\">Administraci\u00f3 i Finances<\/li>\n<li aria-level=\"1\">Administraci\u00f3 de Sistemes Inform\u00e0tics amb perfil ciberseguretat<\/li>\n<\/ol>\n<p>L&#8217;Institut de Log\u00edstica de Barcelona, \u00e9s un <i>hub<\/i> de coneixement i generador de talent per donar servei a les necessitats de les empreses.<\/p>\n<p>Tamb\u00e9 \u00e9s un centre din\u00e0mic i innovador, en definitiva,\u00a0<em><strong>connected to change.<\/strong><\/em><\/p>\n<p>El centre est\u00e0 obert a tota la comunitat portu\u00e0ria i d\u2019internacionalitzaci\u00f3 de l\u2019empresa i ind\u00fastria del pa\u00eds, de tal forma que es puguin generar sinergies i xarxes, fru\u00eft de la col\u00b7laboraci\u00f3 entre:<\/p>\n<ol>\n<li aria-level=\"1\">Empreses de serveis de c\u00e0rrega i pasatge<\/li>\n<li aria-level=\"1\">Serveis al vaixell<\/li>\n<li aria-level=\"1\">Serveis de les administracions p\u00fabliques<\/li>\n<li aria-level=\"1\">Serveis a la ciutadania.<\/li>\n<\/ol>\n<p><a href=\"https:\/\/drive.google.com\/file\/d\/1gWFigqeo61ZAdZ31Dt4FFJzcVVqBQk5h\/view?usp=sharing\" target=\"_blank\" rel=\"noopener\"><span style=\"color: #0000ff;\"><em>Versi\u00f3 \u00edntegra del projecte educatiu de centre consultable aqu\u00ed.<\/em><\/span><\/a><\/p>\n<p style=\"text-align: right;\"><strong><em><span style=\"color: #3366ff;\">Rumb al teu futur<\/span><\/em><\/strong><\/p>\n<p style=\"text-align: right;\"><span style=\"color: #3366ff;\"><b><i>ILB \u2013 connected to change<\/i><\/b><\/span><\/p>\n","protected":false},"excerpt":{"rendered":"<p>El centre \u00e9s important per la comunitat portu\u00e0ria ja que dona respostes a les necessitats de m\u00e9s de 500 empreses, que contracten al voltant de 37.000 treballadors directes.<br \/>\nEl hinterland del port de Barcelona \u00e9s innovador, forma part dels smarts ports (Rotterdam, Hamburg, Angeles, Korea) i&hellip;  <a href=\"https:\/\/agora.xtec.cat\/ilb\/projecte-educatiu\/\" title=\"Read Projecte educatiu de centre\">Llegeix m\u00e9s\u00bb<\/a><\/p>\n","protected":false},"author":1,"featured_media":0,"parent":0,"menu_order":0,"comment_status":"closed","ping_status":"closed","template":"","meta":{"_bbp_topic_count":0,"_bbp_reply_count":0,"_bbp_total_topic_count":0,"_bbp_total_reply_count":0,"_bbp_voice_count":0,"_bbp_anonymous_reply_count":0,"_bbp_topic_count_hidden":0,"_bbp_reply_count_hidden":0,"_bbp_forum_subforum_count":0,"footnotes":""},"class_list":["post-1676","page","type-page","status-publish","hentry"],"post_mailing_queue_ids":[],"_links":{"self":[{"href":"https:\/\/agora.xtec.cat\/ilb\/wp-json\/wp\/v2\/pages\/1676","targetHints":{"allow":["GET"]}}],"collection":[{"href":"https:\/\/agora.xtec.cat\/ilb\/wp-json\/wp\/v2\/pages"}],"about":[{"href":"https:\/\/agora.xtec.cat\/ilb\/wp-json\/wp\/v2\/types\/page"}],"author":[{"embeddable":true,"href":"https:\/\/agora.xtec.cat\/ilb\/wp-json\/wp\/v2\/users\/1"}],"replies":[{"embeddable":true,"href":"https:\/\/agora.xtec.cat\/ilb\/wp-json\/wp\/v2\/comments?post=1676"}],"version-history":[{"count":6,"href":"https:\/\/agora.xtec.cat\/ilb\/wp-json\/wp\/v2\/pages\/1676\/revisions"}],"predecessor-version":[{"id":4725,"href":"https:\/\/agora.xtec.cat\/ilb\/wp-json\/wp\/v2\/pages\/1676\/revisions\/4725"}],"wp:attachment":[{"href":"https:\/\/agora.xtec.cat\/ilb\/wp-json\/wp\/v2\/media?parent=1676"}],"curies":[{"name":"wp","href":"https:\/\/api.w.org\/{rel}","templated":true}]}}