{"id":1671,"date":"2023-02-09T10:34:17","date_gmt":"2023-02-09T09:34:17","guid":{"rendered":"https:\/\/agora.xtec.cat\/ilb\/?page_id=1671"},"modified":"2025-12-17T16:45:00","modified_gmt":"2025-12-17T15:45:00","slug":"missio-visio-i-valors","status":"publish","type":"page","link":"https:\/\/agora.xtec.cat\/ilb\/missio-visio-i-valors\/","title":{"rendered":"Missi\u00f3, visi\u00f3 i valors"},"content":{"rendered":"<p><span style=\"text-decoration: underline;\"><strong>MISSI\u00d3<\/strong><\/span><\/p>\n<p>L\u2019Institut de Log\u00edstica de Barcelona \u00e9s un centre p\u00fablic d\u2019ensenyament postobligatori que imparteix Cicles Formatius de grau mitj\u00e0, de grau superior, Programes de formaci\u00f3 i inserci\u00f3 i tamb\u00e9 participa en Programes de certificaci\u00f3 de professionalitat.<\/p>\n<p>La missi\u00f3 del centre \u00e9s formar professional i socialment al seu alumnat, mitjan\u00e7ant un ensenyament inclusiu, vetllant pel seu benestar i tenint en compte l\u2019entorn educatiu, per fomentar la seva capacitat d\u2019aprendre i, d\u2019aquesta manera, afavorir la seva posterior inserci\u00f3 laboral.<\/p>\n<p>A m\u00e9s, els principals objectius del centre s\u00f3n:<\/p>\n<ul>\n<li aria-level=\"1\">Atendre les necessitats i expectatives dels nostres grups d\u2019inter\u00e8s.<\/li>\n<li aria-level=\"1\">Oferir un clima positiu de cooperaci\u00f3 i col\u00b7laboraci\u00f3 entre els diferents grups d\u2019inter\u00e8s i en especial, en la tasca del professorat.<\/li>\n<li aria-level=\"1\">Fomentar la motivaci\u00f3 i pensament cr\u00edtic de l\u2019alumnat.<\/li>\n<li aria-level=\"1\">Afavorir l\u2019\u00fas de les eines digitals en el proc\u00e9s d\u2019ensenyament i aprenentatge i del treball per projectes.<\/li>\n<li aria-level=\"1\">Formar continuadament a l\u2019alumnat en lleng\u00fces estrangeres per millorar les opcions d&#8217;internacionalitzaci\u00f3 en el seu futur professional.<\/li>\n<li aria-level=\"1\">Apropar el m\u00f3n empresarial al centre per a qu\u00e8 el pas al m\u00f3n empresarial sigui el m\u00e9s natural possible.<\/li>\n<li aria-level=\"1\">Ser un referent de la formaci\u00f3 professional, en concret al Port de Barcelona i, en extensi\u00f3, en l\u2019especialitat de log\u00edstica i d\u2019internacionalitzaci\u00f3 de l\u2019empresa.<\/li>\n<\/ul>\n<p><span style=\"text-decoration: underline; color: #000000;\"><b>VISI\u00d3<\/b><\/span><\/p>\n<p>L&#8217;Institut de Log\u00edstica de Barcelona vol ser un centre especialitzat i de refer\u00e8ncia en noves metodologies actives i en lleng\u00fces estrangeres, i per tant, estem compromesos a qu\u00e8 la formaci\u00f3 sigui de qualitat per millorar l\u2019ocupaci\u00f3 del nostre alumnat.<\/p>\n<p>Per tant, les nostres l\u00ednies d\u2019actuaci\u00f3 s\u00f3n:<\/p>\n<ul>\n<li aria-level=\"1\">Orientar la formaci\u00f3 professional cap a la internacionalitzaci\u00f3.<\/li>\n<li aria-level=\"1\">Oferir eines innovadores i actives per motivar l\u2019aprenentatge, responsabilitat, cooperaci\u00f3 i autonomia del nostre alumnat.<\/li>\n<li aria-level=\"1\">Fomentar la comunicaci\u00f3 amb les fam\u00edlies i altres grups d\u2019inter\u00e8s.<\/li>\n<li aria-level=\"1\">Afavorir la formaci\u00f3 cont\u00ednua, cohesi\u00f3 i implicaci\u00f3 del professorat.<\/li>\n<li aria-level=\"1\">Alinear els interessos de la comunitat educativa per aconseguir un bon clima d\u2019ensenyament i aprenentatge.<\/li>\n<\/ul>\n<p><span style=\"text-decoration: underline; color: #000000;\"><b>VALORS<\/b><\/span><\/p>\n<p>Un dels principals objectius de l\u2019Institut de Log\u00edstica de Barcelona \u00e9s formar al nostre alumnat amb els seg\u00fcents valors:<\/p>\n<ul>\n<li aria-level=\"1\">Treballar des del respecte, la toler\u00e0ncia, la igualtat i la integritat.<\/li>\n<li aria-level=\"1\">Fomentar el treball cooperatiu.<\/li>\n<li aria-level=\"1\">Atendre la diversitat, la coeducaci\u00f3 i la cohesi\u00f3.<\/li>\n<li aria-level=\"1\">Millorar la qualitat dels ensenyaments de forma continuada i sostenible en el temps.<\/li>\n<li aria-level=\"1\">Afavorir la implicaci\u00f3 i comprom\u00eds de tots els membres de la comunitat educativa amb el projecte del centre.<\/li>\n<\/ul>\n<p>&nbsp;<\/p>\n<p style=\"text-align: right;\"><em><span style=\"color: #0000ff;\"><strong>Rumb al teu futur<\/strong><\/span><\/em><\/p>\n<p style=\"text-align: right;\"><em><span style=\"color: #0000ff;\"><strong>ILB \u2013 connected to change<\/strong><\/span><\/em><\/p>\n","protected":false},"excerpt":{"rendered":"<p>MISSI\u00d3<br \/>\nL\u2019Institut de Log\u00edstica de Barcelona \u00e9s un centre p\u00fablic d\u2019ensenyament postobligatori que imparteix Cicles Formatius de grau mitj\u00e0, de grau superior, Programes de formaci\u00f3 i inserci\u00f3 i tamb\u00e9 participa en Programes de certificaci\u00f3 de professionalitat.<br \/>\nLa missi\u00f3 del centre \u00e9s formar professional i socialment al seu&hellip;  <a href=\"https:\/\/agora.xtec.cat\/ilb\/missio-visio-i-valors\/\" title=\"Read Missi\u00f3, visi\u00f3 i valors\">Llegeix m\u00e9s\u00bb<\/a><\/p>\n","protected":false},"author":1,"featured_media":0,"parent":0,"menu_order":0,"comment_status":"closed","ping_status":"closed","template":"","meta":{"_bbp_topic_count":0,"_bbp_reply_count":0,"_bbp_total_topic_count":0,"_bbp_total_reply_count":0,"_bbp_voice_count":0,"_bbp_anonymous_reply_count":0,"_bbp_topic_count_hidden":0,"_bbp_reply_count_hidden":0,"_bbp_forum_subforum_count":0,"footnotes":""},"class_list":["post-1671","page","type-page","status-publish","hentry"],"post_mailing_queue_ids":[],"_links":{"self":[{"href":"https:\/\/agora.xtec.cat\/ilb\/wp-json\/wp\/v2\/pages\/1671","targetHints":{"allow":["GET"]}}],"collection":[{"href":"https:\/\/agora.xtec.cat\/ilb\/wp-json\/wp\/v2\/pages"}],"about":[{"href":"https:\/\/agora.xtec.cat\/ilb\/wp-json\/wp\/v2\/types\/page"}],"author":[{"embeddable":true,"href":"https:\/\/agora.xtec.cat\/ilb\/wp-json\/wp\/v2\/users\/1"}],"replies":[{"embeddable":true,"href":"https:\/\/agora.xtec.cat\/ilb\/wp-json\/wp\/v2\/comments?post=1671"}],"version-history":[{"count":4,"href":"https:\/\/agora.xtec.cat\/ilb\/wp-json\/wp\/v2\/pages\/1671\/revisions"}],"predecessor-version":[{"id":4612,"href":"https:\/\/agora.xtec.cat\/ilb\/wp-json\/wp\/v2\/pages\/1671\/revisions\/4612"}],"wp:attachment":[{"href":"https:\/\/agora.xtec.cat\/ilb\/wp-json\/wp\/v2\/media?parent=1671"}],"curies":[{"name":"wp","href":"https:\/\/api.w.org\/{rel}","templated":true}]}}