{"id":1648,"date":"2023-01-30T21:01:09","date_gmt":"2023-01-30T20:01:09","guid":{"rendered":"https:\/\/agora.xtec.cat\/ilb\/?page_id=1648"},"modified":"2025-12-17T16:47:27","modified_gmt":"2025-12-17T15:47:27","slug":"politica-de-qualitat","status":"publish","type":"page","link":"https:\/\/agora.xtec.cat\/ilb\/politica-de-qualitat\/","title":{"rendered":"Pol\u00edtica de qualitat"},"content":{"rendered":"<p><span style=\"font-weight: 400;\">L\u2019Institut de Log\u00edstica de Barcelona (d\u2019ara endavant, ILB) disposa d\u2019un Sistema de Gesti\u00f3 de la Qualitat d\u2019acord amb la norma ISO 9001 vigent i els requisits disposats per l\u2019administraci\u00f3 educativa.<\/span><\/p>\n<p><span style=\"font-weight: 400;\">El principal objectiu del Sistema de Gesti\u00f3 de Qualitat \u00e9s assegurar un nivell d\u2019excel\u00b7l\u00e8ncia en la satisfacci\u00f3 de les necessitats i expectatives dels grups d&#8217;inter\u00e8s: alumnat, fam\u00edlies, professorat, personal d\u2019administraci\u00f3 i serveis, organitzacions empresarials o laborals en l\u2019\u00e0mbit d\u2019acci\u00f3 del centre i administracions p\u00fabliques. A m\u00e9s, incrementar la qualitat de la formaci\u00f3 que ofereix el centre i donar m\u00e9s oportunitats a l\u2019alumnat per a la seva inserci\u00f3 professional, en un entorn adaptat als requeriments de les empreses properes al centre i en un \u00e0mbit internacional.\u00a0\u00a0<\/span><\/p>\n<p><span style=\"font-weight: 400;\">Les l\u00ednies d\u2019actuaci\u00f3 d\u2019aquesta Pol\u00edtica estan d\u2019acord amb el Projecte Educatiu de Centre i s\u00f3n les seg\u00fcents:<\/span><\/p>\n<ul>\n<li style=\"font-weight: 400;\" aria-level=\"1\"><span style=\"font-weight: 400;\">Garantir una educaci\u00f3 inclusiva i equitativa de qualitat i promoure oportunitats d\u2019aprenentatge permanents per a tots (Objectiu de Desenvolupament Sostenible 4 de l\u2019Agenda 2030).<\/span><\/li>\n<li style=\"font-weight: 400;\" aria-level=\"1\"><span style=\"font-weight: 400;\">Comprom\u00eds en complir les expectatives i requeriments dels nostres grups d\u2019inter\u00e8s, d\u2019acord amb els preceptes legals i reglamentacions vigents.<\/span><\/li>\n<li style=\"font-weight: 400;\" aria-level=\"1\"><span style=\"font-weight: 400;\">Informar de tots els objectius i criteris de Qualitat a tots els grups d&#8217;inter\u00e8s mitjan\u00e7ant aquest document i la seva publicaci\u00f3 a la p\u00e0gina web del centre.<\/span><\/li>\n<li style=\"font-weight: 400;\" aria-level=\"1\"><span style=\"font-weight: 400;\">Integraci\u00f3 en el node d&#8217;economia blava del Port de Barcelona &#8211; Estrat\u00e8gia 2040 Port de Barcelona, seguint els criteris establerts, en concret, pel <\/span><a href=\"https:\/\/www.portdebarcelona.cat\/web\/port-dels-negocis\/el-sistema-de-calidad\" target=\"_blank\" rel=\"noopener\"><span style=\"font-weight: 400;\">sistema de qualitat del Port de Barcelona<\/span><\/a><span style=\"font-weight: 400;\">.<\/span><\/li>\n<li style=\"font-weight: 400;\" aria-level=\"1\"><span style=\"font-weight: 400;\">Implementar el sistema d\u2019indicadors de Qualitat del centre, aix\u00ed com realitzar un seguiment i an\u00e0lisi del progr\u00e9s dels mateixos, per poder con\u00e8ixer el grau d\u2019assoliment del nivell de qualitat desitjat.<\/span><\/li>\n<li style=\"font-weight: 400;\" aria-level=\"1\"><span style=\"font-weight: 400;\">Preveure actuacions per reduir al m\u00ednim els riscos laborals, vetllar perqu\u00e8 la seguretat, la salut i les condicions laborals siguin les \u00f2ptimes en l\u2019\u00e0mbit del treball. Tenint especial cura pel benestar dels integrants de la comunitat educativa.<\/span><\/li>\n<li style=\"font-weight: 400;\" aria-level=\"1\"><span style=\"font-weight: 400;\">Reduir i prevenir la contaminaci\u00f3 ambiental que es pugui dur a terme a causa de les accions realitzades des del centre (ODS 13 agenda 2030 per combatre el canvi clim\u00e0tic i els efectes d\u2019aquest).<\/span><\/li>\n<li style=\"font-weight: 400;\" aria-level=\"1\"><span style=\"font-weight: 400;\">Establir un proc\u00e9s de millora continuada en el desenvolupament de la cartera de serveis del centre, del qual \u00e9s responsable la totalitat de l\u2019equip professional del centre.\u00a0<\/span><\/li>\n<\/ul>\n<p><span style=\"font-weight: 400;\">Per \u00faltim, la Pol\u00edtica de Qualitat que \u00e9s un comprom\u00eds que afecta a tota la comunitat educativa, es mant\u00e9 actualitzada mitjan\u00e7ant revisions peri\u00f2diques per part de la direcci\u00f3, per tal d\u2019incloure els canvis que es produeixin a la comunitat educativa i al seu entorn de refer\u00e8ncia. A m\u00e9s, l&#8217;equip directiu en vetllar\u00e0 i en facilitar\u00e0 l&#8217;assoliment d\u2019aquesta Pol\u00edtica a trav\u00e9s de la gesti\u00f3 i amb els mitjans de qu\u00e8 disposi.<\/span><\/p>\n<p><a href=\"https:\/\/drive.google.com\/file\/d\/1SK6zNxsevThrGUtpp8Zz2ZD-hffJcxgZ\/view?usp=share_link\" target=\"_blank\" rel=\"noopener\"><em>Versi\u00f3 \u00edntegra del document consultable aqu\u00ed<\/em><\/a><\/p>\n<p><a href=\"https:\/\/agora.xtec.cat\/ilb\/wp-content\/uploads\/usu2296\/2025\/02\/CMYK_EN.png\"><img loading=\"lazy\" decoding=\"async\" class=\"aligncenter size-large wp-image-3917\" src=\"https:\/\/agora.xtec.cat\/ilb\/wp-content\/uploads\/usu2296\/2025\/02\/CMYK_EN-586x1024.png\" alt=\"\" width=\"586\" height=\"1024\" srcset=\"https:\/\/agora.xtec.cat\/ilb\/wp-content\/uploads\/usu2296\/2025\/02\/CMYK_EN-586x1024.png 586w, https:\/\/agora.xtec.cat\/ilb\/wp-content\/uploads\/usu2296\/2025\/02\/CMYK_EN-172x300.png 172w, https:\/\/agora.xtec.cat\/ilb\/wp-content\/uploads\/usu2296\/2025\/02\/CMYK_EN-768x1342.png 768w, https:\/\/agora.xtec.cat\/ilb\/wp-content\/uploads\/usu2296\/2025\/02\/CMYK_EN-879x1536.png 879w, https:\/\/agora.xtec.cat\/ilb\/wp-content\/uploads\/usu2296\/2025\/02\/CMYK_EN-1172x2048.png 1172w, https:\/\/agora.xtec.cat\/ilb\/wp-content\/uploads\/usu2296\/2025\/02\/CMYK_EN.png 1500w\" sizes=\"auto, (max-width: 586px) 100vw, 586px\" \/><\/a><\/p>\n<p>&nbsp;<\/p>\n<p style=\"text-align: right;\"><em><span style=\"color: #0000ff;\"><strong>Rumb al teu futur<\/strong><\/span><\/em><\/p>\n<p style=\"text-align: right;\"><em><span style=\"color: #0000ff;\"><strong>ILB \u2013 connected to change<\/strong><\/span><\/em><\/p>\n","protected":false},"excerpt":{"rendered":"<p>L\u2019Institut de Log\u00edstica de Barcelona (d\u2019ara endavant, ILB) disposa d\u2019un Sistema de Gesti\u00f3 de la Qualitat d\u2019acord amb la norma ISO 9001 vigent i els requisits disposats per l\u2019administraci\u00f3 educativa.<br \/>\nEl principal objectiu del Sistema de Gesti\u00f3 de Qualitat \u00e9s assegurar un nivell d\u2019excel\u00b7l\u00e8ncia en la&hellip;  <a href=\"https:\/\/agora.xtec.cat\/ilb\/politica-de-qualitat\/\" title=\"Read Pol\u00edtica de qualitat\">Llegeix m\u00e9s\u00bb<\/a><\/p>\n","protected":false},"author":1,"featured_media":0,"parent":0,"menu_order":0,"comment_status":"closed","ping_status":"closed","template":"","meta":{"_bbp_topic_count":0,"_bbp_reply_count":0,"_bbp_total_topic_count":0,"_bbp_total_reply_count":0,"_bbp_voice_count":0,"_bbp_anonymous_reply_count":0,"_bbp_topic_count_hidden":0,"_bbp_reply_count_hidden":0,"_bbp_forum_subforum_count":0,"footnotes":""},"class_list":["post-1648","page","type-page","status-publish","hentry"],"post_mailing_queue_ids":[],"_links":{"self":[{"href":"https:\/\/agora.xtec.cat\/ilb\/wp-json\/wp\/v2\/pages\/1648","targetHints":{"allow":["GET"]}}],"collection":[{"href":"https:\/\/agora.xtec.cat\/ilb\/wp-json\/wp\/v2\/pages"}],"about":[{"href":"https:\/\/agora.xtec.cat\/ilb\/wp-json\/wp\/v2\/types\/page"}],"author":[{"embeddable":true,"href":"https:\/\/agora.xtec.cat\/ilb\/wp-json\/wp\/v2\/users\/1"}],"replies":[{"embeddable":true,"href":"https:\/\/agora.xtec.cat\/ilb\/wp-json\/wp\/v2\/comments?post=1648"}],"version-history":[{"count":6,"href":"https:\/\/agora.xtec.cat\/ilb\/wp-json\/wp\/v2\/pages\/1648\/revisions"}],"predecessor-version":[{"id":4625,"href":"https:\/\/agora.xtec.cat\/ilb\/wp-json\/wp\/v2\/pages\/1648\/revisions\/4625"}],"wp:attachment":[{"href":"https:\/\/agora.xtec.cat\/ilb\/wp-json\/wp\/v2\/media?parent=1648"}],"curies":[{"name":"wp","href":"https:\/\/api.w.org\/{rel}","templated":true}]}}