{"id":1066,"date":"2022-03-30T18:39:58","date_gmt":"2022-03-30T16:39:58","guid":{"rendered":"https:\/\/agora.xtec.cat\/ilb\/?page_id=1066"},"modified":"2026-05-14T11:07:24","modified_gmt":"2026-05-14T09:07:24","slug":"cfgm-sistemes-microinformatics-i-xarxes","status":"publish","type":"page","link":"https:\/\/agora.xtec.cat\/ilb\/cicles-formatius-de-grau-mitja-2\/cfgm-sistemes-microinformatics-i-xarxes\/","title":{"rendered":"CFGM Sistemes Microinform\u00e0tics i Xarxes"},"content":{"rendered":"<p>&nbsp;<\/p>\n<p><img loading=\"lazy\" decoding=\"async\" class=\"aligncenter wp-image-4964\" title=\"Sistemes microinform\u00e0tics i xarxes\" src=\"https:\/\/agora.xtec.cat\/ilb\/wp-content\/uploads\/usu2296\/2026\/05\/SMX_1024_arrodonida.png\" alt=\"Interior d\u2019un ordinador amb components de maquinari i cablejat.\" width=\"558\" height=\"424\" srcset=\"https:\/\/agora.xtec.cat\/ilb\/wp-content\/uploads\/usu2296\/2026\/05\/SMX_1024_arrodonida.png 1024w, https:\/\/agora.xtec.cat\/ilb\/wp-content\/uploads\/usu2296\/2026\/05\/SMX_1024_arrodonida-300x228.png 300w, https:\/\/agora.xtec.cat\/ilb\/wp-content\/uploads\/usu2296\/2026\/05\/SMX_1024_arrodonida-768x584.png 768w\" sizes=\"auto, (max-width: 558px) 100vw, 558px\" \/><\/p>\n<h1><b>T\u00e8cnic\/a en sistemes microinform\u00e0tics i xarxa<\/b><\/h1>\n<hr \/>\n<h3 data-section-id=\"1yywd0r\" data-start=\"749\" data-end=\"773\">\ud83d\udccc Informaci\u00f3 general<\/h3>\n<ul data-start=\"775\" data-end=\"989\">\n<li data-section-id=\"1tac2xv\" data-start=\"775\" data-end=\"811\"><strong data-start=\"777\" data-end=\"789\">Fam\u00edlia:<\/strong> Inform\u00e0tica i Comunicacions<\/li>\n<li data-section-id=\"1ailgey\" data-start=\"812\" data-end=\"839\"><strong data-start=\"814\" data-end=\"825\">Durada:<\/strong> 2.000 hores<\/li>\n<li data-section-id=\"5j8q7v\" data-start=\"840\" data-end=\"874\"><strong data-start=\"842\" data-end=\"853\">Cursos:<\/strong> 2 cursos acad\u00e8mics<\/li>\n<li data-section-id=\"aaafuw\" data-start=\"875\" data-end=\"895\"><strong data-start=\"877\" data-end=\"888\">Horari:<\/strong> Mat\u00ed (primer curs) &#8211; Tarda (segon curs)<\/li>\n<li data-section-id=\"njztev\" data-start=\"896\" data-end=\"952\"><strong data-start=\"898\" data-end=\"914\">Metodologia:<\/strong> metodologies actives d\u2019aprenentatge<\/li>\n<li data-section-id=\"1j756ef\" data-start=\"953\" data-end=\"989\"><strong data-start=\"955\" data-end=\"968\">Material:<\/strong> 100 \u20ac (pagament \u00fanic)<\/li>\n<\/ul>\n<hr \/>\n<h3 data-section-id=\"fbe9pr\" data-start=\"996\" data-end=\"1025\">\ud83d\udcda Modalitats de matr\u00edcula<\/h3>\n<p style=\"padding-left: 40px;\" data-start=\"1027\" data-end=\"1041\">Es pot cursar:<\/p>\n<ul>\n<li style=\"list-style-type: none;\">\n<ul data-start=\"1042\" data-end=\"1096\">\n<li data-section-id=\"1qslxf1\" data-start=\"1042\" data-end=\"1060\">el cicle complet<\/li>\n<li data-section-id=\"dkx3ou\" data-start=\"1061\" data-end=\"1075\">m\u00f2duls solts<\/li>\n<\/ul>\n<\/li>\n<\/ul>\n<p style=\"padding-left: 40px;\" data-start=\"1098\" data-end=\"1145\">Tamb\u00e9 existeix la <strong data-start=\"1117\" data-end=\"1145\"><a href=\"https:\/\/triaeducativa.gencat.cat\/ca\/fp\/cataleg-serveis\/matricula-semipresencial\/\">modalitat semipresencial<\/a>\u00a0<\/strong>per facilitar la compatibilitat amb la vida labora o situacions personals espec\u00edfiques.<\/p>\n<p style=\"padding-left: 40px;\" data-start=\"1098\" data-end=\"1145\">Cal acreditar documentalment la incompatibilitat amb l&#8217;horari lectiu.<\/p>\n<p style=\"padding-left: 40px;\" data-start=\"1098\" data-end=\"1145\">M\u00e9s informaci\u00f3: <a href=\"https:\/\/xtec.gencat.cat\/ca\/curriculum\/professionals\/fp\/comcursar\/\">Web del Departament d&#8217;Educacio<\/a><\/p>\n<hr \/>\n<h3 data-section-id=\"krugz5\" data-start=\"1197\" data-end=\"1220\">\u2705 Condicions d\u2019acc\u00e9s<\/h3>\n<p style=\"padding-left: 40px;\" data-start=\"1222\" data-end=\"1275\">Pots accedir als cicles formatius de grau mitj\u00e0 mitjan\u00e7ant diferents vies acad\u00e8miques o proves d\u2019acc\u00e9s.<\/p>\n<p style=\"padding-left: 40px;\" data-start=\"1222\" data-end=\"1275\">Consulta tota la informaci\u00f3 actualitzada sobre requisits i vies d&#8217;acc\u00e9s al <a href=\"https:\/\/triaeducativa.gencat.cat\/ca\/fp\/grau-mitja\/\"><strong>web oficial del Departament d&#8217;Educaci\u00f3 &#8211; Tria educativa<\/strong><\/a>.<\/p>\n<hr \/>\n<h3>\ud83d\udcda <strong>Pla d\u2019estudis &#8211; Curr\u00edculum vigent<\/strong><\/h3>\n<p>&nbsp;<\/p>\n<table style=\"width: 79.4966%; height: 410px;\">\n<tbody>\n<tr style=\"height: 33px; background-color: #67b6da;\">\n<td style=\"height: 33px; width: 61.1055%;\" colspan=\"2\"><b>Curs 1r<\/b><\/td>\n<\/tr>\n<tr style=\"height: 49px; background-color: #a3cee6;\">\n<td style=\"height: 49px; width: 50.8543%;\"><b>M\u00f2duls professionals<\/b><\/td>\n<td style=\"height: 49px; width: 10.2512%; text-align: center;\"><b><i>Hores totals<\/i><\/b><\/td>\n<\/tr>\n<tr style=\"height: 33px;\">\n<td style=\"height: 33px; width: 50.8543%;\">0221 Muntatge i manteniment d&#8217;equips<\/td>\n<td style=\"height: 33px; width: 10.2512%; text-align: center;\">231<\/td>\n<\/tr>\n<tr style=\"height: 33px;\">\n<td style=\"height: 33px; width: 50.8543%;\">0222 Sistemes operatius monolloc<\/td>\n<td style=\"height: 33px; width: 10.2512%; text-align: center;\">132<\/td>\n<\/tr>\n<tr style=\"height: 33px;\">\n<td style=\"height: 33px; width: 50.8543%;\">0223 Aplicacions ofim\u00e0tiques<\/td>\n<td style=\"height: 33px; width: 10.2512%; text-align: center;\">198<\/td>\n<\/tr>\n<tr style=\"height: 33px;\">\n<td style=\"height: 33px; width: 50.8543%;\">0225 Xarxes locals<\/td>\n<td style=\"height: 33px; width: 10.2512%; text-align: center;\">198<\/td>\n<\/tr>\n<tr style=\"height: 31px;\">\n<td style=\"height: 31px; width: 50.8543%;\">0156 Angl\u00e8s Professional<\/td>\n<td style=\"height: 31px; width: 10.2512%; text-align: center;\">66<\/td>\n<\/tr>\n<tr style=\"height: 33px;\">\n<td style=\"height: 33px; width: 50.8543%;\">1664 Digitalitzaci\u00f3 aplicada als sectors productius<\/td>\n<td style=\"height: 33px; width: 10.2512%; text-align: center;\">33<\/td>\n<\/tr>\n<tr style=\"height: 33px;\">\n<td style=\"height: 33px; width: 50.8543%;\">1708 Sostenibilitat aplicada al sistema productiu<\/td>\n<td style=\"height: 33px; width: 10.2512%; text-align: center;\">33<\/td>\n<\/tr>\n<tr>\n<td style=\"width: 50.8543%;\">MOP &#8211; Introducci\u00f3 a la programaci\u00f3<\/td>\n<td style=\"width: 10.2512%; text-align: center;\">99<\/td>\n<\/tr>\n<tr>\n<td style=\"width: 50.8543%;\">1709 IPO I<\/td>\n<td style=\"width: 10.2512%; text-align: center;\">99<\/td>\n<\/tr>\n<tr>\n<td style=\"width: 50.8543%;\">Tutoria<\/td>\n<td style=\"width: 10.2512%; text-align: center;\">33<\/td>\n<\/tr>\n<tr style=\"height: 33px; background-color: #a3cee6;\">\n<td style=\"height: 33px; width: 50.8543%;\"><b>Total primer curs<\/b><\/td>\n<td style=\"height: 33px; width: 10.2512%; text-align: center;\"><b>1122<\/b><\/td>\n<\/tr>\n<\/tbody>\n<\/table>\n<p>&nbsp;<\/p>\n<table style=\"width: 79.4966%; height: 410px;\">\n<tbody>\n<tr style=\"height: 33px; background-color: #67b6da;\">\n<td style=\"height: 33px; width: 61.1055%;\" colspan=\"2\"><b>Curs 2n<\/b><\/td>\n<\/tr>\n<tr style=\"height: 49px; background-color: #a3cee6;\">\n<td style=\"height: 49px; width: 50.8543%;\"><b>M\u00f2duls professionals<\/b><\/td>\n<td style=\"height: 49px; width: 10.2512%; text-align: center;\"><b><i>Hores totals<\/i><\/b><\/td>\n<\/tr>\n<tr style=\"height: 33px;\">\n<td style=\"height: 33px; width: 50.8543%;\">0224 Sistemes operatius en xarxa<\/td>\n<td style=\"height: 33px; width: 10.2512%; text-align: center;\">198<\/td>\n<\/tr>\n<tr style=\"height: 33px;\">\n<td style=\"height: 33px; width: 50.8543%;\">0226 Seguretat inform\u00e0tica<\/td>\n<td style=\"height: 33px; width: 10.2512%; text-align: center;\">132<\/td>\n<\/tr>\n<tr style=\"height: 33px;\">\n<td style=\"height: 33px; width: 50.8543%;\">0227 Serveis en xarxa<\/td>\n<td style=\"height: 33px; width: 10.2512%; text-align: center;\">198<\/td>\n<\/tr>\n<tr style=\"height: 33px;\">\n<td style=\"height: 33px; width: 50.8543%;\">0228 Aplicacions web<\/td>\n<td style=\"height: 33px; width: 10.2512%; text-align: center;\">119<\/td>\n<\/tr>\n<tr style=\"height: 31px;\">\n<td style=\"height: 31px; width: 50.8543%;\">1710 IPO II<\/td>\n<td style=\"height: 31px; width: 10.2512%; text-align: center;\">66<\/td>\n<\/tr>\n<tr style=\"height: 33px;\">\n<td style=\"height: 33px; width: 50.8543%;\">1713 Projecte intermodular<\/td>\n<td style=\"height: 33px; width: 10.2512%; text-align: center;\">198<\/td>\n<\/tr>\n<tr>\n<td style=\"width: 50.8543%;\">Tutoria<\/td>\n<td style=\"width: 10.2512%; text-align: center;\">33<\/td>\n<\/tr>\n<tr style=\"height: 33px; background-color: #a3cee6;\">\n<td style=\"height: 33px; width: 50.8543%;\"><b>Total segon curs<\/b><\/td>\n<td style=\"height: 33px; width: 10.2512%; text-align: center;\"><b>944<\/b><\/td>\n<\/tr>\n<\/tbody>\n<\/table>\n<p>*\u00a0<em>Les hores de tutoria s\u00f3n complement\u00e0ries i no formen part del c\u00f2mput total d&#8217;hores del cicle formuatiu<br \/>\n* MOP<\/em><em>: m\u00f2dul professional optatiu orientat a l&#8217;\u00e0mbit de la log\u00edstica<\/em><\/p>\n<hr \/>\n<h3>\ud83c\udfaf Qu\u00e8 aprendr\u00e0s?<\/h3>\n<p style=\"padding-left: 40px;\">Aquest cicle formatiu et formar\u00e0 en:<\/p>\n<ul>\n<li style=\"list-style-type: none;\">\n<ul>\n<li>muntatge i manteniment d&#8217;ordiinadors i dispositius<\/li>\n<li>instal\u00b7laci\u00f3 i configuraci\u00f3 de sistemes operatius i aplicacions<\/li>\n<li>configuraci\u00f3 de xarxes locals cablejades i sense fil<\/li>\n<li>detecci\u00f3 i resoluci\u00f3 d&#8217;incid\u00e8ncies inform\u00e0tiques<\/li>\n<li>seguretat, manteniment i recuperaci\u00f3 de dades<\/li>\n<li>assist\u00e8ncia t\u00e8cnica i suport a persones usu\u00e0ries<\/li>\n<li>iniciaci\u00f3 a la programaci\u00f3 amb Python<\/li>\n<\/ul>\n<\/li>\n<\/ul>\n<hr \/>\n<h3>\ud83c\udf93 Sortides acad\u00e8miques<\/h3>\n<p style=\"padding-left: 40px;\">Un cop finalitzat aquest cicle formatiu, pots continuar la teva formaci\u00f3:<\/p>\n<ul>\n<li style=\"list-style-type: none;\">\n<ul>\n<li>cursant batxillerat<\/li>\n<li>accedint a un altre cicle formatiu de grau mitj\u00e0 (CFGM)<\/li>\n<li>accedint a un cicle formatiu de grau superior (CFGS)<\/li>\n<\/ul>\n<\/li>\n<\/ul>\n<hr \/>\n<h3>\ud83d\udce6 Sortides professionals<\/h3>\n<p style=\"padding-left: 40px;\">Aquest cicle et prepara per treballar com a:<\/p>\n<ul>\n<li style=\"list-style-type: none;\">\n<ul>\n<li>t\u00e8cnic\/a de suport inform\u00e0tic<\/li>\n<li>instal\u00b7lador\/a i mantenidor\/a d&#8217;equips inform\u00e0tics<\/li>\n<li>t\u00e8cnic\/a de xarxes locals<\/li>\n<li>t\u00e8cnic\/a de reparaci\u00f3 de dispositius i perif\u00e8rics<\/li>\n<li>personal de suport t\u00e8cnic i atenci\u00f3 a persones us\u00e0ries<\/li>\n<li>t\u00e8cnic\/a de teleassist\u00e8ncia inform\u00e0tica<\/li>\n<\/ul>\n<\/li>\n<\/ul>\n<p style=\"text-align: right;\"><em><span style=\"color: #0000ff;\"><strong>Rumb al teu futur<\/strong><\/span><\/em><\/p>\n<p style=\"text-align: right;\"><em><span style=\"color: #0000ff;\"><strong>ILB \u2013 connected to change<\/strong><\/span><\/em><\/p>\n","protected":false},"excerpt":{"rendered":"<p>&nbsp; T\u00e8cnic\/a en sistemes microinform\u00e0tics i xarxa \ud83d\udccc Informaci\u00f3 general Fam\u00edlia: Inform\u00e0tica i Comunicacions Durada: 2.000 hores Cursos: 2 cursos acad\u00e8mics Horari: Mat\u00ed (primer curs) &#8211; Tarda (segon curs) Metodologia: metodologies actives d\u2019aprenentatge Material: 100 \u20ac (pagament \u00fanic) \ud83d\udcda Modalitats de matr\u00edcula Es pot cursar: el cicle complet m\u00f2duls solts Tamb\u00e9 existeix la modalitat semipresencial\u00a0per [&hellip;]<\/p>\n","protected":false},"author":1,"featured_media":0,"parent":798,"menu_order":0,"comment_status":"closed","ping_status":"closed","template":"","meta":{"_bbp_topic_count":0,"_bbp_reply_count":0,"_bbp_total_topic_count":0,"_bbp_total_reply_count":0,"_bbp_voice_count":0,"_bbp_anonymous_reply_count":0,"_bbp_topic_count_hidden":0,"_bbp_reply_count_hidden":0,"_bbp_forum_subforum_count":0,"site-sidebar-layout":"default","site-content-layout":"","ast-site-content-layout":"full-width-container","site-content-style":"default","site-sidebar-style":"default","ast-global-header-display":"","ast-banner-title-visibility":"","ast-main-header-display":"","ast-hfb-above-header-display":"","ast-hfb-below-header-display":"","ast-hfb-mobile-header-display":"","site-post-title":"","ast-breadcrumbs-content":"","ast-featured-img":"","footer-sml-layout":"","theme-transparent-header-meta":"default","adv-header-id-meta":"","stick-header-meta":"","header-above-stick-meta":"","header-main-stick-meta":"","header-below-stick-meta":"","astra-migrate-meta-layouts":"set","ast-page-background-enabled":"default","ast-page-background-meta":{"desktop":{"background-color":"var(--ast-global-color-4)","background-image":"","background-repeat":"repeat","background-position":"center center","background-size":"auto","background-attachment":"scroll","background-type":"","background-media":"","overlay-type":"","overlay-color":"","overlay-opacity":"","overlay-gradient":""},"tablet":{"background-color":"","background-image":"","background-repeat":"repeat","background-position":"center center","background-size":"auto","background-attachment":"scroll","background-type":"","background-media":"","overlay-type":"","overlay-color":"","overlay-opacity":"","overlay-gradient":""},"mobile":{"background-color":"","background-image":"","background-repeat":"repeat","background-position":"center center","background-size":"auto","background-attachment":"scroll","background-type":"","background-media":"","overlay-type":"","overlay-color":"","overlay-opacity":"","overlay-gradient":""}},"ast-content-background-meta":{"desktop":{"background-color":"var(--ast-global-color-5)","background-image":"","background-repeat":"repeat","background-position":"center center","background-size":"auto","background-attachment":"scroll","background-type":"","background-media":"","overlay-type":"","overlay-color":"","overlay-opacity":"","overlay-gradient":""},"tablet":{"background-color":"var(--ast-global-color-5)","background-image":"","background-repeat":"repeat","background-position":"center center","background-size":"auto","background-attachment":"scroll","background-type":"","background-media":"","overlay-type":"","overlay-color":"","overlay-opacity":"","overlay-gradient":""},"mobile":{"background-color":"var(--ast-global-color-5)","background-image":"","background-repeat":"repeat","background-position":"center center","background-size":"auto","background-attachment":"scroll","background-type":"","background-media":"","overlay-type":"","overlay-color":"","overlay-opacity":"","overlay-gradient":""}},"footnotes":""},"class_list":["post-1066","page","type-page","status-publish","hentry"],"post_mailing_queue_ids":[],"_links":{"self":[{"href":"https:\/\/agora.xtec.cat\/ilb\/wp-json\/wp\/v2\/pages\/1066","targetHints":{"allow":["GET"]}}],"collection":[{"href":"https:\/\/agora.xtec.cat\/ilb\/wp-json\/wp\/v2\/pages"}],"about":[{"href":"https:\/\/agora.xtec.cat\/ilb\/wp-json\/wp\/v2\/types\/page"}],"author":[{"embeddable":true,"href":"https:\/\/agora.xtec.cat\/ilb\/wp-json\/wp\/v2\/users\/1"}],"replies":[{"embeddable":true,"href":"https:\/\/agora.xtec.cat\/ilb\/wp-json\/wp\/v2\/comments?post=1066"}],"version-history":[{"count":6,"href":"https:\/\/agora.xtec.cat\/ilb\/wp-json\/wp\/v2\/pages\/1066\/revisions"}],"predecessor-version":[{"id":4978,"href":"https:\/\/agora.xtec.cat\/ilb\/wp-json\/wp\/v2\/pages\/1066\/revisions\/4978"}],"up":[{"embeddable":true,"href":"https:\/\/agora.xtec.cat\/ilb\/wp-json\/wp\/v2\/pages\/798"}],"wp:attachment":[{"href":"https:\/\/agora.xtec.cat\/ilb\/wp-json\/wp\/v2\/media?parent=1066"}],"curies":[{"name":"wp","href":"https:\/\/api.w.org\/{rel}","templated":true}]}}