{"id":967,"date":"2025-11-06T02:52:17","date_gmt":"2025-11-06T01:52:17","guid":{"rendered":"https:\/\/agora.xtec.cat\/ifpsantpau\/?page_id=967"},"modified":"2026-04-09T18:15:56","modified_gmt":"2026-04-09T16:15:56","slug":"cicles-formatius-de-grau-superior-cfgs-buena","status":"publish","type":"page","link":"https:\/\/agora.xtec.cat\/ifpsantpau\/projecte-educatiu\/cicles-formatius-de-grau-superior-cfgs-buena\/","title":{"rendered":"Cicles Formatius de Grau Superior (CFGS)"},"content":{"rendered":"\n<p>Els Cicles Formatius de Grau Superior s\u00f3n estudis que permeten obtenir el t\u00edtol de T\u00e8cnic o T\u00e8cnica Superior en la especialitat corresponent. Aquests cicles tenen una durada total de 2.000 hores, repartides en dos cursos acad\u00e8mics.<\/p>\n\n\n\n<p>Actualment, s\u2019hi pot accedir des d\u2019un Cicle Formatiu de Grau Mitj\u00e0, el Batxillerat o qualsevol altra titulaci\u00f3 equivalent o de nivell superior (com ara T\u00e8cnic\/a Superior o un grau universitari). Tamb\u00e9 \u00e9s possible accedir-hi amb un certificat de professionalitat relacionat amb el cicle, mitjan\u00e7ant el curs d\u2019acc\u00e9s a grau superior o superant la prova d\u2019acc\u00e9s, que constitueixen les principals vies d\u2019entrada.<\/p>\n\n\n\n<p>Per obtenir m\u00e9s informaci\u00f3 sobre les vies d\u2019acc\u00e9s, els batxillerats prioritaris o els cicles afins, pots consultar el web del Departament d\u2019Educaci\u00f3 i Formaci\u00f3 Professional.<\/p>\n\n\n\n<div class=\"wp-block-buttons is-layout-flex wp-block-buttons-is-layout-flex\">\n<div class=\"wp-block-button\"><a class=\"wp-block-button__link wp-element-button\" href=\"https:\/\/triaeducativa.gencat.cat\/ca\/fp\/grau-superior\/\">Vies d&#8217;acc\u00e9s<\/a><\/div>\n\n\n\n<div class=\"wp-block-button\"><a class=\"wp-block-button__link wp-element-button\" href=\"https:\/\/triaeducativa.gencat.cat\/ca\/batxillerat\/prioritat-admissio-fp-gs\/\">Batxillerats prioritaris<\/a><\/div>\n\n\n\n<div class=\"wp-block-button\"><a class=\"wp-block-button__link wp-element-button\" href=\"https:\/\/triaeducativa.gencat.cat\/ca\/fp\/afinitat-families-professionals\/\">Cicles afins<\/a><\/div>\n<\/div>\n\n\n\n<p>L\u2019Institut FP Sanit\u00e0ria Sant Pau ofereix l\u2019oportunitat de cursar els seg\u00fcents cicles formatius corresponents a aquesta etapa educativa:<\/p>\n<ul class=\"wp-block-list\">\n<li><a href=\"https:\/\/agora.xtec.cat\/ifpsantpau\/projecte-educatiu\/cicles-formatius-de-grau-superior-cfgs-buena\/cfgs-laboratori-clinic-i-biomedic-lcb\/\">CFGS Laboratori Cl\u00ednic i Biom\u00e8dic<\/a><\/li>\n<\/ul>\n\n\n\n\n\n<p><\/p>\n","protected":false},"excerpt":{"rendered":"<p>Els Cicles Formatius de Grau Superior s\u00f3n estudis que permeten obtenir el t\u00edtol de T\u00e8cnic o T\u00e8cnica Superior en la especialitat corresponent. Aquests cicles tenen una durada total de 2.000 hores, repartides en dos cursos acad\u00e8mics. Actualment, s\u2019hi pot accedir des d\u2019un Cicle Formatiu de Grau Mitj\u00e0, el Batxillerat o qualsevol altra titulaci\u00f3 equivalent o [&hellip;]<\/p>\n","protected":false},"author":1,"featured_media":0,"parent":57,"menu_order":0,"comment_status":"closed","ping_status":"closed","template":"","meta":{"site-sidebar-layout":"default","site-content-layout":"","ast-site-content-layout":"default","site-content-style":"default","site-sidebar-style":"default","ast-global-header-display":"","ast-banner-title-visibility":"","ast-main-header-display":"","ast-hfb-above-header-display":"","ast-hfb-below-header-display":"","ast-hfb-mobile-header-display":"","site-post-title":"","ast-breadcrumbs-content":"","ast-featured-img":"","footer-sml-layout":"","theme-transparent-header-meta":"","adv-header-id-meta":"","stick-header-meta":"","header-above-stick-meta":"","header-main-stick-meta":"","header-below-stick-meta":"","astra-migrate-meta-layouts":"set","ast-page-background-enabled":"default","ast-page-background-meta":{"desktop":{"background-color":"var(--ast-global-color-4)","background-image":"","background-repeat":"repeat","background-position":"center center","background-size":"auto","background-attachment":"scroll","background-type":"","background-media":"","overlay-type":"","overlay-color":"","overlay-opacity":"","overlay-gradient":""},"tablet":{"background-color":"","background-image":"","background-repeat":"repeat","background-position":"center center","background-size":"auto","background-attachment":"scroll","background-type":"","background-media":"","overlay-type":"","overlay-color":"","overlay-opacity":"","overlay-gradient":""},"mobile":{"background-color":"","background-image":"","background-repeat":"repeat","background-position":"center center","background-size":"auto","background-attachment":"scroll","background-type":"","background-media":"","overlay-type":"","overlay-color":"","overlay-opacity":"","overlay-gradient":""}},"ast-content-background-meta":{"desktop":{"background-color":"var(--ast-global-color-5)","background-image":"","background-repeat":"repeat","background-position":"center center","background-size":"auto","background-attachment":"scroll","background-type":"","background-media":"","overlay-type":"","overlay-color":"","overlay-opacity":"","overlay-gradient":""},"tablet":{"background-color":"var(--ast-global-color-5)","background-image":"","background-repeat":"repeat","background-position":"center center","background-size":"auto","background-attachment":"scroll","background-type":"","background-media":"","overlay-type":"","overlay-color":"","overlay-opacity":"","overlay-gradient":""},"mobile":{"background-color":"var(--ast-global-color-5)","background-image":"","background-repeat":"repeat","background-position":"center center","background-size":"auto","background-attachment":"scroll","background-type":"","background-media":"","overlay-type":"","overlay-color":"","overlay-opacity":"","overlay-gradient":""}},"footnotes":""},"class_list":["post-967","page","type-page","status-publish","hentry"],"post_mailing_queue_ids":[],"_links":{"self":[{"href":"https:\/\/agora.xtec.cat\/ifpsantpau\/wp-json\/wp\/v2\/pages\/967","targetHints":{"allow":["GET"]}}],"collection":[{"href":"https:\/\/agora.xtec.cat\/ifpsantpau\/wp-json\/wp\/v2\/pages"}],"about":[{"href":"https:\/\/agora.xtec.cat\/ifpsantpau\/wp-json\/wp\/v2\/types\/page"}],"author":[{"embeddable":true,"href":"https:\/\/agora.xtec.cat\/ifpsantpau\/wp-json\/wp\/v2\/users\/1"}],"replies":[{"embeddable":true,"href":"https:\/\/agora.xtec.cat\/ifpsantpau\/wp-json\/wp\/v2\/comments?post=967"}],"version-history":[{"count":3,"href":"https:\/\/agora.xtec.cat\/ifpsantpau\/wp-json\/wp\/v2\/pages\/967\/revisions"}],"predecessor-version":[{"id":1529,"href":"https:\/\/agora.xtec.cat\/ifpsantpau\/wp-json\/wp\/v2\/pages\/967\/revisions\/1529"}],"up":[{"embeddable":true,"href":"https:\/\/agora.xtec.cat\/ifpsantpau\/wp-json\/wp\/v2\/pages\/57"}],"wp:attachment":[{"href":"https:\/\/agora.xtec.cat\/ifpsantpau\/wp-json\/wp\/v2\/media?parent=967"}],"curies":[{"name":"wp","href":"https:\/\/api.w.org\/{rel}","templated":true}]}}