{"id":617,"date":"2024-12-23T15:31:24","date_gmt":"2024-12-23T14:31:24","guid":{"rendered":"https:\/\/agora.xtec.cat\/ifpsantpau\/?page_id=617"},"modified":"2026-04-09T18:19:32","modified_gmt":"2026-04-09T16:19:32","slug":"projecte-2","status":"publish","type":"page","link":"https:\/\/agora.xtec.cat\/ifpsantpau\/projecte-educatiu\/projecte-2\/","title":{"rendered":"Cicles Formatius de Grau Mitj\u00e0 (CFGM)"},"content":{"rendered":"\n<p>Els Cicles Formatius de Grau Mitj\u00e0 s\u00f3n estudis professionals que preparen l\u2019alumnat per obtenir el t\u00edtol de T\u00e8cnic o T\u00e8cnica en la seva especialitat. Normalment, aquests cicles tenen una durada total de 2.000 hores, excepte el de Cures Auxiliars d\u2019Infermeria, que consta de 1.400 hores.<\/p>\n\n\n\n<p>Per accedir-hi, cal tenir el t\u00edtol de Graduat o Graduada en Educaci\u00f3 Secund\u00e0ria Obligat\u00f2ria (ESO) o una titulaci\u00f3 equivalent o superior, com ara T\u00e8cnic\/a b\u00e0sic\/a, T\u00e8cnic\/a, T\u00e8cnic\/a Superior, T\u00e8cnic\/a Auxiliar o Batxillerat. Tamb\u00e9 s\u2019hi pot accedir amb un certificat de professionalitat relacionat amb el cicle, amb el curs d\u2019acc\u00e9s a grau mitj\u00e0 o superant la prova d\u2019acc\u00e9s, que s\u00f3n les principals opcions d\u2019entrada.<\/p>\n\n\n\n<p>Per obtenir m\u00e9s informaci\u00f3 sobre els <a href=\"https:\/\/triaeducativa.gencat.cat\/ca\/fp\/grau-mitja\/\">requisits d\u2019acc\u00e9s<\/a> o el <a href=\"https:\/\/preinscripcio.gencat.cat\/ca\/estudis\/calculs-preinscripcio\/mitjana-eso-preinscripcio-fpgm-batxillerat\/qualificacio-mitjana-eso-preinscricio-fpgm\/\">c\u00e0lcul de la nota de l\u2019ESO<\/a>, pots visitar el web del <a href=\"https:\/\/preinscripcio.gencat.cat\/ca\/inici\/\" data-type=\"link\" data-id=\"https:\/\/preinscripcio.gencat.cat\/ca\/inici\/\">Departament d\u2019Educaci\u00f3 i Formaci\u00f3 Professional<\/a>.<\/p>\n\n\n\n<div class=\"wp-block-buttons is-layout-flex wp-block-buttons-is-layout-flex\">\n<div class=\"wp-block-button\"><a class=\"wp-block-button__link wp-element-button\" href=\"https:\/\/preinscripcio.gencat.cat\/ca\/estudis\/fp-grau-mitja\/informat\/criteris-assignacio\/\">Criteris assignaci\u00f3 pla\u00e7a<\/a><\/div>\n<\/div>\n\n\n\n<p>L&#8217;Institut FP Sanit\u00e0ria Sant Pau ofereix l\u2019oportunitat de cursar els seg\u00fcents cicles formatius corresponents a aquesta etapa educativa:<\/p>\n\n\n\n<ul class=\"wp-block-list\">\n<li><a href=\"https:\/\/agora.xtec.cat\/ifpsantpau\/projecte-educatiu\/cures-auxiliars-dinfermeria-cai\/\">CFGM Cures Auxiliars d&#8217;Infermeria<\/a><\/li>\n\n\n\n<li><a href=\"https:\/\/agora.xtec.cat\/ifpsantpau\/projecte-educatiu\/projecte-2\/cfgm-farmacia-i-parafarmacia\/\">CFGM Farm\u00e0cia i Parafarm\u00e0cia<\/a><\/li>\n<\/ul>\n\n\n\n<p><\/p>\n","protected":false},"excerpt":{"rendered":"<p>Els Cicles Formatius de Grau Mitj\u00e0 s\u00f3n estudis professionals que preparen l\u2019alumnat per obtenir el t\u00edtol de T\u00e8cnic o T\u00e8cnica en la seva especialitat. Normalment, aquests cicles tenen una durada total de 2.000 hores, excepte el de Cures Auxiliars d\u2019Infermeria, que consta de 1.400 hores. Per accedir-hi, cal tenir el t\u00edtol de Graduat o Graduada [&hellip;]<\/p>\n","protected":false},"author":1,"featured_media":0,"parent":57,"menu_order":1,"comment_status":"closed","ping_status":"closed","template":"","meta":{"site-sidebar-layout":"default","site-content-layout":"","ast-site-content-layout":"default","site-content-style":"default","site-sidebar-style":"default","ast-global-header-display":"","ast-banner-title-visibility":"","ast-main-header-display":"","ast-hfb-above-header-display":"","ast-hfb-below-header-display":"","ast-hfb-mobile-header-display":"","site-post-title":"","ast-breadcrumbs-content":"","ast-featured-img":"","footer-sml-layout":"","theme-transparent-header-meta":"","adv-header-id-meta":"","stick-header-meta":"","header-above-stick-meta":"","header-main-stick-meta":"","header-below-stick-meta":"","astra-migrate-meta-layouts":"set","ast-page-background-enabled":"default","ast-page-background-meta":{"desktop":{"background-color":"var(--ast-global-color-4)","background-image":"","background-repeat":"repeat","background-position":"center center","background-size":"auto","background-attachment":"scroll","background-type":"","background-media":"","overlay-type":"","overlay-color":"","overlay-opacity":"","overlay-gradient":""},"tablet":{"background-color":"","background-image":"","background-repeat":"repeat","background-position":"center center","background-size":"auto","background-attachment":"scroll","background-type":"","background-media":"","overlay-type":"","overlay-color":"","overlay-opacity":"","overlay-gradient":""},"mobile":{"background-color":"","background-image":"","background-repeat":"repeat","background-position":"center center","background-size":"auto","background-attachment":"scroll","background-type":"","background-media":"","overlay-type":"","overlay-color":"","overlay-opacity":"","overlay-gradient":""}},"ast-content-background-meta":{"desktop":{"background-color":"var(--ast-global-color-5)","background-image":"","background-repeat":"repeat","background-position":"center center","background-size":"auto","background-attachment":"scroll","background-type":"","background-media":"","overlay-type":"","overlay-color":"","overlay-opacity":"","overlay-gradient":""},"tablet":{"background-color":"var(--ast-global-color-5)","background-image":"","background-repeat":"repeat","background-position":"center center","background-size":"auto","background-attachment":"scroll","background-type":"","background-media":"","overlay-type":"","overlay-color":"","overlay-opacity":"","overlay-gradient":""},"mobile":{"background-color":"var(--ast-global-color-5)","background-image":"","background-repeat":"repeat","background-position":"center center","background-size":"auto","background-attachment":"scroll","background-type":"","background-media":"","overlay-type":"","overlay-color":"","overlay-opacity":"","overlay-gradient":""}},"footnotes":""},"class_list":["post-617","page","type-page","status-publish","hentry"],"post_mailing_queue_ids":[],"_links":{"self":[{"href":"https:\/\/agora.xtec.cat\/ifpsantpau\/wp-json\/wp\/v2\/pages\/617","targetHints":{"allow":["GET"]}}],"collection":[{"href":"https:\/\/agora.xtec.cat\/ifpsantpau\/wp-json\/wp\/v2\/pages"}],"about":[{"href":"https:\/\/agora.xtec.cat\/ifpsantpau\/wp-json\/wp\/v2\/types\/page"}],"author":[{"embeddable":true,"href":"https:\/\/agora.xtec.cat\/ifpsantpau\/wp-json\/wp\/v2\/users\/1"}],"replies":[{"embeddable":true,"href":"https:\/\/agora.xtec.cat\/ifpsantpau\/wp-json\/wp\/v2\/comments?post=617"}],"version-history":[{"count":6,"href":"https:\/\/agora.xtec.cat\/ifpsantpau\/wp-json\/wp\/v2\/pages\/617\/revisions"}],"predecessor-version":[{"id":1533,"href":"https:\/\/agora.xtec.cat\/ifpsantpau\/wp-json\/wp\/v2\/pages\/617\/revisions\/1533"}],"up":[{"embeddable":true,"href":"https:\/\/agora.xtec.cat\/ifpsantpau\/wp-json\/wp\/v2\/pages\/57"}],"wp:attachment":[{"href":"https:\/\/agora.xtec.cat\/ifpsantpau\/wp-json\/wp\/v2\/media?parent=617"}],"curies":[{"name":"wp","href":"https:\/\/api.w.org\/{rel}","templated":true}]}}