{"id":614,"date":"2024-12-23T15:30:48","date_gmt":"2024-12-23T14:30:48","guid":{"rendered":"https:\/\/agora.xtec.cat\/ifpsantpau\/?page_id=614"},"modified":"2026-02-26T11:15:34","modified_gmt":"2026-02-26T10:15:34","slug":"projecte-1","status":"publish","type":"page","link":"https:\/\/agora.xtec.cat\/ifpsantpau\/projecte-educatiu\/projecte-1\/","title":{"rendered":"Programa de Formaci\u00f3 i Inserci\u00f3 (PFI) &#8211;  Auxiliar en centres sanitaris"},"content":{"rendered":"\n<p>Els PFI s&#8217;adrecen a joves d&#8217;entre 16 i 21 anys que no han finalitzat l&#8217;educaci\u00f3 secund\u00e0ria obligat\u00f2ria. S\u00f3n estudis voluntaris i la<strong> seva durada \u00e9s d&#8217;un curs acad\u00e8mic (1.000 hores)<\/strong>, de les quals <strong>200 hores s\u00f3n d&#8217;estada a l&#8217;empresa<\/strong>. En concret, aquests estudis capaciten per dur a terme tasques auxiliars de mobilitzaci\u00f3 i trasllat de pacients i d&#8217;ordenaci\u00f3 i trasllat de documents i materials en centres sanitaris.<\/p>\n\n\n<h3><strong><span style=\"color: #e04b35;\">Horari<\/span><\/strong><\/h3>\n\n\n<p><strong>Mat\u00ed:<\/strong> De 08:00 a 14:30<\/p>\n\n\n<h3><strong><span style=\"color: #e04b35;\">Pla d&#8217;estudis<\/span><\/strong><\/h3>\n\n\n<div class=\"wp-block-columns alignfull are-vertically-aligned-top is-layout-flex wp-container-core-columns-is-layout-1 wp-block-columns-is-layout-flex\">\n<div class=\"wp-block-column is-vertically-aligned-top is-layout-flow wp-block-column-is-layout-flow\" style=\"flex-basis:100%\">\n<figure class=\"wp-block-table\"><table class=\"has-fixed-layout\"><tbody><tr><td class=\"has-text-align-center\" data-align=\"center\"><strong><mark style=\"background-color:rgba(0, 0, 0, 0)\" class=\"has-inline-color has-ast-global-color-1-color\">M\u00f2duls<\/mark><\/strong><\/td><td class=\"has-text-align-center\" data-align=\"center\"><mark style=\"background-color:rgba(0, 0, 0, 0)\" class=\"has-inline-color has-ast-global-color-1-color\"><strong>Hores<\/strong> <strong>centre<\/strong> <strong>educatiu<\/strong><\/mark><\/td><td class=\"has-text-align-center\" data-align=\"center\"><mark style=\"background-color:rgba(0, 0, 0, 0)\" class=\"has-inline-color has-ast-global-color-1-color\"><strong>Hores<\/strong> <strong>d&#8217;estada a l&#8217;empresa<\/strong><\/mark><\/td><\/tr><tr><td class=\"has-text-align-center\" data-align=\"center\"><strong>Organitzaci\u00f3, Comunicaci\u00f3 i Trasllat de Documentaci\u00f3, Materials i Equips d&#8217;un Centre Sanitari<\/strong><\/td><td class=\"has-text-align-center\" data-align=\"center\">40<\/td><td class=\"has-text-align-center\" data-align=\"center\">35<\/td><\/tr><tr><td class=\"has-text-align-center\" data-align=\"center\"><strong>Mobilitzaci\u00f3 i trasllat de pacients en centres sanitaris<\/strong><\/td><td class=\"has-text-align-center\" data-align=\"center\">120<\/td><td class=\"has-text-align-center\" data-align=\"center\">100<\/td><\/tr><tr><td class=\"has-text-align-center\" data-align=\"center\"><strong>Trasllat de pacients en serveis especials d\u2019un centre sanitari<\/strong><\/td><td class=\"has-text-align-center\" data-align=\"center\">100<\/td><td class=\"has-text-align-center\" data-align=\"center\">31<\/td><\/tr><tr><td class=\"has-text-align-center\" data-align=\"center\"><strong>Habilitats comunicatives en centres sanitaris<\/strong><\/td><td class=\"has-text-align-center\" data-align=\"center\">59<\/td><td class=\"has-text-align-center\" data-align=\"center\">21<\/td><\/tr><tr><td class=\"has-text-align-center\" data-align=\"center\"><strong>Primers auxilis<\/strong><\/td><td class=\"has-text-align-center\" data-align=\"center\">76<\/td><td class=\"has-text-align-center\" data-align=\"center\">13<\/td><\/tr><tr><td class=\"has-text-align-center\" data-align=\"center\"><strong>Formaci\u00f3 b\u00e0sica en prevenci\u00f3 de riscos laborals (MPRL)<\/strong><\/td><td class=\"has-text-align-center\" data-align=\"center\">30<\/td><td class=\"has-text-align-center\" data-align=\"center\"><\/td><\/tr><tr><td class=\"has-text-align-center\" data-align=\"center\"><strong>Projecte<\/strong><\/td><td class=\"has-text-align-center\" data-align=\"center\">25<\/td><td class=\"has-text-align-center\" data-align=\"center\"><\/td><\/tr><tr><td class=\"has-text-align-center\" data-align=\"center\"><strong>Estrat\u00e8gies i eines de comunicaci\u00f3<\/strong><\/td><td class=\"has-text-align-center\" data-align=\"center\">110<\/td><td class=\"has-text-align-center\" data-align=\"center\"><\/td><\/tr><tr><td class=\"has-text-align-center\" data-align=\"center\"><strong>Entorn social i territorial<\/strong><\/td><td class=\"has-text-align-center\" data-align=\"center\">45<\/td><td class=\"has-text-align-center\" data-align=\"center\"><\/td><\/tr><tr><td class=\"has-text-align-center\" data-align=\"center\"><strong>Estrat\u00e8gies i eines matem\u00e0tiques<\/strong><\/td><td class=\"has-text-align-center\" data-align=\"center\">110<\/td><td class=\"has-text-align-center\" data-align=\"center\"><\/td><\/tr><tr><td class=\"has-text-align-center\" data-align=\"center\"><strong>Incorporaci\u00f3 al m\u00f3n professional<\/strong><\/td><td class=\"has-text-align-center\" data-align=\"center\">50<\/td><td class=\"has-text-align-center\" data-align=\"center\"><\/td><\/tr><tr><td class=\"has-text-align-center\" data-align=\"center\"><strong>Tutoria<\/strong><strong>, seguiment i orientaci\u00f3 personalitzada<\/strong><\/td><td class=\"has-text-align-center\" data-align=\"center\">35<\/td><td class=\"has-text-align-center\" data-align=\"center\"><\/td><\/tr><\/tbody><\/table><\/figure>\n<\/div>\n<\/div>\n\n\n<h3><strong><span style=\"color: #e04b35;\">Sortides professionals\u00a0<\/span><\/strong><\/h3>\n\n\n<ul class=\"wp-block-list\">\n<li>Zelador o zeladora d&#8217;institucions sanit\u00e0ries.<\/li>\n\n\n\n<li>Zelador o zeladora d&#8217;unitats d&#8217;hospitalitzaci\u00f3 de centres sanitaris.<\/li>\n\n\n\n<li>Zelador o zeladora de magatzem.<\/li>\n\n\n\n<li>Zelador o zeladora de centres d&#8217;atenci\u00f3 prim\u00e0ria.<\/li>\n\n\n\n<li>Zelador o zeladora d&#8217;anatomia patol\u00f2gica.<\/li>\n<\/ul>\n\n\n<h3><strong><span style=\"color: #e04b35;\">Continu\u00eftat formativa<\/span><\/strong><\/h3>\n\n\n<ul class=\"wp-block-list\">\n<li>Certificat acad\u00e8mic i professional, que cont\u00e9 la qualificaci\u00f3 final obtinguda en el PFI i acredita les compet\u00e8ncies professionals assolides.<\/li>\n\n\n\n<li>Acc\u00e9s als centres de formaci\u00f3 d\u2019adults per obtenir el graduat en educaci\u00f3 secund\u00e0ria obligat\u00f2ria (GESO).<\/li>\n\n\n\n<li>Acc\u00e9s als Cicles Formatius de Grau Mitj\u00e0.<\/li>\n<\/ul>\n","protected":false},"excerpt":{"rendered":"<p>Els PFI s&#8217;adrecen a joves d&#8217;entre 16 i 21 anys que no han finalitzat l&#8217;educaci\u00f3 secund\u00e0ria obligat\u00f2ria. S\u00f3n estudis voluntaris i la seva durada \u00e9s d&#8217;un curs acad\u00e8mic (1.000 hores), de les quals 200 hores s\u00f3n d&#8217;estada a l&#8217;empresa. En concret, aquests estudis capaciten per dur a terme tasques auxiliars de mobilitzaci\u00f3 i trasllat de [&hellip;]<\/p>\n","protected":false},"author":1,"featured_media":0,"parent":57,"menu_order":0,"comment_status":"closed","ping_status":"close","template":"","meta":{"site-sidebar-layout":"left-sidebar","site-content-layout":"","ast-site-content-layout":"default","site-content-style":"default","site-sidebar-style":"default","ast-global-header-display":"","ast-banner-title-visibility":"","ast-main-header-display":"","ast-hfb-above-header-display":"","ast-hfb-below-header-display":"","ast-hfb-mobile-header-display":"","site-post-title":"","ast-breadcrumbs-content":"","ast-featured-img":"","footer-sml-layout":"","theme-transparent-header-meta":"","adv-header-id-meta":"","stick-header-meta":"","header-above-stick-meta":"","header-main-stick-meta":"","header-below-stick-meta":"","astra-migrate-meta-layouts":"set","ast-page-background-enabled":"default","ast-page-background-meta":{"desktop":{"background-color":"var(--ast-global-color-4)","background-image":"","background-repeat":"repeat","background-position":"center center","background-size":"auto","background-attachment":"scroll","background-type":"","background-media":"","overlay-type":"","overlay-color":"","overlay-opacity":"","overlay-gradient":""},"tablet":{"background-color":"","background-image":"","background-repeat":"repeat","background-position":"center center","background-size":"auto","background-attachment":"scroll","background-type":"","background-media":"","overlay-type":"","overlay-color":"","overlay-opacity":"","overlay-gradient":""},"mobile":{"background-color":"","background-image":"","background-repeat":"repeat","background-position":"center center","background-size":"auto","background-attachment":"scroll","background-type":"","background-media":"","overlay-type":"","overlay-color":"","overlay-opacity":"","overlay-gradient":""}},"ast-content-background-meta":{"desktop":{"background-color":"var(--ast-global-color-5)","background-image":"","background-repeat":"repeat","background-position":"center center","background-size":"auto","background-attachment":"scroll","background-type":"","background-media":"","overlay-type":"","overlay-color":"","overlay-opacity":"","overlay-gradient":""},"tablet":{"background-color":"var(--ast-global-color-5)","background-image":"","background-repeat":"repeat","background-position":"center center","background-size":"auto","background-attachment":"scroll","background-type":"","background-media":"","overlay-type":"","overlay-color":"","overlay-opacity":"","overlay-gradient":""},"mobile":{"background-color":"var(--ast-global-color-5)","background-image":"","background-repeat":"repeat","background-position":"center center","background-size":"auto","background-attachment":"scroll","background-type":"","background-media":"","overlay-type":"","overlay-color":"","overlay-opacity":"","overlay-gradient":""}},"footnotes":""},"class_list":["post-614","page","type-page","status-publish","hentry"],"post_mailing_queue_ids":[],"_links":{"self":[{"href":"https:\/\/agora.xtec.cat\/ifpsantpau\/wp-json\/wp\/v2\/pages\/614","targetHints":{"allow":["GET"]}}],"collection":[{"href":"https:\/\/agora.xtec.cat\/ifpsantpau\/wp-json\/wp\/v2\/pages"}],"about":[{"href":"https:\/\/agora.xtec.cat\/ifpsantpau\/wp-json\/wp\/v2\/types\/page"}],"author":[{"embeddable":true,"href":"https:\/\/agora.xtec.cat\/ifpsantpau\/wp-json\/wp\/v2\/users\/1"}],"replies":[{"embeddable":true,"href":"https:\/\/agora.xtec.cat\/ifpsantpau\/wp-json\/wp\/v2\/comments?post=614"}],"version-history":[{"count":6,"href":"https:\/\/agora.xtec.cat\/ifpsantpau\/wp-json\/wp\/v2\/pages\/614\/revisions"}],"predecessor-version":[{"id":987,"href":"https:\/\/agora.xtec.cat\/ifpsantpau\/wp-json\/wp\/v2\/pages\/614\/revisions\/987"}],"up":[{"embeddable":true,"href":"https:\/\/agora.xtec.cat\/ifpsantpau\/wp-json\/wp\/v2\/pages\/57"}],"wp:attachment":[{"href":"https:\/\/agora.xtec.cat\/ifpsantpau\/wp-json\/wp\/v2\/media?parent=614"}],"curies":[{"name":"wp","href":"https:\/\/api.w.org\/{rel}","templated":true}]}}