{"id":57,"date":"2014-09-17T17:01:07","date_gmt":"2014-09-17T17:01:07","guid":{"rendered":"http:\/\/agora.xtec.cat\/ifpsantpau\/?page_id=57"},"modified":"2026-04-09T18:33:18","modified_gmt":"2026-04-09T16:33:18","slug":"projecte-educatiu","status":"publish","type":"page","link":"https:\/\/agora.xtec.cat\/ifpsantpau\/projecte-educatiu\/","title":{"rendered":"Oferta formativa"},"content":{"rendered":"\n<p>A l\u2019Institut d\u2019FP Sanit\u00e0ria Sant Pau s\u2019ofereix una \u00e0mplia oferta educativa que abasta diferents nivells dins dels ensenyaments professionals de l\u2019\u00e0mbit sanitari. Inclou estudis dels Programes de Formaci\u00f3 i Inserci\u00f3 (PFI), <a href=\"https:\/\/agora.xtec.cat\/ifpsantpau\/projecte-educatiu\/projecte-2\/\">Cicles Formatius de Grau Mitj\u00e0<\/a> i <a href=\"https:\/\/agora.xtec.cat\/ifpsantpau\/projecte-educatiu\/cicles-formatius-de-grau-superior-cfgs-buena\/\">Cicles Formatius de Grau Superior<\/a>.<\/p>\n\n\n<h3><strong><span style=\"color: #e04b35;\">Programa de Formaci\u00f3 i Inserci\u00f3 (PFI)<\/span><\/strong><\/h3>\n\n\n<p>Si encara no heu finalitzat els estudis d\u2019Educaci\u00f3 Secund\u00e0ria Obligat\u00f2ria (ESO) i voleu iniciar una formaci\u00f3 que us obri les portes al m\u00f3n laboral en l\u2019\u00e0mbit de la sanitat, a l\u2019Institut d\u2019FP Sanit\u00e0ria Sant Pau trobareu aquest programa formatiu:<\/p>\n\n\n\n<ul class=\"wp-block-list\">\n<li><a href=\"https:\/\/agora.xtec.cat\/ifpsantpau\/projecte-educatiu\/projecte-1\/\">Programa de Formaci\u00f3 i Inserci\u00f3 (PFI) &#8211; Auxiliar en centres sanitaris.<\/a><\/li>\n<\/ul>\n\n\n<h3><strong><span style=\"color: #e04b35;\">Cicles Formatius de Grau Mitj\u00e0 (CFGM)<\/span><\/strong><\/h3>\n\n\n<p>L\u2019Institut d\u2019FP Sanit\u00e0ria Sant Pau ofereix una formaci\u00f3 de qualitat dins l\u2019\u00e0mbit de la salut, amb una oferta de cicles formatius de grau mitj\u00e0 que inclou <strong data-start=\"154\" data-end=\"181\">Farm\u00e0cia i Parafarm\u00e0cia<\/strong> i <strong data-start=\"184\" data-end=\"216\">Cures Auxiliars d\u2019Infermeria<\/strong>, dos itineraris que preparen l\u2019alumnat per desenvolupar una carrera professional en l\u2019\u00e0mbit sanitari, combinant coneixements te\u00f2rics amb una formaci\u00f3 pr\u00e0ctica adaptada a les necessitats del sector.<\/p>\n\n\n\n<ul class=\"wp-block-list\">\n<li><a href=\"https:\/\/agora.xtec.cat\/ifpsantpau\/projecte-educatiu\/projecte-2\/cures-auxiliars-dinfermeria-cai\/\">CFGM Cures Auxiliars d&#8217;Infermeria.<\/a><\/li>\n<\/ul>\n\n\n<h3><strong><span style=\"color: #e04b35;\">Cicles Formatius de Grau Superior (CFGS)<\/span><\/strong><\/h3>\n\n\n<p>L\u2019Institut d\u2019FP Sanit\u00e0ria Sant Pau aposta per una formaci\u00f3 avan\u00e7ada i de qualitat en l\u2019\u00e0rea sanit\u00e0ria, amb una oferta de cicles formatius de grau superior que inclou el\u00a0Grau Superior de<strong> Laboratori Cl\u00ednic i Biom\u00e8dic<\/strong>. Aquest cicle ofereix una preparaci\u00f3 completa, tant te\u00f2rica com pr\u00e0ctica, per exercir en laboratoris d\u2019an\u00e0lisi i investigaci\u00f3 biom\u00e8dica, amb una formaci\u00f3 actualitzada i orientada a les necessitats del sector de la salut.<\/p>\n\n\n\n<ul class=\"wp-block-list\">\n<li><a href=\"https:\/\/agora.xtec.cat\/ifpsantpau\/projecte-educatiu\/cicles-formatius-de-grau-superior-cfgs-buena\/cfgs-laboratori-clinic-i-biomedic-lcb\/\">CFGS Laboratori Cl\u00ednic i Biom\u00e8dic<\/a><\/li>\n<\/ul>\n\n\n\n<p><\/p>\n","protected":false},"excerpt":{"rendered":"<p>A l\u2019Institut d\u2019FP Sanit\u00e0ria Sant Pau s\u2019ofereix una \u00e0mplia oferta educativa que abasta diferents nivells dins dels ensenyaments professionals de l\u2019\u00e0mbit sanitari. Inclou estudis dels Programes de Formaci\u00f3 i Inserci\u00f3 (PFI), Cicles Formatius de Grau Mitj\u00e0 i Cicles Formatius de Grau Superior. Programa de Formaci\u00f3 i Inserci\u00f3 (PFI) Si encara no heu finalitzat els estudis [&hellip;]<\/p>\n","protected":false},"author":1,"featured_media":0,"parent":0,"menu_order":0,"comment_status":"closed","ping_status":"closed","template":"","meta":{"site-sidebar-layout":"default","site-content-layout":"","ast-site-content-layout":"default","site-content-style":"default","site-sidebar-style":"default","ast-global-header-display":"","ast-banner-title-visibility":"","ast-main-header-display":"","ast-hfb-above-header-display":"","ast-hfb-below-header-display":"","ast-hfb-mobile-header-display":"","site-post-title":"","ast-breadcrumbs-content":"","ast-featured-img":"","footer-sml-layout":"","theme-transparent-header-meta":"","adv-header-id-meta":"","stick-header-meta":"","header-above-stick-meta":"","header-main-stick-meta":"","header-below-stick-meta":"","astra-migrate-meta-layouts":"set","ast-page-background-enabled":"default","ast-page-background-meta":{"desktop":{"background-color":"var(--ast-global-color-4)","background-image":"","background-repeat":"repeat","background-position":"center center","background-size":"auto","background-attachment":"scroll","background-type":"","background-media":"","overlay-type":"","overlay-color":"","overlay-opacity":"","overlay-gradient":""},"tablet":{"background-color":"","background-image":"","background-repeat":"repeat","background-position":"center center","background-size":"auto","background-attachment":"scroll","background-type":"","background-media":"","overlay-type":"","overlay-color":"","overlay-opacity":"","overlay-gradient":""},"mobile":{"background-color":"","background-image":"","background-repeat":"repeat","background-position":"center center","background-size":"auto","background-attachment":"scroll","background-type":"","background-media":"","overlay-type":"","overlay-color":"","overlay-opacity":"","overlay-gradient":""}},"ast-content-background-meta":{"desktop":{"background-color":"var(--ast-global-color-5)","background-image":"","background-repeat":"repeat","background-position":"center center","background-size":"auto","background-attachment":"scroll","background-type":"","background-media":"","overlay-type":"","overlay-color":"","overlay-opacity":"","overlay-gradient":""},"tablet":{"background-color":"var(--ast-global-color-5)","background-image":"","background-repeat":"repeat","background-position":"center center","background-size":"auto","background-attachment":"scroll","background-type":"","background-media":"","overlay-type":"","overlay-color":"","overlay-opacity":"","overlay-gradient":""},"mobile":{"background-color":"var(--ast-global-color-5)","background-image":"","background-repeat":"repeat","background-position":"center center","background-size":"auto","background-attachment":"scroll","background-type":"","background-media":"","overlay-type":"","overlay-color":"","overlay-opacity":"","overlay-gradient":""}},"footnotes":""},"class_list":["post-57","page","type-page","status-publish","hentry"],"post_mailing_queue_ids":[],"_links":{"self":[{"href":"https:\/\/agora.xtec.cat\/ifpsantpau\/wp-json\/wp\/v2\/pages\/57","targetHints":{"allow":["GET"]}}],"collection":[{"href":"https:\/\/agora.xtec.cat\/ifpsantpau\/wp-json\/wp\/v2\/pages"}],"about":[{"href":"https:\/\/agora.xtec.cat\/ifpsantpau\/wp-json\/wp\/v2\/types\/page"}],"author":[{"embeddable":true,"href":"https:\/\/agora.xtec.cat\/ifpsantpau\/wp-json\/wp\/v2\/users\/1"}],"replies":[{"embeddable":true,"href":"https:\/\/agora.xtec.cat\/ifpsantpau\/wp-json\/wp\/v2\/comments?post=57"}],"version-history":[{"count":6,"href":"https:\/\/agora.xtec.cat\/ifpsantpau\/wp-json\/wp\/v2\/pages\/57\/revisions"}],"predecessor-version":[{"id":1538,"href":"https:\/\/agora.xtec.cat\/ifpsantpau\/wp-json\/wp\/v2\/pages\/57\/revisions\/1538"}],"wp:attachment":[{"href":"https:\/\/agora.xtec.cat\/ifpsantpau\/wp-json\/wp\/v2\/media?parent=57"}],"curies":[{"name":"wp","href":"https:\/\/api.w.org\/{rel}","templated":true}]}}