{"id":43,"date":"2014-09-17T16:45:07","date_gmt":"2014-09-17T16:45:07","guid":{"rendered":"http:\/\/agora.xtec.cat\/ifpsantpau\/?page_id=43"},"modified":"2026-01-21T13:10:04","modified_gmt":"2026-01-21T12:10:04","slug":"consell-escolar","status":"publish","type":"page","link":"https:\/\/agora.xtec.cat\/ifpsantpau\/linstitut\/consell-escolar\/","title":{"rendered":"Consell escolar"},"content":{"rendered":"\n<p>A la localitat de Barcelona, el dia 19 de novembre de 2025  i al centre Institut d&#8217;FP Sanit\u00e0ria Sant Pau,  sota la presid\u00e8ncia de la directora d&#8217;aquest centre, es constitueix el consell escolar del centre amb els representants seg\u00fcents:<\/p>\n\n\n\n<h2 class=\"wp-block-heading has-medium-font-size\">Membres<\/h2>\n\n\n\n<div class=\"wp-block-columns is-layout-flex wp-container-core-columns-is-layout-1 wp-block-columns-is-layout-flex\">\n<div class=\"wp-block-column is-layout-flow wp-block-column-is-layout-flow\">\n<div class=\"wp-block-getwid-person\"><div class=\"wp-block-getwid-person__image\"><img decoding=\"async\" src=\"https:\/\/nodes-pre.educaciodigital.cat\/masterpri\/wp-content\/uploads\/usu12\/2024\/12\/user-male-circle-v1.png\" class=\"wp-image-591\"\/><\/div><div class=\"wp-block-getwid-person__content-wrapper\"><span class=\"wp-block-getwid-person__title\">Maite Fons<\/span><span class=\"wp-block-getwid-person__subtitle\">Directora<\/span>\n<p><\/p>\n<\/div><\/div>\n<\/div>\n\n\n\n<div class=\"wp-block-column is-layout-flow wp-block-column-is-layout-flow\">\n<div class=\"wp-block-getwid-person\"><div class=\"wp-block-getwid-person__image\"><img decoding=\"async\" src=\"https:\/\/nodes-pre.educaciodigital.cat\/masterpri\/wp-content\/uploads\/usu12\/2024\/12\/user-male-circle-v1.png\" class=\"wp-image-591\"\/><\/div><div class=\"wp-block-getwid-person__content-wrapper\"><span class=\"wp-block-getwid-person__title\">Trini L\u00f3pez<\/span><span class=\"wp-block-getwid-person__subtitle\">Cap Estudis<\/span><\/div><\/div>\n<\/div>\n\n\n\n<div class=\"wp-block-column is-layout-flow wp-block-column-is-layout-flow\">\n<div class=\"wp-block-getwid-person\"><div class=\"wp-block-getwid-person__image\"><img decoding=\"async\" src=\"https:\/\/nodes-pre.educaciodigital.cat\/masterpri\/wp-content\/uploads\/usu12\/2024\/12\/user-male-circle-v1.png\" class=\"wp-image-591\"\/><\/div><div class=\"wp-block-getwid-person__content-wrapper\"><span class=\"wp-block-getwid-person__title\">Diana Paez<\/span><span class=\"wp-block-getwid-person__subtitle\">Secret\u00e0ria<\/span>\n<p><\/p>\n<\/div><\/div>\n<\/div>\n<\/div>\n\n\n\n<div class=\"wp-block-columns is-layout-flex wp-container-core-columns-is-layout-2 wp-block-columns-is-layout-flex\">\n<div class=\"wp-block-column is-layout-flow wp-block-column-is-layout-flow\">\n<div class=\"wp-block-getwid-person\"><div class=\"wp-block-getwid-person__image\"><img decoding=\"async\" src=\"https:\/\/nodes-pre.educaciodigital.cat\/masterpri\/wp-content\/uploads\/usu12\/2024\/12\/user-male-circle-v1.png\" class=\"wp-image-591\"\/><\/div><div class=\"wp-block-getwid-person__content-wrapper\"><span class=\"wp-block-getwid-person__title\">Dani A\u00f1or<\/span><span class=\"wp-block-getwid-person__subtitle\">Cap estudis adjunt &#8211; Administrador<\/span><\/div><\/div>\n<\/div>\n\n\n\n<div class=\"wp-block-column is-layout-flow wp-block-column-is-layout-flow\">\n<div class=\"wp-block-getwid-person\"><div class=\"wp-block-getwid-person__image\"><img decoding=\"async\" src=\"https:\/\/nodes-pre.educaciodigital.cat\/masterpri\/wp-content\/uploads\/usu12\/2024\/12\/user-male-circle-v1.png\" class=\"wp-image-591\"\/><\/div><div class=\"wp-block-getwid-person__content-wrapper\"><span class=\"wp-block-getwid-person__title\">Justo P\u00e9rez<\/span><span class=\"wp-block-getwid-person__subtitle\">Representant Ajuntament<\/span><\/div><\/div>\n<\/div>\n\n\n\n<div class=\"wp-block-column is-layout-flow wp-block-column-is-layout-flow\">\n<div class=\"wp-block-getwid-person\"><div class=\"wp-block-getwid-person__image\"><img decoding=\"async\" src=\"https:\/\/nodes-pre.educaciodigital.cat\/masterpri\/wp-content\/uploads\/usu12\/2024\/12\/user-male-circle-v1.png\" class=\"wp-image-591\"\/><\/div><div class=\"wp-block-getwid-person__content-wrapper\"><span class=\"wp-block-getwid-person__title\">Aliaksandra Bachkarova<\/span><span class=\"wp-block-getwid-person__subtitle\">Representant alumnat<\/span><\/div><\/div>\n<\/div>\n<\/div>\n\n\n\n<div class=\"wp-block-columns is-layout-flex wp-container-core-columns-is-layout-3 wp-block-columns-is-layout-flex\">\n<div class=\"wp-block-column is-layout-flow wp-block-column-is-layout-flow\">\n<div class=\"wp-block-getwid-person\"><div class=\"wp-block-getwid-person__image\"><img decoding=\"async\" src=\"https:\/\/nodes-pre.educaciodigital.cat\/masterpri\/wp-content\/uploads\/usu12\/2024\/12\/user-male-circle-v1.png\" class=\"wp-image-591\"\/><\/div><div class=\"wp-block-getwid-person__content-wrapper\"><span class=\"wp-block-getwid-person__title\">Raul Sevillano<\/span><span class=\"wp-block-getwid-person__subtitle\">Representant alumnat<\/span><\/div><\/div>\n<\/div>\n\n\n\n<div class=\"wp-block-column is-layout-flow wp-block-column-is-layout-flow\">\n<div class=\"wp-block-getwid-person\"><div class=\"wp-block-getwid-person__image\"><img decoding=\"async\" src=\"https:\/\/nodes-pre.educaciodigital.cat\/masterpri\/wp-content\/uploads\/usu12\/2024\/12\/user-male-circle-v1.png\" class=\"wp-image-591\"\/><\/div><div class=\"wp-block-getwid-person__content-wrapper\"><span class=\"wp-block-getwid-person__title\">Miguel  \u00c1ngel Fr\u00edas<\/span><span class=\"wp-block-getwid-person__subtitle\">Representant PAS<\/span><\/div><\/div>\n<\/div>\n\n\n\n<div class=\"wp-block-column is-layout-flow wp-block-column-is-layout-flow\">\n<div class=\"wp-block-getwid-person\"><div class=\"wp-block-getwid-person__image\"><img decoding=\"async\" src=\"https:\/\/nodes-pre.educaciodigital.cat\/masterpri\/wp-content\/uploads\/usu12\/2024\/12\/user-male-circle-v1.png\" class=\"wp-image-591\"\/><\/div><div class=\"wp-block-getwid-person__content-wrapper\"><span class=\"wp-block-getwid-person__title\">Alejandro Alonso<\/span><span class=\"wp-block-getwid-person__subtitle\">Representant docents<\/span><\/div><\/div>\n<\/div>\n<\/div>\n\n\n\n<div class=\"wp-block-columns is-layout-flex wp-container-core-columns-is-layout-4 wp-block-columns-is-layout-flex\">\n<div class=\"wp-block-column is-layout-flow wp-block-column-is-layout-flow\">\n<div class=\"wp-block-getwid-person\"><div class=\"wp-block-getwid-person__image\"><img decoding=\"async\" src=\"https:\/\/nodes-pre.educaciodigital.cat\/masterpri\/wp-content\/uploads\/usu12\/2024\/12\/user-male-circle-v1.png\" class=\"wp-image-591\"\/><\/div><div class=\"wp-block-getwid-person__content-wrapper\"><span class=\"wp-block-getwid-person__title\">Ester Garcia<\/span><span class=\"wp-block-getwid-person__subtitle\">Representant docent<\/span><\/div><\/div>\n<\/div>\n\n\n\n<div class=\"wp-block-column is-layout-flow wp-block-column-is-layout-flow\">\n<div class=\"wp-block-getwid-person\"><div class=\"wp-block-getwid-person__image\"><img decoding=\"async\" src=\"https:\/\/nodes-pre.educaciodigital.cat\/masterpri\/wp-content\/uploads\/usu12\/2024\/12\/user-male-circle-v1.png\" class=\"wp-image-591\"\/><\/div><div class=\"wp-block-getwid-person__content-wrapper\"><span class=\"wp-block-getwid-person__title\">Enric Azuaga<\/span><span class=\"wp-block-getwid-person__subtitle\">Representant docent<\/span><\/div><\/div>\n<\/div>\n\n\n\n<div class=\"wp-block-column is-layout-flow wp-block-column-is-layout-flow\">\n<div class=\"wp-block-getwid-person\"><div class=\"wp-block-getwid-person__image\"><img decoding=\"async\" src=\"https:\/\/nodes-pre.educaciodigital.cat\/masterpri\/wp-content\/uploads\/usu12\/2024\/12\/user-male-circle-v1.png\" class=\"wp-image-591\"\/><\/div><div class=\"wp-block-getwid-person__content-wrapper\"><span class=\"wp-block-getwid-person__title\">Alfons Toral<\/span><span class=\"wp-block-getwid-person__subtitle\">Representant docents<\/span><\/div><\/div>\n<\/div>\n<\/div>\n\n\n\n<p><strong>FUNCIONS DEL CONSELL ESCOLAR  (Redactat en acta de constituci\u00f3)<\/strong><\/p>\n\n\n\n<ul class=\"wp-block-list\">\n<li>Aprovar el projecte educatiu i les modificacions corresponents per una majoria de tres cinquenes parts dels membres.<\/li>\n\n\n\n<li>Aprovar la programaci\u00f3 general anual del centre i avaluar-ne el desenvolupament i els resultats.<\/li>\n\n\n\n<li>Aprovar les propostes d\u2019acords de corresponsabilitat, convenis i altres acords de col\u00b7laboraci\u00f3 del centre amb entitats o institucions.<\/li>\n\n\n\n<li>Aprovar les normes d\u2019organitzaci\u00f3 i funcionament i les modificacions corresponents.<\/li>\n\n\n\n<li>Aprovar la carta de comprom\u00eds educatiu.<\/li>\n\n\n\n<li>Aprovar el pressupost del centre i el rendiment de comptes.<\/li>\n\n\n\n<li>Intervenir en el procediment d\u2019admissi\u00f3 d\u2019alumnes.<\/li>\n\n\n\n<li>Participar en el procediment de selecci\u00f3 i en la proposta de cessament del director o directora.<\/li>\n\n\n\n<li>Intervenir en la resoluci\u00f3 dels conflictes i, si escau, revisar les sancions als alumnes.<\/li>\n\n\n\n<li>Aprovar les directrius per a la programaci\u00f3 d\u2019activitats escolars complement\u00e0ries i d\u2019activitats extraescolars, i avaluar-ne el desenvolupament.<\/li>\n\n\n\n<li>Participar en les an\u00e0lisis i les avaluacions del funcionament general del centre i con\u00e8ixer l\u2019evoluci\u00f3 del rendiment escolar.<\/li>\n\n\n\n<li>Aprovar els criteris de col\u00b7laboraci\u00f3 amb altres centres i amb l\u2019entorn.<\/li>\n\n\n\n<li>Qualsevol altra que li sigui atribu\u00efda per les normes legals o reglament\u00e0ries.<\/li>\n<\/ul>\n","protected":false},"excerpt":{"rendered":"<p>A la localitat de Barcelona, el dia 19 de novembre de 2025 i al centre Institut d&#8217;FP Sanit\u00e0ria Sant Pau, sota la presid\u00e8ncia de la directora d&#8217;aquest centre, es constitueix el consell escolar del centre amb els representants seg\u00fcents: Membres FUNCIONS DEL CONSELL ESCOLAR (Redactat en acta de constituci\u00f3)<\/p>\n","protected":false},"author":1,"featured_media":0,"parent":19,"menu_order":40,"comment_status":"closed","ping_status":"closed","template":"","meta":{"site-sidebar-layout":"default","site-content-layout":"","ast-site-content-layout":"default","site-content-style":"default","site-sidebar-style":"default","ast-global-header-display":"","ast-banner-title-visibility":"","ast-main-header-display":"","ast-hfb-above-header-display":"","ast-hfb-below-header-display":"","ast-hfb-mobile-header-display":"","site-post-title":"","ast-breadcrumbs-content":"","ast-featured-img":"","footer-sml-layout":"","theme-transparent-header-meta":"","adv-header-id-meta":"","stick-header-meta":"","header-above-stick-meta":"","header-main-stick-meta":"","header-below-stick-meta":"","astra-migrate-meta-layouts":"set","ast-page-background-enabled":"default","ast-page-background-meta":{"desktop":{"background-color":"var(--ast-global-color-4)","background-image":"","background-repeat":"repeat","background-position":"center center","background-size":"auto","background-attachment":"scroll","background-type":"","background-media":"","overlay-type":"","overlay-color":"","overlay-opacity":"","overlay-gradient":""},"tablet":{"background-color":"","background-image":"","background-repeat":"repeat","background-position":"center center","background-size":"auto","background-attachment":"scroll","background-type":"","background-media":"","overlay-type":"","overlay-color":"","overlay-opacity":"","overlay-gradient":""},"mobile":{"background-color":"","background-image":"","background-repeat":"repeat","background-position":"center center","background-size":"auto","background-attachment":"scroll","background-type":"","background-media":"","overlay-type":"","overlay-color":"","overlay-opacity":"","overlay-gradient":""}},"ast-content-background-meta":{"desktop":{"background-color":"var(--ast-global-color-5)","background-image":"","background-repeat":"repeat","background-position":"center center","background-size":"auto","background-attachment":"scroll","background-type":"","background-media":"","overlay-type":"","overlay-color":"","overlay-opacity":"","overlay-gradient":""},"tablet":{"background-color":"var(--ast-global-color-5)","background-image":"","background-repeat":"repeat","background-position":"center center","background-size":"auto","background-attachment":"scroll","background-type":"","background-media":"","overlay-type":"","overlay-color":"","overlay-opacity":"","overlay-gradient":""},"mobile":{"background-color":"var(--ast-global-color-5)","background-image":"","background-repeat":"repeat","background-position":"center center","background-size":"auto","background-attachment":"scroll","background-type":"","background-media":"","overlay-type":"","overlay-color":"","overlay-opacity":"","overlay-gradient":""}},"footnotes":""},"class_list":["post-43","page","type-page","status-publish","hentry"],"post_mailing_queue_ids":[],"_links":{"self":[{"href":"https:\/\/agora.xtec.cat\/ifpsantpau\/wp-json\/wp\/v2\/pages\/43","targetHints":{"allow":["GET"]}}],"collection":[{"href":"https:\/\/agora.xtec.cat\/ifpsantpau\/wp-json\/wp\/v2\/pages"}],"about":[{"href":"https:\/\/agora.xtec.cat\/ifpsantpau\/wp-json\/wp\/v2\/types\/page"}],"author":[{"embeddable":true,"href":"https:\/\/agora.xtec.cat\/ifpsantpau\/wp-json\/wp\/v2\/users\/1"}],"replies":[{"embeddable":true,"href":"https:\/\/agora.xtec.cat\/ifpsantpau\/wp-json\/wp\/v2\/comments?post=43"}],"version-history":[{"count":6,"href":"https:\/\/agora.xtec.cat\/ifpsantpau\/wp-json\/wp\/v2\/pages\/43\/revisions"}],"predecessor-version":[{"id":1059,"href":"https:\/\/agora.xtec.cat\/ifpsantpau\/wp-json\/wp\/v2\/pages\/43\/revisions\/1059"}],"up":[{"embeddable":true,"href":"https:\/\/agora.xtec.cat\/ifpsantpau\/wp-json\/wp\/v2\/pages\/19"}],"wp:attachment":[{"href":"https:\/\/agora.xtec.cat\/ifpsantpau\/wp-json\/wp\/v2\/media?parent=43"}],"curies":[{"name":"wp","href":"https:\/\/api.w.org\/{rel}","templated":true}]}}