{"id":27,"date":"2014-09-17T16:24:03","date_gmt":"2014-09-17T16:24:03","guid":{"rendered":"http:\/\/agora.xtec.cat\/ifpsantpau\/?page_id=27"},"modified":"2026-04-07T14:09:11","modified_gmt":"2026-04-07T12:09:11","slug":"historia","status":"publish","type":"page","link":"https:\/\/agora.xtec.cat\/ifpsantpau\/linstitut\/historia\/","title":{"rendered":"Hist\u00f2ria"},"content":{"rendered":"\n<div class=\"wp-block-getwid-content-timeline\" data-animation=\"none\" data-filling=\"true\"><div class=\"wp-block-getwid-content-timeline__line\"><div class=\"wp-block-getwid-content-timeline__bar\"><\/div><\/div><div class=\"wp-block-getwid-content-timeline__wrapper\">\n<div class=\"wp-block-getwid-content-timeline-item\"><div class=\"wp-block-getwid-content-timeline-item__wrapper\"><div class=\"wp-block-getwid-content-timeline-item__card\"><div class=\"wp-block-getwid-content-timeline-item__card-wrapper\"><div class=\"wp-block-getwid-content-timeline-item__image-wrapper\"><img loading=\"lazy\" decoding=\"async\" width=\"1437\" height=\"654\" class=\"wp-block-getwid-content-timeline-item__image wp-image-750\" src=\"https:\/\/agora.xtec.cat\/ifpsantpau\/wp-content\/uploads\/usu3588\/2025\/07\/Menu-07-15-2025_08_20_PM.png\" alt=\"\" srcset=\"https:\/\/agora.xtec.cat\/ifpsantpau\/wp-content\/uploads\/usu3588\/2025\/07\/Menu-07-15-2025_08_20_PM.png 1437w, https:\/\/agora.xtec.cat\/ifpsantpau\/wp-content\/uploads\/usu3588\/2025\/07\/Menu-07-15-2025_08_20_PM-300x137.png 300w, https:\/\/agora.xtec.cat\/ifpsantpau\/wp-content\/uploads\/usu3588\/2025\/07\/Menu-07-15-2025_08_20_PM-1024x466.png 1024w, https:\/\/agora.xtec.cat\/ifpsantpau\/wp-content\/uploads\/usu3588\/2025\/07\/Menu-07-15-2025_08_20_PM-768x350.png 768w\" sizes=\"auto, (max-width: 1437px) 100vw, 1437px\" \/><\/div><div class=\"wp-block-getwid-content-timeline-item__content-wrapper\"><div class=\"wp-block-getwid-content-timeline-item__mobile-meta\"><p class=\"wp-block-getwid-content-timeline-item__meta-content\">L\u00b4Institut FP Sanit\u00e0ria Sant Pau de Barcelona \u00e9s un centre integrat p\u00fablic de nova creaci\u00f3, que neix l\u20191 de Setembre de 2025, oferint formaci\u00f3 post obligat\u00f2ria en l&#8217;\u00e0mbit sanitari i assistencial, establint una alian\u00e7a estrat\u00e8gica amb l\u2019Hospital de la Santa Creu i Sant Pau de la ciutat.<br><br>Un acord entre el Consorci d\u2019Educaci\u00f3 de Barcelona (Generalitat de Catalunya i l\u2019Ajuntament de Barcelona), la Fundaci\u00f3 de Gesti\u00f3 Sanit\u00e0ria i la Fundaci\u00f3 Privada Hospital de la Santa Creu i Sant Pau han fet possible la creaci\u00f3 del nou Institut d\u2019FP Sanit\u00e0ria Sant Pau.<br><br>Ubicats temporalment a una seu provisional en un edifici de l\u2019eixample barcelon\u00ed, l\u2019objectiu passa per traslladar-nos a formar part f\u00edsicament del Campus d\u2019Aprenentatge de Sant Pau que es troba dins el recinte modernista, en un futur no molt lluny\u00e0.<\/p><\/div>\n<h3 class=\"wp-block-heading has-text-align-center\">CURS 25\/26<\/h3>\n\n\n\n<p>&nbsp;<\/p>\n<\/div><\/div><\/div><div class=\"wp-block-getwid-content-timeline-item__point\"><div class=\"wp-block-getwid-content-timeline-item__point-content\"><\/div><\/div><div class=\"wp-block-getwid-content-timeline-item__meta\"><p class=\"wp-block-getwid-content-timeline-item__meta-content\">L\u00b4Institut FP Sanit\u00e0ria Sant Pau de Barcelona \u00e9s un centre integrat p\u00fablic de nova creaci\u00f3, que neix l\u20191 de Setembre de 2025, oferint formaci\u00f3 post obligat\u00f2ria en l&#8217;\u00e0mbit sanitari i assistencial, establint una alian\u00e7a estrat\u00e8gica amb l\u2019Hospital de la Santa Creu i Sant Pau de la ciutat.<br><br>Un acord entre el Consorci d\u2019Educaci\u00f3 de Barcelona (Generalitat de Catalunya i l\u2019Ajuntament de Barcelona), la Fundaci\u00f3 de Gesti\u00f3 Sanit\u00e0ria i la Fundaci\u00f3 Privada Hospital de la Santa Creu i Sant Pau han fet possible la creaci\u00f3 del nou Institut d\u2019FP Sanit\u00e0ria Sant Pau.<br><br>Ubicats temporalment a una seu provisional en un edifici de l\u2019eixample barcelon\u00ed, l\u2019objectiu passa per traslladar-nos a formar part f\u00edsicament del Campus d\u2019Aprenentatge de Sant Pau que es troba dins el recinte modernista, en un futur no molt lluny\u00e0.<\/p><\/div><\/div><\/div>\n<\/div><\/div>\n","protected":false},"excerpt":{"rendered":"","protected":false},"author":1,"featured_media":0,"parent":19,"menu_order":20,"comment_status":"closed","ping_status":"closed","template":"","meta":{"site-sidebar-layout":"default","site-content-layout":"","ast-site-content-layout":"default","site-content-style":"default","site-sidebar-style":"default","ast-global-header-display":"","ast-banner-title-visibility":"","ast-main-header-display":"","ast-hfb-above-header-display":"","ast-hfb-below-header-display":"","ast-hfb-mobile-header-display":"","site-post-title":"","ast-breadcrumbs-content":"","ast-featured-img":"","footer-sml-layout":"","theme-transparent-header-meta":"","adv-header-id-meta":"","stick-header-meta":"","header-above-stick-meta":"","header-main-stick-meta":"","header-below-stick-meta":"","astra-migrate-meta-layouts":"set","ast-page-background-enabled":"default","ast-page-background-meta":{"desktop":{"background-color":"var(--ast-global-color-4)","background-image":"","background-repeat":"repeat","background-position":"center center","background-size":"auto","background-attachment":"scroll","background-type":"","background-media":"","overlay-type":"","overlay-color":"","overlay-opacity":"","overlay-gradient":""},"tablet":{"background-color":"","background-image":"","background-repeat":"repeat","background-position":"center center","background-size":"auto","background-attachment":"scroll","background-type":"","background-media":"","overlay-type":"","overlay-color":"","overlay-opacity":"","overlay-gradient":""},"mobile":{"background-color":"","background-image":"","background-repeat":"repeat","background-position":"center center","background-size":"auto","background-attachment":"scroll","background-type":"","background-media":"","overlay-type":"","overlay-color":"","overlay-opacity":"","overlay-gradient":""}},"ast-content-background-meta":{"desktop":{"background-color":"var(--ast-global-color-5)","background-image":"","background-repeat":"repeat","background-position":"center center","background-size":"auto","background-attachment":"scroll","background-type":"","background-media":"","overlay-type":"","overlay-color":"","overlay-opacity":"","overlay-gradient":""},"tablet":{"background-color":"var(--ast-global-color-5)","background-image":"","background-repeat":"repeat","background-position":"center center","background-size":"auto","background-attachment":"scroll","background-type":"","background-media":"","overlay-type":"","overlay-color":"","overlay-opacity":"","overlay-gradient":""},"mobile":{"background-color":"var(--ast-global-color-5)","background-image":"","background-repeat":"repeat","background-position":"center center","background-size":"auto","background-attachment":"scroll","background-type":"","background-media":"","overlay-type":"","overlay-color":"","overlay-opacity":"","overlay-gradient":""}},"footnotes":""},"class_list":["post-27","page","type-page","status-publish","hentry"],"post_mailing_queue_ids":[],"_links":{"self":[{"href":"https:\/\/agora.xtec.cat\/ifpsantpau\/wp-json\/wp\/v2\/pages\/27","targetHints":{"allow":["GET"]}}],"collection":[{"href":"https:\/\/agora.xtec.cat\/ifpsantpau\/wp-json\/wp\/v2\/pages"}],"about":[{"href":"https:\/\/agora.xtec.cat\/ifpsantpau\/wp-json\/wp\/v2\/types\/page"}],"author":[{"embeddable":true,"href":"https:\/\/agora.xtec.cat\/ifpsantpau\/wp-json\/wp\/v2\/users\/1"}],"replies":[{"embeddable":true,"href":"https:\/\/agora.xtec.cat\/ifpsantpau\/wp-json\/wp\/v2\/comments?post=27"}],"version-history":[{"count":6,"href":"https:\/\/agora.xtec.cat\/ifpsantpau\/wp-json\/wp\/v2\/pages\/27\/revisions"}],"predecessor-version":[{"id":1490,"href":"https:\/\/agora.xtec.cat\/ifpsantpau\/wp-json\/wp\/v2\/pages\/27\/revisions\/1490"}],"up":[{"embeddable":true,"href":"https:\/\/agora.xtec.cat\/ifpsantpau\/wp-json\/wp\/v2\/pages\/19"}],"wp:attachment":[{"href":"https:\/\/agora.xtec.cat\/ifpsantpau\/wp-json\/wp\/v2\/media?parent=27"}],"curies":[{"name":"wp","href":"https:\/\/api.w.org\/{rel}","templated":true}]}}