{"id":1144,"date":"2026-02-26T17:58:06","date_gmt":"2026-02-26T16:58:06","guid":{"rendered":"https:\/\/agora.xtec.cat\/ifpsantpau\/?page_id=1144"},"modified":"2026-04-09T16:07:40","modified_gmt":"2026-04-09T14:07:40","slug":"preinscripcio-i-matricula","status":"publish","type":"page","link":"https:\/\/agora.xtec.cat\/ifpsantpau\/secretaria\/preinscripcio-i-matricula\/","title":{"rendered":"Preinscripci\u00f3 i matr\u00edcula"},"content":{"rendered":"\n<p>L&#8217;oferta educativa de l&#8217;<a href=\"https:\/\/agora.xtec.cat\/ifpsantpau\/\">Institut d&#8217;FP Sanit\u00e0ria Sant Pau <\/a> segueix la normativa establerta pel Departament d&#8217;Educaci\u00f3 i Formaci\u00f3 Professional.<\/p>\n\n\n\n<p><strong>Per al curs 2026-27<\/strong>: &nbsp;\u00c9s&nbsp;<strong>molt important<\/strong>&nbsp;llegir i entendre el contingut de la&nbsp;<a href=\"https:\/\/dogc.gencat.cat\/ca\/document-del-dogc\/?documentId=1040051\">Resoluci\u00f3 EDF\/814\/2026<\/a>, de 19 de mar\u00e7, per la qual es determinen el&nbsp;<strong>calendari i les condicions de la preinscripci\u00f3 i matr\u00edcula.<\/strong><\/p>\n\n\n\n<p>Trobareu tota la informaci\u00f3 sobre la\u00a0<strong>preinscripci\u00f3\u00a0<\/strong>al\u00a0<a href=\"https:\/\/preinscripcio.gencat.cat\/ca\/inici\/\" target=\"_blank\" rel=\"noreferrer noopener\">Portal de Preinscripci\u00f3 del Departament d&#8217;Educaci\u00f3 i Formaci\u00f3 Professional<\/a> , <a href=\"https:\/\/www.edubcn.cat\/ca\/centres_serveis_educatius\/servei_orientacio\/carpeta_de_lorientador\">Carpeta d&#8217;orientaci\u00f3 del Consorci d&#8217;Educaci\u00f3 de Barcelona<\/a> i el <a href=\"https:\/\/www.diba.cat\/ca\/web\/educacio\/preinscripcio-matricula-fp\">web de suport de la Diputaci\u00f3 de Barcelona<\/a>.<\/p>\n\n\n\n<p>\ud83d\udc46 Hi ha dos tr\u00e0mits obligatoris:<\/p>\n\n\n\n<p>-\ud83d\udcf2Preinscripci\u00f3 (on se sol\u00b7licita pla\u00e7a, tenint requisits d&#8217;acc\u00e9s i s&#8217;obt\u00e9 una puntuaci\u00f3 segons els criteris de prioritat establerts per normativa)<\/p>\n\n\n\n<p>-\ud83d\udcbb Matr\u00edcula (confirmaci\u00f3 de la pla\u00e7a si la persona ha estat assignada al centre \u2705 seguint les indicacions de la resoluci\u00f3 esmentada i matr\u00edcula telem\u00e0tica del centre  \ud83d\udcb3).<\/p>\n\n\n\n<p><strong>MOLT IMPORTANT<\/strong>: Els estudiants que no hagin formalitzat la matr\u00edcula en el per\u00edode que els correspongui, fent les dues accions necess\u00e0ries, es considerar\u00e0 que renuncien a la pla\u00e7a sol\u00b7licitada.<\/p>\n\n\n\n<p><\/p>\n\n\n\n<p>Per resoldre aclariments, dubtes o tramitacions, us podeu adre\u00e7ar a l&#8217;<a href=\"https:\/\/fp.edubcn.cat\/oficina-acces\">Oficina d&#8217;Acc\u00e9s a la Formaci\u00f3 Professional<\/a>.<\/p>\n\n\n\n<p>Aneu consultant les p\u00e0gines perqu\u00e8 el contingut es va actualitzant i \u00e9s on trobareu la informaci\u00f3 actualitzada.<\/p>\n","protected":false},"excerpt":{"rendered":"<p>L&#8217;oferta educativa de l&#8217;Institut d&#8217;FP Sanit\u00e0ria Sant Pau segueix la normativa establerta pel Departament d&#8217;Educaci\u00f3 i Formaci\u00f3 Professional. Per al curs 2026-27: &nbsp;\u00c9s&nbsp;molt important&nbsp;llegir i entendre el contingut de la&nbsp;Resoluci\u00f3 EDF\/814\/2026, de 19 de mar\u00e7, per la qual es determinen el&nbsp;calendari i les condicions de la preinscripci\u00f3 i matr\u00edcula. Trobareu tota la informaci\u00f3 sobre la\u00a0preinscripci\u00f3\u00a0al\u00a0Portal [&hellip;]<\/p>\n","protected":false},"author":1,"featured_media":0,"parent":81,"menu_order":0,"comment_status":"closed","ping_status":"closed","template":"","meta":{"site-sidebar-layout":"default","site-content-layout":"","ast-site-content-layout":"default","site-content-style":"default","site-sidebar-style":"default","ast-global-header-display":"","ast-banner-title-visibility":"","ast-main-header-display":"","ast-hfb-above-header-display":"","ast-hfb-below-header-display":"","ast-hfb-mobile-header-display":"","site-post-title":"","ast-breadcrumbs-content":"","ast-featured-img":"","footer-sml-layout":"","theme-transparent-header-meta":"","adv-header-id-meta":"","stick-header-meta":"","header-above-stick-meta":"","header-main-stick-meta":"","header-below-stick-meta":"","astra-migrate-meta-layouts":"set","ast-page-background-enabled":"default","ast-page-background-meta":{"desktop":{"background-color":"var(--ast-global-color-4)","background-image":"","background-repeat":"repeat","background-position":"center center","background-size":"auto","background-attachment":"scroll","background-type":"","background-media":"","overlay-type":"","overlay-color":"","overlay-opacity":"","overlay-gradient":""},"tablet":{"background-color":"","background-image":"","background-repeat":"repeat","background-position":"center center","background-size":"auto","background-attachment":"scroll","background-type":"","background-media":"","overlay-type":"","overlay-color":"","overlay-opacity":"","overlay-gradient":""},"mobile":{"background-color":"","background-image":"","background-repeat":"repeat","background-position":"center center","background-size":"auto","background-attachment":"scroll","background-type":"","background-media":"","overlay-type":"","overlay-color":"","overlay-opacity":"","overlay-gradient":""}},"ast-content-background-meta":{"desktop":{"background-color":"var(--ast-global-color-5)","background-image":"","background-repeat":"repeat","background-position":"center center","background-size":"auto","background-attachment":"scroll","background-type":"","background-media":"","overlay-type":"","overlay-color":"","overlay-opacity":"","overlay-gradient":""},"tablet":{"background-color":"var(--ast-global-color-5)","background-image":"","background-repeat":"repeat","background-position":"center center","background-size":"auto","background-attachment":"scroll","background-type":"","background-media":"","overlay-type":"","overlay-color":"","overlay-opacity":"","overlay-gradient":""},"mobile":{"background-color":"var(--ast-global-color-5)","background-image":"","background-repeat":"repeat","background-position":"center center","background-size":"auto","background-attachment":"scroll","background-type":"","background-media":"","overlay-type":"","overlay-color":"","overlay-opacity":"","overlay-gradient":""}},"footnotes":""},"class_list":["post-1144","page","type-page","status-publish","hentry"],"post_mailing_queue_ids":[],"_links":{"self":[{"href":"https:\/\/agora.xtec.cat\/ifpsantpau\/wp-json\/wp\/v2\/pages\/1144","targetHints":{"allow":["GET"]}}],"collection":[{"href":"https:\/\/agora.xtec.cat\/ifpsantpau\/wp-json\/wp\/v2\/pages"}],"about":[{"href":"https:\/\/agora.xtec.cat\/ifpsantpau\/wp-json\/wp\/v2\/types\/page"}],"author":[{"embeddable":true,"href":"https:\/\/agora.xtec.cat\/ifpsantpau\/wp-json\/wp\/v2\/users\/1"}],"replies":[{"embeddable":true,"href":"https:\/\/agora.xtec.cat\/ifpsantpau\/wp-json\/wp\/v2\/comments?post=1144"}],"version-history":[{"count":6,"href":"https:\/\/agora.xtec.cat\/ifpsantpau\/wp-json\/wp\/v2\/pages\/1144\/revisions"}],"predecessor-version":[{"id":1528,"href":"https:\/\/agora.xtec.cat\/ifpsantpau\/wp-json\/wp\/v2\/pages\/1144\/revisions\/1528"}],"up":[{"embeddable":true,"href":"https:\/\/agora.xtec.cat\/ifpsantpau\/wp-json\/wp\/v2\/pages\/81"}],"wp:attachment":[{"href":"https:\/\/agora.xtec.cat\/ifpsantpau\/wp-json\/wp\/v2\/media?parent=1144"}],"curies":[{"name":"wp","href":"https:\/\/api.w.org\/{rel}","templated":true}]}}