{"id":893,"date":"2022-02-07T12:02:51","date_gmt":"2022-02-07T11:02:51","guid":{"rendered":"https:\/\/agora.xtec.cat\/ifp-alguero\/?page_id=893"},"modified":"2022-11-04T12:09:47","modified_gmt":"2022-11-04T11:09:47","slug":"borsa-de-treball-per-exalumnes","status":"publish","type":"page","link":"https:\/\/agora.xtec.cat\/ifp-alguero\/alumnat\/borsa-de-treball-per-exalumnes\/","title":{"rendered":"Borsa de treball per exalumnes"},"content":{"rendered":"<p><img loading=\"lazy\" decoding=\"async\" class=\"alignnone size-full wp-image-1931\" src=\"https:\/\/agora.xtec.cat\/ifp-alguero\/wp-content\/uploads\/usu2575\/2022\/11\/1523368433476.jpeg\" alt=\"\" width=\"200\" height=\"200\" srcset=\"https:\/\/agora.xtec.cat\/ifp-alguero\/wp-content\/uploads\/usu2575\/2022\/11\/1523368433476.jpeg 200w, https:\/\/agora.xtec.cat\/ifp-alguero\/wp-content\/uploads\/usu2575\/2022\/11\/1523368433476-150x150.jpeg 150w\" sizes=\"auto, (max-width: 200px) 100vw, 200px\" \/><\/p>\n<h4>Impresor<\/h4>\n<p>Empresa de Artes Gr\u00e1ficas dedicada a la impresi\u00f3n en huecograbado y offset de revistas, cat\u00e1logos y folletos solicita Impresor.<\/p>\n<p><strong>Funciones:<\/strong> controlar la calidad global de los productos, tintaje, registro, plegado,\u2026 En la preparaci\u00f3n de la m\u00e1quina para nuevos tirajes realizara el trabajos cualificados bajo su iniciativa.<br \/>\n<strong>Horario:<\/strong> turnos rotativos, disponibilidad trabajar fin de semana.<br \/>\n<strong>Contrato:<\/strong> Indefinido<br \/>\n<strong>Salario:<\/strong> 26.000\u20ac-29.500\u20ac<\/p>\n<h4>Auxiliar Rotativas<\/h4>\n<p>Empresa de Artes Gr\u00e1ficas dedicada a la impresi\u00f3n en huecograbado y offset de revistas, cat\u00e1logos y folletos solicita Auxiliares Rotativas.<\/p>\n<p><strong>Funciones:<\/strong> capicular y empaquetar los productos en la salida de la m\u00e1quina de impresi\u00f3n, por medios mec\u00e1nicos o manuales. Cuida de la limpieza de la m\u00e1quina y sus accesorios, as\u00ed como de la zona f\u00edsica de las mismas. Realiza todo tipo de trabajo auxiliar que se le encomiende en cada caso y es capaz de mantener en funcionamiento las maquinas auxiliares a la salida de la rotativa<br \/>\n<strong>Contrato:<\/strong> Indefinido<br \/>\n<strong>Salario:<\/strong> 16.700\u20ac<\/p>\n<p><strong>Contacte:<\/strong><br \/>\n<a href=\"mailto:guillermo.lopez@walstead.es\" target=\"_blank\" rel=\"noopener\">guillermo.lopez@walstead.es<\/a><\/p>\n<p>&nbsp;<\/p>\n<p>&nbsp;<\/p>\n<p><img loading=\"lazy\" decoding=\"async\" class=\"alignnone size-full wp-image-1671\" src=\"https:\/\/agora.xtec.cat\/ifp-alguero\/wp-content\/uploads\/usu2575\/2022\/05\/image002.png\" alt=\"\" width=\"184\" height=\"49\" \/><\/p>\n<h4 class=\"p2\"><b>Maquinista Impresor Flexogr\u00e1fico <\/b><\/h4>\n<p>PLASTIGAUR<br \/>\nPresencial en Andoain, Guip\u00fazcoa\/Gipuzkoa (Espa\u00f1a)<br \/>\nExperiencia m\u00ednima: al menos 3 a\u00f1os \u2022 Tipo de contrato: indefinido, jornada completa<\/p>\n<p class=\"p2\"><b>Requisitos:<\/b><\/p>\n<p class=\"p3\">Ciclo Formativo Grado Medio<\/p>\n<p class=\"p2\"><b>Descripci\u00f3n<\/b><\/p>\n<p class=\"p2\">Buscamos profesionales MAQUINISTAS IMPRESORES en m\u00e1quina FLEXOGR\u00c1FICA de TAMBOR CENTRAL, de 8 colores; con tintas liquidas en Base Solvente.<\/p>\n<p class=\"p2\">Valorable conocimiento de los modelos WINDMOLLER &amp; HOLSCHER, COMEXI.<\/p>\n<p class=\"p2\"><strong>Funciones:<\/strong><br \/>\n&#8211; Ajuste de la m\u00e1quina, entonaci\u00f3n de colores, producci\u00f3n de trabajos y control seg\u00fan los est\u00e1ndares de fabricaci\u00f3n establecidos.<\/p>\n<p class=\"p2\">&#8211; Gesti\u00f3n y organizaci\u00f3n del ayudante de Impresi\u00f3n.<\/p>\n<p class=\"p2\">&#8211; Supervisi\u00f3n de las tareas auxiliares y mantenimiento de m\u00e1quina<\/p>\n<p>Contacto:<br \/>\n<strong>SHEILA BARCINA<\/strong><br \/>\n<a href=\"mailto:sbarcina@plastigaur.com\">sbarcina@plastigaur.com<\/a><\/p>\n<p><img loading=\"lazy\" decoding=\"async\" class=\"alignnone size-full wp-image-1603\" src=\"https:\/\/agora.xtec.cat\/ifp-alguero\/wp-content\/uploads\/usu2575\/2022\/05\/183504.png\" alt=\"\" width=\"200\" height=\"200\" srcset=\"https:\/\/agora.xtec.cat\/ifp-alguero\/wp-content\/uploads\/usu2575\/2022\/05\/183504.png 200w, https:\/\/agora.xtec.cat\/ifp-alguero\/wp-content\/uploads\/usu2575\/2022\/05\/183504-150x150.png 150w\" sizes=\"auto, (max-width: 200px) 100vw, 200px\" \/><\/p>\n<div>\n<h4>Des de Marlex estamos en b\u00fasqueda de un\/a\u00a0<b>OPERARIO\/A DE ARTES GR\u00c1FICAS<\/b>\u00a0para una importante empresa de<u>\u00a0Zona Franca del sector\u00a0<\/u><b>A<\/b><b>RTES GR\u00c1FICAS.<\/b><\/h4>\n<p>El objetivo de la incorporaci\u00f3n es que la persona tenga trayectoria profesional hasta convertirse en maquinista.<\/p>\n<p><b>\u00bfCu\u00e1l ser\u00eda tu d\u00eda a d\u00eda?<\/b><br \/>\n-Ayudar al maquinista para asegurar el buen funcionamiento de la maquinaria (m\u00e1quinas de impresi\u00f3n offset, impresi\u00f3n digital)<br \/>\n-Seguir el programa de producci\u00f3n establecido.<br \/>\n&#8211; Controlar que la m\u00e1quina sigue los est\u00e1ndares de calidad establecidos.<br \/>\n-Manipular papel, cart\u00f3n.<br \/>\n&#8211; Participar en la reprograf\u00eda i equipos de producci\u00f3n gr\u00e1fica.<\/p>\n<p><b>\u00bfCu\u00e1les son los requisitos para optar a la posici\u00f3n?<\/b><\/p>\n<p>-CFGM O CFGS en Artes gr\u00e1ficas o similar.<br \/>\n-Imprescindible veh\u00edculo propio.<br \/>\n-Valorable conocer el funcionamiento de maquinarias offset, de impresi\u00f3n, rebobinadoras, laminadora o en impresi\u00f3n huecograbado.<br \/>\n-Persona con capacidad de trabajar en equipo, flexibilidad y capacidad de adaptaci\u00f3n y con ganas de desarrollarse profesionalmente en el sector de las artes gr\u00e1ficas.<\/p>\n<p><b>\u00bfQu\u00e9 ofrecemos?<\/b><br \/>\n-Contrato de 3 meses + incorporaci\u00f3n por plantilla.<br \/>\n&#8211; Posibilidad de desarrollo profesional.<br \/>\n-Jornada completa.<br \/>\n-Horario: lunes a viernes: turnos rotativos (Ma\u00f1ana, tarde y noche)<br \/>\n-Salario: seg\u00fan convenio: 8.43\u20ac\/h (1348,80\u20ac\/b mes).<\/p>\n<p>Si eres un\/a apasionado\/a del sector de las artes gr\u00e1ficas, est\u00e1s acostumbrado\/a a trabajar en equipo y te consideras una persona polivalente y flexible. \u00a1Este es tu pr\u00f3ximo paso profesional, INSCR\u00cdBETE!<\/p>\n<p><strong>Contacte:<\/strong> Jordi Reyes<br \/>\n<a href=\"mailto:jreyes@marlex.net\" target=\"_blank\" rel=\"noopener noreferrer\">jreyes@marlex.net<\/a><\/p>\n<\/div>\n<p>&nbsp;<\/p>\n<p><img loading=\"lazy\" decoding=\"async\" class=\" wp-image-1066 alignnone\" src=\"https:\/\/agora.xtec.cat\/ifp-alguero\/wp-content\/uploads\/usu2575\/2022\/03\/6528aa88-e757-45ef-af36-c280e1cbcf40.png\" alt=\"\" width=\"147\" height=\"150\" \/><\/p>\n<h4>Impressor\/a flexogr\u00e0fic a Vilob\u00ed del Pened\u00e8s<br \/>\n<a href=\"https:\/\/www.infojobs.net\/vilobi-del-penedes\/impresor-flexografico\/of-i44d739b1ca40e19b0af536f86ca8d6\" target=\"_blank\" rel=\"noopener\">veure oferta<\/a><\/h4>\n<h4>Operari producci\u00f3 sector arts gr\u00e0fiques (preferiblement amb experi\u00e8ncia amb troqueladora) a Vilafranca (Els Monjos)<br \/>\n<a href=\"https:\/\/www.infojobs.net\/vilafranca-del-penedes\/operario-artes-graficas-zona-penedes\/of-idb06c5015c40b7a6de9f284ca7e5cc\" target=\"_blank\" rel=\"noopener\">veure oferta<\/a><\/h4>\n<p style=\"font-weight: 400;\"><img loading=\"lazy\" decoding=\"async\" class=\" wp-image-961 alignnone\" src=\"https:\/\/agora.xtec.cat\/ifp-alguero\/wp-content\/uploads\/usu2575\/2022\/02\/adecco_logo-1.png\" alt=\"\" width=\"184\" height=\"118\" srcset=\"https:\/\/agora.xtec.cat\/ifp-alguero\/wp-content\/uploads\/usu2575\/2022\/02\/adecco_logo-1.png 552w, https:\/\/agora.xtec.cat\/ifp-alguero\/wp-content\/uploads\/usu2575\/2022\/02\/adecco_logo-1-300x192.png 300w\" sizes=\"auto, (max-width: 184px) 100vw, 184px\" \/><\/p>\n<h3 style=\"font-weight: 400;\">Auxiliar Arts Gr\u00e0fiques a Esplugues de Llobregat<\/h3>\n<p style=\"font-weight: 400;\">Estamos buscando perfiles j\u00f3venes, con formaci\u00f3n finalizada recientemente en Artes Gr\u00e1ficas que quieran empezar como auxiliares de taller y quieran crecer y desarrollarse profesionalmente en este sector.<\/p>\n<p style=\"font-weight: 400;\">Seleccionamos perfiles tanto de Offset, Impresi\u00f3n mec\u00e1nica, Troqueladoras, Engomadoras y Guillotinas, siempre con estas condiciones:<\/p>\n<p style=\"font-weight: 400;\"><span lang=\"EN-US\"><a href=\"https:\/\/www.adecco.es\/oferta-trabajo\/auxiliar-de-offset-artes-graficas?ID=4af4ae98-92f5-4906-9e94-ca1bc47d390e\" target=\"_blank\" rel=\"noopener\">Veure oferta Aux. Offset<\/a>\u00a0<\/span><u><\/u><\/p>\n<p><a href=\"https:\/\/www.adecco.es\/oferta-trabajo\/auxiliar-troqueladora-artes-graficas?ID=2ffaf546-d4f2-4868-84e3-78ba967d1cd0\" target=\"_blank\" rel=\"noopener\">Veure oferta Aux. Troqueladora<\/a><u><\/u><\/p>\n<p><a href=\"https:\/\/www.adecco.es\/oferta-trabajo\/auxiliar-engomadora-artes-graficas?ID=2be6be35-3c4e-453e-b915-20cf8be7f13b\" target=\"_blank\" rel=\"noopener\">Veure oferta Aux. Engomadora<\/a><\/p>\n<p>&nbsp;<\/p>\n<p><img loading=\"lazy\" decoding=\"async\" class=\"size-full wp-image-905 alignnone\" src=\"https:\/\/agora.xtec.cat\/ifp-alguero\/wp-content\/uploads\/usu2575\/2022\/02\/gpcrear.png\" alt=\"\" width=\"208\" height=\"72\" \/><\/p>\n<h3 style=\"font-weight: 400;\">Operari auxiliar en m\u00e0quina d\u00b4impressi\u00f3 <em>stamping<\/em> i altres tasques de manipulaci\u00f3.<\/h3>\n<h3><span style=\"color: #ff0000;\">VACANT COBERTA<\/span><\/h3>\n","protected":false},"excerpt":{"rendered":"<p>Impresor<br \/>\nEmpresa de Artes Gr\u00e1ficas dedicada a la impresi\u00f3n en huecograbado y offset de revistas, cat\u00e1logos y folletos solicita Impresor.<br \/>\nFunciones: controlar la calidad global de los productos, tintaje, registro, plegado,\u2026 En la preparaci\u00f3n de la m\u00e1quina para nuevos tirajes realizara el trabajos cualificados bajo su iniciativa.<br \/>\nHorario:&hellip;  <a href=\"https:\/\/agora.xtec.cat\/ifp-alguero\/alumnat\/borsa-de-treball-per-exalumnes\/\" title=\"Read Borsa de treball per exalumnes\">Llegeix m\u00e9s\u00bb<\/a><\/p>\n","protected":false},"author":1,"featured_media":0,"parent":808,"menu_order":0,"comment_status":"closed","ping_status":"closed","template":"page-templates\/side-menu.php","meta":{"_bbp_topic_count":0,"_bbp_reply_count":0,"_bbp_total_topic_count":0,"_bbp_total_reply_count":0,"_bbp_voice_count":0,"_bbp_anonymous_reply_count":0,"_bbp_topic_count_hidden":0,"_bbp_reply_count_hidden":0,"_bbp_forum_subforum_count":0,"footnotes":""},"class_list":["post-893","page","type-page","status-publish","hentry"],"post_mailing_queue_ids":[],"_links":{"self":[{"href":"https:\/\/agora.xtec.cat\/ifp-alguero\/wp-json\/wp\/v2\/pages\/893","targetHints":{"allow":["GET"]}}],"collection":[{"href":"https:\/\/agora.xtec.cat\/ifp-alguero\/wp-json\/wp\/v2\/pages"}],"about":[{"href":"https:\/\/agora.xtec.cat\/ifp-alguero\/wp-json\/wp\/v2\/types\/page"}],"author":[{"embeddable":true,"href":"https:\/\/agora.xtec.cat\/ifp-alguero\/wp-json\/wp\/v2\/users\/1"}],"replies":[{"embeddable":true,"href":"https:\/\/agora.xtec.cat\/ifp-alguero\/wp-json\/wp\/v2\/comments?post=893"}],"version-history":[{"count":4,"href":"https:\/\/agora.xtec.cat\/ifp-alguero\/wp-json\/wp\/v2\/pages\/893\/revisions"}],"predecessor-version":[{"id":1933,"href":"https:\/\/agora.xtec.cat\/ifp-alguero\/wp-json\/wp\/v2\/pages\/893\/revisions\/1933"}],"up":[{"embeddable":true,"href":"https:\/\/agora.xtec.cat\/ifp-alguero\/wp-json\/wp\/v2\/pages\/808"}],"wp:attachment":[{"href":"https:\/\/agora.xtec.cat\/ifp-alguero\/wp-json\/wp\/v2\/media?parent=893"}],"curies":[{"name":"wp","href":"https:\/\/api.w.org\/{rel}","templated":true}]}}