{"id":701,"date":"2021-10-04T00:28:04","date_gmt":"2021-10-03T22:28:04","guid":{"rendered":"https:\/\/agora.xtec.cat\/ifp-alguero\/?page_id=701"},"modified":"2025-10-09T18:34:09","modified_gmt":"2025-10-09T16:34:09","slug":"convalidacions","status":"publish","type":"page","link":"https:\/\/agora.xtec.cat\/ifp-alguero\/secretaria\/convalidacions\/","title":{"rendered":"Convalidacions"},"content":{"rendered":"<p>La convalidaci\u00f3 \u00e9s el procediment pel qual es reconeix i d\u00f3na valor acad\u00e8mic als estudis oficials certificats per l\u2019entitat competent.<\/p>\n<p>Per poder sol\u00b7licitar una convalidaci\u00f3 \u00e9s requisit imprescindible estar matriculat en el cicle formatiu pel qual es demana la convalidaci\u00f3, per\u00f2 no \u00e9s necessari estar matriculat en particular del m\u00f2dul professional o de les unitats formatives que es volen convalidar. Per tant, espot, i es recomana, que es sol\u00b7licitin en el primer curs les convalidacions dels m\u00f2duls professionals o de les unitats formatives del segon curs que es vulguin convalidar juntament amb les del primer curs.<\/p>\n<p><strong>Cal tenir en compte que:<\/strong><\/p>\n<ul>\n<li style=\"list-style-type: none;\">\n<ul>\n<li style=\"list-style-type: none;\">\n<ul style=\"list-style-type: disc;\">\n<li>Les unitats formatives i els m\u00f2duls professionals que hagin estat pr\u00e8viament convalidats no poden convalidar-se de nou per altres m\u00f2duls professionals o cr\u00e8dits.<\/li>\n<li>El certificat de qualificacions que es presenti juntament amb la sol\u00b7licitud per acreditar els seus estudis, ha de ser un certificat de qualificacions oficial expedit pel centre educatiu on s\u2019han cursat els cr\u00e8dits o m\u00f2duls superats corresponents. <span style=\"text-decoration: underline;\">Cal tenir en compte que els butlletins de notes o informes d\u2019avaluaci\u00f3 no s\u00f3n v\u00e0lids.<\/span><\/li>\n<\/ul>\n<\/li>\n<\/ul>\n<\/li>\n<\/ul>\n<p>&nbsp;<\/p>\n<h2>TIPUS DE CONVALIDACIONS<\/h2>\n<p style=\"padding-left: 40px;\">Existeixen dos tipus de convalidacions: <strong>DIRECTES<\/strong> i <strong>SINGULARS<\/strong><\/p>\n<h4 style=\"padding-left: 40px;\">CONVALIDACIONS DIRECTES<\/h4>\n<p style=\"padding-left: 80px;\"><strong>Les resol el centre, abans de la finalitzaci\u00f3 del 1r trimestre de curs.<\/strong><br \/>\nPer convalidar m\u00f2duls o unitats formatives que siguin comuns o segons normativa (taula de convalidacions) aportant documentaci\u00f3 que acrediti aquests m\u00f2duls o unitats formatives comuns (amb la mateixa denominaci\u00f3, durada i curr\u00edculum) d\u2019un altre cicle formatiu LOE.<\/p>\n<p style=\"padding-left: 80px;\">S&#8217;han presentar per mitj\u00e0 d&#8217;<a href=\"https:\/\/docs.google.com\/forms\/d\/e\/1FAIpQLScOIE8zPH-t0Fghdp5odtkdjWxfdmferwQxXH5FMs1w48W4Sg\/viewform?usp=sf_link\"><span style=\"text-decoration: underline;\">un formulari al web del centre<\/span><\/a>.<\/p>\n<h4 style=\"padding-left: 40px;\">CONVALIDACIONS SINGULARS<\/h4>\n<p style=\"padding-left: 80px;\"><strong>Les resol la Direcci\u00f3 General de Formaci\u00f3 Professional Inicial i Ensenyaments de R\u00e8gim Especial (DGFPIERE), <span style=\"text-decoration: underline;\">habitualment en un periode de mesos<\/span>, abans de finalitzar el curs.<\/strong><\/p>\n<p style=\"padding-left: 80px;\">Entre les convalidacions singulars que resol la DGFPIERE hi ha:<\/p>\n<p style=\"padding-left: 80px;\"><strong>Convalidacions a partir d\u2019estudis de formaci\u00f3 professional finalitzats o parcialment superats<br \/>\n<\/strong>Les que no estan establertes en els decrets que estableixen els curr\u00edculums i normativa de convalidacions.<\/p>\n<p style=\"padding-left: 80px;\"><strong>Convalidacions a partir d\u2019estudis universitaris<br \/>\n<\/strong>Les convalidacions a partir d&#8217;estudis universitaris nom\u00e9s es poden aplicar a\u00a0 cr\u00e8dits, unitats formatives i m\u00f2duls professionals de cicles formatius de grau superior.<br \/>\nLes assignatures d&#8217;estudis universitaris oficials que hagin estat pr\u00e8viament convalidades o reconegudes no es poden tornar a convalidar per m\u00f2duls professionals de cicles formatius de grau superior.<\/p>\n<p style=\"padding-left: 80px;\">Per convalidar m\u00f2duls o unitats formatives amb continguts similars o afins (no comuns) i que no es contemplen a la normativa (taula de convalidacions) aportant documentaci\u00f3 que acrediti d\u2019un altre cicle formatiu (LOGSE o LOE), d\u2019estudis extingits (FP2, MP3\u2026), d\u2019estudis universitaris i d\u2019altres formacions oficials i\/o reglades espec\u00edfiques.<\/p>\n<p style=\"padding-left: 80px;\">S&#8217;han presentar per mitj\u00e0 d&#8217;<a href=\"https:\/\/docs.google.com\/forms\/d\/e\/1FAIpQLScOIE8zPH-t0Fghdp5odtkdjWxfdmferwQxXH5FMs1w48W4Sg\/viewform?usp=sf_link\"><span style=\"text-decoration: underline;\">un formulari al web del centre<\/span><\/a>.<\/p>\n<p>&nbsp;<\/p>\n<p style=\"padding-left: 40px;\"><span style=\"font-size: 125%;\"><strong>ATENCI\u00d3!<br \/>\n<\/strong><strong>En qualsevol dels casos, fins que no es resol la convalidaci\u00f3 l\u2019alumnat ha d&#8217;assistir a classe.<br \/>\n<\/strong><strong>Si l\u2019alumne\/a decideix no assistir a classe, ser\u00e0 sota la seva responsabilitat, i si posteriorment no es resol la convalidaci\u00f3 al seu favor, haur\u00e0 d&#8217;assumir les conseq\u00fcencies de la seva no assist\u00e8ncia.<\/strong><\/span><\/p>\n<p>&nbsp;<\/p>\n<h2>PERIODE DE PRESENTACI\u00d3<\/h2>\n<p style=\"padding-left: 40px;\"><span style=\"font-size: 150%;\">De l&#8217;1 al 31 d&#8217;octubre.<\/span><\/p>\n<p>&nbsp;<\/p>\n<h2>PRESENTACI\u00d3 TELEM\u00c0TICA DE SOL\u00b7LICITUDS DE CONVALIDACIONS DIRECTES i SINGULARS<\/h2>\n<p style=\"padding-left: 40px;\">Cal tenir a m\u00e0, imatge escanejada o fotografia de:<\/p>\n<ul>\n<li style=\"list-style-type: none;\">\n<ul>\n<li style=\"list-style-type: none;\">\n<ul>\n<li style=\"list-style-type: none;\">\n<ul style=\"list-style-type: disc;\">\n<li><strong>DNI\/NIE\/Passaport<\/strong><\/li>\n<li><strong>Certificat de qualificacions oficial<\/strong>, expedit pel centre educatiu on s\u2019han cursat els cr\u00e8dits o m\u00f2duls superats corresponents (si es presenta un cicle LOE \u00e9s imprescindible aportar el detall de les unitats formatives aprovades).<br \/>\n<span style=\"text-decoration: underline;\">Tingueu en compte que els butlletins de notes o informes d\u2019avaluaci\u00f3 no s\u00f3n v\u00e0lids<\/span>.<\/li>\n<\/ul>\n<\/li>\n<\/ul>\n<\/li>\n<\/ul>\n<\/li>\n<\/ul>\n<h4 style=\"padding-left: 40px;\"><a href=\"https:\/\/docs.google.com\/forms\/d\/e\/1FAIpQLScOIE8zPH-t0Fghdp5odtkdjWxfdmferwQxXH5FMs1w48W4Sg\/viewform?usp=sf_link\"><strong>ACC\u00c9S AL FORMULARI DE SOL\u00b7LICITUD PER CONVALIDACIONS<\/strong><\/a><\/h4>\n<h4 style=\"padding-left: 40px;\"><\/h4>\n<p>&nbsp;<\/p>\n<h2>TAULES DE CONVALIDACIONS<\/h2>\n<p style=\"padding-left: 40px;\">Aquelles convalidacions que no estiguin contemplades en aquestes graelles es consideren com a &#8220;convalidacions singulars&#8221; i les haur\u00e0 de resoldre el Departament d&#8217;Educaci\u00f3.<\/p>\n<p style=\"padding-left: 40px;\">A continuaci\u00f3 <span style=\"text-decoration: underline;\">es mostren com a orientaci\u00f3<\/span>, <strong>les darreres taules de convalidacions publicades<\/strong> pel Departament d&#8217;Educaci\u00f3<\/p>\n<h3 style=\"padding-left: 40px;\">Taules de convalidaci\u00f3 orientatives<\/h3>\n<ul>\n<li style=\"list-style-type: none;\">\n<ul>\n<li style=\"list-style-type: none;\">\n<ul>\n<li style=\"list-style-type: none;\">\n<ul style=\"list-style-type: disc;\">\n<li><a href=\"https:\/\/agora.xtec.cat\/ifp-alguero\/wp-content\/uploads\/usu2575\/2024\/09\/Llengua-estrangera_2425_noupla.pdf\"><strong>Angl\u00e8s professional<\/strong><\/a><\/li>\n<li><a href=\"https:\/\/agora.xtec.cat\/ifp-alguero\/wp-content\/uploads\/usu2575\/2025\/10\/Taula-de-convalidacions-FOL_EIE_IPO_DIGIT_SOST-25_26.pdf\"><strong>IPO1, IPO2, Digitalitzaci\u00f3 i Sostenibilitat<\/strong><\/a><\/li>\n<li><a href=\"https:\/\/agora.xtec.cat\/ifp-alguero\/wp-content\/uploads\/usu2575\/2024\/09\/AF20-CFGM-Impressio-grafica_2425_noupla.pdf\"><strong>CFPM Impressi\u00f3 gr\u00e0fica<\/strong><\/a><\/li>\n<li><a href=\"https:\/\/agora.xtec.cat\/ifp-alguero\/wp-content\/uploads\/usu2575\/2024\/09\/AF30-CFGM-Postimpressio-i-acabats-grafics_2425_noupla.pdf\"><strong>CFPM Postimpressi\u00f3 i acabats gr\u00e0fics<\/strong><\/a><\/li>\n<li><a href=\"https:\/\/agora.xtec.cat\/ifp-alguero\/wp-content\/uploads\/usu2575\/2024\/09\/AF10-CFGM-Preimpressio-digital_2425_noupla.pdf\"><strong>CFPM Preimpressi\u00f3 d<\/strong><strong>i<\/strong><strong>g<\/strong><strong>i<\/strong><strong>t<\/strong><strong>al<\/strong><\/a><\/li>\n<li><a href=\"https:\/\/agora.xtec.cat\/ifp-alguero\/wp-content\/uploads\/usu2575\/2024\/09\/grado-medio-web.pdf\"><strong>CFAM Assist\u00e8ncia al producte gr\u00e0fic interactiu<\/strong><\/a><\/li>\n<li><a href=\"https:\/\/agora.xtec.cat\/ifp-alguero\/wp-content\/uploads\/usu2575\/2024\/09\/AFA0-CFGS-Disseny-i-edicio-de-publicacions-impreses-i-multimedia_2425_noupla.pdf\"><strong>CFPS Disseny i edici\u00f3 de publicacions impreses i multim\u00e8dia<\/strong><\/a><\/li>\n<li><a href=\"https:\/\/agora.xtec.cat\/ifp-alguero\/wp-content\/uploads\/usu2575\/2024\/09\/AFB0-CFGS-Disseny-i-gestio-de-la-produccio-grafica_2425_noupla.pdf\"><strong>CFPS Disseny i gesti\u00f3 de la producci\u00f3 gr\u00e0fica<\/strong><\/a><\/li>\n<li><a href=\"https:\/\/agora.xtec.cat\/ifp-alguero\/wp-content\/uploads\/usu2575\/2024\/09\/grado-superior-web.pdf\"><strong>CFAS Gr\u00e0fica publicit\u00e0ria<\/strong><\/a><\/li>\n<\/ul>\n<\/li>\n<\/ul>\n<\/li>\n<\/ul>\n<\/li>\n<\/ul>\n<ul>\n<li style=\"list-style-type: none;\">\n<ul>\n<li style=\"list-style-type: none;\"><\/li>\n<\/ul>\n<\/li>\n<\/ul>\n<p>&nbsp;<\/p>\n<h1>Normativa de refer\u00e8ncia <strong>Formaci\u00f3 Professional<\/strong><\/h1>\n<ul>\n<li style=\"list-style-type: none;\">\n<ul>\n<li style=\"list-style-type: none;\">\n<ul>\n<li style=\"list-style-type: none;\">\n<ul>\n<li><a href=\"https:\/\/odissea.xtec.cat\/mod\/url\/view.php?id=2338033\">Reial decret 1085\/2020, de 9 de desembre on s\u2019estableixen les convalidacions entre m\u00f2duls professionals de formaci\u00f3 professional<\/a><\/li>\n<li><a href=\"https:\/\/xtec.gencat.cat\/ca\/curriculum\/professionals\/fp\/titolsloe\/\">Desplegament curricular cicles formatius de formaci\u00f3 professional<\/a><\/li>\n<li><a href=\"https:\/\/www.boe.es\/diario_boe\/txt.php?id=BOE-A-2023-16889\">Reial decret 659\/2023, de 18 de juliol, pel qual es desenvolupa l&#8217;ordenaci\u00f3 del sistema de formaci\u00f3 professional<\/a><\/li>\n<\/ul>\n<\/li>\n<\/ul>\n<\/li>\n<\/ul>\n<\/li>\n<\/ul>\n<p>&nbsp;<\/p>\n<h1>Normativa de refer\u00e8ncia <strong>Arts Pl\u00e0stiques i Disseny<\/strong><\/h1>\n<ul>\n<li style=\"list-style-type: none;\">\n<ul>\n<li style=\"list-style-type: none;\">\n<ul>\n<li style=\"list-style-type: none;\">\n<ul>\n<li><a href=\"https:\/\/www.boe.es\/buscar\/act.php?id=BOE-A-2007-10487\">Reial decret 596\/2007, de 4 de maig, pel qual s&#8217;estableix l&#8217;ordenaci\u00f3 general dels ensenyaments professionals d&#8217;arts pl\u00e0stiques i disseny<\/a><\/li>\n<li><a href=\"https:\/\/www.boe.es\/diario_boe\/txt.php?id=BOE-A-2011-19597\">Reial Decret 1618\/2011, de 14 de novembre, sobre reconeixement d&#8217;estudis en l&#8217;\u00e0mbit de l&#8217;Educaci\u00f3 Superior<\/a><\/li>\n<\/ul>\n<\/li>\n<\/ul>\n<\/li>\n<\/ul>\n<\/li>\n<\/ul>\n<p>&nbsp;<\/p>\n<h1>P\u00e0gines web del Departament d\u2019Educaci\u00f3<\/h1>\n<ul>\n<li style=\"list-style-type: none;\">\n<ul>\n<li style=\"list-style-type: none;\">\n<ul>\n<li style=\"list-style-type: none;\">\n<ul>\n<li><a href=\"https:\/\/espai.educacio.gencat.cat\/Centres\/Tramits\/Pagines\/Convalidacio-FP.aspx\">Convalidacions d&#8217;unitats formatives de cicles d&#8217;FP en pla d&#8217;extinci\u00f3\u200b<\/a><\/li>\n<li><a href=\"https:\/\/espai.educacio.gencat.cat\/Centres\/Tramits\/Pagines\/Convalidacions-FP-regim-especial.aspx\">Convalidacions de cicles de formaci\u00f3 professional inicial i arts pl\u00e0stiques i disseny\u00a0<\/a><\/li>\n<\/ul>\n<\/li>\n<\/ul>\n<\/li>\n<\/ul>\n<\/li>\n<\/ul>\n<p>&nbsp;<\/p>\n","protected":false},"excerpt":{"rendered":"<p>La convalidaci\u00f3 \u00e9s el procediment pel qual es reconeix i d\u00f3na valor acad\u00e8mic als estudis oficials certificats per l\u2019entitat competent.<br \/>\nPer poder sol\u00b7licitar una convalidaci\u00f3 \u00e9s requisit imprescindible estar matriculat en el cicle formatiu pel qual es demana la convalidaci\u00f3, per\u00f2 no \u00e9s necessari estar matriculat&hellip;  <a href=\"https:\/\/agora.xtec.cat\/ifp-alguero\/secretaria\/convalidacions\/\" title=\"Read Convalidacions\">Llegeix m\u00e9s\u00bb<\/a><\/p>\n","protected":false},"author":1,"featured_media":0,"parent":81,"menu_order":0,"comment_status":"closed","ping_status":"closed","template":"page-templates\/side-menu.php","meta":{"_bbp_topic_count":0,"_bbp_reply_count":0,"_bbp_total_topic_count":0,"_bbp_total_reply_count":0,"_bbp_voice_count":0,"_bbp_anonymous_reply_count":0,"_bbp_topic_count_hidden":0,"_bbp_reply_count_hidden":0,"_bbp_forum_subforum_count":0,"footnotes":""},"class_list":["post-701","page","type-page","status-publish","hentry"],"post_mailing_queue_ids":[],"_links":{"self":[{"href":"https:\/\/agora.xtec.cat\/ifp-alguero\/wp-json\/wp\/v2\/pages\/701","targetHints":{"allow":["GET"]}}],"collection":[{"href":"https:\/\/agora.xtec.cat\/ifp-alguero\/wp-json\/wp\/v2\/pages"}],"about":[{"href":"https:\/\/agora.xtec.cat\/ifp-alguero\/wp-json\/wp\/v2\/types\/page"}],"author":[{"embeddable":true,"href":"https:\/\/agora.xtec.cat\/ifp-alguero\/wp-json\/wp\/v2\/users\/1"}],"replies":[{"embeddable":true,"href":"https:\/\/agora.xtec.cat\/ifp-alguero\/wp-json\/wp\/v2\/comments?post=701"}],"version-history":[{"count":7,"href":"https:\/\/agora.xtec.cat\/ifp-alguero\/wp-json\/wp\/v2\/pages\/701\/revisions"}],"predecessor-version":[{"id":4890,"href":"https:\/\/agora.xtec.cat\/ifp-alguero\/wp-json\/wp\/v2\/pages\/701\/revisions\/4890"}],"up":[{"embeddable":true,"href":"https:\/\/agora.xtec.cat\/ifp-alguero\/wp-json\/wp\/v2\/pages\/81"}],"wp:attachment":[{"href":"https:\/\/agora.xtec.cat\/ifp-alguero\/wp-json\/wp\/v2\/media?parent=701"}],"curies":[{"name":"wp","href":"https:\/\/api.w.org\/{rel}","templated":true}]}}