{"id":63,"date":"2014-09-18T10:06:31","date_gmt":"2014-09-18T10:06:31","guid":{"rendered":"http:\/\/agora.xtec.cat\/ifp-alguero\/?page_id=63"},"modified":"2025-02-18T16:37:48","modified_gmt":"2025-02-18T15:37:48","slug":"serveis","status":"publish","type":"page","link":"https:\/\/agora.xtec.cat\/ifp-alguero\/serveis\/","title":{"rendered":"Serveis"},"content":{"rendered":"<p style=\"color: #444444;\">Disposem d&#8217;una <strong><em>Carta de Serveis,<\/em><\/strong> que recull els serveis disponibles a part de la nostra oferta formativa, com s\u00f3n:<\/p>\n<ul>\n<li>FPDUAL<\/li>\n<li>Mobilitat Internacional<\/li>\n<li>Programes d&#8217;innovaci\u00f3 i transfer\u00e8ncia del coneixement<\/li>\n<li>Col\u00b7laboracions amb empreses i institucions<\/li>\n<li>Servei d&#8217;assessorament i reconeixement de l&#8217;experi\u00e8ncia professional<\/li>\n<li>Tauler d&#8217;ofertes laborals<\/li>\n<\/ul>\n<p><span style=\"font-weight: 400;\">Aquesta Carta expressa la voluntat d\u2019aquest centre de treballar en el marc d\u2019una pol\u00edtica global de qualitat, i ajusta la prestaci\u00f3 dels seus serveis en funci\u00f3 dels recursos disponibles i, al mateix temps, proporciona informaci\u00f3 a\u00a0 fam\u00edlies, alumnat i societat en general sobre les activitats prestades i promou la seva col\u00b7laboraci\u00f3 i participaci\u00f3.<\/span><\/p>\n<p><span style=\"font-weight: 400;\">D\u2019acord amb la seva definici\u00f3, les finalitats de la Carta de serveis s\u00f3n:<\/span><\/p>\n<ol>\n<li style=\"font-weight: 400;\" aria-level=\"1\"><span style=\"font-weight: 400;\">Des d\u2019un punt de vista extern, proporcionar a la comunitat informaci\u00f3 sobre els compromisos de qualitat, aix\u00ed com de les activitats que desenvolupa l\u2019organitzaci\u00f3.\u00a0<\/span><\/li>\n<li style=\"font-weight: 400;\" aria-level=\"1\"><span style=\"font-weight: 400;\">Des d\u2019un punt de vista intern, serveixen d\u2019instrument de millora de la qualitat dels serveis p\u00fablics.<\/span><\/li>\n<\/ol>\n<p><a href=\"https:\/\/drive.google.com\/file\/d\/1lyMuQm6HXKyoYwy8_s6ikYOqVv9Cbcdd\/view?usp=sharing\">Consulteu la nostra carta de serveis<\/a><\/p>\n<p>Si esteu interessats en col\u00b7laborar amb nosaltres, no dubteu en posar-vos en contacte enviant un correu a <span style=\"color: #99ccff;\"><strong>info@ifp-alguero.org<\/strong><\/span><\/p>\n","protected":false},"excerpt":{"rendered":"<p>Disposem d&#8217;una Carta de Serveis, que recull els serveis disponibles a part de la nostra oferta formativa, com s\u00f3n:<\/p>\n<ul>\n<li>FPDUAL<\/li>\n<li>Mobilitat Internacional<\/li>\n<li>Programes d&#8217;innovaci\u00f3 i transfer\u00e8ncia del coneixement<\/li>\n<li>Col\u00b7laboracions amb empreses i institucions<\/li>\n<li>Servei d&#8217;assessorament i reconeixement de l&#8217;experi\u00e8ncia professional<\/li>\n<li>Tauler d&#8217;ofertes laborals<\/li>\n<\/ul>\n<p>Aquesta Carta expressa la voluntat d\u2019aquest centre de treballar&hellip;  <a href=\"https:\/\/agora.xtec.cat\/ifp-alguero\/serveis\/\" title=\"Read Serveis\">Llegeix m\u00e9s\u00bb<\/a><\/p>\n","protected":false},"author":1,"featured_media":0,"parent":0,"menu_order":0,"comment_status":"closed","ping_status":"closed","template":"page-templates\/side-menu.php","meta":{"_bbp_topic_count":0,"_bbp_reply_count":0,"_bbp_total_topic_count":0,"_bbp_total_reply_count":0,"_bbp_voice_count":0,"_bbp_anonymous_reply_count":0,"_bbp_topic_count_hidden":0,"_bbp_reply_count_hidden":0,"_bbp_forum_subforum_count":0,"footnotes":""},"class_list":["post-63","page","type-page","status-publish","hentry"],"post_mailing_queue_ids":[],"_links":{"self":[{"href":"https:\/\/agora.xtec.cat\/ifp-alguero\/wp-json\/wp\/v2\/pages\/63","targetHints":{"allow":["GET"]}}],"collection":[{"href":"https:\/\/agora.xtec.cat\/ifp-alguero\/wp-json\/wp\/v2\/pages"}],"about":[{"href":"https:\/\/agora.xtec.cat\/ifp-alguero\/wp-json\/wp\/v2\/types\/page"}],"author":[{"embeddable":true,"href":"https:\/\/agora.xtec.cat\/ifp-alguero\/wp-json\/wp\/v2\/users\/1"}],"replies":[{"embeddable":true,"href":"https:\/\/agora.xtec.cat\/ifp-alguero\/wp-json\/wp\/v2\/comments?post=63"}],"version-history":[{"count":4,"href":"https:\/\/agora.xtec.cat\/ifp-alguero\/wp-json\/wp\/v2\/pages\/63\/revisions"}],"predecessor-version":[{"id":4024,"href":"https:\/\/agora.xtec.cat\/ifp-alguero\/wp-json\/wp\/v2\/pages\/63\/revisions\/4024"}],"wp:attachment":[{"href":"https:\/\/agora.xtec.cat\/ifp-alguero\/wp-json\/wp\/v2\/media?parent=63"}],"curies":[{"name":"wp","href":"https:\/\/api.w.org\/{rel}","templated":true}]}}