{"id":57,"date":"2014-09-17T17:01:07","date_gmt":"2014-09-17T17:01:07","guid":{"rendered":"http:\/\/agora.xtec.cat\/ifp-alguero\/?page_id=57"},"modified":"2026-03-19T13:51:52","modified_gmt":"2026-03-19T12:51:52","slug":"projecte-educatiu","status":"publish","type":"page","link":"https:\/\/agora.xtec.cat\/ifp-alguero\/linstitut\/projecte-educatiu\/","title":{"rendered":"Projecte educatiu de centre"},"content":{"rendered":"<p>El projecte educatiu de centre (PEC) \u00e9s el document que inclou els trets d&#8217;identitat del centre, els principis pedag\u00f2gics, els principis organitzatius i <a href=\"https:\/\/agora.xtec.cat\/ifp-alguero\/wp-content\/uploads\/usu2575\/2025\/03\/PROJECTE-LINGUISTIC-DE-CENTRE.pdf\">el projecte ling\u00fc\u00edstic.<\/a><\/p>\n<p>En aquest document s&#8217;especifiquen els valors, els objectius i les prioritats d&#8217;actuaci\u00f3 del centre, la concreci\u00f3 dels curr\u00edculums que s&#8217;imparteixen&#8230; \u00e9s el punt de partida de la planificaci\u00f3 del centre, on es concreta els nostres trets caracter\u00edstics i els adapta a la normativa educativa que en regula les activitats.<\/p>\n<p>La nostra missi\u00f3: Formar i acompanyar les persones en l&#8217;adquisici\u00f3 de les diferents compet\u00e8ncies i capacitats clau de cada cicle formatiu.<\/p>\n<p>La nostra visi\u00f3: Preparar persones compromeses amb la societat, amb el medi ambient, amb esperit cr\u00edtic, obert, cooperador i obert als canvis tecnol\u00f2gics i socials.<\/p>\n<p>Els nostres valors: Fomentar una formaci\u00f3 integral, recolzada en els drets humans i en la igualtat de g\u00e8nere, en el marc d&#8217;un sistema educatiu inclusiu.<\/p>\n<p><a href=\"https:\/\/agora.xtec.cat\/ifp-alguero\/wp-content\/uploads\/usu2575\/2025\/05\/PEC_IFP-ANTONI-ALGUERO_v0.pdf\">Acc\u00e9s al document complet.<\/a><\/p>\n<p>&nbsp;<\/p>\n<p>&nbsp;<\/p>\n","protected":false},"excerpt":{"rendered":"<p>El projecte educatiu de centre (PEC) \u00e9s el document que inclou els trets d&#8217;identitat del centre, els principis pedag\u00f2gics, els principis organitzatius i <a href=\"https:\/\/agora.xtec.cat\/ifp-alguero\/wp-content\/uploads\/usu2575\/2025\/03\/PROJECTE-LINGUISTIC-DE-CENTRE.pdf\">el projecte ling\u00fc\u00edstic.<\/a><br \/>\nEn aquest document s&#8217;especifiquen els valors, els objectius i les prioritats d&#8217;actuaci\u00f3 del centre, la concreci\u00f3 dels curr\u00edculums que&hellip;  <a href=\"https:\/\/agora.xtec.cat\/ifp-alguero\/linstitut\/projecte-educatiu\/\" title=\"Read Projecte educatiu de centre\">Llegeix m\u00e9s\u00bb<\/a><\/p>\n","protected":false},"author":1,"featured_media":0,"parent":19,"menu_order":6,"comment_status":"closed","ping_status":"closed","template":"page-templates\/side-menu.php","meta":{"_bbp_topic_count":0,"_bbp_reply_count":0,"_bbp_total_topic_count":0,"_bbp_total_reply_count":0,"_bbp_voice_count":0,"_bbp_anonymous_reply_count":0,"_bbp_topic_count_hidden":0,"_bbp_reply_count_hidden":0,"_bbp_forum_subforum_count":0,"footnotes":""},"class_list":["post-57","page","type-page","status-publish","hentry"],"post_mailing_queue_ids":[],"_links":{"self":[{"href":"https:\/\/agora.xtec.cat\/ifp-alguero\/wp-json\/wp\/v2\/pages\/57","targetHints":{"allow":["GET"]}}],"collection":[{"href":"https:\/\/agora.xtec.cat\/ifp-alguero\/wp-json\/wp\/v2\/pages"}],"about":[{"href":"https:\/\/agora.xtec.cat\/ifp-alguero\/wp-json\/wp\/v2\/types\/page"}],"author":[{"embeddable":true,"href":"https:\/\/agora.xtec.cat\/ifp-alguero\/wp-json\/wp\/v2\/users\/1"}],"replies":[{"embeddable":true,"href":"https:\/\/agora.xtec.cat\/ifp-alguero\/wp-json\/wp\/v2\/comments?post=57"}],"version-history":[{"count":6,"href":"https:\/\/agora.xtec.cat\/ifp-alguero\/wp-json\/wp\/v2\/pages\/57\/revisions"}],"predecessor-version":[{"id":4261,"href":"https:\/\/agora.xtec.cat\/ifp-alguero\/wp-json\/wp\/v2\/pages\/57\/revisions\/4261"}],"up":[{"embeddable":true,"href":"https:\/\/agora.xtec.cat\/ifp-alguero\/wp-json\/wp\/v2\/pages\/19"}],"wp:attachment":[{"href":"https:\/\/agora.xtec.cat\/ifp-alguero\/wp-json\/wp\/v2\/media?parent=57"}],"curies":[{"name":"wp","href":"https:\/\/api.w.org\/{rel}","templated":true}]}}