{"id":55,"date":"2014-09-17T16:59:49","date_gmt":"2014-09-17T16:59:49","guid":{"rendered":"http:\/\/agora.xtec.cat\/ifp-alguero\/?page_id=55"},"modified":"2026-03-19T13:53:10","modified_gmt":"2026-03-19T12:53:10","slug":"horaris","status":"publish","type":"page","link":"https:\/\/agora.xtec.cat\/ifp-alguero\/linstitut\/horaris\/","title":{"rendered":"Horaris"},"content":{"rendered":"<h1><span style=\"font-weight: 400;\">Curs 2025-2026<\/span><\/h1>\n<p>&nbsp;<\/p>\n<p style=\"padding-left: 80px;\"><span style=\"font-weight: 400;\">PFI <b>AUXILIAR EN ARTS GR\u00c0FIQUES I SERIGRAFIA<\/b><br \/>\n<a href=\"https:\/\/agora.xtec.cat\/ifp-alguero\/linstitut\/horaris\/horari-pfi-auxiliar-en-arts-grafiques-i-serigrafia-as\/\">1r curs (AS)<\/a><\/span><\/p>\n<p style=\"padding-left: 80px;\"><span style=\"font-weight: 400;\">CFPM <\/span><b>IMPRESSI\u00d3 GR\u00c0FICA<\/b><span style=\"font-weight: 400;\"><br \/>\n<\/span><a href=\"https:\/\/agora.xtec.cat\/ifp-alguero\/linstitut\/horaris\/horari-cfpm-impressio-grafica-1r-curs-ig1\/\"><span style=\"font-weight: 400;\">1r curs (IG1)<\/span><\/a><span style=\"font-weight: 400;\"> \/ <\/span><a href=\"https:\/\/agora.xtec.cat\/ifp-alguero\/linstitut\/horaris\/horari-cfpm-impressio-grafica-2n-curs-ig2\/\"><span style=\"font-weight: 400;\">2n curs (IG2)<\/span><\/a><\/p>\n<p style=\"padding-left: 80px;\"><span style=\"font-weight: 400;\">CFPM <\/span><b>POSTIMPRESSI\u00d3 I ACABATS GR\u00c0FICS<\/b><b><br \/>\n<\/b><a href=\"https:\/\/agora.xtec.cat\/ifp-alguero\/linstitut\/horaris\/horari-cfpm-postimpressio-i-acabats-grafics-1r-curs-pa1\/\"><span style=\"font-weight: 400;\">1r curs (PA1)<\/span><\/a><span style=\"font-weight: 400;\"> \/ <\/span><a href=\"https:\/\/agora.xtec.cat\/ifp-alguero\/linstitut\/horaris\/horari-cfpm-postimpressio-i-acabats-grafics-2n-curs-pa2\/\"><span style=\"font-weight: 400;\">2n curs (PA2)<\/span><\/a><\/p>\n<p style=\"padding-left: 80px;\"><span style=\"font-weight: 400;\">CFPM <\/span><b>PREIMPRESSI\u00d3 DIGITAL<\/b><b><br \/>\n<\/b><a href=\"https:\/\/agora.xtec.cat\/ifp-alguero\/linstitut\/horaris\/horari-cfpm-preimpressio-digital-1r-curs-pd1\/\"><span style=\"font-weight: 400;\">1r curs (PD1)<\/span><\/a><span style=\"font-weight: 400;\"> \/ <\/span><a href=\"https:\/\/agora.xtec.cat\/ifp-alguero\/linstitut\/horaris\/horari-cfpm-preimpressio-digital-2n-curs-pd2\/\"><span style=\"font-weight: 400;\">2n curs (PD2)<\/span><\/a><\/p>\n<p style=\"padding-left: 80px;\"><span style=\"font-weight: 400;\">CFAM <\/span><b>ASSIST\u00c8NCIA AL PRODUCTE GR\u00c0FIC INTERACTIU<\/b><b><br \/>\n<\/b><a href=\"https:\/\/agora.xtec.cat\/ifp-alguero\/linstitut\/horaris\/horari-cfam-assistencia-la-producte-grafic-interactiu-1r-curs-ap1\/\"><span style=\"font-weight: 400;\">1r curs (AP1)<\/span><\/a><span style=\"font-weight: 400;\"> \/ <\/span><a href=\"https:\/\/agora.xtec.cat\/ifp-alguero\/linstitut\/horaris\/horari-cfam-assistencia-la-producte-grafic-interactiu-2n-curs-ap2\/\"><span style=\"font-weight: 400;\">2n curs (AP2)<\/span><\/a><\/p>\n<p style=\"padding-left: 80px;\"><span style=\"font-weight: 400;\">CFPS <\/span><b>DISSENY I EDICI\u00d3 DE PUBLICACIONS IMPRESES I MULTIM\u00c8DIA<\/b><b><br \/>\n<\/b><a href=\"https:\/\/agora.xtec.cat\/ifp-alguero\/linstitut\/horaris\/horari-cfps-disseny-i-edicio-de-publicacions-impreses-i-multimedia-1r-curs-de1\/\"><span style=\"font-weight: 400;\">1r curs (DE1)<\/span><\/a><span style=\"font-weight: 400;\"> \/ <\/span><a href=\"https:\/\/agora.xtec.cat\/ifp-alguero\/linstitut\/horaris\/horari-cfps-disseny-i-edicio-de-publicacions-impreses-i-multimedia-2n-curs-de2\/\"><span style=\"font-weight: 400;\">2n curs (DE2)<\/span><\/a><\/p>\n<p style=\"padding-left: 80px;\"><span style=\"font-weight: 400;\">CFPS <\/span><b>DISSENY I GESTI\u00d3 DE LA PRODUCCI\u00d3 GR\u00c0FICA<\/b><b><br \/>\n<\/b><a href=\"https:\/\/agora.xtec.cat\/ifp-alguero\/linstitut\/horaris\/horari-cfps-disseny-i-gestio-de-la-produccio-grafica-1r-curs-dg1\/\"><span style=\"font-weight: 400;\">1r curs (DG1)<\/span><\/a><span style=\"font-weight: 400;\"> \/ <\/span><a href=\"https:\/\/agora.xtec.cat\/ifp-alguero\/linstitut\/horaris\/horari-cfps-disseny-i-gestio-de-la-produccio-grafica-2n-curs-dg2\/\"><span style=\"font-weight: 400;\">2n curs (DG2)<\/span><\/a><\/p>\n<p style=\"padding-left: 80px;\"><span style=\"font-weight: 400;\">CFAS<\/span><b> GR\u00c0FICA PUBLICIT\u00c0RIA<\/b><span style=\"font-weight: 400;\"><br \/>\n<\/span><a href=\"https:\/\/agora.xtec.cat\/ifp-alguero\/linstitut\/horaris\/horari-cfas-grafica-publicitaria-1r-curs-gp1\/\"><span style=\"font-weight: 400;\">1r curs (GP1)<\/span><\/a><span style=\"font-weight: 400;\"> \/ <\/span><a href=\"https:\/\/agora.xtec.cat\/ifp-alguero\/linstitut\/horaris\/horari-cfas-grafica-publicitaria-2n-curs-gp2\/\"><span style=\"font-weight: 400;\">2n curs (GP2)<\/span><\/a><\/p>\n<p>&nbsp;<\/p>\n<p><span style=\"font-weight: 400;\">Els <\/span><b>primers cursos<\/b><span style=\"font-weight: 400;\"> al torn de <\/span><b>MAT\u00cd<\/b><span style=\"font-weight: 400;\">, marc horari de <\/span><b>08.00 a 14.30 h.<br \/>\n<\/b><span style=\"font-weight: 400;\">Els <\/span><b>segons cursos<\/b><span style=\"font-weight: 400;\"> al torn de <\/span><b>TARDA<\/b><span style=\"font-weight: 400;\">, marc horari de <\/span><b>15.00 a 21.00 h.<\/b><\/p>\n","protected":false},"excerpt":{"rendered":"<p>Curs 2025-2026<br \/>\n&nbsp;<br \/>\nPFI AUXILIAR EN ARTS GR\u00c0FIQUES I SERIGRAFIA<br \/>\n<a href=\"https:\/\/agora.xtec.cat\/ifp-alguero\/linstitut\/horaris\/horari-pfi-auxiliar-en-arts-grafiques-i-serigrafia-as\/\">1r curs (AS)<\/a><br \/>\nCFPM IMPRESSI\u00d3 GR\u00c0FICA<br \/>\n<a href=\"https:\/\/agora.xtec.cat\/ifp-alguero\/linstitut\/horaris\/horari-cfpm-impressio-grafica-1r-curs-ig1\/\">1r curs (IG1)<\/a> \/ <a href=\"https:\/\/agora.xtec.cat\/ifp-alguero\/linstitut\/horaris\/horari-cfpm-impressio-grafica-2n-curs-ig2\/\">2n curs (IG2)<\/a><br \/>\nCFPM POSTIMPRESSI\u00d3 I ACABATS GR\u00c0FICS<br \/>\n<a href=\"https:\/\/agora.xtec.cat\/ifp-alguero\/linstitut\/horaris\/horari-cfpm-postimpressio-i-acabats-grafics-1r-curs-pa1\/\">1r curs (PA1)<\/a> \/ <a href=\"https:\/\/agora.xtec.cat\/ifp-alguero\/linstitut\/horaris\/horari-cfpm-postimpressio-i-acabats-grafics-2n-curs-pa2\/\">2n curs (PA2)<\/a><br \/>\nCFPM PREIMPRESSI\u00d3 DIGITAL<br \/>\n<a href=\"https:\/\/agora.xtec.cat\/ifp-alguero\/linstitut\/horaris\/horari-cfpm-preimpressio-digital-1r-curs-pd1\/\">1r curs (PD1)<\/a> \/ <a href=\"https:\/\/agora.xtec.cat\/ifp-alguero\/linstitut\/horaris\/horari-cfpm-preimpressio-digital-2n-curs-pd2\/\">2n curs (PD2)<\/a><br \/>\nCFAM ASSIST\u00c8NCIA AL&hellip;  <a href=\"https:\/\/agora.xtec.cat\/ifp-alguero\/linstitut\/horaris\/\" title=\"Read Horaris\">Llegeix m\u00e9s\u00bb<\/a><\/p>\n","protected":false},"author":1,"featured_media":0,"parent":19,"menu_order":10,"comment_status":"closed","ping_status":"closed","template":"page-templates\/side-menu.php","meta":{"_bbp_topic_count":0,"_bbp_reply_count":0,"_bbp_total_topic_count":0,"_bbp_total_reply_count":0,"_bbp_voice_count":0,"_bbp_anonymous_reply_count":0,"_bbp_topic_count_hidden":0,"_bbp_reply_count_hidden":0,"_bbp_forum_subforum_count":0,"footnotes":""},"class_list":["post-55","page","type-page","status-publish","hentry"],"post_mailing_queue_ids":[],"_links":{"self":[{"href":"https:\/\/agora.xtec.cat\/ifp-alguero\/wp-json\/wp\/v2\/pages\/55","targetHints":{"allow":["GET"]}}],"collection":[{"href":"https:\/\/agora.xtec.cat\/ifp-alguero\/wp-json\/wp\/v2\/pages"}],"about":[{"href":"https:\/\/agora.xtec.cat\/ifp-alguero\/wp-json\/wp\/v2\/types\/page"}],"author":[{"embeddable":true,"href":"https:\/\/agora.xtec.cat\/ifp-alguero\/wp-json\/wp\/v2\/users\/1"}],"replies":[{"embeddable":true,"href":"https:\/\/agora.xtec.cat\/ifp-alguero\/wp-json\/wp\/v2\/comments?post=55"}],"version-history":[{"count":6,"href":"https:\/\/agora.xtec.cat\/ifp-alguero\/wp-json\/wp\/v2\/pages\/55\/revisions"}],"predecessor-version":[{"id":4652,"href":"https:\/\/agora.xtec.cat\/ifp-alguero\/wp-json\/wp\/v2\/pages\/55\/revisions\/4652"}],"up":[{"embeddable":true,"href":"https:\/\/agora.xtec.cat\/ifp-alguero\/wp-json\/wp\/v2\/pages\/19"}],"wp:attachment":[{"href":"https:\/\/agora.xtec.cat\/ifp-alguero\/wp-json\/wp\/v2\/media?parent=55"}],"curies":[{"name":"wp","href":"https:\/\/api.w.org\/{rel}","templated":true}]}}