{"id":52,"date":"2022-09-01T12:00:07","date_gmt":"2022-09-01T10:00:07","guid":{"rendered":"http:\/\/agora.xtec.cat\/ifp-alguero\/?page_id=52"},"modified":"2026-03-19T13:52:55","modified_gmt":"2026-03-19T12:52:55","slug":"calendari-del-curs","status":"publish","type":"page","link":"https:\/\/agora.xtec.cat\/ifp-alguero\/linstitut\/calendari-del-curs\/","title":{"rendered":"Calendari del curs"},"content":{"rendered":"<p><a href=\"https:\/\/agora.xtec.cat\/ifp-alguero\/wp-content\/uploads\/usu2575\/2025\/10\/IFP-Alguero-Calendari.jpg\"><img loading=\"lazy\" decoding=\"async\" class=\"alignnone size-full wp-image-4864\" src=\"https:\/\/agora.xtec.cat\/ifp-alguero\/wp-content\/uploads\/usu2575\/2025\/10\/IFP-Alguero-Calendari.jpg\" alt=\"\" width=\"1024\" height=\"540\" srcset=\"https:\/\/agora.xtec.cat\/ifp-alguero\/wp-content\/uploads\/usu2575\/2025\/10\/IFP-Alguero-Calendari.jpg 1024w, https:\/\/agora.xtec.cat\/ifp-alguero\/wp-content\/uploads\/usu2575\/2025\/10\/IFP-Alguero-Calendari-300x158.jpg 300w, https:\/\/agora.xtec.cat\/ifp-alguero\/wp-content\/uploads\/usu2575\/2025\/10\/IFP-Alguero-Calendari-768x405.jpg 768w\" sizes=\"auto, (max-width: 1024px) 100vw, 1024px\" \/><\/a><\/p>\n<p>&nbsp;<\/p>\n<p>Aqu\u00ed podeu consultar i descarregar el <b>calendari oficial<\/b> del curs <span class=\"math-inline\"><span class=\"katex\"><span class=\"katex-html\" aria-hidden=\"true\"><span class=\"base\"><span class=\"mord text\"><span class=\"mord\">2025-2026<\/span><\/span><\/span><\/span><\/span><\/span>.<\/p>\n<p>Hi trobareu totes les dates clau:<\/p>\n<ul style=\"list-style-type: circle;\">\n<li>Dies d&#8217;inici i finalitzaci\u00f3 de les classes.<\/li>\n<li>Per\u00edodes de vacances de Nadal, Setmana Santa i estiu.<\/li>\n<li>Dies festius i de lliure disposici\u00f3 aprovats.<\/li>\n<\/ul>\n<p>\u00c9s una eina essencial per organitzar-vos. Recordeu revisar-lo peri\u00f2dicament per a qualsevol actualitzaci\u00f3.<\/p>\n<p><a href=\"https:\/\/agora.xtec.cat\/ifp-alguero\/wp-content\/uploads\/usu2575\/2025\/10\/IFP-Alguero-Curs-2025-2026-General.pdf\">Descarrega&#8217;t el calendari general del curs 2025-2026<\/a><br \/>\n<a href=\"https:\/\/agora.xtec.cat\/ifp-alguero\/wp-content\/uploads\/usu2575\/2025\/10\/IFP-Alguero-Curs-2025-2026-Alumnat.pdf\">Descarrega&#8217;t el calendari de l&#8217;alumnat del curs 2025-2026<\/a><\/p>\n<div><\/div>\n<div><\/div>\n<div><\/div>\n","protected":false},"excerpt":{"rendered":"<p><a href=\"https:\/\/agora.xtec.cat\/ifp-alguero\/wp-content\/uploads\/usu2575\/2025\/10\/IFP-Alguero-Calendari.jpg\"><\/a><br \/>\n&nbsp;<br \/>\nAqu\u00ed podeu consultar i descarregar el calendari oficial del curs 2025-2026.<br \/>\nHi trobareu totes les dates clau:<\/p>\n<ul style=\"list-style-type: circle;\">\n<li>Dies d&#8217;inici i finalitzaci\u00f3 de les classes.<\/li>\n<li>Per\u00edodes de vacances de Nadal, Setmana Santa i estiu.<\/li>\n<li>Dies festius i de lliure disposici\u00f3 aprovats.<\/li>\n<\/ul>\n<p>\u00c9s una eina essencial per organitzar-vos. Recordeu&hellip;  <a href=\"https:\/\/agora.xtec.cat\/ifp-alguero\/linstitut\/calendari-del-curs\/\" title=\"Read Calendari del curs\">Llegeix m\u00e9s\u00bb<\/a><\/p>\n","protected":false},"author":1,"featured_media":0,"parent":19,"menu_order":9,"comment_status":"closed","ping_status":"closed","template":"page-templates\/side-menu.php","meta":{"_bbp_topic_count":0,"_bbp_reply_count":0,"_bbp_total_topic_count":0,"_bbp_total_reply_count":0,"_bbp_voice_count":0,"_bbp_anonymous_reply_count":0,"_bbp_topic_count_hidden":0,"_bbp_reply_count_hidden":0,"_bbp_forum_subforum_count":0,"footnotes":""},"class_list":["post-52","page","type-page","status-publish","hentry"],"post_mailing_queue_ids":[],"_links":{"self":[{"href":"https:\/\/agora.xtec.cat\/ifp-alguero\/wp-json\/wp\/v2\/pages\/52","targetHints":{"allow":["GET"]}}],"collection":[{"href":"https:\/\/agora.xtec.cat\/ifp-alguero\/wp-json\/wp\/v2\/pages"}],"about":[{"href":"https:\/\/agora.xtec.cat\/ifp-alguero\/wp-json\/wp\/v2\/types\/page"}],"author":[{"embeddable":true,"href":"https:\/\/agora.xtec.cat\/ifp-alguero\/wp-json\/wp\/v2\/users\/1"}],"replies":[{"embeddable":true,"href":"https:\/\/agora.xtec.cat\/ifp-alguero\/wp-json\/wp\/v2\/comments?post=52"}],"version-history":[{"count":6,"href":"https:\/\/agora.xtec.cat\/ifp-alguero\/wp-json\/wp\/v2\/pages\/52\/revisions"}],"predecessor-version":[{"id":4870,"href":"https:\/\/agora.xtec.cat\/ifp-alguero\/wp-json\/wp\/v2\/pages\/52\/revisions\/4870"}],"up":[{"embeddable":true,"href":"https:\/\/agora.xtec.cat\/ifp-alguero\/wp-json\/wp\/v2\/pages\/19"}],"wp:attachment":[{"href":"https:\/\/agora.xtec.cat\/ifp-alguero\/wp-json\/wp\/v2\/media?parent=52"}],"curies":[{"name":"wp","href":"https:\/\/api.w.org\/{rel}","templated":true}]}}