{"id":5184,"date":"2026-05-01T20:53:06","date_gmt":"2026-05-01T18:53:06","guid":{"rendered":"https:\/\/agora.xtec.cat\/ifp-alguero\/?page_id=5184"},"modified":"2026-05-02T12:30:14","modified_gmt":"2026-05-02T10:30:14","slug":"com-obtenir-el-numero-de-la-seguretat-social-nuss","status":"publish","type":"page","link":"https:\/\/agora.xtec.cat\/ifp-alguero\/secretaria\/com-obtenir-el-numero-de-la-seguretat-social-nuss\/","title":{"rendered":"Com obtenir el N\u00famero de la Seguretat Social (NUSS)"},"content":{"rendered":"<p>Des de l&#8217;1 de gener de 2024, l&#8217;alumnat que fa pr\u00e0ctiques formatives, remunerades o no remunerades, ha d&#8217;estar incl\u00f2s en el sistema de la Seguretat Social. Per aquest motiu, l&#8217;<strong>obtenci\u00f3 del NUSS \u00e9s obligat\u00f2ria per a l&#8217;alumnat que es matricula als cicles formatius<\/strong>, ja que aquest n\u00famero \u00e9s imprescindible per poder gestionar les pr\u00e0ctiques en empresa i tramitar correctament l&#8217;alta corresponent.<\/p>\n<h2 data-start=\"27\" data-end=\"357\"><strong>Portal de la Seguretat Social&#8230; <span style=\"text-decoration: underline;\">Import<span class=\"\">@ss<\/span><\/span><\/strong><\/h2>\n<p style=\"padding-left: 80px;\" data-start=\"27\" data-end=\"357\">Els tramits de <span style=\"text-decoration: underline;\">sol\u00b7licitud de NUSS<\/span> o d&#8217;<span style=\"text-decoration: underline;\">obtenci\u00f3 de l&#8217;acreditaci\u00f3 del mateix<\/span>, s&#8217;han de fer al protal de la Seguretat Social que t\u00e9 el nom Import<span class=\"\">@<\/span>ss.<\/p>\n<p style=\"padding-left: 80px;\" data-start=\"27\" data-end=\"357\">Es pot accedir a la p\u00e0gina web del mateix o tamb\u00e9 a trav\u00e9s d&#8217;una app m\u00f2bil.<\/p>\n<ul>\n<li style=\"list-style-type: none;\">\n<ul>\n<li style=\"list-style-type: none;\">\n<ul>\n<li style=\"list-style-type: none;\">\n<ul>\n<li style=\"list-style-type: none;\">\n<ul>\n<li style=\"list-style-type: none;\">\n<ul>\n<li style=\"list-style-type: none;\">\n<ul style=\"list-style-type: disc;\">\n<li><a href=\"https:\/\/portal.seg-social.gob.es\/wps\/portal\/importass\/importass\/inicio\">Portal web Import@ss\u00a0<\/a><\/li>\n<li><a href=\"https:\/\/play.google.com\/store\/apps\/details?id=gov.es.segsocial.importass.android\">App Import@ss per a Android<\/a><\/li>\n<li><a href=\"https:\/\/apps.apple.com\/es\/app\/importass-seguridad-social\/id6502392871\">App Import@ss per a IOs<\/a><\/li>\n<\/ul>\n<\/li>\n<\/ul>\n<\/li>\n<\/ul>\n<\/li>\n<\/ul>\n<\/li>\n<\/ul>\n<\/li>\n<\/ul>\n<\/li>\n<\/ul>\n<h2><strong>Com obtenir el NUSS per a alumnat <span style=\"text-decoration: underline;\">major d&#8217;edat<\/span><\/strong><\/h2>\n<p style=\"padding-left: 80px;\">L&#8217;alumnat major d&#8217;edat pot consultar o sol\u00b7licitar el NUSS a trav\u00e9s del portal Import@ss de la Seguretat Social, accedint al servei <strong>Sol\u00b7licitar el N\u00famero de la Seguretat Social<\/strong>. Per fer el tr\u00e0mit cal identificar-se amb certificat digital, DNI electr\u00f2nic, Cl@ve M\u00f2bil o Cl@ve Permanent. Si l&#8217;alumne\/a ja ha treballat anteriorment, \u00e9s possible que ja tingui un NUSS assignat i nom\u00e9s calgui consultar-lo i descarregar-ne l&#8217;acreditaci\u00f3.<\/p>\n<div class=\"\" data-bfc=\"\" data-ved=\"2ahUKEwigrYP7yZiUAxXV3AIHHXDYGA0Qi4wTegQIDRAA\" data-processed=\"true\" data-copy-service-computed-style=\"font-family: &quot;Google Sans&quot;, Arial, sans-serif; font-size: 16px; font-weight: 400; margin: 0px; text-decoration: none; border-bottom: 0px rgb(10, 10, 10);\">\n<div class=\"n6owBd awi2gc\" data-sfc-cp=\"\" data-sfc-root=\"c\" data-sfc-cb=\"\" data-hveid=\"CA0QAQ\" data-processed=\"true\" data-copy-service-computed-style=\"font-family: &quot;Google Sans&quot;, Arial, sans-serif; font-size: 16px; font-weight: 400; margin: 12px 0px 16px; text-decoration: none; border-bottom: 0px rgb(10, 10, 10);\">\n<table style=\"height: 40px; width: 740px; border-collapse: collapse; border-style: hidden; background-color: white;\" border=\"0\" cellspacing=\"0\" cellpadding=\"0\">\n<tbody>\n<tr>\n<td style=\"width: 65px; border-style: hidden; background-color: white; text-align: left;\"><\/td>\n<td style=\"width: 80px; border-style: hidden; background-color: white; text-align: left;\"><a href=\"https:\/\/agora.xtec.cat\/ifp-alguero\/wp-content\/uploads\/usu2575\/2026\/05\/20251216-Triptic-informatiu-TuNumerodelaSeguridadSocial-CA-Digital.pdf\"><img loading=\"lazy\" decoding=\"async\" class=\"alignnone wp-image-982\" src=\"https:\/\/agora.xtec.cat\/ifp-alguero\/wp-content\/uploads\/usu2575\/2022\/02\/icona-pdf-150x150.png\" alt=\"\" width=\"50\" height=\"50\" srcset=\"https:\/\/agora.xtec.cat\/ifp-alguero\/wp-content\/uploads\/usu2575\/2022\/02\/icona-pdf-150x150.png 150w, https:\/\/agora.xtec.cat\/ifp-alguero\/wp-content\/uploads\/usu2575\/2022\/02\/icona-pdf-300x300.png 300w, https:\/\/agora.xtec.cat\/ifp-alguero\/wp-content\/uploads\/usu2575\/2022\/02\/icona-pdf.png 1024w, https:\/\/agora.xtec.cat\/ifp-alguero\/wp-content\/uploads\/usu2575\/2022\/02\/icona-pdf-768x768.png 768w\" sizes=\"auto, (max-width: 50px) 100vw, 50px\" \/><\/a><\/td>\n<td style=\"width: 600px; border-style: hidden; background-color: white;\">\n<h5><a href=\"https:\/\/agora.xtec.cat\/ifp-alguero\/wp-content\/uploads\/usu2575\/2026\/05\/20251216-Triptic-informatiu-TuNumerodelaSeguridadSocial-CA-Digital.pdf\">Tr\u00edtic informatiu de la Seguretat Social<\/a><\/h5>\n<\/td>\n<\/tr>\n<\/tbody>\n<\/table>\n<\/div>\n<\/div>\n<h2><strong>Com obtenir el NUSS per a alumnat <span style=\"text-decoration: underline;\">menor d&#8217;edat<\/span><\/strong><\/h2>\n<p style=\"padding-left: 80px;\" data-start=\"27\" data-end=\"357\">L&#8217;alumnat menor d&#8217;edat tamb\u00e9 ha de disposar de NUSS per poder realitzar les pr\u00e0ctiques formatives.<strong> La sol\u00b7licitud l&#8217;ha de presentar la mare, el pare o el tutor\/a legal<\/strong> a trav\u00e9s del servei <strong>Sol\u00b7licitar el N\u00famero de la Seguretat Social<\/strong>, disponible al portal Import@ss de la Seguretat Social. En el tr\u00e0mit caldr\u00e0 aportar la documentaci\u00f3 identificativa del menor i de la persona que fa la sol\u00b7licitud, aix\u00ed com la documentaci\u00f3 que acrediti la representaci\u00f3 legal.<\/p>\n<div class=\"\" data-bfc=\"\" data-ved=\"2ahUKEwigrYP7yZiUAxXV3AIHHXDYGA0Qi4wTegQIDRAA\" data-processed=\"true\" data-copy-service-computed-style=\"font-family: &quot;Google Sans&quot;, Arial, sans-serif; font-size: 16px; font-weight: 400; margin: 0px; text-decoration: none; border-bottom: 0px rgb(10, 10, 10);\">\n<div class=\"n6owBd awi2gc\" data-sfc-cp=\"\" data-sfc-root=\"c\" data-sfc-cb=\"\" data-hveid=\"CA0QAQ\" data-processed=\"true\" data-copy-service-computed-style=\"font-family: &quot;Google Sans&quot;, Arial, sans-serif; font-size: 16px; font-weight: 400; margin: 12px 0px 16px; text-decoration: none; border-bottom: 0px rgb(10, 10, 10);\">\n<table style=\"height: 40px; width: 1200px; border-collapse: collapse; border-style: hidden; background-color: white;\" border=\"0\" cellspacing=\"0\" cellpadding=\"0\">\n<tbody>\n<tr>\n<td style=\"width: 65px; border-style: hidden; background-color: white;\"><\/td>\n<td style=\"width: 80px; border-style: hidden; background-color: white; text-align: left;\"><a href=\"https:\/\/agora.xtec.cat\/ifp-alguero\/wp-content\/uploads\/usu2575\/2026\/05\/Tutorial-para-solicitar-el-Numero-de-la-Seguridad-Social-por-internet-Menores.pdf\"><img loading=\"lazy\" decoding=\"async\" class=\"alignnone wp-image-982\" src=\"https:\/\/agora.xtec.cat\/ifp-alguero\/wp-content\/uploads\/usu2575\/2022\/02\/icona-pdf-150x150.png\" alt=\"\" width=\"50\" height=\"50\" srcset=\"https:\/\/agora.xtec.cat\/ifp-alguero\/wp-content\/uploads\/usu2575\/2022\/02\/icona-pdf-150x150.png 150w, https:\/\/agora.xtec.cat\/ifp-alguero\/wp-content\/uploads\/usu2575\/2022\/02\/icona-pdf-300x300.png 300w, https:\/\/agora.xtec.cat\/ifp-alguero\/wp-content\/uploads\/usu2575\/2022\/02\/icona-pdf.png 1024w, https:\/\/agora.xtec.cat\/ifp-alguero\/wp-content\/uploads\/usu2575\/2022\/02\/icona-pdf-768x768.png 768w\" sizes=\"auto, (max-width: 50px) 100vw, 50px\" \/><\/a><\/td>\n<td style=\"width: 1055px; border-style: hidden; background-color: white; text-align: left;\">\n<h5><a href=\"https:\/\/agora.xtec.cat\/ifp-alguero\/wp-content\/uploads\/usu2575\/2026\/05\/Tutorial-para-solicitar-el-Numero-de-la-Seguridad-Social-por-internet-Menores.pdf\">Pas a pas de com obtenir el NUSS per l&#8217;alumnat menor d&#8217;edat<\/a><\/h5>\n<\/td>\n<\/tr>\n<\/tbody>\n<\/table>\n<\/div>\n<\/div>\n<h2 data-start=\"27\" data-end=\"357\"><strong>IMPORTANT!<\/strong><\/h2>\n<h5 data-start=\"27\" data-end=\"357\">Per evitar errades en la comunicaci\u00f3 del NUSS al centre, \u00e9s imprescindible presentar-ne l&#8217;<span style=\"text-decoration: underline;\">acrediatci\u00f3<\/span> o <span style=\"text-decoration: underline;\">resoluci\u00f3<\/span> del mateix. Un cop assignat el NUSS, aquests documents es poden obtenir i descarregar des del mateix portal Import@ss de la Seguretat Social.<\/h5>\n<p><em><br \/>\nExemples d&#8217;acreditaci\u00f3 i resoluci\u00f3 del NUSS<\/em><\/p>\n<p><a href=\"https:\/\/agora.xtec.cat\/ifp-alguero\/wp-content\/uploads\/usu2575\/2026\/05\/Exemple_acreditacio_NUSS.png\"><img loading=\"lazy\" decoding=\"async\" class=\"alignnone wp-image-5191\" style=\"border: 2px solid #ddd;\" src=\"https:\/\/agora.xtec.cat\/ifp-alguero\/wp-content\/uploads\/usu2575\/2026\/05\/Exemple_acreditacio_NUSS-724x1024.png\" alt=\"\" width=\"400\" height=\"566\" srcset=\"https:\/\/agora.xtec.cat\/ifp-alguero\/wp-content\/uploads\/usu2575\/2026\/05\/Exemple_acreditacio_NUSS-724x1024.png 724w, https:\/\/agora.xtec.cat\/ifp-alguero\/wp-content\/uploads\/usu2575\/2026\/05\/Exemple_acreditacio_NUSS-212x300.png 212w, https:\/\/agora.xtec.cat\/ifp-alguero\/wp-content\/uploads\/usu2575\/2026\/05\/Exemple_acreditacio_NUSS-768x1086.png 768w, https:\/\/agora.xtec.cat\/ifp-alguero\/wp-content\/uploads\/usu2575\/2026\/05\/Exemple_acreditacio_NUSS-1086x1536.png 1086w, https:\/\/agora.xtec.cat\/ifp-alguero\/wp-content\/uploads\/usu2575\/2026\/05\/Exemple_acreditacio_NUSS.png 1240w\" sizes=\"auto, (max-width: 400px) 100vw, 400px\" \/><\/a><a href=\"https:\/\/agora.xtec.cat\/ifp-alguero\/wp-content\/uploads\/usu2575\/2026\/05\/Exemple_resolucio_NUSS.png\"> \u00a0<img loading=\"lazy\" decoding=\"async\" class=\"alignnone wp-image-5190\" style=\"border: 2px solid #ddd;\" src=\"https:\/\/agora.xtec.cat\/ifp-alguero\/wp-content\/uploads\/usu2575\/2026\/05\/Exemple_resolucio_NUSS-212x300.png\" alt=\"\" width=\"400\" height=\"566\" srcset=\"https:\/\/agora.xtec.cat\/ifp-alguero\/wp-content\/uploads\/usu2575\/2026\/05\/Exemple_resolucio_NUSS-212x300.png 212w, https:\/\/agora.xtec.cat\/ifp-alguero\/wp-content\/uploads\/usu2575\/2026\/05\/Exemple_resolucio_NUSS-724x1024.png 724w, https:\/\/agora.xtec.cat\/ifp-alguero\/wp-content\/uploads\/usu2575\/2026\/05\/Exemple_resolucio_NUSS-768x1086.png 768w, https:\/\/agora.xtec.cat\/ifp-alguero\/wp-content\/uploads\/usu2575\/2026\/05\/Exemple_resolucio_NUSS-1086x1536.png 1086w, https:\/\/agora.xtec.cat\/ifp-alguero\/wp-content\/uploads\/usu2575\/2026\/05\/Exemple_resolucio_NUSS.png 1240w\" sizes=\"auto, (max-width: 400px) 100vw, 400px\" \/><\/a><\/p>\n","protected":false},"excerpt":{"rendered":"<p>Des de l&#8217;1 de gener de 2024, l&#8217;alumnat que fa pr\u00e0ctiques formatives, remunerades o no remunerades, ha d&#8217;estar incl\u00f2s en el sistema de la Seguretat Social. Per aquest motiu, l&#8217;obtenci\u00f3 del NUSS \u00e9s obligat\u00f2ria per a l&#8217;alumnat que es matricula als cicles formatius, ja que&hellip;  <a href=\"https:\/\/agora.xtec.cat\/ifp-alguero\/secretaria\/com-obtenir-el-numero-de-la-seguretat-social-nuss\/\" title=\"Read Com obtenir el N\u00famero de la Seguretat Social (NUSS)\">Llegeix m\u00e9s\u00bb<\/a><\/p>\n","protected":false},"author":1,"featured_media":0,"parent":81,"menu_order":0,"comment_status":"closed","ping_status":"closed","template":"","meta":{"_bbp_topic_count":0,"_bbp_reply_count":0,"_bbp_total_topic_count":0,"_bbp_total_reply_count":0,"_bbp_voice_count":0,"_bbp_anonymous_reply_count":0,"_bbp_topic_count_hidden":0,"_bbp_reply_count_hidden":0,"_bbp_forum_subforum_count":0,"footnotes":""},"class_list":["post-5184","page","type-page","status-publish","hentry"],"post_mailing_queue_ids":[],"_links":{"self":[{"href":"https:\/\/agora.xtec.cat\/ifp-alguero\/wp-json\/wp\/v2\/pages\/5184","targetHints":{"allow":["GET"]}}],"collection":[{"href":"https:\/\/agora.xtec.cat\/ifp-alguero\/wp-json\/wp\/v2\/pages"}],"about":[{"href":"https:\/\/agora.xtec.cat\/ifp-alguero\/wp-json\/wp\/v2\/types\/page"}],"author":[{"embeddable":true,"href":"https:\/\/agora.xtec.cat\/ifp-alguero\/wp-json\/wp\/v2\/users\/1"}],"replies":[{"embeddable":true,"href":"https:\/\/agora.xtec.cat\/ifp-alguero\/wp-json\/wp\/v2\/comments?post=5184"}],"version-history":[{"count":7,"href":"https:\/\/agora.xtec.cat\/ifp-alguero\/wp-json\/wp\/v2\/pages\/5184\/revisions"}],"predecessor-version":[{"id":5210,"href":"https:\/\/agora.xtec.cat\/ifp-alguero\/wp-json\/wp\/v2\/pages\/5184\/revisions\/5210"}],"up":[{"embeddable":true,"href":"https:\/\/agora.xtec.cat\/ifp-alguero\/wp-json\/wp\/v2\/pages\/81"}],"wp:attachment":[{"href":"https:\/\/agora.xtec.cat\/ifp-alguero\/wp-json\/wp\/v2\/media?parent=5184"}],"curies":[{"name":"wp","href":"https:\/\/api.w.org\/{rel}","templated":true}]}}