{"id":5136,"date":"2026-03-19T13:40:29","date_gmt":"2026-03-19T12:40:29","guid":{"rendered":"https:\/\/agora.xtec.cat\/ifp-alguero\/?page_id=5136"},"modified":"2026-03-19T13:51:57","modified_gmt":"2026-03-19T12:51:57","slug":"tractament-i-proteccio-de-dades","status":"publish","type":"page","link":"https:\/\/agora.xtec.cat\/ifp-alguero\/linstitut\/tractament-i-proteccio-de-dades\/","title":{"rendered":"Tractament i protecci\u00f3 de dades"},"content":{"rendered":"<p>El mes d&#8217;abril de 2016 es va aprovar el <strong>Reglament (UE) 2016\/679<\/strong> del Parlament i del Consell, de 27 d&#8217;abril de 2016, relatiu a la <strong>protecci\u00f3 de les persones f\u00edsiques pel que fa al tractament de dades personals i a la lliure circulaci\u00f3 d&#8217;aquestes dades<\/strong>, el qual va entrar en vigor el 25 de maig de 2018. En compliment d&#8217;aquest reglament, es d\u00f3na publicitat en aquesta p\u00e0gina als elements d&#8217;informaci\u00f3 que requereix el Reglament.<\/p>\n<p><a href=\"https:\/\/agora.xtec.cat\/ifp-alguero\/wp-content\/uploads\/usu2575\/2026\/03\/IFP-Alguero-Tractament-Proteccio-Dades.pdf\" target=\"_blank\" rel=\"noopener\"><strong>Enlla\u00e7 al document complert<\/strong><\/a><\/p>\n<p>&nbsp;<\/p>\n","protected":false},"excerpt":{"rendered":"<p>El mes d&#8217;abril de 2016 es va aprovar el Reglament (UE) 2016\/679 del Parlament i del Consell, de 27 d&#8217;abril de 2016, relatiu a la protecci\u00f3 de les persones f\u00edsiques pel que fa al tractament de dades personals i a la lliure circulaci\u00f3 d&#8217;aquestes dades,&hellip;  <a href=\"https:\/\/agora.xtec.cat\/ifp-alguero\/linstitut\/tractament-i-proteccio-de-dades\/\" title=\"Read Tractament i protecci\u00f3 de dades\">Llegeix m\u00e9s\u00bb<\/a><\/p>\n","protected":false},"author":13,"featured_media":0,"parent":19,"menu_order":12,"comment_status":"closed","ping_status":"closed","template":"page-templates\/side-menu.php","meta":{"_bbp_topic_count":0,"_bbp_reply_count":0,"_bbp_total_topic_count":0,"_bbp_total_reply_count":0,"_bbp_voice_count":0,"_bbp_anonymous_reply_count":0,"_bbp_topic_count_hidden":0,"_bbp_reply_count_hidden":0,"_bbp_forum_subforum_count":0,"footnotes":""},"class_list":["post-5136","page","type-page","status-publish","hentry"],"post_mailing_queue_ids":[],"_links":{"self":[{"href":"https:\/\/agora.xtec.cat\/ifp-alguero\/wp-json\/wp\/v2\/pages\/5136","targetHints":{"allow":["GET"]}}],"collection":[{"href":"https:\/\/agora.xtec.cat\/ifp-alguero\/wp-json\/wp\/v2\/pages"}],"about":[{"href":"https:\/\/agora.xtec.cat\/ifp-alguero\/wp-json\/wp\/v2\/types\/page"}],"author":[{"embeddable":true,"href":"https:\/\/agora.xtec.cat\/ifp-alguero\/wp-json\/wp\/v2\/users\/13"}],"replies":[{"embeddable":true,"href":"https:\/\/agora.xtec.cat\/ifp-alguero\/wp-json\/wp\/v2\/comments?post=5136"}],"version-history":[{"count":2,"href":"https:\/\/agora.xtec.cat\/ifp-alguero\/wp-json\/wp\/v2\/pages\/5136\/revisions"}],"predecessor-version":[{"id":5139,"href":"https:\/\/agora.xtec.cat\/ifp-alguero\/wp-json\/wp\/v2\/pages\/5136\/revisions\/5139"}],"up":[{"embeddable":true,"href":"https:\/\/agora.xtec.cat\/ifp-alguero\/wp-json\/wp\/v2\/pages\/19"}],"wp:attachment":[{"href":"https:\/\/agora.xtec.cat\/ifp-alguero\/wp-json\/wp\/v2\/media?parent=5136"}],"curies":[{"name":"wp","href":"https:\/\/api.w.org\/{rel}","templated":true}]}}