{"id":49,"date":"2014-09-17T16:55:55","date_gmt":"2014-09-17T16:55:55","guid":{"rendered":"http:\/\/agora.xtec.cat\/ifp-alguero\/?page_id=49"},"modified":"2026-03-19T13:52:44","modified_gmt":"2026-03-19T12:52:44","slug":"normes-dorganitzacio-i-funcionament","status":"publish","type":"page","link":"https:\/\/agora.xtec.cat\/ifp-alguero\/linstitut\/normes-dorganitzacio-i-funcionament\/","title":{"rendered":"Normes i funcionament"},"content":{"rendered":"<p><span style=\"font-weight: 400;\">Les <\/span><i><span style=\"font-weight: 400;\">Normes d\u2019Organitzaci\u00f3 i Funcionament del Centre (NOFC)<\/span><\/i><span style=\"font-weight: 400;\"> de l\u2019IFP Antoni Alguer\u00f3 estableixen l&#8217;estructura organitzativa i funcional de l&#8217;institut, recollint acords que faciliten la conviv\u00e8ncia i l&#8217;assoliment dels objectius del Projecte Educatiu del Centre (PEC), d\u2019acord amb la seva visi\u00f3 i valors. La proposta inicial formulada per la direcci\u00f3, \u00e9s validada pel claustre de professorat i aprovada pel Consell Escolar.<\/span><\/p>\n<p><span style=\"font-weight: 400;\">Les NOFC regulen l\u2019organitzaci\u00f3 i funcionament del centre, incloent-hi:<\/span><\/p>\n<ul>\n<li style=\"font-weight: 400;\" aria-level=\"1\"><span style=\"font-weight: 400;\">Normes de conviv\u00e8ncia per al bon desenvolupament de les activitats acad\u00e8miques.<\/span><\/li>\n<li style=\"font-weight: 400;\" aria-level=\"1\"><span style=\"font-weight: 400;\">Relacions entre membres de la comunitat educativa i \u00f2rgans de govern i coordinaci\u00f3.<\/span><\/li>\n<li style=\"font-weight: 400;\" aria-level=\"1\"><span style=\"font-weight: 400;\">Normes per a l\u2019\u00fas de les instal\u00b7lacions, recursos i materials.<\/span><\/li>\n<li style=\"font-weight: 400;\" aria-level=\"1\"><span style=\"font-weight: 400;\">Organitzaci\u00f3 de la participaci\u00f3 de tots els membres del centre.<\/span><\/li>\n<li style=\"font-weight: 400;\" aria-level=\"1\"><span style=\"font-weight: 400;\">Funcionament dels serveis educatius i presa de decisions pels \u00f2rgans corresponents.<\/span><\/li>\n<\/ul>\n<p><a href=\"https:\/\/agora.xtec.cat\/ifp-alguero\/wp-content\/uploads\/usu2575\/2025\/05\/NOFC_IFP-Antoni-Alguero_R2_V2.pdf\">Acc\u00e9s al document complet.<\/a><\/p>\n","protected":false},"excerpt":{"rendered":"<p>Les Normes d\u2019Organitzaci\u00f3 i Funcionament del Centre (NOFC) de l\u2019IFP Antoni Alguer\u00f3 estableixen l&#8217;estructura organitzativa i funcional de l&#8217;institut, recollint acords que faciliten la conviv\u00e8ncia i l&#8217;assoliment dels objectius del Projecte Educatiu del Centre (PEC), d\u2019acord amb la seva visi\u00f3 i valors. La proposta inicial&hellip;  <a href=\"https:\/\/agora.xtec.cat\/ifp-alguero\/linstitut\/normes-dorganitzacio-i-funcionament\/\" title=\"Read Normes i funcionament\">Llegeix m\u00e9s\u00bb<\/a><\/p>\n","protected":false},"author":1,"featured_media":0,"parent":19,"menu_order":8,"comment_status":"closed","ping_status":"closed","template":"page-templates\/side-menu.php","meta":{"_bbp_topic_count":0,"_bbp_reply_count":0,"_bbp_total_topic_count":0,"_bbp_total_reply_count":0,"_bbp_voice_count":0,"_bbp_anonymous_reply_count":0,"_bbp_topic_count_hidden":0,"_bbp_reply_count_hidden":0,"_bbp_forum_subforum_count":0,"footnotes":""},"class_list":["post-49","page","type-page","status-publish","hentry"],"post_mailing_queue_ids":[],"_links":{"self":[{"href":"https:\/\/agora.xtec.cat\/ifp-alguero\/wp-json\/wp\/v2\/pages\/49","targetHints":{"allow":["GET"]}}],"collection":[{"href":"https:\/\/agora.xtec.cat\/ifp-alguero\/wp-json\/wp\/v2\/pages"}],"about":[{"href":"https:\/\/agora.xtec.cat\/ifp-alguero\/wp-json\/wp\/v2\/types\/page"}],"author":[{"embeddable":true,"href":"https:\/\/agora.xtec.cat\/ifp-alguero\/wp-json\/wp\/v2\/users\/1"}],"replies":[{"embeddable":true,"href":"https:\/\/agora.xtec.cat\/ifp-alguero\/wp-json\/wp\/v2\/comments?post=49"}],"version-history":[{"count":4,"href":"https:\/\/agora.xtec.cat\/ifp-alguero\/wp-json\/wp\/v2\/pages\/49\/revisions"}],"predecessor-version":[{"id":4260,"href":"https:\/\/agora.xtec.cat\/ifp-alguero\/wp-json\/wp\/v2\/pages\/49\/revisions\/4260"}],"up":[{"embeddable":true,"href":"https:\/\/agora.xtec.cat\/ifp-alguero\/wp-json\/wp\/v2\/pages\/19"}],"wp:attachment":[{"href":"https:\/\/agora.xtec.cat\/ifp-alguero\/wp-json\/wp\/v2\/media?parent=49"}],"curies":[{"name":"wp","href":"https:\/\/api.w.org\/{rel}","templated":true}]}}