{"id":46,"date":"2014-09-17T16:53:45","date_gmt":"2014-09-17T16:53:45","guid":{"rendered":"http:\/\/agora.xtec.cat\/ifp-alguero\/?page_id=46"},"modified":"2026-03-19T13:52:35","modified_gmt":"2026-03-19T12:52:35","slug":"organigrama","status":"publish","type":"page","link":"https:\/\/agora.xtec.cat\/ifp-alguero\/linstitut\/organigrama\/","title":{"rendered":"Organigrama"},"content":{"rendered":"<h2>Equip directiu<\/h2>\n<ul>\n<li style=\"list-style-type: none;\">\n<ul>\n<li style=\"list-style-type: none;\">\n<ul>\n<li><strong>Directora:<\/strong> M. Immaculada Font Potrony<\/li>\n<li><strong>Cap d&#8217;estudis:<\/strong> Carlos Baeta Olaria<\/li>\n<li><strong>Cap d&#8217;estudis adjunt:<\/strong> Miquel Gimeno Escamilla<\/li>\n<li><strong>Secretari:<\/strong> Gon\u00e7al Roca Gonz\u00e1lez<\/li>\n<li><strong>Coordinadora pedag\u00f2gica:<\/strong> Nat\u00e0lia Corredoira Cort\u00e9s<\/li>\n<\/ul>\n<\/li>\n<\/ul>\n<\/li>\n<\/ul>\n<p><img loading=\"lazy\" decoding=\"async\" class=\"wp-image-3928 alignleft\" src=\"https:\/\/agora.xtec.cat\/ifp-alguero\/wp-content\/uploads\/usu2575\/2025\/02\/Captura-de-Pantalla-2025-02-12-a-les-13.07.51-921x1024.png\" alt=\"\" width=\"513\" height=\"571\" srcset=\"https:\/\/agora.xtec.cat\/ifp-alguero\/wp-content\/uploads\/usu2575\/2025\/02\/Captura-de-Pantalla-2025-02-12-a-les-13.07.51-921x1024.png 921w, https:\/\/agora.xtec.cat\/ifp-alguero\/wp-content\/uploads\/usu2575\/2025\/02\/Captura-de-Pantalla-2025-02-12-a-les-13.07.51-270x300.png 270w, https:\/\/agora.xtec.cat\/ifp-alguero\/wp-content\/uploads\/usu2575\/2025\/02\/Captura-de-Pantalla-2025-02-12-a-les-13.07.51-768x854.png 768w, https:\/\/agora.xtec.cat\/ifp-alguero\/wp-content\/uploads\/usu2575\/2025\/02\/Captura-de-Pantalla-2025-02-12-a-les-13.07.51.png 1362w\" sizes=\"auto, (max-width: 513px) 100vw, 513px\" \/><\/p>\n","protected":false},"excerpt":{"rendered":"<p>Equip directiu<\/p>\n<ul>\n<li style=\"list-style-type: none;\">\n<ul>\n<li style=\"list-style-type: none;\">\n<ul>\n<li>Directora: M. Immaculada Font Potrony<\/li>\n<li>Cap d&#8217;estudis: Carlos Baeta Olaria<\/li>\n<li>Cap d&#8217;estudis adjunt: Miquel Gimeno Escamilla<\/li>\n<li>Secretari: Gon\u00e7al Roca Gonz\u00e1lez<\/li>\n<li>Coordinadora pedag\u00f2gica: Nat\u00e0lia Corredoira Cort\u00e9s<\/li>\n<\/ul>\n<\/li>\n<\/ul>\n<\/li>\n<\/ul>\n","protected":false},"author":1,"featured_media":0,"parent":19,"menu_order":5,"comment_status":"closed","ping_status":"closed","template":"page-templates\/side-menu.php","meta":{"_bbp_topic_count":0,"_bbp_reply_count":0,"_bbp_total_topic_count":0,"_bbp_total_reply_count":0,"_bbp_voice_count":0,"_bbp_anonymous_reply_count":0,"_bbp_topic_count_hidden":0,"_bbp_reply_count_hidden":0,"_bbp_forum_subforum_count":0,"footnotes":""},"class_list":["post-46","page","type-page","status-publish","hentry"],"post_mailing_queue_ids":[],"_links":{"self":[{"href":"https:\/\/agora.xtec.cat\/ifp-alguero\/wp-json\/wp\/v2\/pages\/46","targetHints":{"allow":["GET"]}}],"collection":[{"href":"https:\/\/agora.xtec.cat\/ifp-alguero\/wp-json\/wp\/v2\/pages"}],"about":[{"href":"https:\/\/agora.xtec.cat\/ifp-alguero\/wp-json\/wp\/v2\/types\/page"}],"author":[{"embeddable":true,"href":"https:\/\/agora.xtec.cat\/ifp-alguero\/wp-json\/wp\/v2\/users\/1"}],"replies":[{"embeddable":true,"href":"https:\/\/agora.xtec.cat\/ifp-alguero\/wp-json\/wp\/v2\/comments?post=46"}],"version-history":[{"count":4,"href":"https:\/\/agora.xtec.cat\/ifp-alguero\/wp-json\/wp\/v2\/pages\/46\/revisions"}],"predecessor-version":[{"id":3929,"href":"https:\/\/agora.xtec.cat\/ifp-alguero\/wp-json\/wp\/v2\/pages\/46\/revisions\/3929"}],"up":[{"embeddable":true,"href":"https:\/\/agora.xtec.cat\/ifp-alguero\/wp-json\/wp\/v2\/pages\/19"}],"wp:attachment":[{"href":"https:\/\/agora.xtec.cat\/ifp-alguero\/wp-json\/wp\/v2\/media?parent=46"}],"curies":[{"name":"wp","href":"https:\/\/api.w.org\/{rel}","templated":true}]}}