{"id":4458,"date":"2025-06-29T12:23:56","date_gmt":"2025-06-29T10:23:56","guid":{"rendered":"https:\/\/agora.xtec.cat\/ifp-alguero\/?page_id=4458"},"modified":"2025-09-08T16:00:58","modified_gmt":"2025-09-08T14:00:58","slug":"distribucio-de-moduls-pel-curs-2025-2026","status":"publish","type":"page","link":"https:\/\/agora.xtec.cat\/ifp-alguero\/estudis\/distribucio-de-moduls-pel-curs-2025-2026\/","title":{"rendered":"Distribuci\u00f3 de m\u00f2duls pel curs 2025-2026"},"content":{"rendered":"<h1>M\u00f2duls, unitats formatives i hores de cada grup<\/h1>\n<p>&nbsp;<\/p>\n<p style=\"padding-left: 80px;\"><span style=\"font-weight: 400;\">PFI <\/span><b>AUXILIAR EN ARTS GR\u00c0FIQUES I SERIGRAFIA<\/b><span style=\"font-weight: 400;\"><br \/>\n<\/span><a href=\"https:\/\/agora.xtec.cat\/ifp-alguero\/estudis\/distribucio-de-moduls\/moduls-pfi-auxiliar-en-arts-grafiques-i-serigafia-as\/\"><span style=\"font-weight: 400;\">1r curs (AS)<\/span><\/a><\/p>\n<p style=\"padding-left: 80px;\"><span style=\"font-weight: 400;\">CFPM <\/span><b>IMPRESSI\u00d3 GR\u00c0FICA<\/b><span style=\"font-weight: 400;\"><br \/>\n<\/span><a href=\"https:\/\/agora.xtec.cat\/ifp-alguero\/estudis\/moduls-i-unitats-formatives-i-hores-de-cada-grup\/moduls-cfgm-impressio-grafica-1r-curs-ig1\/\"><span style=\"font-weight: 400;\">1r curs (IG1)<\/span><\/a> <span style=\"color: #ff0000;\"><strong>NDC<\/strong><\/span><span style=\"font-weight: 400;\">\u00a0\/ <\/span><a href=\"https:\/\/agora.xtec.cat\/ifp-alguero\/estudis\/moduls-i-unitats-formatives-i-hores-de-cada-grup\/moduls-cfgm-impressio-grafica-2n-curs-ig2\/\"><span style=\"font-weight: 400;\">2n curs (IG2)<\/span><\/a> <span style=\"color: #ff0000;\"><strong>NDC<\/strong><\/span><\/p>\n<p style=\"padding-left: 80px;\"><span style=\"font-weight: 400;\">CFPM <\/span><b>POSTIMPRESSI\u00d3 I ACABATS GR\u00c0FICS<\/b><b><br \/>\n<\/b><a href=\"https:\/\/agora.xtec.cat\/ifp-alguero\/estudis\/moduls-i-unitats-formatives-i-hores-de-cada-grup\/moduls-cfgm-postimpressio-i-acabats-grafics-1r-curs-pa1\/\"><span style=\"font-weight: 400;\">1r curs (PA1)<\/span><\/a><span style=\"font-weight: 400;\"> <span style=\"color: #ff0000;\"><strong>NDC<\/strong><\/span> \/ <\/span><a href=\"https:\/\/agora.xtec.cat\/ifp-alguero\/estudis\/moduls-i-unitats-formatives-i-hores-de-cada-grup\/moduls-cfgm-postimpressio-i-acabats-grafics-2n-curs-pa2\/\"><span style=\"font-weight: 400;\">2n curs (PA2)<\/span><\/a> <span style=\"color: #ff0000;\"><strong>NDC<\/strong><\/span><\/p>\n<p style=\"padding-left: 80px;\"><span style=\"font-weight: 400;\">CFPM <\/span><b>PREIMPRESSI\u00d3 DIGITAL<\/b><b><br \/>\n<\/b><a href=\"https:\/\/agora.xtec.cat\/ifp-alguero\/estudis\/moduls-i-unitats-formatives-i-hores-de-cada-grup\/moduls-cfgm-preimpressio-digital-1r-curs-pd1\/\"><span style=\"font-weight: 400;\">1r curs (PD1)<\/span><\/a><span style=\"font-weight: 400;\"> <span style=\"color: #ff0000;\"><strong>NDC <\/strong><\/span>\/ <\/span><a href=\"https:\/\/agora.xtec.cat\/ifp-alguero\/estudis\/moduls-i-unitats-formatives-i-hores-de-cada-grup\/moduls-cfgm-preimpressio-digital-2n-curs-pd2\/\"><span style=\"font-weight: 400;\">2n curs (PD2)<\/span><\/a> <span style=\"color: #ff0000;\"><strong>NDC<\/strong><\/span><\/p>\n<p style=\"padding-left: 80px;\"><span style=\"font-weight: 400;\">CFAM <\/span><b>ASSIST\u00c8NCIA AL PRODUCTE GR\u00c0FIC INTERACTIU<\/b><b><br \/>\n<\/b><a href=\"https:\/\/agora.xtec.cat\/ifp-alguero\/estudis\/moduls-i-unitats-formatives-i-hores-de-cada-grup\/moduls-cfam-assistencia-al-producte-grafic-interactiu-1r-curs-ap1\/\"><span style=\"font-weight: 400;\">1r curs (AP1)<\/span><\/a><span style=\"font-weight: 400;\"> <span style=\"color: #ff0000;\"><strong>NDC <\/strong><\/span>\/ <\/span><a href=\"https:\/\/agora.xtec.cat\/ifp-alguero\/estudis\/moduls-i-unitats-formatives-i-hores-de-cada-grup\/moduls-cfam-assistencia-al-producte-grafic-interactiu-2n-curs-ap2-al-curs-2023-2024\/\"><span style=\"font-weight: 400;\">2n curs (AP2)<\/span><\/a> <span style=\"color: #ff0000;\"><strong>NDC<\/strong><\/span><\/p>\n<p style=\"padding-left: 80px;\"><span style=\"font-weight: 400;\">CFPS <\/span><b>DISSENY I EDICI\u00d3 DE PUBLICACIONS IMPRESES I MULTIM\u00c8DIA<\/b><b><br \/>\n<\/b><a href=\"https:\/\/agora.xtec.cat\/ifp-alguero\/estudis\/moduls-i-unitats-formatives-i-hores-de-cada-grup\/moduls-cfgs-disseny-i-edicio-de-publicacions-impreses-i-multimedia-1r-curs-de1\/\"><span style=\"font-weight: 400;\">1r curs (DE1)<\/span><\/a><span style=\"font-weight: 400;\"> <span style=\"color: #ff0000;\"><strong>NDC <\/strong><\/span>\/ <\/span><a href=\"https:\/\/agora.xtec.cat\/ifp-alguero\/estudis\/moduls-i-unitats-formatives-i-hores-de-cada-grup\/moduls-cfgs-disseny-i-edicio-de-publicacions-impreses-i-multimedia-2n-curs-de2\/\"><span style=\"font-weight: 400;\">2n curs (DE2)<\/span><\/a> <span style=\"color: #ff0000;\"><strong>NDC<\/strong><\/span><\/p>\n<p style=\"padding-left: 80px;\"><span style=\"font-weight: 400;\">CFPS <\/span><b>DISSENY I GESTI\u00d3 DE LA PRODUCCI\u00d3 GR\u00c0FICA<\/b><b><br \/>\n<\/b><a href=\"https:\/\/agora.xtec.cat\/ifp-alguero\/estudis\/moduls-i-unitats-formatives-i-hores-de-cada-grup\/moduls-cfgs-disseny-i-gestio-de-la-produccio-grafica-1r-curs-dg1\/\"><span style=\"font-weight: 400;\">1r curs (DG1)<\/span><\/a><span style=\"font-weight: 400;\"> <span style=\"color: #ff0000;\"><strong>NDC <\/strong><\/span>\/ <\/span><a href=\"https:\/\/agora.xtec.cat\/ifp-alguero\/estudis\/moduls-i-unitats-formatives-i-hores-de-cada-grup\/moduls-cfgs-disseny-i-gestio-de-la-produccio-grafica-2n-curs-dg2-al-curs-2023-2024\/\"><span style=\"font-weight: 400;\">2n curs (DG2)<\/span><\/a> <span style=\"color: #ff0000;\"><strong>NDC<\/strong><\/span><\/p>\n<p style=\"padding-left: 80px;\"><span style=\"font-weight: 400;\">CFAS<\/span><b> GR\u00c0FICA PUBLICIT\u00c0RIA<\/b><span style=\"font-weight: 400;\"><br \/>\n<\/span><a href=\"https:\/\/agora.xtec.cat\/ifp-alguero\/estudis\/moduls-i-unitats-formatives-i-hores-de-cada-grup\/moduls-cfas-grafica-publicitaria-1r-curs-gp1\/\"><span style=\"font-weight: 400;\">1r curs (GP1)<\/span><\/a><span style=\"font-weight: 400;\"> <span style=\"color: #ff0000;\"><strong>NDC <\/strong><\/span>\/ <\/span><a href=\"https:\/\/agora.xtec.cat\/ifp-alguero\/estudis\/moduls-i-unitats-formatives-i-hores-de-cada-grup\/moduls-cfas-grafica-publicitaria-2n-curs-gp2\/\"><span style=\"font-weight: 400;\">2n curs (GP2)<\/span><\/a> <span style=\"color: #ff0000;\"><strong>NDC<\/strong><\/span><\/p>\n<p>&nbsp;<\/p>\n<p><span style=\"font-weight: 400;\">Els <\/span><b>primers cursos<\/b><span style=\"font-weight: 400;\"> al torn de <\/span><b>MAT\u00cd<\/b><span style=\"font-weight: 400;\">, marc horari del centre, de <\/span><b>08.00 a 14.30 h.<br \/>\n<\/b><span style=\"font-weight: 400;\">Els <\/span><b>segons cursos<\/b><span style=\"font-weight: 400;\"> al torn de <\/span><b>TARDA<\/b><span style=\"font-weight: 400;\">, marc horari del centre, de <\/span><b>15.00 a 21.00 h.<\/b><\/p>\n<p>&nbsp;<\/p>\n<p><span style=\"color: #ff0000;\"><strong>NDC<\/strong><\/span> &#8211; Nou disseny curricular a tots els 1r i 2n cursos<\/p>\n<p>&nbsp;<\/p>\n","protected":false},"excerpt":{"rendered":"<p>M\u00f2duls, unitats formatives i hores de cada grup<br \/>\n&nbsp;<br \/>\nPFI AUXILIAR EN ARTS GR\u00c0FIQUES I SERIGRAFIA<br \/>\n<a href=\"https:\/\/agora.xtec.cat\/ifp-alguero\/estudis\/distribucio-de-moduls\/moduls-pfi-auxiliar-en-arts-grafiques-i-serigafia-as\/\">1r curs (AS)<\/a><br \/>\nCFPM IMPRESSI\u00d3 GR\u00c0FICA<br \/>\n<a href=\"https:\/\/agora.xtec.cat\/ifp-alguero\/estudis\/moduls-i-unitats-formatives-i-hores-de-cada-grup\/moduls-cfgm-impressio-grafica-1r-curs-ig1\/\">1r curs (IG1)<\/a> NDC\u00a0\/ <a href=\"https:\/\/agora.xtec.cat\/ifp-alguero\/estudis\/moduls-i-unitats-formatives-i-hores-de-cada-grup\/moduls-cfgm-impressio-grafica-2n-curs-ig2\/\">2n curs (IG2)<\/a> NDC<br \/>\nCFPM POSTIMPRESSI\u00d3 I ACABATS GR\u00c0FICS<br \/>\n<a href=\"https:\/\/agora.xtec.cat\/ifp-alguero\/estudis\/moduls-i-unitats-formatives-i-hores-de-cada-grup\/moduls-cfgm-postimpressio-i-acabats-grafics-1r-curs-pa1\/\">1r curs (PA1)<\/a> NDC \/ <a href=\"https:\/\/agora.xtec.cat\/ifp-alguero\/estudis\/moduls-i-unitats-formatives-i-hores-de-cada-grup\/moduls-cfgm-postimpressio-i-acabats-grafics-2n-curs-pa2\/\">2n curs (PA2)<\/a> NDC<br \/>\nCFPM PREIMPRESSI\u00d3 DIGITAL<br \/>\n<a href=\"https:\/\/agora.xtec.cat\/ifp-alguero\/estudis\/moduls-i-unitats-formatives-i-hores-de-cada-grup\/moduls-cfgm-preimpressio-digital-1r-curs-pd1\/\">1r&hellip;  <a href=\"https:\/\/agora.xtec.cat\/ifp-alguero\/estudis\/distribucio-de-moduls-pel-curs-2025-2026\/\" title=\"Read Distribuci\u00f3 de m\u00f2duls pel curs 2025-2026\">Llegeix m\u00e9s\u00bb<\/a><\/p>\n","protected":false},"author":1,"featured_media":0,"parent":195,"menu_order":0,"comment_status":"closed","ping_status":"closed","template":"","meta":{"_bbp_topic_count":0,"_bbp_reply_count":0,"_bbp_total_topic_count":0,"_bbp_total_reply_count":0,"_bbp_voice_count":0,"_bbp_anonymous_reply_count":0,"_bbp_topic_count_hidden":0,"_bbp_reply_count_hidden":0,"_bbp_forum_subforum_count":0,"footnotes":""},"class_list":["post-4458","page","type-page","status-publish","hentry"],"post_mailing_queue_ids":[],"_links":{"self":[{"href":"https:\/\/agora.xtec.cat\/ifp-alguero\/wp-json\/wp\/v2\/pages\/4458","targetHints":{"allow":["GET"]}}],"collection":[{"href":"https:\/\/agora.xtec.cat\/ifp-alguero\/wp-json\/wp\/v2\/pages"}],"about":[{"href":"https:\/\/agora.xtec.cat\/ifp-alguero\/wp-json\/wp\/v2\/types\/page"}],"author":[{"embeddable":true,"href":"https:\/\/agora.xtec.cat\/ifp-alguero\/wp-json\/wp\/v2\/users\/1"}],"replies":[{"embeddable":true,"href":"https:\/\/agora.xtec.cat\/ifp-alguero\/wp-json\/wp\/v2\/comments?post=4458"}],"version-history":[{"count":5,"href":"https:\/\/agora.xtec.cat\/ifp-alguero\/wp-json\/wp\/v2\/pages\/4458\/revisions"}],"predecessor-version":[{"id":4651,"href":"https:\/\/agora.xtec.cat\/ifp-alguero\/wp-json\/wp\/v2\/pages\/4458\/revisions\/4651"}],"up":[{"embeddable":true,"href":"https:\/\/agora.xtec.cat\/ifp-alguero\/wp-json\/wp\/v2\/pages\/195"}],"wp:attachment":[{"href":"https:\/\/agora.xtec.cat\/ifp-alguero\/wp-json\/wp\/v2\/media?parent=4458"}],"curies":[{"name":"wp","href":"https:\/\/api.w.org\/{rel}","templated":true}]}}