{"id":4397,"date":"2025-06-22T19:25:50","date_gmt":"2025-06-22T17:25:50","guid":{"rendered":"https:\/\/agora.xtec.cat\/ifp-alguero\/?page_id=4397"},"modified":"2025-10-03T15:17:06","modified_gmt":"2025-10-03T13:17:06","slug":"complecio-destudis-que-sextingueixen","status":"publish","type":"page","link":"https:\/\/agora.xtec.cat\/ifp-alguero\/estudis\/complecio-destudis-que-sextingueixen\/","title":{"rendered":"Compleci\u00f3 d&#8217;estudis d&#8217;FP que s&#8217;extingueixen"},"content":{"rendered":"<p>A partir de l&#8217;<a href=\"https:\/\/dogc.gencat.cat\/ca\/document-del-dogc\/?documentId=911393\">Ordre EDU\/186\/2021, de 23 de setembre<\/a>, es modifiquen diversos decrets i ordres pels quals s&#8217;estableixen els nous curr\u00edculums dels cicles formatius de formaci\u00f3 professional inicial. Aquesta modificaci\u00f3 dels curr\u00edculums comportar\u00e0 l&#8217;extinci\u00f3 d&#8217;alguns t\u00edtols i plans d&#8217;estudis, en un per\u00edode curt de temps,<\/p>\n<p>Posteriorment s&#8217;ha publicat l&#8217;<a href=\"https:\/\/dogc.gencat.cat\/ca\/document-del-dogc\/?documentId=1014456\">Ordre EDF\/74\/2025, de 15 de maig<\/a>, la qual preveu que al curs 2025-2026 ja no s&#8217;impartir\u00e0n el cursos de l&#8217;anterior pla d&#8217;estudis (curr\u00edculums &#8220;vells&#8221;). Per aquests plans d&#8217;estudis, durant dos cursos, nom\u00e9s hi haur\u00e0 proves d\u2019avaluaci\u00f3, al novembre i a l\u2019abril, i si no s&#8217;aproven totes les UFs pendents, s&#8217;haur\u00e0 de passar al nou pla d&#8217;estudis (curr\u00edculums &#8220;nous&#8221;).<\/p>\n<p><strong>Informem a tot l\u2019alumnat i ex-alumnat del centre amb m\u00f2duls i\/o unitats formatives pendents dels cicles formatius LOE extingits que s\u2019hauran de matricular per poder optar a la convocat\u00f2ria d\u2019ex\u00e0mens extraordinaris de compleci\u00f3. Caldr\u00e0 emplenar la matr\u00edcula per m\u00f2duls i\/o unitats formatives pendents. Aviat publicarem les dates i els procediments concrets. Estem pendents que es publiquin oficialment els preus p\u00fablics per a la matr\u00edcula de compleci\u00f3.<\/strong><\/p>\n<p>&nbsp;<\/p>\n<h2><strong>Qu\u00e8 \u00e9s el proc\u00e9s de compleci\u00f3 d\u2019estudis?<\/strong><\/h2>\n<p>\u00c9s el procediment establert per l\u2019administraci\u00f3 per completar els ensenyaments de formaci\u00f3 professional que s\u2019extingeixen. Es poden completar els estudis durant els dos cursos seg\u00fcents a l\u2019extinci\u00f3.<\/p>\n<p>En el cas del nostre Institut estan afectats els seg\u00fcents cicles formatius:<\/p>\n<ul>\n<li style=\"list-style-type: none;\">\n<ul style=\"list-style-type: disc;\">\n<li>CFPM Impressi\u00f3 Gr\u00e0fica<\/li>\n<li>CFPM Postimpressi\u00f3 i Acabats Gr\u00e0fics<\/li>\n<li>CFPM Preimpressi\u00f3 Digital<\/li>\n<li>CFAM Assist\u00e8ncia al Producte Gr\u00e0fic Interactiu<\/li>\n<li>CFPS Disseny i Edici\u00f3 de Publicacions Impreses i Multim\u00e8dia<\/li>\n<li>CFPS Disseny i Gesti\u00f3 de la Producci\u00f3 Gr\u00e0fica<\/li>\n<li>CFAS Gr\u00e0fica Publicit\u00e0ria<\/li>\n<\/ul>\n<\/li>\n<\/ul>\n<p dir=\"ltr\"><b>Est\u00e0 afectat tot l\u2019alumnat que hagi cursat aquests cicles formatius fins al 2n curs del 2024-2025.<\/b><br \/>\nNo est\u00e0 afectat l\u2019alumnat que ha cursat el 1r curs al 2024-2025, ja que aquest s\u2019ha cursat en el nou pla d\u2019estudis.<\/p>\n<p dir=\"ltr\">Per tal de facilitar que l\u2019alumnat que no ha superat els estudis del pla antic que s\u2019extingeixen, s\u2019engega el procediment de COMPLECI\u00d3.<\/p>\n<p dir=\"ltr\">L&#8217;alumnat que no ha finalitzat aquests estudis al curs 2024-2025 en el pla antic t\u00e9 dues opcions:<\/p>\n<h5 dir=\"ltr\">1a opci\u00f3<br \/>\n<strong>Canviar-se al pla d\u2019estudis nou<\/strong><\/h5>\n<p dir=\"ltr\" style=\"padding-left: 40px;\">L&#8217;alumne\/a es matricular\u00e0 de segon curs del nou pla d\u2019estudis i haur\u00e0 de cursar tots els m\u00f2duls professionals que li quedin per superar, segons el nou pla d&#8217;estudis, per finalitzar el cicle formatiu.<br \/>\nAls m\u00f2duls professionals del nou pla d\u2019estudis en el que es matricula i que ja ha superat en el pla d\u2019estudis en extinci\u00f3, se li traslladar\u00e0 la qualificaci\u00f3 i se li aplicaran les convalidacions establertes per a la resta de m\u00f2duls professionals.<\/p>\n<h5 dir=\"ltr\">2a opci\u00f3<br \/>\n<strong>Inscriure\u2019s en el proc\u00e9s de compleci\u00f3<\/strong><\/h5>\n<p dir=\"ltr\" style=\"padding-left: 40px;\">L&#8217;alumnat que s\u2019inscrigui en el proc\u00e9s de compleci\u00f3 haur\u00e0 de presentar-se a la prova d\u2019avaluaci\u00f3 presencial els dies que s&#8217;estableixin a les dues convocat\u00f2ries (al novembre i abril).<br \/>\nL\u2019instrument d\u2019avaluaci\u00f3 utilitzat en la prova d&#8217;avaluaci\u00f3 l\u2019establir\u00e0 l\u2019equip docent i pot consistir en una prova escrita, una prova pr\u00e0ctica, la presentaci\u00f3 i defensa d\u2019un projecte, una simulaci\u00f3 o altres, i es realitzar\u00e0 el dia establert.<br \/>\nEl centre podr\u00e0 programar activitats presencials puntuals per a l\u2019alumnat que es presenti a les proves d\u2019avaluaci\u00f3 i que formaran part d\u2019aquestes.<br \/>\nD&#8217;altra banda, la inscripci\u00f3 en el proc\u00e9s de compleci\u00f3, un cop extingit el pla d\u2019estudis del cicle formatiu, no d\u00f3na dret a assistir a les classes presencials dels m\u00f2duls professionals del nou pla d\u2019estudis.<br \/>\nPer altra banda, la inscripci\u00f3 per completar el m\u00f2dul professional de Formaci\u00f3 en Centres de Treball (FCT) es podr\u00e0 fer en qualsevol moment del per\u00edode de compleci\u00f3.<\/p>\n<p>\u00a0<span style=\"color: #ffffff;\">.<\/span><\/p>\n<h2><strong>Com formalitzar la matr\u00edcula de compleci\u00f3?<\/strong><\/h2>\n<p><strong>\u00c9s important saber que l&#8217;alumnat que, amb anterioritat, hagi estat escolaritzat en aquests estudis que s&#8217;extingeixen, s&#8217;ha d&#8217;inscriure en el mateix centre en el qual va formalitzar la darrera matr\u00edcula en l&#8217;ensenyament. En el cas de l&#8217;alumnat de l&#8217;Institut Esteve Terradas i Illa <\/strong><strong>de Cornell\u00e0 (on l&#8217;especialitat d&#8217;Arts gr\u00e0fiques \u00e9s extinta), l&#8217;IFP Antoni Alguer\u00f3 \u00e9s el centre en el qual s&#8217;ha de matricular, ja que custodia el seu expedient acad\u00e8mic.\u00a0<\/strong><\/p>\n<div><\/div>\n<div>\n<p dir=\"ltr\">Al <u>mes de setembre<\/u> s&#8217;iniciar\u00e0 el proc\u00e9s de matr\u00edcula de compleci\u00f3 i <u>caldr\u00e0 escollir una de les dues opcions<\/u>:<\/p>\n<div>\n<ul>\n<li style=\"list-style-type: none;\">\n<ul style=\"list-style-type: disc;\">\n<li>\n<h5><strong>Canviar-se al pla d\u2019estudis nou<\/strong><br \/>\n<span style=\"font-family: inherit; font-size: 1em; font-weight: normal;\">Aix\u00f2 implica que comenci el curs el 12 de setembre, amb assist\u00e8ncia a les classes dels m\u00f2duls matriculats.<\/span><\/h5>\n<\/li>\n<li dir=\"ltr\" role=\"presentation\">\n<h5><strong>Inscriure\u2019s en el proc\u00e9s de compleci\u00f3<\/strong><br \/>\n<span style=\"font-family: inherit; font-size: 1em; font-weight: normal;\">No permet assistir a les classes, nom\u00e9s a les activitats presencials puntuals per a l\u2019alumnat que es presenti a les proves d\u2019avaluaci\u00f3 i que formaran part d\u2019aquestes.<\/span><\/h5>\n<\/li>\n<\/ul>\n<\/li>\n<\/ul>\n<\/div>\n<p dir=\"ltr\" style=\"padding-left: 40px;\">L&#8217;alumnat que s\u2019inscrigui en el proc\u00e9s de compleci\u00f3 haur\u00e0 de presentar-se a la prova d\u2019avaluaci\u00f3 presencial els dies que s&#8217;estableixin a les dues convocat\u00f2ries (al novembre i abril).<\/p>\n<p dir=\"ltr\" style=\"padding-left: 40px;\"><strong>Inscripci\u00f3 de l&#8217;1 al 15 d&#8217;octubre.<\/strong> Permet participar en les convocat\u00f2ries de novembre i d&#8217;abril.<\/p>\n<p dir=\"ltr\" style=\"padding-left: 40px;\"><strong>Inscripci\u00f3 de l&#8217;1 al 15 de mar\u00e7.<\/strong> Permet participar en la convocat\u00f2ria d&#8217;abril.<\/p>\n<\/div>\n<div style=\"padding-left: 40px;\">\n<div style=\"padding-left: 40px;\">\n<div style=\"padding-left: 40px;\">\n<div style=\"padding-left: 40px;\">\u00a0<span style=\"color: #ffffff;\">.<\/span><\/div>\n<\/div>\n<\/div>\n<\/div>\n<h3><strong><span style=\"color: #ff0000;\">Per rebre informaci\u00f3 concreta del proc\u00e9s de matr\u00edcula de compleci\u00f3, envieu un correu electr\u00f2nic a <span style=\"text-decoration: underline;\"><span style=\"color: #333333; text-decoration: underline;\">matricula@ifp-alguero.org<\/span><\/span><\/span><\/strong><\/h3>\n<p>&nbsp;<\/p>\n","protected":false},"excerpt":{"rendered":"<p>A partir de l&#8217;<a href=\"https:\/\/dogc.gencat.cat\/ca\/document-del-dogc\/?documentId=911393\">Ordre EDU\/186\/2021, de 23 de setembre<\/a>, es modifiquen diversos decrets i ordres pels quals s&#8217;estableixen els nous curr\u00edculums dels cicles formatius de formaci\u00f3 professional inicial. Aquesta modificaci\u00f3 dels curr\u00edculums comportar\u00e0 l&#8217;extinci\u00f3 d&#8217;alguns t\u00edtols i plans d&#8217;estudis, en un per\u00edode curt de&hellip;  <a href=\"https:\/\/agora.xtec.cat\/ifp-alguero\/estudis\/complecio-destudis-que-sextingueixen\/\" title=\"Read Compleci\u00f3 d&#8217;estudis d&#8217;FP que s&#8217;extingueixen\">Llegeix m\u00e9s\u00bb<\/a><\/p>\n","protected":false},"author":1,"featured_media":0,"parent":195,"menu_order":0,"comment_status":"closed","ping_status":"closed","template":"","meta":{"_bbp_topic_count":0,"_bbp_reply_count":0,"_bbp_total_topic_count":0,"_bbp_total_reply_count":0,"_bbp_voice_count":0,"_bbp_anonymous_reply_count":0,"_bbp_topic_count_hidden":0,"_bbp_reply_count_hidden":0,"_bbp_forum_subforum_count":0,"footnotes":""},"class_list":["post-4397","page","type-page","status-publish","hentry"],"post_mailing_queue_ids":[],"_links":{"self":[{"href":"https:\/\/agora.xtec.cat\/ifp-alguero\/wp-json\/wp\/v2\/pages\/4397","targetHints":{"allow":["GET"]}}],"collection":[{"href":"https:\/\/agora.xtec.cat\/ifp-alguero\/wp-json\/wp\/v2\/pages"}],"about":[{"href":"https:\/\/agora.xtec.cat\/ifp-alguero\/wp-json\/wp\/v2\/types\/page"}],"author":[{"embeddable":true,"href":"https:\/\/agora.xtec.cat\/ifp-alguero\/wp-json\/wp\/v2\/users\/1"}],"replies":[{"embeddable":true,"href":"https:\/\/agora.xtec.cat\/ifp-alguero\/wp-json\/wp\/v2\/comments?post=4397"}],"version-history":[{"count":6,"href":"https:\/\/agora.xtec.cat\/ifp-alguero\/wp-json\/wp\/v2\/pages\/4397\/revisions"}],"predecessor-version":[{"id":4399,"href":"https:\/\/agora.xtec.cat\/ifp-alguero\/wp-json\/wp\/v2\/pages\/4397\/revisions\/4399"}],"up":[{"embeddable":true,"href":"https:\/\/agora.xtec.cat\/ifp-alguero\/wp-json\/wp\/v2\/pages\/195"}],"wp:attachment":[{"href":"https:\/\/agora.xtec.cat\/ifp-alguero\/wp-json\/wp\/v2\/media?parent=4397"}],"curies":[{"name":"wp","href":"https:\/\/api.w.org\/{rel}","templated":true}]}}