{"id":43,"date":"2014-09-17T16:45:07","date_gmt":"2014-09-17T16:45:07","guid":{"rendered":"http:\/\/agora.xtec.cat\/ifp-alguero\/?page_id=43"},"modified":"2026-03-19T13:52:24","modified_gmt":"2026-03-19T12:52:24","slug":"consell-escolar","status":"publish","type":"page","link":"https:\/\/agora.xtec.cat\/ifp-alguero\/linstitut\/consell-escolar\/","title":{"rendered":"Consell escolar del centre"},"content":{"rendered":"<p>El consell escolar del centre \u00e9s l&#8217;\u00f2rgan col\u00b7legiat de participaci\u00f3 de la comunitat escolar en el govern del centre. En el consell escolar del centre hi ha representats tots els col\u00b7lectius que intervenen en la comunitat educativa: director o directora, professorat, alumnes i personal d&#8217;administraci\u00f3 i serveis.<\/p>\n<p>En els centres p\u00fablics, la funci\u00f3 principal del consell escolar del centre \u00e9s participar en la presa de decisions en relaci\u00f3 amb aquells temes importants per al funcionament i l&#8217;organitzaci\u00f3 del centre: el projecte educatiu, la programaci\u00f3 general, la gesti\u00f3 econ\u00f2mica, etc.<\/p>\n<p>Els membres del consell escolar del centre s\u00f3n elegits per un per\u00edode de quatre anys i es renoven per meitats cada dos anys.<\/p>\n<p>Segons la normativa vigent i la RESOLUCI\u00d3 EDU\/3043\/2021, de 6 d\u2019octubre, s&#8217;estableix el calendari i el r\u00e8gim del proc\u00e9s electoral per renovar els membres dels consells escolars dels centres p\u00fablics i privats sostinguts amb fons p\u00fablics.<\/p>\n<p>&nbsp;<\/p>\n<p><a href=\"https:\/\/agora.xtec.cat\/ifp-alguero\/wp-content\/uploads\/usu2575\/2026\/01\/alguero-eleccions-consell-escolar-2025-sector-families.jpg\"><img loading=\"lazy\" decoding=\"async\" class=\"alignnone size-full wp-image-5039\" src=\"https:\/\/agora.xtec.cat\/ifp-alguero\/wp-content\/uploads\/usu2575\/2026\/01\/alguero-eleccions-consell-escolar-2025-sector-families.jpg\" alt=\"\" width=\"1024\" height=\"540\" srcset=\"https:\/\/agora.xtec.cat\/ifp-alguero\/wp-content\/uploads\/usu2575\/2026\/01\/alguero-eleccions-consell-escolar-2025-sector-families.jpg 1024w, https:\/\/agora.xtec.cat\/ifp-alguero\/wp-content\/uploads\/usu2575\/2026\/01\/alguero-eleccions-consell-escolar-2025-sector-families-300x158.jpg 300w, https:\/\/agora.xtec.cat\/ifp-alguero\/wp-content\/uploads\/usu2575\/2026\/01\/alguero-eleccions-consell-escolar-2025-sector-families-768x405.jpg 768w\" sizes=\"auto, (max-width: 1024px) 100vw, 1024px\" \/><\/a><\/p>\n<p>Moment en qu\u00e8 una mare participa a les eleccions del Consell Escolar (20\/11\/2025).<\/p>\n<p>&nbsp;<\/p>\n<h3>Membres del consell escolar de centre al curs 2025-2026<\/h3>\n<ul>\n<li style=\"list-style-type: none;\">\n<ul>\n<li style=\"list-style-type: none;\">\n<ul>\n<li>Directora, M. Immaculada Font i Potrony<\/li>\n<li>Cap d\u2019estudis, Carlos Baeta Olaria<\/li>\n<li>Representant de l&#8217;Ajuntament, Just Fosalva Sanjuan<\/li>\n<li>Representant del professorat, Gabriel \u00c0ngel Bau\u00e7\u00e0 Ripoll<\/li>\n<li>Representant del professorat, S\u00edlvia Cot Jordana<\/li>\n<li>Representant del professorat, Marc Gras Vilarrubla<\/li>\n<li>Representant del professorat, Al\u00edcia Moliner Lizondo<\/li>\n<li>Representant del professorat, M\u00f3nica P\u00e9rez Castillejo<\/li>\n<li>Representant de l\u2019alumnat, Marc Olmo Pastor<\/li>\n<li>Representant de l\u2019alumnat, Paola Andreina P\u00e9rez V\u00e1zquez<\/li>\n<li>Representant de l\u2019alumnat, Aran Serrano Vicente<\/li>\n<li>Representant de l\u2019alumnat, Luc\u00eda Tom\u00e9 Jim\u00e9nez<\/li>\n<li>Representant de les fam\u00edlies, Mar\u00eda de las Mercedes Arranz Uribarrena<\/li>\n<li>Representant del PAS, Laura Corral Pag\u00e9s<\/li>\n<li>Secretari, Gon\u00e7al Roca Gonz\u00e1lez<\/li>\n<\/ul>\n<\/li>\n<\/ul>\n<\/li>\n<\/ul>\n<h3><\/h3>\n<p>&nbsp;<\/p>\n<h3>Eleccions al consell escolar de centre 2025<\/h3>\n<p>Al llarg del mes de novembre es duen a terme les eleccions per a la renovaci\u00f3 parcial dels Consells Escolars dels centres educatius no universitaris sufragats amb fons p\u00fablics, dependents del Departament d\u2019Educaci\u00f3 i Formaci\u00f3 Professional de Catalunya. El proc\u00e9s s\u2019adequa d\u2019acord al que queda establert a la\u00a0<a href=\"https:\/\/dogc.gencat.cat\/ca\/document-del-dogc\/?documentId=1019019\">Resoluci\u00f3 EDF\/2520\/2025<\/a>, de 30 de juny.<\/p>\n<p>Consulta la informaci\u00f3 en aquest <a href=\"https:\/\/agora.xtec.cat\/ifp-alguero\/general\/eleccions-al-consell-escolar-2025\/\">enlla\u00e7<\/a>.<\/p>\n<h3><\/h3>\n<p>&nbsp;<\/p>\n<h3>Membres del consell escolar de centre al curs 2022-2023<\/h3>\n<ul>\n<li style=\"list-style-type: none;\">\n<ul>\n<li style=\"list-style-type: none;\">\n<ul>\n<li>M. Immaculada Font Potrony, directora del centre i presidenta del consell escolar de centre.<\/li>\n<li>Carlos Baeta Olaira, cap d\u2019estudis.<\/li>\n<li>Gon\u00e7al Roca Gonz\u00e1lez, secretari (amb veu per\u00f2 sense vot).<\/li>\n<li>Just Fosalva Sanjuan, representant de l\u2019Ajuntament.<\/li>\n<li>Toni Buenadicha Rodr\u00edguez, representant del professorat.<\/li>\n<li>Emiliano Cacho Subirats, representant del professorat.<\/li>\n<li>Laura Mind\u00e1n Sanz, representant del professorat.<\/li>\n<li>Al\u00edcia Moliner Lizondo, representant del professorat.<\/li>\n<li>Merc\u00e8 Barnadas, representant del professorat.<\/li>\n<li>Alba Bravo Hurtado, representant de l&#8217;alumnat.<\/li>\n<li>\u00d3scar Ceballos Cano, representant de l&#8217;alumnat.<\/li>\n<li>Montserrat Ram\u00edrez R\u00f3denas, representant de l&#8217;alumnat.<\/li>\n<\/ul>\n<\/li>\n<\/ul>\n<\/li>\n<\/ul>\n<h3><\/h3>\n<p>&nbsp;<\/p>\n<h3>Curs 2021-2022<\/h3>\n<p>El consell escolar del centre \u00e9s l&#8217;\u00f2rgan col\u00b7legiat de participaci\u00f3 de la comunitat escolar en el govern del centre. En el consell escolar del centre hi ha representats tots els col\u00b7lectius que intervenen en la comunitat educativa: director o directora, professorat, alumnes i personal d&#8217;administraci\u00f3 i serveis.<\/p>\n<p>En els centres p\u00fablics, la funci\u00f3 principal del consell escolar del centre \u00e9s participar en la presa de decisions en relaci\u00f3 amb aquells temes importants per al funcionament i l&#8217;organitzaci\u00f3 del centre: el projecte educatiu, la programaci\u00f3 general, la gesti\u00f3 econ\u00f2mica, etc.<\/p>\n<p>Els membres del consell escolar del centre s\u00f3n elegits per un per\u00edode de quatre anys i es renoven per meitats cada dos anys.<\/p>\n<p>Segons la normativa vigent i la RESOLUCI\u00d3 EDU\/3043\/2021, de 6 d\u2019octubre, s&#8217;estableix el calendari i el r\u00e8gim del proc\u00e9s electoral per renovar els membres dels consells escolars dels centres p\u00fablics i privats sostinguts amb fons p\u00fablics.<\/p>\n<p>Donat que l\u2019IFP Antoni Alguer\u00f3 \u00e9s un centre de nova creaci\u00f3, cal elegir a tots els membres elegibles del consell escolar del centre.<\/p>\n<p>&nbsp;<\/p>\n<h5>Composici\u00f3 del consell escolar de l\u2019IFP Antoni Alguer\u00f3<\/h5>\n<ul>\n<li style=\"list-style-type: none;\">\n<ul>\n<li style=\"list-style-type: none;\">\n<ul>\n<li style=\"list-style-type: none;\">\n<ul style=\"list-style-type: disc;\">\n<li>La directora del centre, que n\u2019\u00e9s la presidenta.<\/li>\n<li>El cap d\u2019estudis.<\/li>\n<li>El secretari (amb veu per\u00f2 sense vot)<\/li>\n<li>1 representant de l\u2019Ajuntament<\/li>\n<li>5 professors\/es elegits pel Claustre<\/li>\n<li>2 alumnes de CFGS elegits entre ells<\/li>\n<li>2 alumnes de CFGM elegits entre ells<\/li>\n<li>1 pare, mare o tutor\/a legal de l\u2019alumnat menor d\u2019edat matriculat al centre, elegits entre ells.<\/li>\n<li>1 representant del personal d\u2019administraci\u00f3 i serveis (PAS)<\/li>\n<\/ul>\n<\/li>\n<\/ul>\n<\/li>\n<\/ul>\n<\/li>\n<\/ul>\n<p style=\"padding-left: 80px;\">TOTAL= 15 membres del consell escolar de centre<\/p>\n<p style=\"padding-left: 40px;\">D\u2019acord amb la normativa vigent tots ells han de ser elegits per cadascun dels sectors corresponents a excepci\u00f3 de la directora, el cap d\u2019estudis, el secretari del centre i el representant de l&#8217;Ajuntament.<\/p>\n<p>&nbsp;<\/p>\n<h3>Eleccions al consell escolar de centre 2021<\/h3>\n<p style=\"padding-left: 40px;\">Els membres del consell escolar del centre s\u00f3n escollits per quatre anys. Cada dos anys es renova la meitat dels membres representants de cada sector.<\/p>\n<p style=\"padding-left: 40px;\">Les votacions al consell escolar del centre es van realitzar els dies:<\/p>\n<ul>\n<li style=\"list-style-type: none;\">\n<ul>\n<li style=\"list-style-type: none;\">\n<ul>\n<li style=\"list-style-type: none;\">\n<ul style=\"list-style-type: disc;\">\n<li>Sector professorat: dimecres 24 de novembre, amb un 92% de participaci\u00f3.<\/li>\n<li>Sector alumnat: dijous 25 de novembre, amb un 57% de participaci\u00f3.<\/li>\n<li>Sector pares \/ mares \/ tutors legals: dijous 25 de novembre, amb un 0% de participaci\u00f3.<\/li>\n<li>Sector PAS: dijous 25 de novembre, amb un 100% de participaci\u00f3.<\/li>\n<\/ul>\n<\/li>\n<\/ul>\n<\/li>\n<\/ul>\n<\/li>\n<\/ul>\n<p style=\"padding-left: 40px;\">El resultat d\u2019aquestes eleccions va ser (ordenats per ordre de vots):<\/p>\n<ul>\n<li style=\"list-style-type: none;\">\n<ul>\n<li style=\"list-style-type: none;\">\n<ul>\n<li style=\"list-style-type: none;\">\n<ul style=\"list-style-type: disc;\">\n<li>Sector professorat: Jordi Mora Cabistany, Laura Mind\u00e1n Sanz, Al\u00edcia Moliner Lizondo, Emiliano Cacho Subirats i Toni Buenadicha Rodr\u00edguez.<\/li>\n<li>Sector alumnat: \u00d3scar Ceballos Cano, Alba Bravo Hurtado i Montserrat Ram\u00edrez R\u00f3denas.<\/li>\n<li>Sector pares: desert<\/li>\n<li>Sector PAS: Guillermo Mart\u00edn.<\/li>\n<\/ul>\n<\/li>\n<\/ul>\n<\/li>\n<\/ul>\n<\/li>\n<\/ul>\n<p>&nbsp;<\/p>\n","protected":false},"excerpt":{"rendered":"<p>El consell escolar del centre \u00e9s l&#8217;\u00f2rgan col\u00b7legiat de participaci\u00f3 de la comunitat escolar en el govern del centre. En el consell escolar del centre hi ha representats tots els col\u00b7lectius que intervenen en la comunitat educativa: director o directora, professorat, alumnes i personal d&#8217;administraci\u00f3&hellip;  <a href=\"https:\/\/agora.xtec.cat\/ifp-alguero\/linstitut\/consell-escolar\/\" title=\"Read Consell escolar del centre\">Llegeix m\u00e9s\u00bb<\/a><\/p>\n","protected":false},"author":1,"featured_media":0,"parent":19,"menu_order":4,"comment_status":"closed","ping_status":"closed","template":"page-templates\/side-menu.php","meta":{"_bbp_topic_count":0,"_bbp_reply_count":0,"_bbp_total_topic_count":0,"_bbp_total_reply_count":0,"_bbp_voice_count":0,"_bbp_anonymous_reply_count":0,"_bbp_topic_count_hidden":0,"_bbp_reply_count_hidden":0,"_bbp_forum_subforum_count":0,"footnotes":""},"class_list":["post-43","page","type-page","status-publish","hentry"],"post_mailing_queue_ids":[],"_links":{"self":[{"href":"https:\/\/agora.xtec.cat\/ifp-alguero\/wp-json\/wp\/v2\/pages\/43","targetHints":{"allow":["GET"]}}],"collection":[{"href":"https:\/\/agora.xtec.cat\/ifp-alguero\/wp-json\/wp\/v2\/pages"}],"about":[{"href":"https:\/\/agora.xtec.cat\/ifp-alguero\/wp-json\/wp\/v2\/types\/page"}],"author":[{"embeddable":true,"href":"https:\/\/agora.xtec.cat\/ifp-alguero\/wp-json\/wp\/v2\/users\/1"}],"replies":[{"embeddable":true,"href":"https:\/\/agora.xtec.cat\/ifp-alguero\/wp-json\/wp\/v2\/comments?post=43"}],"version-history":[{"count":7,"href":"https:\/\/agora.xtec.cat\/ifp-alguero\/wp-json\/wp\/v2\/pages\/43\/revisions"}],"predecessor-version":[{"id":5040,"href":"https:\/\/agora.xtec.cat\/ifp-alguero\/wp-json\/wp\/v2\/pages\/43\/revisions\/5040"}],"up":[{"embeddable":true,"href":"https:\/\/agora.xtec.cat\/ifp-alguero\/wp-json\/wp\/v2\/pages\/19"}],"wp:attachment":[{"href":"https:\/\/agora.xtec.cat\/ifp-alguero\/wp-json\/wp\/v2\/media?parent=43"}],"curies":[{"name":"wp","href":"https:\/\/api.w.org\/{rel}","templated":true}]}}