{"id":4092,"date":"2025-03-10T15:35:40","date_gmt":"2025-03-10T14:35:40","guid":{"rendered":"https:\/\/agora.xtec.cat\/ifp-alguero\/?page_id=4092"},"modified":"2026-04-09T16:15:03","modified_gmt":"2026-04-09T14:15:03","slug":"politica-de-qualitat","status":"publish","type":"page","link":"https:\/\/agora.xtec.cat\/ifp-alguero\/linstitut\/politica-de-qualitat\/","title":{"rendered":"Pol\u00edtica de qualitat"},"content":{"rendered":"<p>L\u2019Institut de Formaci\u00f3 Professional Antoni Alguer\u00f3 vol respondre amb efic\u00e0cia a les necessitats i requisits de tota la comunitat educativa i tamb\u00e9 de l\u2019administraci\u00f3. Per aquest motiu entra a formar part del <strong>Projecte de Qualitat i Millora Cont\u00ednua (PQiMC)<\/strong> del <a href=\"https:\/\/educacio.gencat.cat\/ca\/inici\/index.html\" target=\"_blank\" rel=\"noopener\">Departament d\u2019Educaci\u00f3<\/a> el setembre del 2022, amb l\u2019objectiu de dissenyar i implementar un sistema de gesti\u00f3 per processos basat en la norma <strong>ISO 9001<\/strong>, que cerca la qualitat i la millora cont\u00ednua de l\u2019ensenyament, assolint la certificaci\u00f3 de la norma ISO 9001 aplicada als ensenyaments de Formaci\u00f3 Professional de Cicles Formatius de Grau Mitj\u00e0, Grau Superior i els Programes de Formaci\u00f3 i Inserci\u00f3, \u00e9s a dir, la totalitat dels ensenyaments reglats que s&#8217;imparteixen al nostre centre, el maig de 2025.<\/p>\n<p>La direcci\u00f3 del centre assumeix el comprom\u00eds amb la qualitat, ent\u00e9n que afecta a tota l\u2019organitzaci\u00f3 i a tota la comunitat educativa, n\u2019accepta el repte i assumeix la responsabilitat de participar activament en la seva creaci\u00f3, desenvolupament i millora. Sempre sota els principis definits d\u2019acord amb la normativa vigent, els objectius i les necessitats que es vagin detectant.<\/p>\n<p>La revisi\u00f3 permanent del sistema de gesti\u00f3 \u00e9s imprescindible per assegurar-ne l\u2019adequaci\u00f3, per la qual cosa s\u2019establiran objectius de qualitat anuals que persegueixin complir la missi\u00f3 del centre, assolir la seva visi\u00f3 i difondre els valors establerts en el PEC. Aquests objectius es recullen anualment a la PGA i s\u2019avaluaran al final de cada curs, essent reflectits a la Mem\u00f2ria anual del centre.<\/p>\n<p><a href=\"https:\/\/agora.xtec.cat\/ifp-alguero\/wp-content\/uploads\/usu2575\/2026\/04\/IFP-Antoni-Alguero-Certificat-Qualitat.pdf\" target=\"_blank\" rel=\"noopener\">Diploma de Certificaci\u00f3 ISO 9001:2015 per Bureau Veritas Iberia S.L.<\/a><\/p>\n<p>Maig 2025<\/p>\n","protected":false},"excerpt":{"rendered":"<p>L\u2019Institut de Formaci\u00f3 Professional Antoni Alguer\u00f3 vol respondre amb efic\u00e0cia a les necessitats i requisits de tota la comunitat educativa i tamb\u00e9 de l\u2019administraci\u00f3. Per aquest motiu entra a formar part del Projecte de Qualitat i Millora Cont\u00ednua (PQiMC) del <a href=\"https:\/\/educacio.gencat.cat\/ca\/inici\/index.html\" target=\"_blank\" rel=\"noopener\">Departament d\u2019Educaci\u00f3<\/a>&hellip;  <a href=\"https:\/\/agora.xtec.cat\/ifp-alguero\/linstitut\/politica-de-qualitat\/\" title=\"Read Pol\u00edtica de qualitat\">Llegeix m\u00e9s\u00bb<\/a><\/p>\n","protected":false},"author":1,"featured_media":0,"parent":19,"menu_order":11,"comment_status":"closed","ping_status":"closed","template":"","meta":{"_bbp_topic_count":0,"_bbp_reply_count":0,"_bbp_total_topic_count":0,"_bbp_total_reply_count":0,"_bbp_voice_count":0,"_bbp_anonymous_reply_count":0,"_bbp_topic_count_hidden":0,"_bbp_reply_count_hidden":0,"_bbp_forum_subforum_count":0,"footnotes":""},"class_list":["post-4092","page","type-page","status-publish","hentry"],"post_mailing_queue_ids":[],"_links":{"self":[{"href":"https:\/\/agora.xtec.cat\/ifp-alguero\/wp-json\/wp\/v2\/pages\/4092","targetHints":{"allow":["GET"]}}],"collection":[{"href":"https:\/\/agora.xtec.cat\/ifp-alguero\/wp-json\/wp\/v2\/pages"}],"about":[{"href":"https:\/\/agora.xtec.cat\/ifp-alguero\/wp-json\/wp\/v2\/types\/page"}],"author":[{"embeddable":true,"href":"https:\/\/agora.xtec.cat\/ifp-alguero\/wp-json\/wp\/v2\/users\/1"}],"replies":[{"embeddable":true,"href":"https:\/\/agora.xtec.cat\/ifp-alguero\/wp-json\/wp\/v2\/comments?post=4092"}],"version-history":[{"count":6,"href":"https:\/\/agora.xtec.cat\/ifp-alguero\/wp-json\/wp\/v2\/pages\/4092\/revisions"}],"predecessor-version":[{"id":5166,"href":"https:\/\/agora.xtec.cat\/ifp-alguero\/wp-json\/wp\/v2\/pages\/4092\/revisions\/5166"}],"up":[{"embeddable":true,"href":"https:\/\/agora.xtec.cat\/ifp-alguero\/wp-json\/wp\/v2\/pages\/19"}],"wp:attachment":[{"href":"https:\/\/agora.xtec.cat\/ifp-alguero\/wp-json\/wp\/v2\/media?parent=4092"}],"curies":[{"name":"wp","href":"https:\/\/api.w.org\/{rel}","templated":true}]}}