{"id":4076,"date":"2025-02-23T17:46:37","date_gmt":"2025-02-23T16:46:37","guid":{"rendered":"https:\/\/agora.xtec.cat\/ifp-alguero\/?page_id=4076"},"modified":"2025-02-23T17:47:40","modified_gmt":"2025-02-23T16:47:40","slug":"carta-de-serveis-del-centre","status":"publish","type":"page","link":"https:\/\/agora.xtec.cat\/ifp-alguero\/serveis\/carta-de-serveis-del-centre\/","title":{"rendered":"Carta de serveis del centre"},"content":{"rendered":"<p>La carta de serveis d\u2019un centre educatiu, \u00e9s un document amb informaci\u00f3 d\u2019utilitat per a les persones usu\u00e0ries i la ciutadania en general, sobre els serveis i la unitat que els presta, els compromisos adquirits en termes d\u2019efic\u00e0cia i qualitat de la prestaci\u00f3, i els mecanismes de participaci\u00f3 de la ciutadania i de les persones usu\u00e0ries en la millora de la prestaci\u00f3.<\/p>\n<p>Aquesta Carta expressa la voluntat d\u2019aquest centre de treballar en el marc d\u2019una pol\u00edtica global de qualitat, i ajusta la prestaci\u00f3 dels seus serveis en funci\u00f3 dels recursos disponibles i, al mateix temps, proporciona informaci\u00f3 a fam\u00edlies, alumnat i societat en general sobre les activitats prestades i promou la seva col\u00b7laboraci\u00f3 i participaci\u00f3.<\/p>\n<p><a href=\"https:\/\/agora.xtec.cat\/ifp-alguero\/wp-content\/uploads\/usu2575\/2025\/02\/Carta-de-serveis_v0.pdf\">Acc\u00e9s al document PDF<\/a><\/p>\n","protected":false},"excerpt":{"rendered":"<p>La carta de serveis d\u2019un centre educatiu, \u00e9s un document amb informaci\u00f3 d\u2019utilitat per a les persones usu\u00e0ries i la ciutadania en general, sobre els serveis i la unitat que els presta, els compromisos adquirits en termes d\u2019efic\u00e0cia i qualitat de la prestaci\u00f3, i els&hellip;  <a href=\"https:\/\/agora.xtec.cat\/ifp-alguero\/serveis\/carta-de-serveis-del-centre\/\" title=\"Read Carta de serveis del centre\">Llegeix m\u00e9s\u00bb<\/a><\/p>\n","protected":false},"author":1,"featured_media":0,"parent":63,"menu_order":0,"comment_status":"closed","ping_status":"closed","template":"","meta":{"_bbp_topic_count":0,"_bbp_reply_count":0,"_bbp_total_topic_count":0,"_bbp_total_reply_count":0,"_bbp_voice_count":0,"_bbp_anonymous_reply_count":0,"_bbp_topic_count_hidden":0,"_bbp_reply_count_hidden":0,"_bbp_forum_subforum_count":0,"footnotes":""},"class_list":["post-4076","page","type-page","status-publish","hentry"],"post_mailing_queue_ids":[],"_links":{"self":[{"href":"https:\/\/agora.xtec.cat\/ifp-alguero\/wp-json\/wp\/v2\/pages\/4076","targetHints":{"allow":["GET"]}}],"collection":[{"href":"https:\/\/agora.xtec.cat\/ifp-alguero\/wp-json\/wp\/v2\/pages"}],"about":[{"href":"https:\/\/agora.xtec.cat\/ifp-alguero\/wp-json\/wp\/v2\/types\/page"}],"author":[{"embeddable":true,"href":"https:\/\/agora.xtec.cat\/ifp-alguero\/wp-json\/wp\/v2\/users\/1"}],"replies":[{"embeddable":true,"href":"https:\/\/agora.xtec.cat\/ifp-alguero\/wp-json\/wp\/v2\/comments?post=4076"}],"version-history":[{"count":2,"href":"https:\/\/agora.xtec.cat\/ifp-alguero\/wp-json\/wp\/v2\/pages\/4076\/revisions"}],"predecessor-version":[{"id":4080,"href":"https:\/\/agora.xtec.cat\/ifp-alguero\/wp-json\/wp\/v2\/pages\/4076\/revisions\/4080"}],"up":[{"embeddable":true,"href":"https:\/\/agora.xtec.cat\/ifp-alguero\/wp-json\/wp\/v2\/pages\/63"}],"wp:attachment":[{"href":"https:\/\/agora.xtec.cat\/ifp-alguero\/wp-json\/wp\/v2\/media?parent=4076"}],"curies":[{"name":"wp","href":"https:\/\/api.w.org\/{rel}","templated":true}]}}