{"id":3324,"date":"2024-05-27T12:03:54","date_gmt":"2024-05-27T10:03:54","guid":{"rendered":"https:\/\/agora.xtec.cat\/ifp-alguero\/?page_id=3324"},"modified":"2025-07-29T09:12:46","modified_gmt":"2025-07-29T07:12:46","slug":"publicacio-de-llistes-de-preinscripcio","status":"publish","type":"page","link":"https:\/\/agora.xtec.cat\/ifp-alguero\/publicacio-de-llistes-de-preinscripcio\/","title":{"rendered":"Publicaci\u00f3 de llistes de preinscripci\u00f3  pel curs 2025-2026"},"content":{"rendered":"<p>En aquesta p\u00e0gina s&#8217;anir\u00e0n publicant les llistes en cadascun dels processos de preinscripci\u00f3<\/p>\n<hr \/>\n<h2 class=\"NG-departament__title\"><strong>Programes de formaci\u00f3 i inserci\u00f3<\/strong><\/h2>\n<ul>\n<li style=\"list-style-type: none;\">\n<ul>\n<li>\n<h3><span style=\"color: #000000;\">PFI Auxiliar d&#8217;arts gr\u00e0fiques i serigrafia<\/span><\/h3>\n<\/li>\n<\/ul>\n<\/li>\n<\/ul>\n<p style=\"padding-left: 80px;\"><a href=\"https:\/\/agora.xtec.cat\/ifp-alguero\/wp-content\/uploads\/usu2575\/2025\/05\/2025-05-28-PFI-Publicacio-de-la-llista-de-sollicituds-que-han-demanat-el-centre-i-lensenyament-en-primera-peticio-amb-la-puntuacio-provisional-INFORME_BAREM_PROVISIONAL_BAREM.pdf\"><img loading=\"lazy\" decoding=\"async\" class=\"alignnone\" src=\"https:\/\/agora.xtec.cat\/ifp-alguero\/wp-content\/uploads\/usu2575\/2024\/05\/pdf.png\" alt=\"\" width=\"24\" height=\"24\" \/><\/a> <a href=\"https:\/\/agora.xtec.cat\/ifp-alguero\/wp-content\/uploads\/usu2575\/2025\/05\/2025-05-28-PFI-Publicacio-de-la-llista-de-sollicituds-que-han-demanat-el-centre-i-lensenyament-en-primera-peticio-amb-la-puntuacio-provisional-INFORME_BAREM_PROVISIONAL_BAREM.pdf\"><strong>PFI<\/strong> Llista de sol\u00b7licituds que han demanat el centre amb <strong>puntuaci\u00f3 provisional<\/strong> (28-05-2025)<br \/>\n<\/a><a href=\"https:\/\/agora.xtec.cat\/ifp-alguero\/wp-content\/uploads\/usu2575\/2025\/06\/20250606-PFI-Publicacio-de-la-llista-de-sollicituds-que-han-demanat-el-centre-i-lensenyament-en-primera-peticio-amb-la-puntuacio-resoltes-les-reclamacions.pdf\"><img loading=\"lazy\" decoding=\"async\" class=\"alignnone\" src=\"https:\/\/agora.xtec.cat\/ifp-alguero\/wp-content\/uploads\/usu2575\/2024\/05\/pdf.png\" alt=\"\" width=\"24\" height=\"24\" \/> <\/a><a href=\"https:\/\/agora.xtec.cat\/ifp-alguero\/wp-content\/uploads\/usu2575\/2025\/06\/20250606-PFI-Publicacio-de-la-llista-de-sollicituds-que-han-demanat-el-centre-i-lensenyament-en-primera-peticio-amb-la-puntuacio-resoltes-les-reclamacions.pdf\"><strong>PFI<\/strong> Llista de sol\u00b7licituds que han demanat el centre amb <strong>puntuaci\u00f3 resoltes les reclamacions<\/strong> (06-06-2025)<\/a><a href=\"https:\/\/agora.xtec.cat\/ifp-alguero\/wp-content\/uploads\/usu2575\/2025\/06\/20250606-PFI-Publicacio-de-la-llista-de-sollicituds-que-han-demanat-el-centre-i-lensenyament-en-primera-peticio-amb-la-puntuacio-resoltes-les-reclamacions.pdf\"><br \/>\n<\/a><a href=\"https:\/\/agora.xtec.cat\/ifp-alguero\/wp-content\/uploads\/usu2575\/2025\/06\/20250612-PFI-Publicacio-de-la-llista-de-sollicituds-que-han-demanat-el-centre-i-lensenyament-en-primera-peticio-ordenana-INFORME_BAREM_DEFINITIU_BAREM.pdf\"><img loading=\"lazy\" decoding=\"async\" class=\"alignnone\" src=\"https:\/\/agora.xtec.cat\/ifp-alguero\/wp-content\/uploads\/usu2575\/2024\/05\/pdf.png\" alt=\"\" width=\"24\" height=\"24\" \/> <\/a><a href=\"https:\/\/agora.xtec.cat\/ifp-alguero\/wp-content\/uploads\/usu2575\/2025\/06\/20250612-PFI-Publicacio-de-la-llista-de-sollicituds-que-han-demanat-el-centre-i-lensenyament-en-primera-peticio-ordenana-INFORME_BAREM_DEFINITIU_BAREM.pdf\"><strong>PFI<\/strong> Llista de sol\u00b7licituds que han demanat el centre <strong>en primera petici\u00f3 ordenada<\/strong>\u00a0(12-06-2025)<\/a><a href=\"https:\/\/agora.xtec.cat\/ifp-alguero\/wp-content\/uploads\/usu2575\/2025\/06\/20250606-PFI-Publicacio-de-la-llista-de-sollicituds-que-han-demanat-el-centre-i-lensenyament-en-primera-peticio-amb-la-puntuacio-resoltes-les-reclamacions.pdf\"><br \/>\n<\/a> <a href=\"https:\/\/agora.xtec.cat\/ifp-alguero\/wp-content\/uploads\/usu2575\/2025\/07\/20250704_PFI-Alumnat-assignat-al-centre.pdf\"><img loading=\"lazy\" decoding=\"async\" class=\"alignnone\" src=\"https:\/\/agora.xtec.cat\/ifp-alguero\/wp-content\/uploads\/usu2575\/2024\/05\/pdf.png\" alt=\"\" width=\"24\" height=\"24\" \/><\/a><a href=\"https:\/\/agora.xtec.cat\/ifp-alguero\/wp-content\/uploads\/usu2575\/2025\/07\/20250704_PFI-Alumnat-assignat-al-centre.pdf\"><strong> PFI<\/strong> Llista d&#8217;<strong>alumnat assignat al centre<\/strong> (04-07-2025)<\/a><\/p>\n<hr \/>\n<h2><strong>Formaci\u00f3 professional grau mitj\u00e0<\/strong><\/h2>\n<ul>\n<li style=\"list-style-type: none;\">\n<ul>\n<li>\n<h3><span style=\"color: #000000;\">CFPM Impressi\u00f3 gr\u00e0fica<\/span><\/h3>\n<\/li>\n<li>\n<h3><span style=\"color: #000000;\">CFPM Postimpressi\u00f3 i acabats gr\u00e0fics<\/span><\/h3>\n<\/li>\n<li>\n<h3><span style=\"color: #000000;\">CFPM Preimpressi\u00f3 digital<\/span><\/h3>\n<\/li>\n<\/ul>\n<\/li>\n<\/ul>\n<p style=\"padding-left: 80px;\"><a href=\"https:\/\/agora.xtec.cat\/ifp-alguero\/wp-content\/uploads\/usu2575\/2025\/06\/20250627_CFPM_Barem-lista-provisional.pdf\"><img loading=\"lazy\" decoding=\"async\" class=\"alignnone\" src=\"https:\/\/agora.xtec.cat\/ifp-alguero\/wp-content\/uploads\/usu2575\/2024\/05\/pdf.png\" alt=\"\" width=\"24\" height=\"24\" \/><\/a><a href=\"https:\/\/agora.xtec.cat\/ifp-alguero\/wp-content\/uploads\/usu2575\/2025\/06\/20250627_CFPM_Barem-lista-provisional.pdf\"><strong> CFPM<\/strong> Llista de sol\u00b7licituds que han demanat el centre amb <strong>puntuaci\u00f3 provisional<\/strong> (27-06-2025)<br \/>\n<\/a><a href=\"https:\/\/agora.xtec.cat\/ifp-alguero\/wp-content\/uploads\/usu2575\/2025\/07\/20250704_CFPM-INFORME_BAREM_RESOLTES_RECLAMACIONS.pdf\"><img loading=\"lazy\" decoding=\"async\" class=\"alignnone\" src=\"https:\/\/agora.xtec.cat\/ifp-alguero\/wp-content\/uploads\/usu2575\/2024\/05\/pdf.png\" alt=\"\" width=\"24\" height=\"24\" \/><\/a><a href=\"https:\/\/agora.xtec.cat\/ifp-alguero\/wp-content\/uploads\/usu2575\/2025\/07\/20250704_CFPM-INFORME_BAREM_RESOLTES_RECLAMACIONS.pdf\"><strong> CFPM<\/strong> Llista de sol\u00b7licituds que han demanat el centre amb <strong>puntuaci\u00f3 resoltes les reclamacions<\/strong> (04-07-2025)<\/a><a href=\"https:\/\/agora.xtec.cat\/ifp-alguero\/wp-content\/uploads\/usu2575\/2025\/06\/20250627_CFPM_Barem-lista-provisional.pdf\"><br \/>\n<\/a><a href=\"https:\/\/agora.xtec.cat\/ifp-alguero\/wp-content\/uploads\/usu2575\/2025\/07\/20250710_CFGM_AlumnatAssignatPrimeraTanda.pdf\"><img loading=\"lazy\" decoding=\"async\" class=\"alignnone\" src=\"https:\/\/agora.xtec.cat\/ifp-alguero\/wp-content\/uploads\/usu2575\/2024\/05\/pdf.png\" alt=\"\" width=\"24\" height=\"24\" \/><\/a><a href=\"https:\/\/agora.xtec.cat\/ifp-alguero\/wp-content\/uploads\/usu2575\/2025\/07\/20250710_CFGM_AlumnatAssignatPrimeraTanda.pdf\"><strong> CFPM<\/strong> Llista d&#8217;<strong>alumnat assignat en 1a tanda<\/strong> (10-07-2025)<\/a><a href=\"https:\/\/agora.xtec.cat\/ifp-alguero\/wp-content\/uploads\/usu2575\/2025\/06\/20250627_CFPM_Barem-lista-provisional.pdf\"><br \/>\n<\/a><a href=\"https:\/\/agora.xtec.cat\/ifp-alguero\/wp-content\/uploads\/usu2575\/2025\/07\/20250718_CFPM_Alumnes-assignats-al-centre-en-segona-tanda.pdf\"><img loading=\"lazy\" decoding=\"async\" class=\"alignnone\" src=\"https:\/\/agora.xtec.cat\/ifp-alguero\/wp-content\/uploads\/usu2575\/2024\/05\/pdf.png\" alt=\"\" width=\"24\" height=\"24\" \/><\/a><a href=\"https:\/\/agora.xtec.cat\/ifp-alguero\/wp-content\/uploads\/usu2575\/2025\/07\/20250718_CFPM_Alumnes-assignats-al-centre-en-segona-tanda.pdf\"><strong> CFPM<\/strong> Llista d&#8217;<strong>alumnat assignat en 2a tanda<\/strong> (18-07-2025)<\/a><a href=\"https:\/\/agora.xtec.cat\/ifp-alguero\/wp-content\/uploads\/usu2575\/2025\/06\/20250627_CFPM_Barem-lista-provisional.pdf\"><br \/>\n<\/a><a href=\"https:\/\/agora.xtec.cat\/ifp-alguero\/wp-content\/uploads\/usu2575\/2025\/07\/20250728_CFPM_Alumnes-assignats-al-centre-en-tercera-tanda.pdf\"><img loading=\"lazy\" decoding=\"async\" class=\"alignnone\" src=\"https:\/\/agora.xtec.cat\/ifp-alguero\/wp-content\/uploads\/usu2575\/2024\/05\/pdf.png\" alt=\"\" width=\"24\" height=\"24\" \/><\/a><a href=\"https:\/\/agora.xtec.cat\/ifp-alguero\/wp-content\/uploads\/usu2575\/2025\/07\/20250728_CFPM_Alumnes-assignats-al-centre-en-tercera-tanda.pdf\"><strong> CFPM<\/strong> Llista d&#8217;<strong>alumnat assignat en 3a tanda<\/strong> (28-07-2025)<\/a><\/p>\n<hr \/>\n<h2><strong>Formaci\u00f3 professional grau superior<\/strong><\/h2>\n<ul>\n<li style=\"list-style-type: none;\">\n<ul>\n<li>\n<h3><span style=\"color: #000000;\">CFPS Disseny i edici\u00f3 de publicacions impreses i multim\u00e8dia<\/span><\/h3>\n<\/li>\n<li>\n<h3><span style=\"color: #000000;\">CFPS Disseny i gesti\u00f3 de la producci\u00f3 gr\u00e0fica<\/span><\/h3>\n<\/li>\n<\/ul>\n<\/li>\n<\/ul>\n<p style=\"padding-left: 80px;\"><a href=\"https:\/\/agora.xtec.cat\/ifp-alguero\/wp-content\/uploads\/usu2575\/2025\/06\/20250627_CFPS_Barem-lista-provisional.pdf\"><img loading=\"lazy\" decoding=\"async\" class=\"alignnone\" src=\"https:\/\/agora.xtec.cat\/ifp-alguero\/wp-content\/uploads\/usu2575\/2024\/05\/pdf.png\" alt=\"\" width=\"24\" height=\"24\" \/><\/a><a href=\"https:\/\/agora.xtec.cat\/ifp-alguero\/wp-content\/uploads\/usu2575\/2025\/06\/20250627_CFPS_Barem-lista-provisional.pdf\"><strong> CFPS<\/strong>\u00a0Llista de sol\u00b7licituds que han demanat el centre amb <strong>puntuaci\u00f3 provisional<\/strong> (27-06-2025)<br \/>\n<\/a><a href=\"https:\/\/agora.xtec.cat\/ifp-alguero\/wp-content\/uploads\/usu2575\/2025\/07\/20250704_CFPS-INFORME_BAREM_RESOLTES_RECLAMACIONS.pdf\"><img loading=\"lazy\" decoding=\"async\" class=\"alignnone\" src=\"https:\/\/agora.xtec.cat\/ifp-alguero\/wp-content\/uploads\/usu2575\/2024\/05\/pdf.png\" alt=\"\" width=\"24\" height=\"24\" \/><\/a><a href=\"https:\/\/agora.xtec.cat\/ifp-alguero\/wp-content\/uploads\/usu2575\/2025\/07\/20250704_CFPS-INFORME_BAREM_RESOLTES_RECLAMACIONS.pdf\"><strong> CFPS<\/strong>\u00a0Llista de sol\u00b7licituds que han demanat el centre amb <strong>puntuaci\u00f3 resoltes les reclamacions<\/strong> (04-07-2025)<\/a><a href=\"https:\/\/agora.xtec.cat\/ifp-alguero\/wp-content\/uploads\/usu2575\/2025\/06\/20250627_CFPM_Barem-lista-provisional.pdf\"><br \/>\n<\/a><a href=\"https:\/\/agora.xtec.cat\/ifp-alguero\/wp-content\/uploads\/usu2575\/2025\/07\/20250710_CFGS_AlumnatAssignatsPrimeraTanda.pdf\"><img loading=\"lazy\" decoding=\"async\" class=\"alignnone\" src=\"https:\/\/agora.xtec.cat\/ifp-alguero\/wp-content\/uploads\/usu2575\/2024\/05\/pdf.png\" alt=\"\" width=\"24\" height=\"24\" \/><\/a><a href=\"https:\/\/agora.xtec.cat\/ifp-alguero\/wp-content\/uploads\/usu2575\/2025\/07\/20250710_CFGS_AlumnatAssignatsPrimeraTanda.pdf\"><strong> CFPS<\/strong>\u00a0Llista d&#8217;<strong>alumnat assignat en 1a tanda<\/strong> (10-07-2025)<\/a><a href=\"https:\/\/agora.xtec.cat\/ifp-alguero\/wp-content\/uploads\/usu2575\/2025\/06\/20250627_CFPM_Barem-lista-provisional.pdf\"><br \/>\n<\/a><a href=\"https:\/\/agora.xtec.cat\/ifp-alguero\/wp-content\/uploads\/usu2575\/2025\/07\/20250718_CFPS_Alumnes-assignats-al-centre-en-segona-tanda.pdf\"><img loading=\"lazy\" decoding=\"async\" class=\"alignnone\" src=\"https:\/\/agora.xtec.cat\/ifp-alguero\/wp-content\/uploads\/usu2575\/2024\/05\/pdf.png\" alt=\"\" width=\"24\" height=\"24\" \/><\/a><a href=\"https:\/\/agora.xtec.cat\/ifp-alguero\/wp-content\/uploads\/usu2575\/2025\/07\/20250718_CFPS_Alumnes-assignats-al-centre-en-segona-tanda.pdf\"><strong> CFPS<\/strong>\u00a0Llista d&#8217;<strong>alumnat assignat en 2a tanda<\/strong> (18-07-2025)<\/a><a href=\"https:\/\/agora.xtec.cat\/ifp-alguero\/wp-content\/uploads\/usu2575\/2025\/06\/20250627_CFPM_Barem-lista-provisional.pdf\"><br \/>\n<\/a><a href=\"https:\/\/agora.xtec.cat\/ifp-alguero\/wp-content\/uploads\/usu2575\/2025\/07\/20250728_CFPS_Alumnes-assignats-al-centre-en-tercera-tanda.pdf\"><img loading=\"lazy\" decoding=\"async\" class=\"alignnone\" src=\"https:\/\/agora.xtec.cat\/ifp-alguero\/wp-content\/uploads\/usu2575\/2024\/05\/pdf.png\" alt=\"\" width=\"24\" height=\"24\" \/><\/a><a href=\"https:\/\/agora.xtec.cat\/ifp-alguero\/wp-content\/uploads\/usu2575\/2025\/07\/20250728_CFPS_Alumnes-assignats-al-centre-en-tercera-tanda.pdf\"><strong> CFPS<\/strong>\u00a0Llista d&#8217;<strong>alumnat assignat en 3a tanda<\/strong> (28-07-2025)<\/a><\/p>\n<hr \/>\n<h2><strong>Arts pl\u00e0stiques i disseny grau mitj\u00e0<\/strong><\/h2>\n<ul>\n<li style=\"list-style-type: none;\">\n<ul>\n<li>\n<h3><span style=\"color: #000000;\">CFAM Assist\u00e8ncia al producte gr\u00e0fic interactiu<\/span><\/h3>\n<\/li>\n<\/ul>\n<\/li>\n<\/ul>\n<p style=\"padding-left: 80px;\" data-wp-editing=\"1\"><a href=\"https:\/\/agora.xtec.cat\/ifp-alguero\/wp-content\/uploads\/usu2575\/2025\/07\/20250630_CFAM_INFORME_BAREM_PROVISIONAL.pdf\"><img loading=\"lazy\" decoding=\"async\" class=\"alignnone\" src=\"https:\/\/agora.xtec.cat\/ifp-alguero\/wp-content\/uploads\/usu2575\/2024\/05\/pdf.png\" alt=\"\" width=\"24\" height=\"24\" \/><\/a><a href=\"https:\/\/agora.xtec.cat\/ifp-alguero\/wp-content\/uploads\/usu2575\/2025\/07\/20250630_CFAM_INFORME_BAREM_PROVISIONAL.pdf\"><strong> CFAM<\/strong>\u00a0Llista de sol\u00b7licituds que han demanat el centre amb <strong>puntuaci\u00f3 provisional<\/strong> (30-06-2025)<\/a><br \/>\n<a href=\"https:\/\/agora.xtec.cat\/ifp-alguero\/wp-content\/uploads\/usu2575\/2025\/07\/20250709_CGAM_INFORME_BAREM_RESOLTES_RECLAMACIONS.pdf\"><img loading=\"lazy\" decoding=\"async\" class=\"alignnone\" src=\"https:\/\/agora.xtec.cat\/ifp-alguero\/wp-content\/uploads\/usu2575\/2024\/05\/pdf.png\" alt=\"\" width=\"24\" height=\"24\" \/><\/a><a href=\"https:\/\/agora.xtec.cat\/ifp-alguero\/wp-content\/uploads\/usu2575\/2025\/07\/20250709_CGAM_INFORME_BAREM_RESOLTES_RECLAMACIONS.pdf\"><strong> CFAM<\/strong>\u00a0Llista de sol\u00b7licituds que han demanat el centre amb <strong>puntuaci\u00f3 resoltes les reclamacions<\/strong> (09-07-2025)<br \/>\n<\/a><a href=\"https:\/\/agora.xtec.cat\/ifp-alguero\/wp-content\/uploads\/usu2575\/2025\/07\/20250714_CFAM_PrimeraPeticioOrdenada.pdf\"><img loading=\"lazy\" decoding=\"async\" class=\"alignnone\" src=\"https:\/\/agora.xtec.cat\/ifp-alguero\/wp-content\/uploads\/usu2575\/2024\/05\/pdf.png\" alt=\"\" width=\"24\" height=\"24\" \/><\/a><a href=\"https:\/\/agora.xtec.cat\/ifp-alguero\/wp-content\/uploads\/usu2575\/2025\/07\/20250714_CFAM_PrimeraPeticioOrdenada.pdf\"><strong> CFAM<\/strong> Llista de sol\u00b7licituds que han demanat el centre en <strong>primera petici\u00f3 ordenada<\/strong>\u00a0(14-07-2025)<\/a><a href=\"https:\/\/agora.xtec.cat\/ifp-alguero\/wp-content\/uploads\/usu2575\/2025\/07\/20250709_CGAM_INFORME_BAREM_RESOLTES_RECLAMACIONS.pdf\"><br \/>\n<\/a><a href=\"https:\/\/agora.xtec.cat\/ifp-alguero\/wp-content\/uploads\/usu2575\/2025\/07\/20250717_CFAM_Alumnes-assignats-al-centre-amb-indicacio-de-la-primera-peticio.pdf\"><img loading=\"lazy\" decoding=\"async\" class=\"alignnone\" src=\"https:\/\/agora.xtec.cat\/ifp-alguero\/wp-content\/uploads\/usu2575\/2024\/05\/pdf.png\" alt=\"\" width=\"24\" height=\"24\" \/><\/a><a href=\"https:\/\/agora.xtec.cat\/ifp-alguero\/wp-content\/uploads\/usu2575\/2025\/07\/20250717_CFAM_Alumnes-assignats-al-centre-amb-indicacio-de-la-primera-peticio.pdf\"><strong> CFAM<\/strong> Llista d&#8217;<strong>alumnat assignat al centre<\/strong> amb indicaci\u00f3 de la primera petici\u00f3\u00a0(17-07-2025)<\/a><a href=\"https:\/\/agora.xtec.cat\/ifp-alguero\/wp-content\/uploads\/usu2575\/2025\/07\/20250709_CGAM_INFORME_BAREM_RESOLTES_RECLAMACIONS.pdf\"><br \/>\n<\/a><a href=\"https:\/\/agora.xtec.cat\/ifp-alguero\/wp-content\/uploads\/usu2575\/2025\/07\/20250717_CFAM_Alumnat-en-llista-despera-del-centre.pdf\"><img loading=\"lazy\" decoding=\"async\" class=\"alignnone\" src=\"https:\/\/agora.xtec.cat\/ifp-alguero\/wp-content\/uploads\/usu2575\/2024\/05\/pdf.png\" alt=\"\" width=\"24\" height=\"24\" \/><\/a><a href=\"https:\/\/agora.xtec.cat\/ifp-alguero\/wp-content\/uploads\/usu2575\/2025\/07\/20250717_CFAM_Alumnat-en-llista-despera-del-centre.pdf\"><strong> CFAM<\/strong> <strong>Llista d&#8217;espera del centre<\/strong>\u00a0(17-07-2025)<\/a><\/p>\n<hr \/>\n<h2><strong>Arts pl\u00e0stiques i disseny grau superior<\/strong><\/h2>\n<ul>\n<li style=\"list-style-type: none;\">\n<ul>\n<li>\n<h3><span style=\"color: #000000;\">CFAS Gr\u00e0fica publicit\u00e0ria<\/span><\/h3>\n<\/li>\n<\/ul>\n<\/li>\n<\/ul>\n<p style=\"padding-left: 80px;\"><a href=\"https:\/\/agora.xtec.cat\/ifp-alguero\/wp-content\/uploads\/usu2575\/2025\/07\/20250630_CFAS_INFORME_BAREM_PROVISIONAL.pdf\"><img loading=\"lazy\" decoding=\"async\" class=\"alignnone\" src=\"https:\/\/agora.xtec.cat\/ifp-alguero\/wp-content\/uploads\/usu2575\/2024\/05\/pdf.png\" alt=\"\" width=\"24\" height=\"24\" \/><\/a><a href=\"https:\/\/agora.xtec.cat\/ifp-alguero\/wp-content\/uploads\/usu2575\/2025\/07\/20250630_CFAS_INFORME_BAREM_PROVISIONAL.pdf\"><strong> CFAS<\/strong>\u00a0Llista de sol\u00b7licituds que han demanat el centre amb <strong>puntuaci\u00f3 provisional<\/strong> (30-06-2025)<\/a><br \/>\n<a href=\"https:\/\/agora.xtec.cat\/ifp-alguero\/wp-content\/uploads\/usu2575\/2025\/07\/20250709_CFAS_INFORME_BAREM_RESOLTES_RELAMACIONS.pdf\"><img loading=\"lazy\" decoding=\"async\" class=\"alignnone\" src=\"https:\/\/agora.xtec.cat\/ifp-alguero\/wp-content\/uploads\/usu2575\/2024\/05\/pdf.png\" alt=\"\" width=\"24\" height=\"24\" \/><\/a><a href=\"https:\/\/agora.xtec.cat\/ifp-alguero\/wp-content\/uploads\/usu2575\/2025\/07\/20250709_CFAS_INFORME_BAREM_RESOLTES_RELAMACIONS.pdf\"><strong> CFAS<\/strong> Llista de sol\u00b7licituds que han demanat el centre amb <strong>puntuaci\u00f3 resoltes les reclamacions<\/strong> (09-07-2025)<br \/>\n<\/a><a href=\"https:\/\/agora.xtec.cat\/ifp-alguero\/wp-content\/uploads\/usu2575\/2025\/07\/20250714_CFAS_PrimeraPeticioOrdenada.pdf\"><img loading=\"lazy\" decoding=\"async\" class=\"alignnone\" src=\"https:\/\/agora.xtec.cat\/ifp-alguero\/wp-content\/uploads\/usu2575\/2024\/05\/pdf.png\" alt=\"\" width=\"24\" height=\"24\" \/><\/a><a href=\"https:\/\/agora.xtec.cat\/ifp-alguero\/wp-content\/uploads\/usu2575\/2025\/07\/20250714_CFAS_PrimeraPeticioOrdenada.pdf\"><strong> CFAS<\/strong> Llista de sol\u00b7licituds que han demanat el centre en <strong>primera petici\u00f3 ordenada<\/strong>\u00a0(14-07-2025)<\/a><a href=\"https:\/\/agora.xtec.cat\/ifp-alguero\/wp-content\/uploads\/usu2575\/2025\/07\/20250709_CGAM_INFORME_BAREM_RESOLTES_RECLAMACIONS.pdf\"><br \/>\n<\/a><a href=\"https:\/\/agora.xtec.cat\/ifp-alguero\/wp-content\/uploads\/usu2575\/2025\/07\/20250717_CFAS_Alumnes-assignats-al-centre-amb-indicacio-de-la-primera-peticio.pdf\"><img loading=\"lazy\" decoding=\"async\" class=\"alignnone\" src=\"https:\/\/agora.xtec.cat\/ifp-alguero\/wp-content\/uploads\/usu2575\/2024\/05\/pdf.png\" alt=\"\" width=\"24\" height=\"24\" \/><\/a><a href=\"https:\/\/agora.xtec.cat\/ifp-alguero\/wp-content\/uploads\/usu2575\/2025\/07\/20250717_CFAS_Alumnes-assignats-al-centre-amb-indicacio-de-la-primera-peticio.pdf\"><strong> CFAS<\/strong>\u00a0Llista d&#8217;<strong>alumnat assignat al centre<\/strong> amb indicaci\u00f3 de la primera petici\u00f3\u00a0(17-07-2025)<\/a><a href=\"https:\/\/agora.xtec.cat\/ifp-alguero\/wp-content\/uploads\/usu2575\/2025\/07\/20250709_CGAM_INFORME_BAREM_RESOLTES_RECLAMACIONS.pdf\"><br \/>\n<\/a><img loading=\"lazy\" decoding=\"async\" class=\"alignnone\" src=\"https:\/\/agora.xtec.cat\/ifp-alguero\/wp-content\/uploads\/usu2575\/2024\/05\/pdf.png\" alt=\"\" width=\"24\" height=\"24\" \/><strong> CFAS<\/strong>\u00a0<strong>Llista d&#8217;espera del centre<\/strong> (17-07-2025) <span style=\"color: #ff0000;\"><strong>NO HI HA LLISTA D&#8217;ESPERA<\/strong><\/span><\/p>\n<hr \/>\n<p>&nbsp;<\/p>\n<p>&nbsp;<\/p>\n","protected":false},"excerpt":{"rendered":"<p>En aquesta p\u00e0gina s&#8217;anir\u00e0n publicant les llistes en cadascun dels processos de preinscripci\u00f3<\/p>\n<p>Programes de formaci\u00f3 i inserci\u00f3<\/p>\n<ul>\n<li style=\"list-style-type: none;\">\n<ul>\n<li>\nPFI Auxiliar d&#8217;arts gr\u00e0fiques i serigrafia\n<\/li>\n<\/ul>\n<\/li>\n<\/ul>\n<p><a href=\"https:\/\/agora.xtec.cat\/ifp-alguero\/wp-content\/uploads\/usu2575\/2025\/05\/2025-05-28-PFI-Publicacio-de-la-llista-de-sollicituds-que-han-demanat-el-centre-i-lensenyament-en-primera-peticio-amb-la-puntuacio-provisional-INFORME_BAREM_PROVISIONAL_BAREM.pdf\"><\/a> <a href=\"https:\/\/agora.xtec.cat\/ifp-alguero\/wp-content\/uploads\/usu2575\/2025\/05\/2025-05-28-PFI-Publicacio-de-la-llista-de-sollicituds-que-han-demanat-el-centre-i-lensenyament-en-primera-peticio-amb-la-puntuacio-provisional-INFORME_BAREM_PROVISIONAL_BAREM.pdf\">PFI Llista de sol\u00b7licituds que han demanat el centre amb puntuaci\u00f3 provisional (28-05-2025)<br \/>\n<\/a><a href=\"https:\/\/agora.xtec.cat\/ifp-alguero\/wp-content\/uploads\/usu2575\/2025\/06\/20250606-PFI-Publicacio-de-la-llista-de-sollicituds-que-han-demanat-el-centre-i-lensenyament-en-primera-peticio-amb-la-puntuacio-resoltes-les-reclamacions.pdf\"> <\/a><a href=\"https:\/\/agora.xtec.cat\/ifp-alguero\/wp-content\/uploads\/usu2575\/2025\/06\/20250606-PFI-Publicacio-de-la-llista-de-sollicituds-que-han-demanat-el-centre-i-lensenyament-en-primera-peticio-amb-la-puntuacio-resoltes-les-reclamacions.pdf\">PFI Llista de sol\u00b7licituds&hellip;  <a href=\"https:\/\/agora.xtec.cat\/ifp-alguero\/publicacio-de-llistes-de-preinscripcio\/\" title=\"Read Publicaci\u00f3 de llistes de preinscripci\u00f3  pel curs 2025-2026\">Llegeix m\u00e9s\u00bb<\/a><\/p>\n","protected":false},"author":1,"featured_media":0,"parent":0,"menu_order":0,"comment_status":"closed","ping_status":"closed","template":"","meta":{"_bbp_topic_count":0,"_bbp_reply_count":0,"_bbp_total_topic_count":0,"_bbp_total_reply_count":0,"_bbp_voice_count":0,"_bbp_anonymous_reply_count":0,"_bbp_topic_count_hidden":0,"_bbp_reply_count_hidden":0,"_bbp_forum_subforum_count":0,"footnotes":""},"class_list":["post-3324","page","type-page","status-publish","hentry"],"post_mailing_queue_ids":[],"_links":{"self":[{"href":"https:\/\/agora.xtec.cat\/ifp-alguero\/wp-json\/wp\/v2\/pages\/3324","targetHints":{"allow":["GET"]}}],"collection":[{"href":"https:\/\/agora.xtec.cat\/ifp-alguero\/wp-json\/wp\/v2\/pages"}],"about":[{"href":"https:\/\/agora.xtec.cat\/ifp-alguero\/wp-json\/wp\/v2\/types\/page"}],"author":[{"embeddable":true,"href":"https:\/\/agora.xtec.cat\/ifp-alguero\/wp-json\/wp\/v2\/users\/1"}],"replies":[{"embeddable":true,"href":"https:\/\/agora.xtec.cat\/ifp-alguero\/wp-json\/wp\/v2\/comments?post=3324"}],"version-history":[{"count":7,"href":"https:\/\/agora.xtec.cat\/ifp-alguero\/wp-json\/wp\/v2\/pages\/3324\/revisions"}],"predecessor-version":[{"id":4626,"href":"https:\/\/agora.xtec.cat\/ifp-alguero\/wp-json\/wp\/v2\/pages\/3324\/revisions\/4626"}],"wp:attachment":[{"href":"https:\/\/agora.xtec.cat\/ifp-alguero\/wp-json\/wp\/v2\/media?parent=3324"}],"curies":[{"name":"wp","href":"https:\/\/api.w.org\/{rel}","templated":true}]}}