{"id":3140,"date":"2024-01-23T08:12:58","date_gmt":"2024-01-23T07:12:58","guid":{"rendered":"https:\/\/agora.xtec.cat\/ifp-alguero\/?page_id=3140"},"modified":"2026-03-12T17:27:22","modified_gmt":"2026-03-12T16:27:22","slug":"international","status":"publish","type":"page","link":"https:\/\/agora.xtec.cat\/ifp-alguero\/serveis\/international\/","title":{"rendered":"International"},"content":{"rendered":"<h3><strong>Erasmus Charter for Higher Education (ECHE)<\/strong><\/h3>\n<p style=\"padding-left: 40px;\"><a href=\"https:\/\/agora.xtec.cat\/ifp-alguero\/wp-content\/uploads\/usu2575\/2024\/11\/Erasmus-Charter-for-Higher-Education.pdf\"> \u00a0 <\/a><a href=\"https:\/\/agora.xtec.cat\/ifp-alguero\/wp-content\/uploads\/usu2575\/2025\/07\/Documento_2024-1-ES01-KA120-VET-000279155.pdf\"><img loading=\"lazy\" decoding=\"async\" class=\"alignnone wp-image-4541 size-medium\" src=\"https:\/\/agora.xtec.cat\/ifp-alguero\/wp-content\/uploads\/usu2575\/2025\/07\/Documento_2024-1-ES01-KA120-VET-000279155-300x212.jpg\" alt=\"\" width=\"300\" height=\"212\" srcset=\"https:\/\/agora.xtec.cat\/ifp-alguero\/wp-content\/uploads\/usu2575\/2025\/07\/Documento_2024-1-ES01-KA120-VET-000279155-300x212.jpg 300w, https:\/\/agora.xtec.cat\/ifp-alguero\/wp-content\/uploads\/usu2575\/2025\/07\/Documento_2024-1-ES01-KA120-VET-000279155-1024x724.jpg 1024w, https:\/\/agora.xtec.cat\/ifp-alguero\/wp-content\/uploads\/usu2575\/2025\/07\/Documento_2024-1-ES01-KA120-VET-000279155-768x543.jpg 768w, https:\/\/agora.xtec.cat\/ifp-alguero\/wp-content\/uploads\/usu2575\/2025\/07\/Documento_2024-1-ES01-KA120-VET-000279155-1536x1086.jpg 1536w, https:\/\/agora.xtec.cat\/ifp-alguero\/wp-content\/uploads\/usu2575\/2025\/07\/Documento_2024-1-ES01-KA120-VET-000279155-2048x1447.jpg 2048w\" sizes=\"auto, (max-width: 300px) 100vw, 300px\" \/><\/a><a href=\"https:\/\/agora.xtec.cat\/ifp-alguero\/wp-content\/uploads\/usu2575\/2024\/11\/Erasmus-Charter-for-Higher-Education.pdf\">\u00a0\u00a0\u00a0 <\/a><a href=\"https:\/\/agora.xtec.cat\/ifp-alguero\/wp-content\/uploads\/usu2575\/2024\/11\/Erasmus-Charter-for-Higher-Education.pdf\"><img loading=\"lazy\" decoding=\"async\" class=\"wp-image-3833 size-medium alignnone\" src=\"https:\/\/agora.xtec.cat\/ifp-alguero\/wp-content\/uploads\/usu2575\/2024\/11\/Carta-ECHE-212x300.png\" alt=\"\" width=\"212\" height=\"300\" srcset=\"https:\/\/agora.xtec.cat\/ifp-alguero\/wp-content\/uploads\/usu2575\/2024\/11\/Carta-ECHE-212x300.png 212w, https:\/\/agora.xtec.cat\/ifp-alguero\/wp-content\/uploads\/usu2575\/2024\/11\/Carta-ECHE-722x1024.png 722w, https:\/\/agora.xtec.cat\/ifp-alguero\/wp-content\/uploads\/usu2575\/2024\/11\/Carta-ECHE-768x1089.png 768w, https:\/\/agora.xtec.cat\/ifp-alguero\/wp-content\/uploads\/usu2575\/2024\/11\/Carta-ECHE-1084x1536.png 1084w, https:\/\/agora.xtec.cat\/ifp-alguero\/wp-content\/uploads\/usu2575\/2024\/11\/Carta-ECHE-1445x2048.png 1445w\" sizes=\"auto, (max-width: 212px) 100vw, 212px\" \/>\u00a0\u00a0\u00a0 <img loading=\"lazy\" decoding=\"async\" class=\"size-full wp-image-4375 alignnone\" src=\"https:\/\/agora.xtec.cat\/ifp-alguero\/wp-content\/uploads\/usu2575\/2025\/06\/LOGO.png\" alt=\"\" width=\"336\" height=\"150\" srcset=\"https:\/\/agora.xtec.cat\/ifp-alguero\/wp-content\/uploads\/usu2575\/2025\/06\/LOGO.png 336w, https:\/\/agora.xtec.cat\/ifp-alguero\/wp-content\/uploads\/usu2575\/2025\/06\/LOGO-300x134.png 300w\" sizes=\"auto, (max-width: 336px) 100vw, 336px\" \/><\/a><\/p>\n<h3><strong>Mobilitat alumnat grau mitj\u00e0<\/strong><\/h3>\n<p style=\"padding-left: 40px; text-align: left;\"><a href=\"https:\/\/agora.xtec.cat\/ifp-alguero\/general\/convocatoria-2026-per-4-beques-erasmus-per-a-estudiants-de-grau-mitja\/\">Convocat\u00f2ria per 4 beques Erasmus+ per a estudiants de Grau Mitj\u00e0 2025-2026<\/a><br \/>\n<a href=\"https:\/\/agora.xtec.cat\/ifp-alguero\/general\/resolucio-beques-erasmus-2026\/\" target=\"_blank\" rel=\"noopener\">Resoluci\u00f3 4 beques Erasmus+ per a estudiants de Grau Mitj\u00e0 2025-2026<\/a><\/p>\n<p style=\"padding-left: 40px; text-align: left;\"><a href=\"https:\/\/agora.xtec.cat\/ifp-alguero\/wp-content\/uploads\/usu2575\/2025\/01\/Crida_alumnat_2024_25_VET_Erasmus.docx.pdf\">Crida a l&#8217;alumnat Erasmus+ 2024-2025.<\/a><br \/>\n<a href=\"https:\/\/agora.xtec.cat\/ifp-alguero\/wp-content\/uploads\/usu2575\/2025\/02\/BOE-B-2025-4771.pdf\">Beques per a la participaci\u00f3 en un programa intensiu d&#8217;immersi\u00f3 ling\u00fc\u00edstica en angl\u00e8s a Espanya.<\/a><br \/>\n<a href=\"https:\/\/agora.xtec.cat\/ifp-alguero\/wp-content\/uploads\/usu2575\/2025\/02\/GM_Resolucio_Definitiva_2024_25.pdf\">Resoluci\u00f3 de la convocat\u00f2ria per a la selecci\u00f3 d&#8217;alumnat de cicles formatius de grau mitj\u00e0.<\/a><br \/>\n<a href=\"https:\/\/agora.xtec.cat\/ifp-alguero\/general\/erasmus-k122\/\">Estada de pr\u00e0ctiques amb una beca Erasmus+ a Finl\u00e0ndia &#8211; Abril 2025<\/a><br \/>\n<a href=\"https:\/\/agora.xtec.cat\/ifp-alguero\/general\/dos-alumnes-de-preimpressio-digital-cap-a-finlandia\/\" target=\"_blank\" rel=\"noopener\">Estada de pr\u00e0ctiques amb una beca Erasmus+ a Finl\u00e0ndia &#8211; Setembre 2025<\/a><\/p>\n<p>&nbsp;<\/p>\n<h3><strong>Mobilitat alumnat grau superior<\/strong><\/h3>\n<p>&nbsp;<\/p>\n<h3><strong>Mobilitat professorat<\/strong><\/h3>\n<p style=\"padding-left: 40px;\"><a href=\"https:\/\/agora.xtec.cat\/ifp-alguero\/wp-content\/uploads\/usu2575\/2026\/01\/Mobilitat-Internacional-Beques-Erasmus-Professorat-2024-2025.pdf\">Crida Beques Erasmus+ Professorat 2024-2025<\/a><br \/>\n<a href=\"https:\/\/agora.xtec.cat\/ifp-alguero\/wp-content\/uploads\/usu2575\/2025\/05\/Resolucio-professorat-VET-i-PFI.pdf\">Resoluci\u00f3 de la convocat\u00f2ria per a la selecci\u00f3 de <\/a><a href=\"https:\/\/agora.xtec.cat\/ifp-alguero\/wp-content\/uploads\/usu2575\/2025\/05\/Resolucio-professorat-VET-i-PFI.pdf\">Resolucio-professorat-VET-i-PFI 2024-2025<\/a><br \/>\n<a href=\"https:\/\/agora.xtec.cat\/ifp-alguero\/general\/linstitut-apren-del-model-dfp-danes-en-una-estada-a-copenhaguen\/\">Estada formativa per a equips directius de FP amb un beca ERASMUS &#8211; Abril 2025<\/a><br \/>\n<a href=\"https:\/\/agora.xtec.cat\/ifp-alguero\/general\/lalguero-viatja\/\">Estada amb una beca del programa Erasmus+ per a professorat &#8211; Juny 2025<\/a><br \/>\n<a href=\"https:\/\/agora.xtec.cat\/ifp-alguero\/general\/natalia-corredoira-professora-darts-grafiques-realitza-una-estada-jobshadowing-a-finlandia\/\">Estada <em>jobshadowing<\/em> a Finl\u00e0ndia &#8211; Setembre 2025<\/a><\/p>\n<p>&nbsp;<\/p>\n<h3><strong>Mobilitat entre comunitats aut\u00f2nomes<\/strong><\/h3>\n<p style=\"padding-left: 40px;\">L\u2019objecte d\u2019aquesta convocat\u00f2ria \u00e9s fomentar la participaci\u00f3 a estades formatives per part del professorat de formaci\u00f3 professional inicial dels centres educatius dependents del Departament d\u2019Educaci\u00f3 i Formaci\u00f3 Professional a diferents comunitats aut\u00f2nomes de l\u2019estat espanyol.\u200b<\/p>\n<p style=\"padding-left: 40px;\"><a href=\"https:\/\/espai.educacio.gencat.cat\/Centres\/Tramits\/Pagines\/Sollicitud-programa-cooperacio-territorial-FP.aspx\">Sol\u00b7licitud per a estades formatives en<\/a><a href=\"https:\/\/espai.educacio.gencat.cat\/Centres\/Tramits\/Pagines\/Sollicitud-programa-cooperacio-territorial-FP.aspx\"> altres<\/a><a href=\"https:\/\/espai.educacio.gencat.cat\/Centres\/Tramits\/Pagines\/Sollicitud-programa-cooperacio-territorial-FP.aspx\"> comunitats aut\u00f2nomes<\/a><\/p>\n<p>&nbsp;<\/p>\n","protected":false},"excerpt":{"rendered":"<p>Erasmus Charter for Higher Education (ECHE)<br \/>\n<a href=\"https:\/\/agora.xtec.cat\/ifp-alguero\/wp-content\/uploads\/usu2575\/2024\/11\/Erasmus-Charter-for-Higher-Education.pdf\"> \u00a0 <\/a><a href=\"https:\/\/agora.xtec.cat\/ifp-alguero\/wp-content\/uploads\/usu2575\/2025\/07\/Documento_2024-1-ES01-KA120-VET-000279155.pdf\"><\/a><a href=\"https:\/\/agora.xtec.cat\/ifp-alguero\/wp-content\/uploads\/usu2575\/2024\/11\/Erasmus-Charter-for-Higher-Education.pdf\">\u00a0\u00a0\u00a0 <\/a><a href=\"https:\/\/agora.xtec.cat\/ifp-alguero\/wp-content\/uploads\/usu2575\/2024\/11\/Erasmus-Charter-for-Higher-Education.pdf\">\u00a0\u00a0\u00a0 <\/a><br \/>\nMobilitat alumnat grau mitj\u00e0<br \/>\n<a href=\"https:\/\/agora.xtec.cat\/ifp-alguero\/general\/convocatoria-2026-per-4-beques-erasmus-per-a-estudiants-de-grau-mitja\/\">Convocat\u00f2ria per 4 beques Erasmus+ per a estudiants de Grau Mitj\u00e0 2025-2026<\/a><br \/>\n<a href=\"https:\/\/agora.xtec.cat\/ifp-alguero\/general\/resolucio-beques-erasmus-2026\/\" target=\"_blank\" rel=\"noopener\">Resoluci\u00f3 4 beques Erasmus+ per a estudiants de Grau Mitj\u00e0 2025-2026<\/a><br \/>\n<a href=\"https:\/\/agora.xtec.cat\/ifp-alguero\/wp-content\/uploads\/usu2575\/2025\/01\/Crida_alumnat_2024_25_VET_Erasmus.docx.pdf\">Crida a l&#8217;alumnat&hellip;  <a href=\"https:\/\/agora.xtec.cat\/ifp-alguero\/serveis\/international\/\" title=\"Read International\">Llegeix m\u00e9s\u00bb<\/a><\/p>\n","protected":false},"author":1,"featured_media":0,"parent":63,"menu_order":0,"comment_status":"closed","ping_status":"closed","template":"","meta":{"_bbp_topic_count":0,"_bbp_reply_count":0,"_bbp_total_topic_count":0,"_bbp_total_reply_count":0,"_bbp_voice_count":0,"_bbp_anonymous_reply_count":0,"_bbp_topic_count_hidden":0,"_bbp_reply_count_hidden":0,"_bbp_forum_subforum_count":0,"footnotes":""},"class_list":["post-3140","page","type-page","status-publish","hentry"],"post_mailing_queue_ids":[],"_links":{"self":[{"href":"https:\/\/agora.xtec.cat\/ifp-alguero\/wp-json\/wp\/v2\/pages\/3140","targetHints":{"allow":["GET"]}}],"collection":[{"href":"https:\/\/agora.xtec.cat\/ifp-alguero\/wp-json\/wp\/v2\/pages"}],"about":[{"href":"https:\/\/agora.xtec.cat\/ifp-alguero\/wp-json\/wp\/v2\/types\/page"}],"author":[{"embeddable":true,"href":"https:\/\/agora.xtec.cat\/ifp-alguero\/wp-json\/wp\/v2\/users\/1"}],"replies":[{"embeddable":true,"href":"https:\/\/agora.xtec.cat\/ifp-alguero\/wp-json\/wp\/v2\/comments?post=3140"}],"version-history":[{"count":6,"href":"https:\/\/agora.xtec.cat\/ifp-alguero\/wp-json\/wp\/v2\/pages\/3140\/revisions"}],"predecessor-version":[{"id":5133,"href":"https:\/\/agora.xtec.cat\/ifp-alguero\/wp-json\/wp\/v2\/pages\/3140\/revisions\/5133"}],"up":[{"embeddable":true,"href":"https:\/\/agora.xtec.cat\/ifp-alguero\/wp-json\/wp\/v2\/pages\/63"}],"wp:attachment":[{"href":"https:\/\/agora.xtec.cat\/ifp-alguero\/wp-json\/wp\/v2\/media?parent=3140"}],"curies":[{"name":"wp","href":"https:\/\/api.w.org\/{rel}","templated":true}]}}