{"id":2311,"date":"2023-06-02T11:15:53","date_gmt":"2023-06-02T09:15:53","guid":{"rendered":"https:\/\/agora.xtec.cat\/ifp-alguero\/?page_id=2311"},"modified":"2025-01-08T19:18:31","modified_gmt":"2025-01-08T18:18:31","slug":"obtencio-de-titols","status":"publish","type":"page","link":"https:\/\/agora.xtec.cat\/ifp-alguero\/secretaria\/obtencio-de-titols\/","title":{"rendered":"Obtenci\u00f3 de t\u00edtols"},"content":{"rendered":"<h2>Per a l\u2019alumnat que acaba un cicle<\/h2>\n<p style=\"padding-left: 80px;\">La superaci\u00f3 de tots els m\u00f2duls dels estudis corresponents al cicle que s&#8217;ha cursat, d\u00f3na dret a l&#8217;obtenci\u00f3 del t\u00edtol corresponent.<\/p>\n<p style=\"padding-left: 80px;\">En finalitzar el curs, tot l&#8217;alumnat del centre que cumpleixi els requisits, rebr\u00e0 des de la secretaria del centre, un correu electr\u00f2nic amb les instruccions de com fer la sol\u00b7licitud del t\u00edtol, juntament amb el resguard per poder realitzar el pagament de les taxes.<\/p>\n<p style=\"padding-left: 80px;\">Si no es reb aquest missatge, el procediment a seguir per a l&#8217;obtenci\u00f3 del t\u00edtol \u00e9s el seg\u00fcent:<\/p>\n<div><\/div>\n<div>\n<ol>\n<li style=\"list-style-type: none;\">\n<ol>\n<li style=\"list-style-type: none;\">\n<ol>\n<li style=\"list-style-type: none;\">\n<ol>\n<li style=\"list-style-type: none;\">\n<ol>\n<li style=\"list-style-type: none;\">\n<ol>\n<li style=\"list-style-type: none;\">\n<ol>\n<li><u>Es demana a secretaria<\/u>\u00a0el\u00a0<b>resguard\u00a0per poder realitzar el pagament de les taxes<\/b>\u00a0per l&#8217;obtenci\u00f3 del t\u00edtol.<\/li>\n<li>Es va\u00a0<u>a una oficina de CaixaBank<\/u>\u00a0a\u00a0<b>realitzar el pagament de taxes,<\/b> al caixer aut\u00f2m\u00e0tic o en atenci\u00f3 personal (s&#8217;ha de fer el pagament dins dels 15 dies posteriors a l&#8217;obtenci\u00f3 del resguard), i <strong>s&#8217;obt\u00e9 el justificant de pagament<\/strong>.<\/li>\n<li><u>S&#8217;omple la sol\u00b7licitud <\/u>(<strong>\u00e9s preferible fer servir el formulari <\/strong>a la sol\u00b7licitud en format PDF), adjuntant les imatges del <b>DNI<\/b>,\u00a0<b>el\u00a0justificant del pagament efectuat<\/b>\u00a0i, si s&#8217;escau,\u00a0<b>el document acreditatiu de bonificaci\u00f3 o exempci\u00f3 de taxes<\/b>.<\/li>\n<li><u>A la secretaria del centre<\/u>, cal portar el resguard que s&#8217;ha donat al punt 1, es\u00a0<b>signa\u00a0<\/b><b>la sol\u00b7licitud impresa<\/b>\u00a0i es\u00a0<b>segella el resguard, el que donar\u00e0 validessa oficial al mateix<\/b>.<\/li>\n<li><span style=\"text-decoration: underline;\">Al cap d&#8217;un temps<\/span>, <strong>el<\/strong> <strong>t\u00edtol oficial arribar\u00e0 al centre<\/strong> i aleshores, <strong>s&#8217;enviar\u00e0 un correu electr\u00f2nic a l&#8217;adre\u00e7a registrada a la secretaria<\/strong>, comunicant que es pot recollir el t\u00edtol.\u00a0 \u00c9s important que, en cas de variaci\u00f3 d\u2019aquestes dades, es ho faci saber a secretaria per poder fer arribar aquesta comunicaci\u00f3.\n<p style=\"padding-left: 80px;\">\n<\/li>\n<\/ol>\n<\/li>\n<\/ol>\n<\/li>\n<\/ol>\n<\/li>\n<\/ol>\n<\/li>\n<\/ol>\n<\/li>\n<\/ol>\n<\/li>\n<\/ol>\n<p style=\"padding-left: 80px;\">Al resguard per l&#8217;obtenci\u00f3 del t\u00edtol hi figura la &#8220;Data l\u00edmit de pagament&#8221;. Transcorreguda aquesta data, l&#8217;entitat banc\u00e0ria no acceptar\u00e0 aquest pagament i s&#8217;haur\u00e0 de tornar a sol\u00b7licitar al centre que espedeixi un nou resguard, que incorporar\u00e0 la nova data l\u00edmit de pagament.<\/p>\n<p style=\"padding-left: 80px;\"><strong>\u00c9s preferible fer servir el formulari per omplir la sol\u00b7licitud d&#8217;obtenci\u00f3 del t\u00edtol<\/strong>, per\u00f2 tamb\u00e9 es pot fer servir el document PDF.<\/p>\n<table style=\"border-collapse: collapse; width: 740px; border-style: hidden; height: 120px; background-color: white;\">\n<tbody>\n<tr>\n<td style=\"width: 60px; border-style: hidden; background-color: white;\"><\/td>\n<td style=\"width: 80px; border-style: hidden; background-color: white;\"><a href=\"https:\/\/docs.google.com\/forms\/d\/e\/1FAIpQLSc7aqAqbWVkdACC-3SEUHaZU_tV4eLBVcgB0yJVhzyq0Uc1GQ\/viewform?usp=sf_link\"><img loading=\"lazy\" decoding=\"async\" class=\"alignnone wp-image-1635\" src=\"https:\/\/agora.xtec.cat\/ifp-alguero\/wp-content\/uploads\/usu2575\/2022\/05\/logo-formulari-150x150.png\" alt=\"\" width=\"55\" height=\"55\" srcset=\"https:\/\/agora.xtec.cat\/ifp-alguero\/wp-content\/uploads\/usu2575\/2022\/05\/logo-formulari-150x150.png 150w, https:\/\/agora.xtec.cat\/ifp-alguero\/wp-content\/uploads\/usu2575\/2022\/05\/logo-formulari-300x300.png 300w, https:\/\/agora.xtec.cat\/ifp-alguero\/wp-content\/uploads\/usu2575\/2022\/05\/logo-formulari.png 1024w, https:\/\/agora.xtec.cat\/ifp-alguero\/wp-content\/uploads\/usu2575\/2022\/05\/logo-formulari-768x768.png 768w\" sizes=\"auto, (max-width: 55px) 100vw, 55px\" \/><\/a><\/td>\n<td style=\"width: 600px; border-style: hidden; background-color: white;\"><strong><a href=\"https:\/\/docs.google.com\/forms\/d\/e\/1FAIpQLSc7aqAqbWVkdACC-3SEUHaZU_tV4eLBVcgB0yJVhzyq0Uc1GQ\/viewform?usp=sf_link\">Formulari de sol\u00b7licitud de t\u00edtol acad\u00e8mic (opci\u00f3 recomenada)<\/a><\/strong><\/td>\n<\/tr>\n<tr>\n<td style=\"width: 65px; border-style: hidden; background-color: white;\"><\/td>\n<td style=\"width: 80px; border-style: hidden; background-color: white;\"><a href=\"https:\/\/agora.xtec.cat\/ifp-alguero\/wp-content\/uploads\/usu2575\/2023\/06\/Sollicitud-de-ti\u0301tol-acade\u0300mic-i-professional-no-universitari-Y164_002.pdf\"><img loading=\"lazy\" decoding=\"async\" class=\"alignnone wp-image-982\" src=\"https:\/\/agora.xtec.cat\/ifp-alguero\/wp-content\/uploads\/usu2575\/2022\/02\/icona-pdf-150x150.png\" alt=\"\" width=\"50\" height=\"50\" srcset=\"https:\/\/agora.xtec.cat\/ifp-alguero\/wp-content\/uploads\/usu2575\/2022\/02\/icona-pdf-150x150.png 150w, https:\/\/agora.xtec.cat\/ifp-alguero\/wp-content\/uploads\/usu2575\/2022\/02\/icona-pdf-300x300.png 300w, https:\/\/agora.xtec.cat\/ifp-alguero\/wp-content\/uploads\/usu2575\/2022\/02\/icona-pdf.png 1024w, https:\/\/agora.xtec.cat\/ifp-alguero\/wp-content\/uploads\/usu2575\/2022\/02\/icona-pdf-768x768.png 768w\" sizes=\"auto, (max-width: 50px) 100vw, 50px\" \/><\/a><\/td>\n<td style=\"width: 555px; border-style: hidden; background-color: white;\"><a href=\"https:\/\/agora.xtec.cat\/ifp-alguero\/wp-content\/uploads\/usu2575\/2023\/06\/Sollicitud-de-ti\u0301tol-acade\u0300mic-i-professional-no-universitari-Y164_002.pdf\">Sol\u00b7licitud de t\u00edtol acad\u00e8mic (en format PDF)<\/a><\/td>\n<\/tr>\n<\/tbody>\n<\/table>\n<\/div>\n<p>&nbsp;<\/p>\n<h2><span style=\"font-family: inherit; font-size: 1em;\">Per a l\u2019alumnat que va superar un cicle en cursos anteriors<\/span><\/h2>\n<p style=\"padding-left: 80px;\"><span style=\"font-family: inherit; font-size: 1em;\">A l&#8217;IFP Antoni Alguer\u00f3, nom\u00e9s es poden sol\u00b7licitar els t\u00edtols de l&#8217;alumnat que ha acabat els estudis en el centre o que va acabar els estudis a l&#8217;Escola Antoni Alguer\u00f3 (centre privat actualment extint).<\/span><\/p>\n<p style=\"padding-left: 80px;\"><span style=\"font-family: inherit; font-size: 1em;\">Cal sol\u00b7licitar a la secretaria del centre que expedeixi un resguard per l&#8217;obtenci\u00f3 del t\u00edtol i seguir les mateixes instruccions que per l&#8217;alumnat que acaba un cicle<\/span>.<\/p>\n<p>&nbsp;<\/p>\n<h2>Obtenci\u00f3 de duplicats de t\u00edtols<\/h2>\n<p style=\"padding-left: 80px;\">En cas de <span style=\"text-decoration: underline;\">deteriorament<\/span>, <span style=\"text-decoration: underline;\">p\u00e8rdua<\/span> o <span style=\"text-decoration: underline;\">canvi legal de dades personals<\/span>, es pot demanar un duplicat del t\u00edtol.<\/p>\n<p style=\"padding-left: 80px;\">Els pasos a seguir per l&#8217;obtenci\u00f3 del t\u00edtol \u00e9s el seg\u00fcent:<\/p>\n<div>\n<ol>\n<li style=\"list-style-type: none;\">\n<ol>\n<li style=\"list-style-type: none;\">\n<ol>\n<li style=\"list-style-type: none;\">\n<ol>\n<li style=\"list-style-type: none;\">\n<ol>\n<li style=\"list-style-type: none;\">\n<ol>\n<li style=\"list-style-type: none;\">\n<ol>\n<li><u>Es demana a secretaria<\/u>\u00a0el\u00a0<b>resguard\u00a0per poder realitzar el pagament de les taxes<\/b> per l&#8217;obtenci\u00f3 del duplicat del t\u00edtol.<\/li>\n<li>Es va\u00a0<u>a una oficina de CaixaBank<\/u>\u00a0a\u00a0<b>realitzar el pagament de taxes,<\/b> al caixer aut\u00f2m\u00e0tic o en atenci\u00f3 personal (s&#8217;ha de fer el pagament dins dels 15 dies posteriors a l&#8217;obtenci\u00f3 del resguard), i <strong>s&#8217;obt\u00e9 el justificant de pagament<\/strong>.<\/li>\n<li><u>S&#8217;omple la <b>sol\u00b7liciyud de duplicat del t\u00edtol<\/b><\/u>, adjuntant les imatges del\u00a0<b>DNI<\/b>,\u00a0<b>el\u00a0justificant del pagament efectuat<\/b>\u00a0i, si s&#8217;escau,\u00a0<b>el document acreditatiu de bonificaci\u00f3 o exempci\u00f3 de taxes<\/b>.<\/li>\n<li><u>A la secretaria del centre<\/u>, cal portar el resguard que s&#8217;ha donat al punt 1, es\u00a0<b>signa\u00a0<\/b><b>la sol\u00b7licitud impresa<\/b>\u00a0i es\u00a0<b>segella el resguard, el que donar\u00e0 validessa oficial al mateix<\/b>.<\/li>\n<li><span style=\"text-decoration: underline;\">Al cap d&#8217;un temps<\/span>, <strong>el t\u00edtol oficial arribar\u00e0 al centre<\/strong> i aleshores, <strong>s&#8217;enviar\u00e0 un correu electr\u00f2nic a l&#8217;adre\u00e7a registrada a la secretaria<\/strong>, comunicant que es pot recollir el t\u00edtol.\u00a0 \u00c9s important que, en cas de variaci\u00f3 d\u2019aquestes dades, es ho faci saber a secretaria per poder fer arribar aquesta comunicaci\u00f3.<\/li>\n<\/ol>\n<\/li>\n<\/ol>\n<\/li>\n<\/ol>\n<\/li>\n<\/ol>\n<\/li>\n<\/ol>\n<\/li>\n<\/ol>\n<\/li>\n<\/ol>\n<\/div>\n<table style=\"border-collapse: collapse; width: 600px; border-style: hidden;\">\n<tbody>\n<tr>\n<td style=\"width: 60px; border-style: hidden;\"><\/td>\n<td style=\"width: 80px; border-style: hidden;\"><a href=\"https:\/\/agora.xtec.cat\/ifp-alguero\/wp-content\/uploads\/usu2575\/2023\/06\/Sollicitud-de-duplicat-de-ti\u0301tol-acade\u0300mic-i-professional-no-universitari-Y164_003.pdf\"><img loading=\"lazy\" decoding=\"async\" class=\"vertical-align:middle alignleft wp-image-982\" title=\"vertical-align:middle\" src=\"https:\/\/agora.xtec.cat\/ifp-alguero\/wp-content\/uploads\/usu2575\/2022\/02\/icona-pdf-150x150.png\" alt=\"\" width=\"50\" height=\"50\" srcset=\"https:\/\/agora.xtec.cat\/ifp-alguero\/wp-content\/uploads\/usu2575\/2022\/02\/icona-pdf-150x150.png 150w, https:\/\/agora.xtec.cat\/ifp-alguero\/wp-content\/uploads\/usu2575\/2022\/02\/icona-pdf-300x300.png 300w, https:\/\/agora.xtec.cat\/ifp-alguero\/wp-content\/uploads\/usu2575\/2022\/02\/icona-pdf.png 1024w, https:\/\/agora.xtec.cat\/ifp-alguero\/wp-content\/uploads\/usu2575\/2022\/02\/icona-pdf-768x768.png 768w\" sizes=\"auto, (max-width: 50px) 100vw, 50px\" \/><\/a><\/td>\n<td style=\"width: 460px; border-style: hidden;\"><a href=\"https:\/\/agora.xtec.cat\/ifp-alguero\/wp-content\/uploads\/usu2575\/2023\/06\/Sollicitud-de-duplicat-de-ti\u0301tol-acade\u0300mic-i-professional-no-universitari-Y164_003.pdf\">Sol\u00b7licitud de duplicat de t\u00edtol (en format PDF)<\/a><\/td>\n<\/tr>\n<\/tbody>\n<\/table>\n<p>&nbsp;<\/p>\n<h2>Recollida de t\u00edtols<\/h2>\n<p style=\"padding-left: 80px;\">Un cop rebut el t\u00edtol al centre, s&#8217;enviar\u00e0 un correu electr\u00f2nic a l&#8217;adre\u00e7a registrada a la secretaria.\u00a0 \u00c9s important que, en cas de variaci\u00f3 d\u2019aquestes dades, es ho faci saber a secretaria per poder fer arribar aquesta comunicaci\u00f3.<\/p>\n<p style=\"padding-left: 80px;\">Aleshores, s&#8217;ha de venir presencialment a la la secretaria per recollir el t\u00edtol. \u00c9s imprescindible presentar el resguard del t\u00edtol i el DNI. En cas que vingui una altra persona, haur\u00e0 de portar la documentaci\u00f3 esmentada juntament amb una autoritzaci\u00f3 del titular.<\/p>\n<p style=\"padding-left: 80px;\">L\u2019impr\u00e8s d\u2019autoritzaci\u00f3 ha d\u2019estar signat per la persona interessada i per la persona autoritzada i tamb\u00e9 s&#8217;haur\u00e0 d&#8217;adjuntar les c\u00f2pies dels dos DNI. La persona autoritzada a m\u00e9s a m\u00e9s haur\u00e0 de presentar el seu DNI original.<\/p>\n<table style=\"border-collapse: collapse; width: 740px; border-style: hidden;\">\n<tbody>\n<tr>\n<td style=\"width: 60px; border-style: hidden;\"><\/td>\n<td style=\"width: 80px; border-style: hidden;\"><a href=\"http:\/\/www.escoladeltreball.cat\/wp-content\/uploads\/2021\/02\/Autoritzacio_lliurar_titol.pdf\"><img loading=\"lazy\" decoding=\"async\" class=\"vertical-align:middle alignleft wp-image-982\" title=\"vertical-align:middle\" src=\"https:\/\/agora.xtec.cat\/ifp-alguero\/wp-content\/uploads\/usu2575\/2022\/02\/icona-pdf-150x150.png\" alt=\"\" width=\"50\" height=\"50\" srcset=\"https:\/\/agora.xtec.cat\/ifp-alguero\/wp-content\/uploads\/usu2575\/2022\/02\/icona-pdf-150x150.png 150w, https:\/\/agora.xtec.cat\/ifp-alguero\/wp-content\/uploads\/usu2575\/2022\/02\/icona-pdf-300x300.png 300w, https:\/\/agora.xtec.cat\/ifp-alguero\/wp-content\/uploads\/usu2575\/2022\/02\/icona-pdf.png 1024w, https:\/\/agora.xtec.cat\/ifp-alguero\/wp-content\/uploads\/usu2575\/2022\/02\/icona-pdf-768x768.png 768w\" sizes=\"auto, (max-width: 50px) 100vw, 50px\" \/><\/a><\/td>\n<td style=\"width: 600px; border-style: hidden;\"><a href=\"http:\/\/www.escoladeltreball.cat\/wp-content\/uploads\/2021\/02\/Autoritzacio_lliurar_titol.pdf\">Autoritzaci\u00f3 per al lliurament d&#8217;un t\u00edtol (en format PDF)<\/a><\/td>\n<\/tr>\n<\/tbody>\n<\/table>\n<p>&nbsp;<\/p>\n<h2>Es pot trobar informaci\u00f3 ampliada als seg\u00fcents enlla\u00e7os:<\/h2>\n<ul>\n<li style=\"list-style-type: none;\">\n<ul>\n<li style=\"list-style-type: none;\">\n<ul>\n<li style=\"list-style-type: none;\">\n<ul>\n<li style=\"list-style-type: none;\">\n<ul>\n<li><a href=\"https:\/\/educacio.gencat.cat\/ca\/departament\/normativa\/taxes-preus-publics\/taxes\/index.html\">Sobre les taxes<\/a><\/li>\n<li><a href=\"https:\/\/educacio.gencat.cat\/ca\/departament\/normativa\/taxes-preus-publics\/exempcions-bonificacions\/\">Sobre les bonificacions i exempcions<\/a><\/li>\n<li><a href=\"https:\/\/portaljuridic.gencat.cat\/eli\/es-ct\/o\/2005\/05\/04\/edc216\">ORDRE EDC\/216\/2005, de 4 de maig, per la qual es desenvolupa el procediment d&#8217;expedici\u00f3 dels t\u00edtols acad\u00e8mics i professionals no universitaris de Catalunya<\/a><\/li>\n<li><a href=\"https:\/\/educacio.gencat.cat\/ca\/tramits\/tramits-temes\/20264_homologacio_titols\">Normativa sobre l&#8217;homologaci\u00f3 i convalidaci\u00f3 de t\u00edtols<\/a><\/li>\n<\/ul>\n<\/li>\n<\/ul>\n<\/li>\n<\/ul>\n<\/li>\n<\/ul>\n<\/li>\n<\/ul>\n<div>\u00a0<span style=\"color: #ffffff;\">.<\/span><\/div>\n<div><\/div>\n","protected":false},"excerpt":{"rendered":"<p>Per a l\u2019alumnat que acaba un cicle<br \/>\nLa superaci\u00f3 de tots els m\u00f2duls dels estudis corresponents al cicle que s&#8217;ha cursat, d\u00f3na dret a l&#8217;obtenci\u00f3 del t\u00edtol corresponent.<br \/>\nEn finalitzar el curs, tot l&#8217;alumnat del centre que cumpleixi els requisits, rebr\u00e0 des de la secretaria del centre,&hellip;  <a href=\"https:\/\/agora.xtec.cat\/ifp-alguero\/secretaria\/obtencio-de-titols\/\" title=\"Read Obtenci\u00f3 de t\u00edtols\">Llegeix m\u00e9s\u00bb<\/a><\/p>\n","protected":false},"author":1,"featured_media":0,"parent":81,"menu_order":0,"comment_status":"closed","ping_status":"closed","template":"page-templates\/side-menu.php","meta":{"_bbp_topic_count":0,"_bbp_reply_count":0,"_bbp_total_topic_count":0,"_bbp_total_reply_count":0,"_bbp_voice_count":0,"_bbp_anonymous_reply_count":0,"_bbp_topic_count_hidden":0,"_bbp_reply_count_hidden":0,"_bbp_forum_subforum_count":0,"footnotes":""},"class_list":["post-2311","page","type-page","status-publish","hentry"],"post_mailing_queue_ids":[],"_links":{"self":[{"href":"https:\/\/agora.xtec.cat\/ifp-alguero\/wp-json\/wp\/v2\/pages\/2311","targetHints":{"allow":["GET"]}}],"collection":[{"href":"https:\/\/agora.xtec.cat\/ifp-alguero\/wp-json\/wp\/v2\/pages"}],"about":[{"href":"https:\/\/agora.xtec.cat\/ifp-alguero\/wp-json\/wp\/v2\/types\/page"}],"author":[{"embeddable":true,"href":"https:\/\/agora.xtec.cat\/ifp-alguero\/wp-json\/wp\/v2\/users\/1"}],"replies":[{"embeddable":true,"href":"https:\/\/agora.xtec.cat\/ifp-alguero\/wp-json\/wp\/v2\/comments?post=2311"}],"version-history":[{"count":6,"href":"https:\/\/agora.xtec.cat\/ifp-alguero\/wp-json\/wp\/v2\/pages\/2311\/revisions"}],"predecessor-version":[{"id":3865,"href":"https:\/\/agora.xtec.cat\/ifp-alguero\/wp-json\/wp\/v2\/pages\/2311\/revisions\/3865"}],"up":[{"embeddable":true,"href":"https:\/\/agora.xtec.cat\/ifp-alguero\/wp-json\/wp\/v2\/pages\/81"}],"wp:attachment":[{"href":"https:\/\/agora.xtec.cat\/ifp-alguero\/wp-json\/wp\/v2\/media?parent=2311"}],"curies":[{"name":"wp","href":"https:\/\/api.w.org\/{rel}","templated":true}]}}