{"id":21,"date":"2014-09-17T16:14:14","date_gmt":"2014-09-17T16:14:14","guid":{"rendered":"http:\/\/agora.xtec.cat\/ifp-alguero\/?page_id=21"},"modified":"2026-03-19T13:51:40","modified_gmt":"2026-03-19T12:51:40","slug":"on-som","status":"publish","type":"page","link":"https:\/\/agora.xtec.cat\/ifp-alguero\/linstitut\/on-som\/","title":{"rendered":"On som"},"content":{"rendered":"<h2 style=\"color: #666666;\"><strong>Institut de Formaci\u00f3 Professional Antoni Alguer\u00f3<\/strong><\/h2>\n<p style=\"color: #666666;\">Carrer Parlament Catal\u00e0, n\u00fam.1<br \/>\n08960 Sant Just Desvern<br \/>\nTel\u00e8fon 931 939 581<br \/>\n<a href=\"mailto:info@ifp-alguero.org\">info<span class=\"\">@i<\/span>fp-alguero.org<\/a><\/p>\n<p><iframe loading=\"lazy\" src=\"https:\/\/www.google.com\/maps\/embed?pb=!1m14!1m8!1m3!1d2993.851623195714!2d2.0725985!3d41.3773083!3m2!1i1024!2i768!4f13.1!3m3!1m2!1s0x0%3A0xcd0b566b421b5467!2sEscola%20de%20Formaci%C3%B3%20%22Antoni%20Alguer%C3%B3%22!5e0!3m2!1sca!2ses!4v1623663947572!5m2!1sca!2ses\" width=\"600\" height=\"450\"><\/iframe><\/p>\n<p>&nbsp;<\/p>\n<p><strong>Com arribar-hi:<br \/>\n<\/strong><\/p>\n<ul>\n<li style=\"list-style-type: none;\">\n<ul>\n<li style=\"list-style-type: none;\">\n<ul>\n<li>Per tramvia: T3 estaci\u00f3 Rambla Sant Just<\/li>\n<li>Per autob\u00fas: l\u00ednies L50, L51, L62, 567, E30, JT<\/li>\n<\/ul>\n<\/li>\n<\/ul>\n<\/li>\n<\/ul>\n<p>&nbsp;<\/p>\n<p><strong>Correus electr\u00f2nics de contacte<\/strong><\/p>\n<ul>\n<li style=\"list-style-type: none;\">\n<ul>\n<li style=\"list-style-type: none;\">\n<ul>\n<li><span style=\"font-size: medium;\">Bustia general: <a href=\"mailto:info@ifp-alguero.org\">info<span class=\"\"><span class=\"\">@i<\/span><\/span>fp-alguero.org<\/a><\/span><\/li>\n<li><span style=\"font-size: medium;\">Directora: M. Immaculada Font i Potrony <a href=\"mailto:direccio@ifp-alguero.org\">direccio@ifp-alguero.org<\/a>\u00a0<\/span><\/li>\n<li>Secretari: Gon\u00e7al Roca Gonz\u00e1lez <a href=\"mailto:secretaria@ifp-alguero.org\"><span style=\"font-size: medium;\">secretaria@ifp-alguero.org<\/span><\/a><\/li>\n<li>Caps d\u2019Estudis: Carlos Baeta Olaria; Miquel Gimeno Escamilla\u00a0 <a href=\"mailto:prefectura-estudis@ifp-alguero.org\">prefectura-estudis@ifp-alguero.org<\/a><\/li>\n<li>Coordinadora pedag\u00f2gica: Nat\u00e0lia Corredoira Cort\u00e9s <a href=\"mailto:coord-pedagogica@ifp-alguero.org\"><span style=\"font-size: medium;\">coord-pedagogica@ifp-alguero.org<\/span><\/a><\/li>\n<\/ul>\n<\/li>\n<\/ul>\n<\/li>\n<\/ul>\n<p>&nbsp;<\/p>\n","protected":false},"excerpt":{"rendered":"<p>Institut de Formaci\u00f3 Professional Antoni Alguer\u00f3<br \/>\nCarrer Parlament Catal\u00e0, n\u00fam.1<br \/>\n08960 Sant Just Desvern<br \/>\nTel\u00e8fon 931 939 581<br \/>\n<a href=\"mailto:info@ifp-alguero.org\">info@ifp-alguero.org<\/a><\/p>\n<p>&nbsp;<br \/>\nCom arribar-hi:<\/p>\n<ul>\n<li style=\"list-style-type: none;\">\n<ul>\n<li style=\"list-style-type: none;\">\n<ul>\n<li>Per tramvia: T3 estaci\u00f3 Rambla Sant Just<\/li>\n<li>Per autob\u00fas: l\u00ednies L50, L51, L62, 567, E30, JT<\/li>\n<\/ul>\n<\/li>\n<\/ul>\n<\/li>\n<\/ul>\n<p>&nbsp;<br \/>\nCorreus electr\u00f2nics de contacte<\/p>\n<ul>\n<li style=\"list-style-type: none;\">\n<ul>\n<li style=\"list-style-type: none;\">\n<ul>\n<li>Bustia general: <a href=\"mailto:info@ifp-alguero.org\">info@ifp-alguero.org<\/a><\/li>\n<li>Directora:&hellip;  <a href=\"https:\/\/agora.xtec.cat\/ifp-alguero\/linstitut\/on-som\/\" title=\"Read On som\">Llegeix m\u00e9s\u00bb<\/a><br \/>\n","protected":false},"author":1,"featured_media":0,"parent":19,"menu_order":1,"comment_status":"closed","ping_status":"closed","template":"page-templates\/side-menu.php","meta":{"_bbp_topic_count":0,"_bbp_reply_count":0,"_bbp_total_topic_count":0,"_bbp_total_reply_count":0,"_bbp_voice_count":0,"_bbp_anonymous_reply_count":0,"_bbp_topic_count_hidden":0,"_bbp_reply_count_hidden":0,"_bbp_forum_subforum_count":0,"footnotes":""},"class_list":["post-21","page","type-page","status-publish","hentry"],"post_mailing_queue_ids":[],"_links":{"self":[{"href":"https:\/\/agora.xtec.cat\/ifp-alguero\/wp-json\/wp\/v2\/pages\/21","targetHints":{"allow":["GET"]}}],"collection":[{"href":"https:\/\/agora.xtec.cat\/ifp-alguero\/wp-json\/wp\/v2\/pages"}],"about":[{"href":"https:\/\/agora.xtec.cat\/ifp-alguero\/wp-json\/wp\/v2\/types\/page"}],"author":[{"embeddable":true,"href":"https:\/\/agora.xtec.cat\/ifp-alguero\/wp-json\/wp\/v2\/users\/1"}],"replies":[{"embeddable":true,"href":"https:\/\/agora.xtec.cat\/ifp-alguero\/wp-json\/wp\/v2\/comments?post=21"}],"version-history":[{"count":5,"href":"https:\/\/agora.xtec.cat\/ifp-alguero\/wp-json\/wp\/v2\/pages\/21\/revisions"}],"predecessor-version":[{"id":3962,"href":"https:\/\/agora.xtec.cat\/ifp-alguero\/wp-json\/wp\/v2\/pages\/21\/revisions\/3962"}],"up":[{"embeddable":true,"href":"https:\/\/agora.xtec.cat\/ifp-alguero\/wp-json\/wp\/v2\/pages\/19"}],"wp:attachment":[{"href":"https:\/\/agora.xtec.cat\/ifp-alguero\/wp-json\/wp\/v2\/media?parent=21"}],"curies":[{"name":"wp","href":"https:\/\/api.w.org\/{rel}","templated":true}]}}