{"id":195,"date":"2014-09-22T10:39:39","date_gmt":"2014-09-22T10:39:39","guid":{"rendered":"http:\/\/agora.xtec.cat\/ifp-alguero\/?page_id=195"},"modified":"2025-06-29T12:15:20","modified_gmt":"2025-06-29T10:15:20","slug":"estudis","status":"publish","type":"page","link":"https:\/\/agora.xtec.cat\/ifp-alguero\/estudis\/","title":{"rendered":"Estudis"},"content":{"rendered":"<h1>Curs 2025-2026<\/h1>\n<hr \/>\n<h1>Programes de formaci\u00f3 i inserci\u00f3 (PFI)<\/h1>\n<p>Fam\u00edlia d&#8217;Arts gr\u00e0fiques<\/p>\n<h4 style=\"padding-left: 40px;\"><a href=\"https:\/\/triaeducativa.gencat.cat\/ca\/estudis\/?auxiliar-arts-grafiques-serigrafia&amp;p_id=2751\"><strong>PFI Auxiliar d&#8217;arts gr\u00e0fiques i serigrafia<\/strong><\/a><\/h4>\n<p style=\"padding-left: 40px;\">1 curs MAT\u00cd<\/p>\n<hr \/>\n<h1>Cicles formatius de grau mitj\u00e0<\/h1>\n<p><strong>Formaci\u00f3 professional<\/strong><br \/>\nFam\u00edlia d&#8217;Arts gr\u00e0fiques<\/p>\n<h4 style=\"padding-left: 40px;\"><a href=\"https:\/\/triaeducativa.gencat.cat\/ca\/estudis\/?impressio-grafica&amp;p_id=1290\"><strong>CFGM Impressi\u00f3 gr\u00e0fica<\/strong><\/a><\/h4>\n<p style=\"padding-left: 40px;\">1r curs MAT\u00cd<br \/>\n2n curs TARDA<\/p>\n<h4 style=\"padding-left: 40px;\"><a href=\"https:\/\/triaeducativa.gencat.cat\/ca\/estudis\/?postimpressio-acabats-grafics&amp;p_id=1310\"><strong>CFGM Postimpressi\u00f3 i acabats gr\u00e0fics<\/strong><\/a><\/h4>\n<p style=\"padding-left: 40px;\">1r curs MAT\u00cd<br \/>\n2n curs TARDA<\/p>\n<h4 style=\"padding-left: 40px;\"><a href=\"https:\/\/triaeducativa.gencat.cat\/ca\/estudis\/?preimpressio-digital&amp;p_id=1230\"><strong>CFGM Preimpressi\u00f3 digital<\/strong><\/a><\/h4>\n<p style=\"padding-left: 40px;\">1r curs MAT\u00cd<br \/>\n2n curs TARDA<\/p>\n<p><strong>Arts pl\u00e0stiques i disseny<\/strong><br \/>\nModalitat de Comunicaci\u00f3 gr\u00e0fica i audiovisual<\/p>\n<h4 style=\"padding-left: 40px;\"><a href=\"https:\/\/triaeducativa.gencat.cat\/ca\/estudis\/?assistencia-producte-grafic-interactiu&amp;p_id=2211\"><strong>CFAM Assist\u00e8ncia al producte gr\u00e0fic interactiu\u00a0<\/strong><\/a><\/h4>\n<p style=\"padding-left: 40px;\">1r curs MAT\u00cd<br \/>\n2n curs TARDA<span style=\"color: #ffffff;\">.<\/span><\/p>\n<hr \/>\n<h1>Cicles formatius de grau superior<\/h1>\n<p><strong>Formaci\u00f3 professional<\/strong><br \/>\nFam\u00edlia d&#8217;Arts gr\u00e0fiques<\/p>\n<h4 style=\"padding-left: 40px;\"><a href=\"https:\/\/triaeducativa.gencat.cat\/ca\/estudis\/?disseny-edicio-publicacions-impreses-multimedia&amp;p_id=2491\"><strong>CFGS Disseny i edici\u00f3 de publicacions impreses i multim\u00e8dia<\/strong><\/a><\/h4>\n<p style=\"padding-left: 40px;\">1r curs MAT\u00cd<br \/>\n2n curs TARDA<\/p>\n<h4 style=\"padding-left: 40px;\"><a href=\"https:\/\/triaeducativa.gencat.cat\/ca\/estudis\/?disseny-gestio-produccio-grafica&amp;p_id=2492\"><strong>CFGS Disseny i gesti\u00f3 de la producci\u00f3 gr\u00e0fica<\/strong><\/a><\/h4>\n<p style=\"padding-left: 40px;\">1r curs MAT\u00cd<br \/>\n2n curs TARDA<\/p>\n<p><strong>Arts pl\u00e0stiques i disseny<\/strong><br \/>\nModalitat de Comunicaci\u00f3 gr\u00e0fica i audiovisual<\/p>\n<h4 style=\"padding-left: 40px;\"><a href=\"https:\/\/triaeducativa.gencat.cat\/ca\/estudis\/?grafica-publicitaria&amp;p_id=2151\"><strong>CFAS Gr\u00e0fica publicit\u00e0ria<\/strong><\/a><\/h4>\n<p style=\"padding-left: 40px;\">1r curs MAT\u00cd<br \/>\n2n curs TARDA<\/p>\n<hr \/>\n<h1 class=\"entry-title\"><a href=\"https:\/\/agora.xtec.cat\/ifp-alguero\/estudis\/complecio-destudis-que-sextingueixen\/\">Compleci\u00f3 d\u2019estudis<\/a><\/h1>\n<p>Pels cicles formatius de Formaci\u00f3 Professional que s&#8217;extingeixen,<\/p>\n<p>En el cas del nostre Institut, est\u00e0 afectat tot l\u2019alumnat que ha cursat i no aprovat, aquests cicles formatius fins al 2n curs del 2024-2025:<\/p>\n<ul>\n<li style=\"list-style-type: none;\">\n<ul style=\"list-style-type: disc;\">\n<li>CFPM Impressi\u00f3 Gr\u00e0fica<\/li>\n<li>CFPM Postimpressi\u00f3 i Acabats Gr\u00e0fics<\/li>\n<li>CFPM Preimpressi\u00f3 Digital<\/li>\n<li>CFPS Disseny i Edici\u00f3 de Publicacions Impreses i Multim\u00e8dia<\/li>\n<li>CFPS Disseny i Gesti\u00f3 de la Producci\u00f3 Gr\u00e0fica<\/li>\n<\/ul>\n<\/li>\n<\/ul>\n<p>&nbsp;<\/p>\n","protected":false},"excerpt":{"rendered":"<p>Curs 2025-2026<\/p>\n<p>Programes de formaci\u00f3 i inserci\u00f3 (PFI)<br \/>\nFam\u00edlia d&#8217;Arts gr\u00e0fiques<br \/>\n<a href=\"https:\/\/triaeducativa.gencat.cat\/ca\/estudis\/?auxiliar-arts-grafiques-serigrafia&amp;p_id=2751\">PFI Auxiliar d&#8217;arts gr\u00e0fiques i serigrafia<\/a><br \/>\n1 curs MAT\u00cd<\/p>\n<p>Cicles formatius de grau mitj\u00e0<br \/>\nFormaci\u00f3 professional<br \/>\nFam\u00edlia d&#8217;Arts gr\u00e0fiques<br \/>\n<a href=\"https:\/\/triaeducativa.gencat.cat\/ca\/estudis\/?impressio-grafica&amp;p_id=1290\">CFGM Impressi\u00f3 gr\u00e0fica<\/a><br \/>\n1r curs MAT\u00cd<br \/>\n2n curs TARDA<br \/>\n<a href=\"https:\/\/triaeducativa.gencat.cat\/ca\/estudis\/?postimpressio-acabats-grafics&amp;p_id=1310\">CFGM Postimpressi\u00f3 i acabats gr\u00e0fics<\/a><br \/>\n1r curs MAT\u00cd<br \/>\n2n curs TARDA<br \/>\n<a href=\"https:\/\/triaeducativa.gencat.cat\/ca\/estudis\/?preimpressio-digital&amp;p_id=1230\">CFGM Preimpressi\u00f3 digital<\/a><br \/>\n1r curs MAT\u00cd<br \/>\n2n&hellip;  <a href=\"https:\/\/agora.xtec.cat\/ifp-alguero\/estudis\/\" title=\"Read Estudis\">Llegeix m\u00e9s\u00bb<\/a><\/p>\n","protected":false},"author":1,"featured_media":0,"parent":0,"menu_order":0,"comment_status":"closed","ping_status":"closed","template":"","meta":{"_bbp_topic_count":0,"_bbp_reply_count":0,"_bbp_total_topic_count":0,"_bbp_total_reply_count":0,"_bbp_voice_count":0,"_bbp_anonymous_reply_count":0,"_bbp_topic_count_hidden":0,"_bbp_reply_count_hidden":0,"_bbp_forum_subforum_count":0,"footnotes":""},"class_list":["post-195","page","type-page","status-publish","hentry"],"post_mailing_queue_ids":[],"_links":{"self":[{"href":"https:\/\/agora.xtec.cat\/ifp-alguero\/wp-json\/wp\/v2\/pages\/195","targetHints":{"allow":["GET"]}}],"collection":[{"href":"https:\/\/agora.xtec.cat\/ifp-alguero\/wp-json\/wp\/v2\/pages"}],"about":[{"href":"https:\/\/agora.xtec.cat\/ifp-alguero\/wp-json\/wp\/v2\/types\/page"}],"author":[{"embeddable":true,"href":"https:\/\/agora.xtec.cat\/ifp-alguero\/wp-json\/wp\/v2\/users\/1"}],"replies":[{"embeddable":true,"href":"https:\/\/agora.xtec.cat\/ifp-alguero\/wp-json\/wp\/v2\/comments?post=195"}],"version-history":[{"count":6,"href":"https:\/\/agora.xtec.cat\/ifp-alguero\/wp-json\/wp\/v2\/pages\/195\/revisions"}],"predecessor-version":[{"id":4451,"href":"https:\/\/agora.xtec.cat\/ifp-alguero\/wp-json\/wp\/v2\/pages\/195\/revisions\/4451"}],"wp:attachment":[{"href":"https:\/\/agora.xtec.cat\/ifp-alguero\/wp-json\/wp\/v2\/media?parent=195"}],"curies":[{"name":"wp","href":"https:\/\/api.w.org\/{rel}","templated":true}]}}