{"id":1945,"date":"2022-11-04T12:46:42","date_gmt":"2022-11-04T11:46:42","guid":{"rendered":"https:\/\/agora.xtec.cat\/ifp-alguero\/?page_id=1945"},"modified":"2022-11-04T12:53:08","modified_gmt":"2022-11-04T11:53:08","slug":"carta-de-serveis-a-les-empreses-i-entitats","status":"publish","type":"page","link":"https:\/\/agora.xtec.cat\/ifp-alguero\/serveis\/cooperart\/carta-de-serveis-a-les-empreses-i-entitats\/","title":{"rendered":"Carta de serveis a les empreses i entitats"},"content":{"rendered":"<h2><b>Carta de Serveis de l\u2019IFP ANTONI ALGUER\u00d3<\/b> <b>a les entitats i empreses<\/b><\/h2>\n<p>&nbsp;<\/p>\n<h4><b>SERVEIS QUE S\u2019OFEREIXEN<\/b><\/h4>\n<p>&nbsp;<\/p>\n<p style=\"padding-left: 40px;\"><b>Pr\u00e0ctiques professionals<\/b><b> &gt; Convenis amb les empreses<\/b><span style=\"font-weight: 400;\">. L\u2019alumnat pot cursar les pr\u00e0ctiques en la modalitat de:<\/span><\/p>\n<ul>\n<li style=\"list-style-type: none;\">\n<ul>\n<li style=\"list-style-type: none;\">\n<ul>\n<li style=\"list-style-type: none;\">\n<ul>\n<li style=\"font-weight: 400;\" aria-level=\"1\"><b>Fase de pr\u00e0ctiques <\/b><span style=\"font-weight: 400;\">en empreses, estudis o tallers (FCT)\u00a0<\/span><\/li>\n<\/ul>\n<\/li>\n<\/ul>\n<\/li>\n<\/ul>\n<\/li>\n<\/ul>\n<p style=\"padding-left: 120px;\"><span style=\"font-weight: 400;\">M\u00f2dul de formatiu de pr\u00e0ctiques obligat\u00f2ries<\/span><\/p>\n<ul>\n<li style=\"list-style-type: none;\">\n<ul>\n<li style=\"list-style-type: none;\">\n<ul>\n<li style=\"list-style-type: none;\"><\/li>\n<\/ul>\n<\/li>\n<\/ul>\n<\/li>\n<\/ul>\n<p style=\"padding-left: 40px;\"><b>Talent creatiu i empresa.<\/b><span style=\"font-weight: 400;\"> Respostes innovadores als reptes o projectes que planteja l\u2019empresa al centre a trav\u00e9s del programa d\u2019innovaci\u00f3 del Departament d\u2019Educaci\u00f3<\/span><\/p>\n<p style=\"padding-left: 40px;\"><b>Assessorament i reconeixement acad\u00e8mic<\/b><span style=\"font-weight: 400;\"> dels aprenentatges assolits mitjan\u00e7ant l&#8217;experi\u00e8ncia laboral\u00a0<\/span><\/p>\n<p style=\"padding-left: 40px;\"><b>Cursos monogr\u00e0fics.<\/b> <span style=\"font-weight: 400;\">Programes formatius que s\u2019adapten a les necessitats de les empreses<\/span><\/p>\n<p style=\"padding-left: 40px;\"><b>Borsa de treball<\/b> <span style=\"font-weight: 400;\">Borsa d\u2019alumnis \/ Borsa d\u2019empreses<\/span><\/p>\n<p style=\"padding-left: 40px;\"><b>Gesti\u00f3 de projectes professionals.<\/b><\/p>\n<p style=\"padding-left: 80px;\"><span style=\"font-weight: 400;\">L\u2019Institut Antoni Alguer\u00f3, des del m\u00f2dul de Gesti\u00f3 de projectes professionals, pot atendre enc\u00e0rrecs d\u2019entitats o empreses que no suposin intrusisme professional o compet\u00e8ncia deslleial cap a altres empreses o professionals del sector.<\/span><\/p>\n<ul>\n<li style=\"list-style-type: none;\">\n<ul>\n<li style=\"list-style-type: none;\">\n<ul>\n<li style=\"list-style-type: none;\">\n<ul>\n<li style=\"list-style-type: none;\">\n<ul>\n<li aria-level=\"1\"><b>\u00a0Per \u00e0mbits dels projectes:<\/b><\/li>\n<\/ul>\n<\/li>\n<\/ul>\n<\/li>\n<\/ul>\n<\/li>\n<\/ul>\n<\/li>\n<\/ul>\n<ul>\n<li style=\"list-style-type: none;\">\n<ul>\n<li style=\"list-style-type: none;\">\n<ul>\n<li style=\"list-style-type: none;\">\n<ul>\n<li style=\"list-style-type: none;\">\n<ul>\n<li style=\"list-style-type: none;\">\n<ul>\n<li aria-level=\"2\"><b>Disseny gr\u00e0fic<\/b><\/li>\n<\/ul>\n<\/li>\n<\/ul>\n<\/li>\n<\/ul>\n<\/li>\n<\/ul>\n<\/li>\n<\/ul>\n<\/li>\n<\/ul>\n<ul>\n<li style=\"list-style-type: none;\">\n<ul>\n<li style=\"list-style-type: none;\">\n<ul>\n<li style=\"list-style-type: none;\">\n<ul>\n<li style=\"list-style-type: none;\">\n<ul>\n<li style=\"list-style-type: none;\">\n<ul>\n<li aria-level=\"2\"><b>Il\u00b7lustraci\u00f3 i animaci\u00f3<\/b><\/li>\n<\/ul>\n<\/li>\n<\/ul>\n<\/li>\n<\/ul>\n<\/li>\n<\/ul>\n<\/li>\n<\/ul>\n<\/li>\n<\/ul>\n<ul>\n<li style=\"list-style-type: none;\">\n<ul>\n<li style=\"list-style-type: none;\">\n<ul>\n<li style=\"list-style-type: none;\">\n<ul>\n<li style=\"list-style-type: none;\">\n<ul>\n<li style=\"list-style-type: none;\">\n<ul>\n<li aria-level=\"2\"><b>Imatge audiovisual i fotografia<\/b><\/li>\n<\/ul>\n<\/li>\n<\/ul>\n<\/li>\n<\/ul>\n<\/li>\n<\/ul>\n<\/li>\n<\/ul>\n<\/li>\n<\/ul>\n<p style=\"padding-left: 160px;\"><b><\/b><br \/>\n<b><\/b><\/p>\n<ul>\n<li style=\"list-style-type: none;\">\n<ul>\n<li style=\"list-style-type: none;\">\n<ul>\n<li style=\"list-style-type: none;\">\n<ul>\n<li style=\"list-style-type: none;\">\n<ul>\n<li aria-level=\"1\"><b>Per fam\u00edlies professionals d\u2019Arts pl\u00e0stiques i disseny<\/b><\/li>\n<\/ul>\n<\/li>\n<\/ul>\n<\/li>\n<\/ul>\n<\/li>\n<\/ul>\n<\/li>\n<\/ul>\n<ul>\n<li style=\"list-style-type: none;\">\n<ul>\n<li style=\"list-style-type: none;\">\n<ul>\n<li style=\"list-style-type: none;\">\n<ul>\n<li style=\"list-style-type: none;\">\n<ul>\n<li style=\"list-style-type: none;\">\n<ul>\n<li aria-level=\"1\"><b>Comunicaci\u00f3 gr\u00e0fica i audiovisual<\/b><\/li>\n<\/ul>\n<\/li>\n<\/ul>\n<\/li>\n<\/ul>\n<\/li>\n<\/ul>\n<\/li>\n<\/ul>\n<\/li>\n<\/ul>\n<p style=\"padding-left: 80px;\"><b>DESCRIPCI\u00d3 DELS SERVEIS.<\/b><b><\/b><\/p>\n<ul>\n<li style=\"list-style-type: none;\">\n<ul>\n<li style=\"list-style-type: none;\">\n<ul>\n<li style=\"list-style-type: none;\">\n<ul>\n<li style=\"list-style-type: none;\">\n<ul>\n<li aria-level=\"1\"><b>Disseny gr\u00e0fic<\/b><\/li>\n<\/ul>\n<\/li>\n<\/ul>\n<\/li>\n<\/ul>\n<\/li>\n<\/ul>\n<\/li>\n<\/ul>\n<ul>\n<li style=\"list-style-type: none;\">\n<ul>\n<li style=\"list-style-type: none;\">\n<ul>\n<li style=\"list-style-type: none;\">\n<ul>\n<li style=\"list-style-type: none;\">\n<ul>\n<li aria-level=\"1\"><b>Serveis. Descripci\u00f3. L\u00ednies de servei. <\/b><b>\u00c0mbit i tipologia dels projectes<\/b><\/li>\n<\/ul>\n<\/li>\n<\/ul>\n<\/li>\n<\/ul>\n<\/li>\n<\/ul>\n<\/li>\n<\/ul>\n<p style=\"padding-left: 160px;\"><span style=\"font-weight: 400;\">Fa refer\u00e8ncia als tipus de serveis i d\u2019\u00e0mbits que es poden atendre. Es tracta d\u2019identificar tots els serveis que oferiu segons una tipologia m\u00e9s o menys \u00e0mplia.\u00a0<\/span><\/p>\n<p style=\"padding-left: 160px;\"><span style=\"font-weight: 400;\">Especialitzaci\u00f3 de l\u2019empresa (escola d\u2019art).\u00a0<\/span><\/p>\n<p style=\"padding-left: 160px;\"><span style=\"font-weight: 400;\">Descripci\u00f3 de la missi\u00f3 del servei i principals objectius.\u00a0<\/span><\/p>\n<p style=\"padding-left: 160px;\"><span style=\"font-weight: 400;\">Tipologia i abast dels projectes que es poden atendre.\u00a0<\/span><\/p>\n<p style=\"padding-left: 160px;\"><span style=\"font-weight: 400;\">Activitat o conjunt d\u2019activitats que ofereix l\u2019empresa (escola d\u2019art)<\/span><\/p>\n<ul>\n<li style=\"list-style-type: none;\">\n<ul>\n<li style=\"list-style-type: none;\">\n<ul>\n<li style=\"list-style-type: none;\">\n<ul>\n<li style=\"list-style-type: none;\">\n<ul>\n<li aria-level=\"1\"><b>Destinataris. <\/b><b>Condicions per sol\u00b7licitar-lo<\/b><\/li>\n<\/ul>\n<\/li>\n<\/ul>\n<\/li>\n<\/ul>\n<\/li>\n<\/ul>\n<\/li>\n<\/ul>\n<p style=\"padding-left: 160px;\"><span style=\"font-weight: 400;\">Destinataris (descripci\u00f3 dels possibles usuaris, relaci\u00f3\/ descripci\u00f3 de les persones o empreses usu\u00e0ries potencials del Servei)\u00a0<\/span><\/p>\n<p style=\"padding-left: 160px;\"><span style=\"font-weight: 400;\">\/ Requisits \/\u00a0<\/span><\/p>\n<ul>\n<li style=\"list-style-type: none;\">\n<ul>\n<li style=\"list-style-type: none;\">\n<ul>\n<li style=\"list-style-type: none;\">\n<ul>\n<li style=\"list-style-type: none;\">\n<ul>\n<li style=\"font-weight: 400;\" aria-level=\"1\"><b>Canals de prestaci\u00f3 i sol\u00b7licitud del servei\u00a0<\/b><\/li>\n<\/ul>\n<\/li>\n<\/ul>\n<\/li>\n<\/ul>\n<\/li>\n<\/ul>\n<\/li>\n<\/ul>\n<p style=\"padding-left: 160px;\"><span style=\"font-weight: 400;\">Sol\u00b7licitud (formulari, impresos, \u2026)\u00a0\u00a0<\/span><\/p>\n<p style=\"padding-left: 160px;\"><span style=\"font-weight: 400;\">\/ Tramitaci\u00f3 (departament, persona de contacte, &#8230;)\u00a0\u00a0<\/span><\/p>\n<p style=\"padding-left: 160px;\"><span style=\"font-weight: 400;\">\/ Relaci\u00f3 dels canals amb informaci\u00f3 sobre horaris i dades de contacte segons el canal: presencial (posar adre\u00e7a), telef\u00f2nic (posar n\u00famero), correu electr\u00f2nic (posar adre\u00e7a electr\u00f2nica), digital, correu postal (posar adre\u00e7a postal), Fax (posar n\u00famero) \u2026<\/span><\/p>\n<ul>\n<li style=\"list-style-type: none;\">\n<ul>\n<li style=\"list-style-type: none;\">\n<ul>\n<li style=\"list-style-type: none;\">\n<ul>\n<li style=\"list-style-type: none;\">\n<ul>\n<li aria-level=\"1\"><b>Equip t\u00e8cnic. <\/b><b>Unitat\/departament responsable. Unitats\/departaments implicats.\u00a0<\/b><\/li>\n<\/ul>\n<\/li>\n<\/ul>\n<\/li>\n<\/ul>\n<\/li>\n<\/ul>\n<\/li>\n<\/ul>\n<p style=\"padding-left: 160px;\"><span style=\"font-weight: 400;\">Coordinador del servei: Toni Buenadicha <a href=\"mailto:tbuenadicha@ifp-alguero.org\">tbuenadicha@ifp-alguero.org<\/a><\/span><\/p>\n<p style=\"padding-left: 160px;\">Departament d&#8217;Arts Pl\u00e0stiques i Disseny<\/p>\n<p style=\"padding-left: 160px;\"><span style=\"font-weight: 400;\">Nom de la unitat org\u00e0nica del Servei.\u00a0<\/span><\/p>\n<p style=\"padding-left: 160px;\"><span style=\"font-weight: 400;\">Relaci\u00f3 de les altres unitats de l\u2019organitzaci\u00f3 que intervenen en la prestaci\u00f3 del Servei.\u00a0<\/span><\/p>\n<p style=\"padding-left: 160px;\"><span style=\"font-weight: 400;\">Relaci\u00f3 de les persones que treballen al Servei, aix\u00ed com del comandament<\/span><\/p>\n<ul>\n<li style=\"list-style-type: none;\">\n<ul>\n<li style=\"list-style-type: none;\">\n<ul>\n<li style=\"list-style-type: none;\">\n<ul>\n<li style=\"list-style-type: none;\">\n<ul>\n<li aria-level=\"1\"><b>Drets i deures. <\/b><b>Compromisos de l\u2019escola d\u2019art i l\u2019empresa\/entitat<\/b><\/li>\n<\/ul>\n<\/li>\n<\/ul>\n<\/li>\n<\/ul>\n<\/li>\n<\/ul>\n<\/li>\n<\/ul>\n<p style=\"padding-left: 160px;\"><span style=\"font-weight: 400;\">Relaci\u00f3 dels drets i obligacions dels usuaris establerts tant per l\u2019organitzaci\u00f3 com per l\u2019ordenament jur\u00eddic vigent en relaci\u00f3 amb el servei. Obligacions que s\u2019assumeixen.\u00a0<\/span><\/p>\n<p style=\"padding-left: 160px;\"><span style=\"font-weight: 400;\">Drets d\u2019autoria i explotaci\u00f3 dels projectes\u00a0<\/span><\/p>\n<p style=\"padding-left: 160px;\"><span style=\"font-weight: 400;\">\/ Confidencialitat\u00a0<\/span><\/p>\n<p style=\"padding-left: 160px;\"><span style=\"font-weight: 400;\">\/\u00a0 Protecci\u00f3 de dades \/ <\/span><span style=\"font-weight: 400;\">&#8230;<\/span><\/p>\n<ul>\n<li style=\"list-style-type: none;\">\n<ul>\n<li style=\"list-style-type: none;\">\n<ul>\n<li style=\"list-style-type: none;\">\n<ul>\n<li style=\"list-style-type: none;\">\n<ul>\n<li aria-level=\"1\"><b>Cost per a l\u2019usuari. <\/b><b>Contraprestacions de la prestaci\u00f3 del servei a l\u2019empresa\/entitat<\/b><\/li>\n<\/ul>\n<\/li>\n<\/ul>\n<\/li>\n<\/ul>\n<\/li>\n<\/ul>\n<\/li>\n<\/ul>\n<p style=\"padding-left: 160px;\"><span style=\"font-weight: 400;\">Relaci\u00f3 de tots aquells serveis que impliquen un cost per a l\u2019usuari o unes contraprestacions.\u00a0<\/span><\/p>\n<p style=\"padding-left: 160px;\"><span style=\"font-weight: 400;\">Possibilitats de finan\u00e7ament per part de l\u2019empresa o entitat, dotaci\u00f3 econ\u00f2mica, retribuci\u00f3 en esp\u00e8cies, \u2026<\/span><\/p>\n<ul>\n<li style=\"list-style-type: none;\">\n<ul>\n<li style=\"list-style-type: none;\">\n<ul>\n<li style=\"list-style-type: none;\">\n<ul>\n<li style=\"list-style-type: none;\">\n<ul>\n<li style=\"font-weight: 400;\" aria-level=\"1\"><b>Servei d\u2019atenci\u00f3 a l\u2019usuari<\/b><b> (client): suggeriments, agra\u00efments i queixes<\/b><\/li>\n<\/ul>\n<\/li>\n<\/ul>\n<\/li>\n<\/ul>\n<\/li>\n<\/ul>\n<\/li>\n<\/ul>\n<p style=\"padding-left: 160px;\"><span style=\"font-weight: 400;\">Recull dels mitjans posats a disposici\u00f3 dels usuaris de servei per atendre\u2019ls en relaci\u00f3 amb la prestaci\u00f3 del servei o per l\u2019incompliment dels compromisos de qualitat associats.\u00a0<\/span><\/p>\n<p style=\"padding-left: 160px;\"><span style=\"font-weight: 400;\">Obert tant per a fer agra\u00efments, com per a formular suggeriments, o b\u00e9 per una reclamaci\u00f3 o interposar una queixa.<\/span><\/p>\n","protected":false},"excerpt":{"rendered":"<p>Carta de Serveis de l\u2019IFP ANTONI ALGUER\u00d3 a les entitats i empreses<br \/>\n&nbsp;<br \/>\nSERVEIS QUE S\u2019OFEREIXEN<br \/>\n&nbsp;<br \/>\nPr\u00e0ctiques professionals &gt; Convenis amb les empreses. L\u2019alumnat pot cursar les pr\u00e0ctiques en la modalitat de:<\/p>\n<ul>\n<li style=\"list-style-type: none;\">\n<ul>\n<li style=\"list-style-type: none;\">\n<ul>\n<li style=\"list-style-type: none;\">\n<ul>\n<li style=\"font-weight: 400;\" aria-level=\"1\">Fase de pr\u00e0ctiques en empreses, estudis o tallers&hellip;  <a href=\"https:\/\/agora.xtec.cat\/ifp-alguero\/serveis\/cooperart\/carta-de-serveis-a-les-empreses-i-entitats\/\" title=\"Read Carta de serveis a les empreses i entitats\">Llegeix m\u00e9s\u00bb<\/a><br \/>\n","protected":false},"author":1,"featured_media":0,"parent":1907,"menu_order":0,"comment_status":"closed","ping_status":"closed","template":"page-templates\/side-menu.php","meta":{"_bbp_topic_count":0,"_bbp_reply_count":0,"_bbp_total_topic_count":0,"_bbp_total_reply_count":0,"_bbp_voice_count":0,"_bbp_anonymous_reply_count":0,"_bbp_topic_count_hidden":0,"_bbp_reply_count_hidden":0,"_bbp_forum_subforum_count":0,"footnotes":""},"class_list":["post-1945","page","type-page","status-publish","hentry"],"post_mailing_queue_ids":[],"_links":{"self":[{"href":"https:\/\/agora.xtec.cat\/ifp-alguero\/wp-json\/wp\/v2\/pages\/1945","targetHints":{"allow":["GET"]}}],"collection":[{"href":"https:\/\/agora.xtec.cat\/ifp-alguero\/wp-json\/wp\/v2\/pages"}],"about":[{"href":"https:\/\/agora.xtec.cat\/ifp-alguero\/wp-json\/wp\/v2\/types\/page"}],"author":[{"embeddable":true,"href":"https:\/\/agora.xtec.cat\/ifp-alguero\/wp-json\/wp\/v2\/users\/1"}],"replies":[{"embeddable":true,"href":"https:\/\/agora.xtec.cat\/ifp-alguero\/wp-json\/wp\/v2\/comments?post=1945"}],"version-history":[{"count":3,"href":"https:\/\/agora.xtec.cat\/ifp-alguero\/wp-json\/wp\/v2\/pages\/1945\/revisions"}],"predecessor-version":[{"id":1950,"href":"https:\/\/agora.xtec.cat\/ifp-alguero\/wp-json\/wp\/v2\/pages\/1945\/revisions\/1950"}],"up":[{"embeddable":true,"href":"https:\/\/agora.xtec.cat\/ifp-alguero\/wp-json\/wp\/v2\/pages\/1907"}],"wp:attachment":[{"href":"https:\/\/agora.xtec.cat\/ifp-alguero\/wp-json\/wp\/v2\/media?parent=1945"}],"curies":[{"name":"wp","href":"https:\/\/api.w.org\/{rel}","templated":true}]}}