{"id":1907,"date":"2022-11-02T14:55:19","date_gmt":"2022-11-02T13:55:19","guid":{"rendered":"https:\/\/agora.xtec.cat\/ifp-alguero\/?page_id=1907"},"modified":"2022-11-04T12:48:41","modified_gmt":"2022-11-04T11:48:41","slug":"cooperart","status":"publish","type":"page","link":"https:\/\/agora.xtec.cat\/ifp-alguero\/serveis\/cooperart\/","title":{"rendered":"CooperArt"},"content":{"rendered":"<p>El programa d\u2019innovaci\u00f3 i transfer\u00e8ncia de coneixement\u00a0<strong>CooperArt<\/strong>\u00a0desenvolupa metodologies d\u2019innovaci\u00f3 i transfer\u00e8ncia de coneixement entre els centres i les empreses o entitats i integra formaci\u00f3 espec\u00edfica i de jornades d\u2019intercanvi, amb l\u2019objectiu que les escoles d\u2019art es donin suport i comparteixin estrat\u00e8gies i experi\u00e8ncies.<\/p>\n<p>Aix\u00ed mateix, fomenta la innovaci\u00f3 i l\u2019intercanvi de bones pr\u00e0ctiques amb altres centres educatius; promou el comprom\u00eds col\u00b7lectiu entre el professorat, l\u2019alumnat i les empreses o entitats i el desenvolupament de capacitats clau com la responsabilitat, l\u2019organitzaci\u00f3 del treball, l\u2019emprenedoria, el treball en equip, l\u2019autonomia, la resoluci\u00f3 de problemes, la comunicaci\u00f3 i l\u2019aprendre a aprendre, davant de reptes amb sentit empresarial, i posa a les escoles d\u2019art en disposici\u00f3 d\u2019interactuar amb altres centres educatius, les empreses i les entitats per al desenvolupament, transfer\u00e8ncia i aplicaci\u00f3 de coneixements.<\/p>\n<p><strong>L&#8217;IFP Antoni Alguer\u00f3, des del m\u00f2dul de Gesti\u00f3 de projectes professionals dels cicles de Gr\u00e0fica Publicit\u00e0ria i Assist\u00e8ncia al Producte Gr\u00e0fic Interactiu, pot atendre enc\u00e0rrecs d\u2019entitats o empreses que no suposin intrusisme professional o compet\u00e8ncia deslleial cap a altres empreses o professionals del sector, i sempre amb una clara vocaci\u00f3 pedag\u00f2gica.<\/strong><\/p>\n<p><a href=\"https:\/\/agora.xtec.cat\/ifp-alguero\/serveis\/cooperart\/carta-de-serveis-a-les-empreses-i-entitats\/\">Aquesta \u00e9s la nostra carta de serveis.<\/a><\/p>\n<p><strong>Si sou una entitat o empresa i esteu interessats en proposar enc\u00e0rrecs professionals al nostre alumnat, c<\/strong><strong>ontacteu amb nosaltres:<\/strong><\/p>\n<p><strong>Toni Buenadicha<\/strong><br \/>\n<em>Cap de departament d&#8217;Arts Pl\u00e0stiques i Disseny<\/em><br \/>\n<a href=\"mailto:tbuenadicha@ifp-alguero.org\">tbuenadicha@ifp-alguero.org<\/a><\/p>\n<p>&nbsp;<\/p>\n","protected":false},"excerpt":{"rendered":"<p>El programa d\u2019innovaci\u00f3 i transfer\u00e8ncia de coneixement\u00a0CooperArt\u00a0desenvolupa metodologies d\u2019innovaci\u00f3 i transfer\u00e8ncia de coneixement entre els centres i les empreses o entitats i integra formaci\u00f3 espec\u00edfica i de jornades d\u2019intercanvi, amb l\u2019objectiu que les escoles d\u2019art es donin suport i comparteixin estrat\u00e8gies i experi\u00e8ncies.<br \/>\nAix\u00ed mateix, fomenta&hellip;  <a href=\"https:\/\/agora.xtec.cat\/ifp-alguero\/serveis\/cooperart\/\" title=\"Read CooperArt\">Llegeix m\u00e9s\u00bb<\/a><\/p>\n","protected":false},"author":1,"featured_media":0,"parent":63,"menu_order":0,"comment_status":"closed","ping_status":"closed","template":"page-templates\/side-menu.php","meta":{"_bbp_topic_count":0,"_bbp_reply_count":0,"_bbp_total_topic_count":0,"_bbp_total_reply_count":0,"_bbp_voice_count":0,"_bbp_anonymous_reply_count":0,"_bbp_topic_count_hidden":0,"_bbp_reply_count_hidden":0,"_bbp_forum_subforum_count":0,"footnotes":""},"class_list":["post-1907","page","type-page","status-publish","hentry"],"post_mailing_queue_ids":[],"_links":{"self":[{"href":"https:\/\/agora.xtec.cat\/ifp-alguero\/wp-json\/wp\/v2\/pages\/1907","targetHints":{"allow":["GET"]}}],"collection":[{"href":"https:\/\/agora.xtec.cat\/ifp-alguero\/wp-json\/wp\/v2\/pages"}],"about":[{"href":"https:\/\/agora.xtec.cat\/ifp-alguero\/wp-json\/wp\/v2\/types\/page"}],"author":[{"embeddable":true,"href":"https:\/\/agora.xtec.cat\/ifp-alguero\/wp-json\/wp\/v2\/users\/1"}],"replies":[{"embeddable":true,"href":"https:\/\/agora.xtec.cat\/ifp-alguero\/wp-json\/wp\/v2\/comments?post=1907"}],"version-history":[{"count":4,"href":"https:\/\/agora.xtec.cat\/ifp-alguero\/wp-json\/wp\/v2\/pages\/1907\/revisions"}],"predecessor-version":[{"id":1949,"href":"https:\/\/agora.xtec.cat\/ifp-alguero\/wp-json\/wp\/v2\/pages\/1907\/revisions\/1949"}],"up":[{"embeddable":true,"href":"https:\/\/agora.xtec.cat\/ifp-alguero\/wp-json\/wp\/v2\/pages\/63"}],"wp:attachment":[{"href":"https:\/\/agora.xtec.cat\/ifp-alguero\/wp-json\/wp\/v2\/media?parent=1907"}],"curies":[{"name":"wp","href":"https:\/\/api.w.org\/{rel}","templated":true}]}}