{"id":1613,"date":"2022-05-06T09:47:41","date_gmt":"2022-05-06T07:47:41","guid":{"rendered":"https:\/\/agora.xtec.cat\/ifp-alguero\/?page_id=1613"},"modified":"2023-04-20T08:57:51","modified_gmt":"2023-04-20T06:57:51","slug":"preinscripcio-de-cfgm-dfp-per-a-lalumnat-amb-continuitat-descolaritzacio","status":"publish","type":"page","link":"https:\/\/agora.xtec.cat\/ifp-alguero\/estudis\/preinscripcio-de-cfgm-dfp-per-a-lalumnat-amb-continuitat-descolaritzacio\/","title":{"rendered":"Preinscripci\u00f3 de CFGM d&#8217;FP per a l\u2019alumnat amb continu\u00eftat d\u2019escolaritzaci\u00f3 &#8211; Curs 2023-2024"},"content":{"rendered":"<p>Tota aquesta informaci\u00f3 es pot trobar ampliada <a href=\"https:\/\/preinscripcio.gencat.cat\/ca\/estudis\/fp-grau-mitja\/inici\/\">al web de la Generalitat de Catalunya<\/a>.<\/p>\n<p>&nbsp;<\/p>\n<div class=\"panel-heading\">\n<h2 class=\"panel-title\">Proc\u00e9s de preinscripci\u00f3 a un CFGM per a l\u2019alumnat amb continu\u00eftat d\u2019escolaritzaci\u00f3<\/h2>\n<\/div>\n<div id=\"distribuidora_6a97fc79-6948-11ec-833e-005056924a59_4\" class=\"panel-collapse collapse in\">\n<div class=\"panel-body\">\n<div class=\"basic_text_peq link-dotted\">\n<p>(Per aquest proc\u00e9s nom\u00e9s es pot demanar pla\u00e7a per al primer curs)<\/p>\n<p><strong>Que s&#8217;ent\u00e8n per alumnat amb continu\u00eftat d&#8217;escolaritzaci\u00f3?<\/strong><\/p>\n<ul style=\"list-style-type: disc;\">\n<li>Alumnes que hi accedeixen per la via de l&#8217;ESO (els que en el moment de presentar la sol\u00b7licitud est\u00e0 cursant el quart curs de l&#8217;ESO en un centre ordinari, est\u00e0 cursant o ha cursat el GESO en el curs actual en un centre de formaci\u00f3 d&#8217;adults, est\u00e0 escolaritzat en un sistema educatiu estranger en un nivell equivalent a quart d&#8217;ESO o est\u00e0 cursant el primer curs de batxillerat) es fa una reserva de places del 70 %.<\/li>\n<li>Alumnes que hi accedeixen per la via dels programes de qualificaci\u00f3 professional inicial (PQPI) es fa una reserva de places del 20 %. Per aquesta via hi accedeixen els alumnes procedents de la formaci\u00f3 professional b\u00e0sica o dels cicles formatius de grau b\u00e0sic.<\/li>\n<li>Alumnes que hi accedeixen per la via de la prova d&#8217;acc\u00e9s o que tenen l&#8217;exempci\u00f3 total d&#8217;aquesta prova, el curs espec\u00edfic d&#8217;acc\u00e9s o que tenen altres titulacions que en permeten l&#8217;acc\u00e9s, es fa una reserva de places del 10 %. Els alumnes dels programes de formaci\u00f3 i inserci\u00f3 (PFI) que han participat en les proves d&#8217;acc\u00e9s i les han superat o han obtingut l&#8217;exempci\u00f3 d&#8217;aquestes, accedeixen per aquesta via i participen en el proc\u00e9s amb la qualificaci\u00f3 obtinguda a la prova. Aquesta qualificaci\u00f3 es calcula d&#8217;acord amb el que determina la convocat\u00f2ria anual de proves d&#8217;acc\u00e9s.<\/li>\n<\/ul>\n<p><strong>Proc\u00e9s per a la resta de l&#8217;alumnat.<br \/>\n<\/strong><\/p>\n<ul>\n<li>Les places s&#8217;assignen a les vacants resultants de l&#8217;oferta final, quan ha finalitzat l&#8217;assignaci\u00f3 de l&#8217;alumnat adm\u00e8s del proc\u00e9s per a alumnat amb continu\u00eftat d&#8217;escolaritzaci\u00f3, segons les mateixes vies d&#8217;acc\u00e9s que s&#8217;estableixen per a l&#8217;alumnat de continu\u00eftat d&#8217;escolaritzaci\u00f3.<\/li>\n<\/ul>\n<p>En tots els casos, per desfer situacions d&#8217;empat, s&#8217;aplica el resultat del sorteig.<\/p>\n<p>&nbsp;<\/p>\n<p><strong>Vies d&#8217;acc\u00e9s<\/strong><\/p>\n<p><strong>Alumnat de continu\u00eftat &#8211; Via 1<\/strong> (assignaci\u00f3 de 70% de les places)<\/p>\n<ol>\n<li style=\"list-style-type: none;\">\n<ol>\n<li style=\"list-style-type: none;\">\n<ol>\n<li>L&#8217;alumnat que en el moment de presentar la sol\u00b7licitud est\u00e0 cursant el 4t curs d&#8217;ESO o<\/li>\n<li>L&#8217;alumnat que est\u00e0 escolaritzat en un sistema educatiu estranger en un nivell equivalent a 4t d&#8217;ESO o<\/li>\n<li>L&#8217;alumnat que est\u00e0 cursant o ha cursat GESO en el curs actual en un Centre de Formaci\u00f3 d&#8217;Adults (CFA) o<\/li>\n<li>L&#8217;alumnat que est\u00e0 cursant, actualment, 1r de Batxillerat<\/li>\n<\/ol>\n<\/li>\n<\/ol>\n<\/li>\n<\/ol>\n<p><strong>Alumnat de continu\u00eftat &#8211; Via 2<\/strong> (assignaci\u00f3 de 20% de les places)<\/p>\n<ol>\n<li style=\"list-style-type: none;\">\n<ol>\n<li style=\"list-style-type: none;\">\n<ol>\n<li>L&#8217;alumnat que ha superat un programa de qualificaci\u00f3 professional inicial (PQPI) o<\/li>\n<li>L&#8217;alumnat que ha superat o est\u00e0 un cicle formatiu de grau b\u00e0sic o formaci\u00f3 professional b\u00e0sica.<\/li>\n<\/ol>\n<\/li>\n<\/ol>\n<\/li>\n<\/ol>\n<p><strong>Alumnat de continu\u00eftat (que compleix 18 anys, com a m\u00e0xim, durant el 2023) &#8211; Via 3<\/strong> (assignaci\u00f3 de 10% de les places)<\/p>\n<ol>\n<li style=\"list-style-type: none;\">\n<ol>\n<li style=\"list-style-type: none;\">\n<ol>\n<li>L&#8217;alumnat que ha realitzat el curs de formaci\u00f3 espec\u00edfic per a l&#8217;acc\u00e9s als cicles de grau mitj\u00e0 o<\/li>\n<li>L&#8217;alumnat que ha superat la prova d&#8217;acc\u00e9s (incl\u00f2s si n&#8217;est\u00e0 exempt) o<\/li>\n<li>L&#8217;alumnat que t\u00e9 altres requisits d&#8217;acc\u00e9s.<\/li>\n<\/ol>\n<\/li>\n<\/ol>\n<\/li>\n<\/ol>\n<\/div>\n<\/div>\n<\/div>\n<p>&nbsp;<\/p>\n<h2>Calendari<\/h2>\n<h4>Preinscripci\u00f3<\/h4>\n<ul>\n<li style=\"list-style-type: none;\">\n<ul>\n<li style=\"list-style-type: none;\">\n<ul>\n<li><strong>11 d&#8217;abril de 2023: oferta inicial de places escolars<\/strong><br \/>\nPublicaci\u00f3 del nombre de places escolars per centre i curs.<\/li>\n<li><strong>Del 12 al 18 d&#8217;abril de 2023: presentaci\u00f3 de sol\u00b7licituds<\/strong><br \/>\nAlumnat de continu\u00eftat.<\/li>\n<li><strong>Fins al 19 d&#8217;abril de 2023: presentaci\u00f3 de documentaci\u00f3<\/strong><br \/>\nFins aquesta data pots presentar documentaci\u00f3 acreditativa que no hagis pogut adjuntar durant el per\u00edode de presentaci\u00f3 de sol\u00b7licituds.<\/li>\n<li><strong>28 d&#8217;abril de 2023: llista provisional de sol\u00b7licituds<\/strong><br \/>\nEs publica la llista provisional de sol\u00b7licituds admeses i excloses.<\/li>\n<li><strong>Del 28 d&#8217;abril al 3 de maig de 2023: presentaci\u00f3 de reclamacions<\/strong><br \/>\nDurant aquest per\u00edode, pots presentar una reclamaci\u00f3 a l&#8217;admissi\u00f3 o exclusi\u00f3 d&#8217;aquest proc\u00e9s (utilitzant l&#8217;eina electr\u00f2nica per adjuntar reclamacions).<\/li>\n<li><strong>8 de maig de 2023: publicaci\u00f3 de la llista definitiva de sol\u00b7licituds admeses i excloses.<\/strong><br \/>\nEs publica la llista definitiva de sol\u00b7licituds admeses i excloses en aquest proc\u00e9s.<\/li>\n<li><strong>8 de maig de 2023: publicaci\u00f3 del nombre de sol\u00b7licituds presentades<\/strong><br \/>\nNombre de sol\u00b7licituds presentades al centre per a cada cicle formatiu i torn, en primera petici\u00f3.<\/li>\n<li><strong>31 de maig de 2023: llista de sol\u00b7licituds amb la puntuaci\u00f3 provisional, a partir de les 11 hores<\/strong><br \/>\nEs publiquen la\u00a0<strong>llista de sol\u00b7licituds<\/strong>\u00a0amb els\u00a0<strong>barems provisionals<\/strong>.<\/li>\n<li><strong>Del 31 de maig al 7 de juny de 2023: presentaci\u00f3 de reclamacions<\/strong><br \/>\nDurant aquest per\u00edode, pots presentar una reclamaci\u00f3 a l&#8217;admissi\u00f3 o exclusi\u00f3 d&#8217;aquest proc\u00e9s (utilitzant l&#8217;eina electr\u00f2nica per adjuntar reclamacions).<\/li>\n<li><strong>30 de juny de 2023: oferta final de places<\/strong><br \/>\nPublicaci\u00f3 del nombre definitiu de places per centre i curs, que \u00e9s el que s&#8217;utilitza per a l&#8217;assignaci\u00f3 de places.<\/li>\n<li><strong>30 de juny de 2023: llista d&#8217;alumnes admesos i llista d&#8217;espera<\/strong><br \/>\nEs publica la llista d&#8217;alumnes admesos al centre i tamb\u00e9 la llista d&#8217;espera.<\/li>\n<\/ul>\n<\/li>\n<\/ul>\n<\/li>\n<\/ul>\n<h4>Matr\u00edcula<\/h4>\n<ul>\n<li style=\"list-style-type: none;\">\n<ul>\n<li style=\"list-style-type: none;\">\n<ul>\n<li><strong>Del 3 al 7 de juliol de 2023: matriculaci\u00f3 dels alumnes preinscrits amb pla\u00e7a assignada (matr\u00edcula ordin\u00e0ria)<\/strong><br \/>\nUn cop s&#8217;ha publicat la llista final d&#8217;alumnes admesos en cada centre, comen\u00e7a el per\u00edode de matriculaci\u00f3 dels preinscrits amb pla\u00e7a assignada.<\/li>\n<li><strong>20 de juliol de 2023: actes p\u00fablics de gesti\u00f3 de la llista d&#8217;espera a cada centre<\/strong><br \/>\nSi queden places vacants, el centre les ofereix en un acte p\u00fablic.<\/li>\n<\/ul>\n<\/li>\n<\/ul>\n<\/li>\n<\/ul>\n<div id=\"distribuidora_6a97fc79-6948-11ec-833e-005056924a59_4\" class=\"panel-collapse collapse in\">\n<div class=\"panel-body\">\n<div class=\"basic_text_peq link-dotted\">\n<p>&nbsp;<\/p>\n<\/div>\n<\/div>\n<\/div>\n","protected":false},"excerpt":{"rendered":"<p>Tota aquesta informaci\u00f3 es pot trobar ampliada <a href=\"https:\/\/preinscripcio.gencat.cat\/ca\/estudis\/fp-grau-mitja\/inici\/\">al web de la Generalitat de Catalunya<\/a>.<br \/>\n&nbsp;<\/p>\n<p>Proc\u00e9s de preinscripci\u00f3 a un CFGM per a l\u2019alumnat amb continu\u00eftat d\u2019escolaritzaci\u00f3<\/p>\n<p>(Per aquest proc\u00e9s nom\u00e9s es pot demanar pla\u00e7a per al primer curs)<br \/>\nQue s&#8217;ent\u00e8n per alumnat amb continu\u00eftat d&#8217;escolaritzaci\u00f3?<\/p>\n<ul style=\"list-style-type: disc;\">\n<li>Alumnes&hellip;  <a href=\"https:\/\/agora.xtec.cat\/ifp-alguero\/estudis\/preinscripcio-de-cfgm-dfp-per-a-lalumnat-amb-continuitat-descolaritzacio\/\" title=\"Read Preinscripci\u00f3 de CFGM d&#8217;FP per a l\u2019alumnat amb continu\u00eftat d\u2019escolaritzaci\u00f3 &#8211; Curs 2023-2024\">Llegeix m\u00e9s\u00bb<\/a><br \/>\n","protected":false},"author":1,"featured_media":0,"parent":195,"menu_order":0,"comment_status":"closed","ping_status":"closed","template":"","meta":{"_bbp_topic_count":0,"_bbp_reply_count":0,"_bbp_total_topic_count":0,"_bbp_total_reply_count":0,"_bbp_voice_count":0,"_bbp_anonymous_reply_count":0,"_bbp_topic_count_hidden":0,"_bbp_reply_count_hidden":0,"_bbp_forum_subforum_count":0,"footnotes":""},"class_list":["post-1613","page","type-page","status-publish","hentry"],"post_mailing_queue_ids":[],"_links":{"self":[{"href":"https:\/\/agora.xtec.cat\/ifp-alguero\/wp-json\/wp\/v2\/pages\/1613","targetHints":{"allow":["GET"]}}],"collection":[{"href":"https:\/\/agora.xtec.cat\/ifp-alguero\/wp-json\/wp\/v2\/pages"}],"about":[{"href":"https:\/\/agora.xtec.cat\/ifp-alguero\/wp-json\/wp\/v2\/types\/page"}],"author":[{"embeddable":true,"href":"https:\/\/agora.xtec.cat\/ifp-alguero\/wp-json\/wp\/v2\/users\/1"}],"replies":[{"embeddable":true,"href":"https:\/\/agora.xtec.cat\/ifp-alguero\/wp-json\/wp\/v2\/comments?post=1613"}],"version-history":[{"count":3,"href":"https:\/\/agora.xtec.cat\/ifp-alguero\/wp-json\/wp\/v2\/pages\/1613\/revisions"}],"predecessor-version":[{"id":1617,"href":"https:\/\/agora.xtec.cat\/ifp-alguero\/wp-json\/wp\/v2\/pages\/1613\/revisions\/1617"}],"up":[{"embeddable":true,"href":"https:\/\/agora.xtec.cat\/ifp-alguero\/wp-json\/wp\/v2\/pages\/195"}],"wp:attachment":[{"href":"https:\/\/agora.xtec.cat\/ifp-alguero\/wp-json\/wp\/v2\/media?parent=1613"}],"curies":[{"name":"wp","href":"https:\/\/api.w.org\/{rel}","templated":true}]}}