{"id":1609,"date":"2022-05-08T11:04:31","date_gmt":"2022-05-08T09:04:31","guid":{"rendered":"https:\/\/agora.xtec.cat\/ifp-alguero\/?page_id=1609"},"modified":"2023-09-17T09:44:55","modified_gmt":"2023-09-17T07:44:55","slug":"aparcament-de-patinets","status":"publish","type":"page","link":"https:\/\/agora.xtec.cat\/ifp-alguero\/serveis\/aparcament-de-patinets\/","title":{"rendered":"Aparcament de patinets (NORMES D&#8217;\u00daS i INSTRUCCIONS PROVISIONALS)"},"content":{"rendered":"<p>Cada cop \u00e9s m\u00e9s habitual l&#8217;\u00fas de patinets el\u00e8ctrics pels despla\u00e7aments de &#8220;darrera milla&#8221; fins al centre.<\/p>\n<p>Donat l&#8217;espai que ocupen i el risc que suposen pels despla\u00e7aments dins dels tallers i de les aules, no es pot permetre l&#8217;aparcament dels patinets a dins dels espais del centre.<\/p>\n<p>El centre no pot habilitar cap altre espai per l&#8217;aparcament de patinets (fora dels m\u00f2duls d&#8217;aparcaments de patinets instal\u00b7lats) i tampoc es pot assumir el control dels patinets per part de personal del centre, donada la responsabilitat que aix\u00f2 suposa.<\/p>\n<p>Per tot aix\u00f2, per tal de facilitar el despla\u00e7ament de l&#8217;alumnat fins al centre i assegurar que es pot tenir un espai adient per desar els patinets en el transcurs de la jornada, s&#8217;ha decidit la instal\u00b7laci\u00f3 d&#8217;uns m\u00f2duls d&#8217;aparcament de patinets a dins del centre.<\/p>\n<p>&nbsp;<\/p>\n<h2>Normes d\u2019\u00fas<\/h2>\n<ul>\n<li style=\"list-style-type: none;\">\n<ul>\n<li style=\"list-style-type: none;\">\n<ul>\n<li>Els interessats, cal que es <strong>registrin pr\u00e8viament <a href=\"https:\/\/docs.google.com\/forms\/d\/e\/1FAIpQLSdjyMTziIssiEBVVWWprhVHW8WyPDoevdqF1mh2PGWSXKu9ZQ\/viewform?usp=sf_link\">omplint el formulari corresponent<\/a><\/strong>.<\/li>\n<li>El lloguer es far\u00e0 per <strong>per\u00edodes m\u00ednims d&#8217;un mes<\/strong>.<\/li>\n<li>El lloguer es fa per torns de <strong>mat\u00ed<\/strong> (de 8 a 14.30h) o<strong> tarda<\/strong> (de 15.30 a 22h). En el cas que un usuari vulgui fer-ne \u00fas d&#8217;un m\u00f2dul als dos torns, es considerar\u00e0 com a dos usuaris.<\/li>\n<li>Fora d&#8217;aquest horari, els patinets seran retirats del m\u00f2dul d&#8217;aparcament que ocupin i s&#8217;avisar\u00e0 als seus usuaris perqu\u00e8 ho recullin. En cas de reincid\u00e8ncia es perdr\u00e0 el dret a fer servir l&#8217;aparcament.<\/li>\n<li>Es poden dipositar fins a <strong>un m\u00e0xim de 2 patinets per m\u00f2dul<\/strong> (sota registre previ), sempre que les dimensions dels patinets ho permetin sense problemes. En cap cas es permetr\u00e0 fer-ne \u00fas del m\u00f2dul d&#8217;aparcament per m\u00e9s de dos usuaris\/patinets i sempre sota registre previ.<\/li>\n<li>El per\u00edode d&#8217;\u00fas reservat es considerar\u00e0 des del mes d&#8217;octubre al mes de maig. Fora d&#8217;aquests per\u00edodes, l&#8217;aparcament ser\u00e0 sense reserva ni cost, per\u00f2 sempre amb previ registre i per ordre.<\/li>\n<li>En cap cas es considera propietat de l&#8217;usuari el fet d&#8217;accedir al lloguer d&#8217;un m\u00f2dul d&#8217;aparcament.<\/li>\n<li><strong>No es pot rellogar el m\u00f2dul d&#8217;aparcament<\/strong>.<\/li>\n<li>En cas d&#8217;haver-hi m\u00e9s peticions que m\u00f2duls d&#8217;aparcament, <strong>el dia 25 de cada mes es realitzar\u00e0 un sorteig per a distribuir els m\u00f2duls d&#8217;aparcament<\/strong>, que es far\u00e0 efectiu el dia 1 del mes seg\u00fcent.<\/li>\n<li>L&#8217;usuari\/a que ha realitzat el lloguer per un mes, <strong>no t\u00e9 dret prioritari pel lloguer del m\u00f2dul al mes seg\u00fcent<\/strong>.<\/li>\n<li>\u00c9s responsabilitat de l&#8217;usuari\/a l&#8217;\u00fas del m\u00f2dul d&#8217;aparcament, no fent-se responsable el centre dels danys que es puguin ocasionar si no es fa bon \u00fas.<\/li>\n<\/ul>\n<\/li>\n<\/ul>\n<\/li>\n<\/ul>\n<p>&nbsp;<\/p>\n<h2>Cost<\/h2>\n<ul>\n<li style=\"list-style-type: none;\">\n<ul>\n<li style=\"list-style-type: none;\">\n<ul>\n<li>El cost per l&#8217;\u00fas d&#8217;<strong>un m\u00f2dul durant un mes \u00e9s de 10 euros<\/strong>.<\/li>\n<li>En cas de fer-se servir per a <strong>dos patinets per m\u00f2dul<\/strong> (sempre que les dimensions dels patinets ho permetin sense problemes), el cost es repartir\u00e0 per parts iguals entre els usuaris registrats, <strong>5 euros cada usuari<\/strong>. En cap cas es permetr\u00e0 l&#8217;\u00fas per m\u00e9s de dos usuaris per m\u00f2dul.<\/li>\n<li>Per lloguers que es perllonguin durant de tot el curs (des de l&#8217;inici del curs fins al 15 de juny), el cost ser\u00e0 de<strong> 60 euros per tot el curs<\/strong>. En cas de fer-se servir per a <strong>dos patinets per m\u00f2dul<\/strong> (sempre que les dimensions dels patinets ho permetin sense problemes), el cost es repartir\u00e0 per parts iguals entre els dos usuaris registrats, <strong>30\u00a0euros cada usuari per tot el curs.<\/strong><\/li>\n<li><strong><strong>El pagament es far\u00e0 exclusivament transfer\u00e8ncia banc\u00e0ria <\/strong><\/strong><b style=\"font-family: inherit; font-size: 1em;\">(s&#8217;est\u00e0 estudiant la possibilitat de fer-ho a trav\u00e9s de bizum)<\/b><span style=\"font-weight: 400;\">.<\/span><\/li>\n<li>Als lloguers mensuals, en cas de no fer-se efectiu el <strong>pagament abans del dia 1 de cada mes<\/strong>, es considerar\u00e0 que l&#8217;usuari no vol fer-ne \u00fas i es deixar\u00e0 lliure el m\u00f2dul que ocupava fins aquell moment.<\/li>\n<\/ul>\n<\/li>\n<\/ul>\n<\/li>\n<\/ul>\n<p>&nbsp;<\/p>\n<h2>\u00das de l\u2019aparcament<\/h2>\n<ol>\n<li style=\"list-style-type: none;\">\n<ol>\n<li style=\"list-style-type: none;\">\n<ol>\n<li style=\"font-weight: 400;\" aria-level=\"1\"><span style=\"font-weight: 400;\">Omplir les dades al <\/span><a href=\"http:\/\/registrepatinets.ifp-alguero.org\"><b>formulari de registre<\/b><\/a><span style=\"font-weight: 400;\">.<\/span><\/li>\n<li style=\"font-weight: 400;\" aria-level=\"1\"><span style=\"font-weight: 400;\">Descarregar-se al m\u00f2bil l&#8217;<\/span><b>app &#8220;Qoob&#8221;<\/b><span style=\"font-weight: 400;\"> (per Android i iOS).<\/span><\/li>\n<li style=\"font-weight: 400;\" aria-level=\"1\"><b>Registrar-se a l&#8217;app amb el correu electr\u00f2nic del centre<\/b><span style=\"font-weight: 400;\"> (@ifp-alguero.org).<\/span><\/li>\n<li style=\"font-weight: 400;\" aria-level=\"1\"><span style=\"font-weight: 400;\">Adre\u00e7ar-se a <\/span><b>&#8220;Perfil d&#8217;usuari&#8221;<\/b><span style=\"font-weight: 400;\"> (bot\u00f3 a dalt esquerra, surt un men\u00fa desplegable)<\/span><\/li>\n<li style=\"font-weight: 400;\" aria-level=\"1\"><span style=\"font-weight: 400;\">Dirigir-se a <\/span><b>&#8220;Organitzacions&#8221;<\/b><span style=\"font-weight: 400;\">. i clicar el bot\u00f3 <\/span><b>&#8220;+&#8221;<\/b><span style=\"font-weight: 400;\"> (situat a baix a la dreta) i buscar al llistat <\/span><b>&#8220;IFP Antoni Alguer\u00f3\u201d<\/b><span style=\"font-weight: 400;\">.<\/span><\/li>\n<li style=\"font-weight: 400;\" aria-level=\"1\"><span style=\"font-weight: 400;\">Introduir el correu de l&#8217;IFP Antoni Alguer\u00f3 de l&#8217;usuari.<\/span><\/li>\n<li style=\"font-weight: 400;\" aria-level=\"1\"><span style=\"font-weight: 400;\">Tot seguit s\u2019hauria de rebre un missatge al correu electr\u00f2nic, on s\u2019ha de clicar al bot\u00f3 <\/span><b>\u201cValidar email\u201d<\/b><span style=\"font-weight: 400;\">.<\/span><\/li>\n<\/ol>\n<\/li>\n<\/ol>\n<\/li>\n<\/ol>\n<p style=\"padding-left: 40px;\"><span style=\"font-weight: 400;\">No s&#8217;ha d\u2019afegir cap dada de targeta de pagament, ja que el <\/span><b>pagament es far\u00e0 exclusivament per transfer\u00e8ncia banc\u00e0ria (s&#8217;est\u00e0 estudiant la possibilitat de fer-ho a trav\u00e9s de bizum)<\/b><span style=\"font-weight: 400;\">.<\/span><\/p>\n<p>&nbsp;<\/p>\n<h2><a href=\"https:\/\/docs.google.com\/forms\/d\/e\/1FAIpQLSdjyMTziIssiEBVVWWprhVHW8WyPDoevdqF1mh2PGWSXKu9ZQ\/viewform?usp=sf_link\"><img loading=\"lazy\" decoding=\"async\" class=\"alignleft wp-image-1635\" src=\"https:\/\/agora.xtec.cat\/ifp-alguero\/wp-content\/uploads\/usu2575\/2022\/05\/logo-formulari.png\" alt=\"\" width=\"50\" height=\"50\" srcset=\"https:\/\/agora.xtec.cat\/ifp-alguero\/wp-content\/uploads\/usu2575\/2022\/05\/logo-formulari.png 1024w, https:\/\/agora.xtec.cat\/ifp-alguero\/wp-content\/uploads\/usu2575\/2022\/05\/logo-formulari-300x300.png 300w, https:\/\/agora.xtec.cat\/ifp-alguero\/wp-content\/uploads\/usu2575\/2022\/05\/logo-formulari-150x150.png 150w, https:\/\/agora.xtec.cat\/ifp-alguero\/wp-content\/uploads\/usu2575\/2022\/05\/logo-formulari-768x768.png 768w\" sizes=\"auto, (max-width: 50px) 100vw, 50px\" \/><\/a><\/h2>\n<h2><a href=\"https:\/\/docs.google.com\/forms\/d\/e\/1FAIpQLSdjyMTziIssiEBVVWWprhVHW8WyPDoevdqF1mh2PGWSXKu9ZQ\/viewform?usp=sf_link\">Acc\u00e9s al formulari de registre<\/a><\/h2>\n<p>&nbsp;<\/p>\n<p>&nbsp;<\/p>\n","protected":false},"excerpt":{"rendered":"<p>Cada cop \u00e9s m\u00e9s habitual l&#8217;\u00fas de patinets el\u00e8ctrics pels despla\u00e7aments de &#8220;darrera milla&#8221; fins al centre.<br \/>\nDonat l&#8217;espai que ocupen i el risc que suposen pels despla\u00e7aments dins dels tallers i de les aules, no es pot permetre l&#8217;aparcament dels patinets a dins dels espais&hellip;  <a href=\"https:\/\/agora.xtec.cat\/ifp-alguero\/serveis\/aparcament-de-patinets\/\" title=\"Read Aparcament de patinets (NORMES D&#8217;\u00daS i INSTRUCCIONS PROVISIONALS)\">Llegeix m\u00e9s\u00bb<\/a><\/p>\n","protected":false},"author":1,"featured_media":0,"parent":63,"menu_order":50,"comment_status":"closed","ping_status":"closed","template":"","meta":{"_bbp_topic_count":0,"_bbp_reply_count":0,"_bbp_total_topic_count":0,"_bbp_total_reply_count":0,"_bbp_voice_count":0,"_bbp_anonymous_reply_count":0,"_bbp_topic_count_hidden":0,"_bbp_reply_count_hidden":0,"_bbp_forum_subforum_count":0,"footnotes":""},"class_list":["post-1609","page","type-page","status-publish","hentry"],"post_mailing_queue_ids":[],"_links":{"self":[{"href":"https:\/\/agora.xtec.cat\/ifp-alguero\/wp-json\/wp\/v2\/pages\/1609","targetHints":{"allow":["GET"]}}],"collection":[{"href":"https:\/\/agora.xtec.cat\/ifp-alguero\/wp-json\/wp\/v2\/pages"}],"about":[{"href":"https:\/\/agora.xtec.cat\/ifp-alguero\/wp-json\/wp\/v2\/types\/page"}],"author":[{"embeddable":true,"href":"https:\/\/agora.xtec.cat\/ifp-alguero\/wp-json\/wp\/v2\/users\/1"}],"replies":[{"embeddable":true,"href":"https:\/\/agora.xtec.cat\/ifp-alguero\/wp-json\/wp\/v2\/comments?post=1609"}],"version-history":[{"count":3,"href":"https:\/\/agora.xtec.cat\/ifp-alguero\/wp-json\/wp\/v2\/pages\/1609\/revisions"}],"predecessor-version":[{"id":3005,"href":"https:\/\/agora.xtec.cat\/ifp-alguero\/wp-json\/wp\/v2\/pages\/1609\/revisions\/3005"}],"up":[{"embeddable":true,"href":"https:\/\/agora.xtec.cat\/ifp-alguero\/wp-json\/wp\/v2\/pages\/63"}],"wp:attachment":[{"href":"https:\/\/agora.xtec.cat\/ifp-alguero\/wp-json\/wp\/v2\/media?parent=1609"}],"curies":[{"name":"wp","href":"https:\/\/api.w.org\/{rel}","templated":true}]}}