{"id":1555,"date":"2022-04-26T08:09:27","date_gmt":"2022-04-26T06:09:27","guid":{"rendered":"https:\/\/agora.xtec.cat\/ifp-alguero\/?page_id=1555"},"modified":"2022-04-26T08:22:13","modified_gmt":"2022-04-26T06:22:13","slug":"llistat-i-alta-de-proveidors","status":"publish","type":"page","link":"https:\/\/agora.xtec.cat\/ifp-alguero\/secretaria\/proveidors-i-comandes\/llistat-i-alta-de-proveidors\/","title":{"rendered":"Llistat i alta de prove\u00efdors"},"content":{"rendered":"<p>Aquest \u00e9s el llistat de prove\u00efdors, si no es troba el prove\u00efdor que cerqueu, <strong><a href=\"https:\/\/docs.google.com\/forms\/d\/e\/1FAIpQLScOrl4VT0usR7Wn8-n6ATM6SOiwI7qRSSvcXYi481OfaO359w\/viewform?usp=sf_link\">aqu\u00ed podeu donar-lo d&#8217;alta<\/a><\/strong>.<\/p>\n<p>Per accedir als formularis us haureu d&#8217;autenticar amb el vostre correu electr\u00f2nic del centre (@ifp-alguero.org)<\/p>\n<p><iframe loading=\"lazy\" src=\"https:\/\/docs.google.com\/spreadsheets\/d\/e\/2PACX-1vQc-pJPDCnALDhNpTj8RJxRtORT99VeQiuMHr1wdJ1rYHQrq_QrPKlKWCBrU7zxtdVs4VRnzO_bt0l1\/pubhtml?widget=true&amp;headers=false\" width=\"1000\" height=\"400\" frameborder=\"0\" scrolling=\"no\"><\/iframe><\/p>\n","protected":false},"excerpt":{"rendered":"<p>Aquest \u00e9s el llistat de prove\u00efdors, si no es troba el prove\u00efdor que cerqueu, <a href=\"https:\/\/docs.google.com\/forms\/d\/e\/1FAIpQLScOrl4VT0usR7Wn8-n6ATM6SOiwI7qRSSvcXYi481OfaO359w\/viewform?usp=sf_link\">aqu\u00ed podeu donar-lo d&#8217;alta<\/a>.<br \/>\nPer accedir als formularis us haureu d&#8217;autenticar amb el vostre correu electr\u00f2nic del centre (@ifp-alguero.org)<\/p>\n","protected":false},"author":1,"featured_media":0,"parent":1545,"menu_order":0,"comment_status":"closed","ping_status":"closed","template":"","meta":{"_bbp_topic_count":0,"_bbp_reply_count":0,"_bbp_total_topic_count":0,"_bbp_total_reply_count":0,"_bbp_voice_count":0,"_bbp_anonymous_reply_count":0,"_bbp_topic_count_hidden":0,"_bbp_reply_count_hidden":0,"_bbp_forum_subforum_count":0,"footnotes":""},"class_list":["post-1555","page","type-page","status-publish","hentry"],"post_mailing_queue_ids":[],"_links":{"self":[{"href":"https:\/\/agora.xtec.cat\/ifp-alguero\/wp-json\/wp\/v2\/pages\/1555","targetHints":{"allow":["GET"]}}],"collection":[{"href":"https:\/\/agora.xtec.cat\/ifp-alguero\/wp-json\/wp\/v2\/pages"}],"about":[{"href":"https:\/\/agora.xtec.cat\/ifp-alguero\/wp-json\/wp\/v2\/types\/page"}],"author":[{"embeddable":true,"href":"https:\/\/agora.xtec.cat\/ifp-alguero\/wp-json\/wp\/v2\/users\/1"}],"replies":[{"embeddable":true,"href":"https:\/\/agora.xtec.cat\/ifp-alguero\/wp-json\/wp\/v2\/comments?post=1555"}],"version-history":[{"count":3,"href":"https:\/\/agora.xtec.cat\/ifp-alguero\/wp-json\/wp\/v2\/pages\/1555\/revisions"}],"predecessor-version":[{"id":1569,"href":"https:\/\/agora.xtec.cat\/ifp-alguero\/wp-json\/wp\/v2\/pages\/1555\/revisions\/1569"}],"up":[{"embeddable":true,"href":"https:\/\/agora.xtec.cat\/ifp-alguero\/wp-json\/wp\/v2\/pages\/1545"}],"wp:attachment":[{"href":"https:\/\/agora.xtec.cat\/ifp-alguero\/wp-json\/wp\/v2\/media?parent=1555"}],"curies":[{"name":"wp","href":"https:\/\/api.w.org\/{rel}","templated":true}]}}