{"id":1256,"date":"2022-04-13T12:46:28","date_gmt":"2022-04-13T10:46:28","guid":{"rendered":"https:\/\/agora.xtec.cat\/ifp-alguero\/?page_id=1256"},"modified":"2025-07-07T18:47:33","modified_gmt":"2025-07-07T16:47:33","slug":"moduls-cfgs-disseny-i-edicio-de-publicacions-impreses-i-multimedia-1r-curs-de1","status":"publish","type":"page","link":"https:\/\/agora.xtec.cat\/ifp-alguero\/estudis\/distribucio-de-moduls-pel-curs-2025-2026\/moduls-cfgs-disseny-i-edicio-de-publicacions-impreses-i-multimedia-1r-curs-de1\/","title":{"rendered":"M\u00f2duls CFPS Disseny i Edici\u00f3 de Publicacions Impreses i Multim\u00e8dia 1r curs (DE1)"},"content":{"rendered":"<h3>M\u00f2duls i hores<br \/>\nCurs 2025-2026<\/h3>\n<p><span style=\"color: #ff0000;\"><strong>NOU DISSENY CURRICULAR<\/strong><\/span><\/p>\n<table dir=\"ltr\" style=\"width: 856px;\" border=\"1\" cellspacing=\"0\" cellpadding=\"0\" data-sheets-root=\"1\">\n<colgroup>\n<col width=\"150\" \/>\n<col width=\"420\" \/>\n<col width=\"80\" \/>\n<col width=\"80\" \/>\n<col width=\"80\" \/>\n<col width=\"80\" \/><\/colgroup>\n<tbody>\n<tr>\n<td style=\"background-color: #dcdcdc; width: 126px;\" data-sheets-value=\"{&quot;1&quot;:2,&quot;2&quot;:&quot;Codi&quot;}\"><strong>Codi<\/strong><\/td>\n<td style=\"background-color: #dcdcdc; width: 413px;\" data-sheets-value=\"{&quot;1&quot;:2,&quot;2&quot;:&quot;M\u00f2dul professional&quot;}\"><strong>M\u00f2dul professional<\/strong><\/td>\n<td style=\"text-align: center; background-color: #dcdcdc; width: 79px;\" data-sheets-value=\"{&quot;1&quot;:2,&quot;2&quot;:&quot;Hores centre&quot;}\"><strong>Hores centre<\/strong><\/td>\n<td style=\"text-align: center; background-color: #dcdcdc; width: 80px;\" data-sheets-value=\"{&quot;1&quot;:2,&quot;2&quot;:&quot;Hores empresa&quot;}\"><strong>Hores empresa<\/strong><\/td>\n<td style=\"text-align: center; background-color: #dcdcdc; width: 79px;\" data-sheets-value=\"{&quot;1&quot;:2,&quot;2&quot;:&quot;Hores totals&quot;}\"><strong>Hores totals<\/strong><\/td>\n<td style=\"text-align: center; background-color: #dcdcdc; width: 79px;\" data-sheets-value=\"{&quot;1&quot;:2,&quot;2&quot;:&quot;Cr\u00e8dits ECTS&quot;}\" data-sheets-numberformat=\"{&quot;1&quot;:1}\"><strong>Cr\u00e8dits ECTS<\/strong><\/td>\n<\/tr>\n<tr>\n<td style=\"width: 126px;\" data-sheets-value=\"{&quot;1&quot;:2,&quot;2&quot;:&quot;0179 (MP12)&quot;}\" data-sheets-numberformat=\"{&quot;1&quot;:1}\" data-sheets-formula=\"=IMPORTRANGE(R2C1;LEFT(R1C1;3)&amp;&quot;!c11:J40&quot;)\">0179 (MP12)<\/td>\n<td style=\"width: 413px;\" data-sheets-value=\"{&quot;1&quot;:2,&quot;2&quot;:&quot;Angl\u00e8s professional&quot;}\" data-sheets-ischild=\"\">Angl\u00e8s professional<\/td>\n<td style=\"width: 79px; text-align: center;\" data-sheets-value=\"{&quot;1&quot;:3,&quot;3&quot;:66}\" data-sheets-numberformat=\"{&quot;1&quot;:2,&quot;2&quot;:&quot;0 \\&quot;h\\&quot;&quot;,&quot;3&quot;:1}\" data-sheets-ischild=\"\">66 h<\/td>\n<td style=\"width: 80px; text-align: center;\" data-sheets-value=\"{&quot;1&quot;:3,&quot;3&quot;:0}\" data-sheets-numberformat=\"{&quot;1&quot;:2,&quot;2&quot;:&quot;0 \\&quot;h\\&quot;&quot;,&quot;3&quot;:1}\" data-sheets-ischild=\"\">0 h<\/td>\n<td style=\"width: 79px; text-align: center;\" data-sheets-value=\"{&quot;1&quot;:3,&quot;3&quot;:66}\" data-sheets-numberformat=\"{&quot;1&quot;:2,&quot;2&quot;:&quot;0 \\&quot;h\\&quot;&quot;,&quot;3&quot;:1}\" data-sheets-ischild=\"\"><strong>66 h<\/strong><\/td>\n<td style=\"width: 79px; text-align: center;\" data-sheets-value=\"{&quot;1&quot;:3,&quot;3&quot;:5}\" data-sheets-numberformat=\"{&quot;1&quot;:1}\" data-sheets-ischild=\"\"><strong>5<\/strong><\/td>\n<\/tr>\n<tr>\n<td style=\"width: 126px;\" data-sheets-value=\"{&quot;1&quot;:2,&quot;2&quot;:&quot;1417 (MP01)&quot;}\" data-sheets-numberformat=\"{&quot;1&quot;:1}\" data-sheets-ischild=\"\">1417 (MP01)<\/td>\n<td style=\"width: 413px;\" data-sheets-value=\"{&quot;1&quot;:2,&quot;2&quot;:&quot;Materials de producci\u00f3 gr\u00e0fica&quot;}\" data-sheets-ischild=\"\">Materials de producci\u00f3 gr\u00e0fica<\/td>\n<td style=\"width: 79px; text-align: center;\" data-sheets-value=\"{&quot;1&quot;:3,&quot;3&quot;:99}\" data-sheets-numberformat=\"{&quot;1&quot;:2,&quot;2&quot;:&quot;0 \\&quot;h\\&quot;&quot;,&quot;3&quot;:1}\" data-sheets-ischild=\"\">99 h<\/td>\n<td style=\"width: 80px; text-align: center;\" data-sheets-value=\"{&quot;1&quot;:3,&quot;3&quot;:53}\" data-sheets-numberformat=\"{&quot;1&quot;:2,&quot;2&quot;:&quot;0 \\&quot;h\\&quot;&quot;,&quot;3&quot;:1}\" data-sheets-ischild=\"\">53 h<\/td>\n<td style=\"width: 79px; text-align: center;\" data-sheets-value=\"{&quot;1&quot;:3,&quot;3&quot;:152}\" data-sheets-numberformat=\"{&quot;1&quot;:2,&quot;2&quot;:&quot;0 \\&quot;h\\&quot;&quot;,&quot;3&quot;:1}\" data-sheets-ischild=\"\"><strong>152 h<\/strong><\/td>\n<td style=\"width: 79px; text-align: center;\" data-sheets-value=\"{&quot;1&quot;:3,&quot;3&quot;:10}\" data-sheets-numberformat=\"{&quot;1&quot;:1}\" data-sheets-ischild=\"\"><strong>10<\/strong><\/td>\n<\/tr>\n<tr>\n<td style=\"width: 126px;\" data-sheets-value=\"{&quot;1&quot;:2,&quot;2&quot;:&quot;1478 (MP02)&quot;}\" data-sheets-numberformat=\"{&quot;1&quot;:1}\" data-sheets-ischild=\"\">1478 (MP02)<\/td>\n<td style=\"width: 413px;\" data-sheets-value=\"{&quot;1&quot;:2,&quot;2&quot;:&quot;Organitzaci\u00f3 dels processos de preimpressi\u00f3 digital&quot;}\" data-sheets-ischild=\"\">Organitzaci\u00f3 dels processos de preimpressi\u00f3 digital<\/td>\n<td style=\"width: 79px; text-align: center;\" data-sheets-value=\"{&quot;1&quot;:3,&quot;3&quot;:165}\" data-sheets-numberformat=\"{&quot;1&quot;:2,&quot;2&quot;:&quot;0 \\&quot;h\\&quot;&quot;,&quot;3&quot;:1}\" data-sheets-ischild=\"\">165 h<\/td>\n<td style=\"width: 80px; text-align: center;\" data-sheets-value=\"{&quot;1&quot;:3,&quot;3&quot;:99}\" data-sheets-numberformat=\"{&quot;1&quot;:2,&quot;2&quot;:&quot;0 \\&quot;h\\&quot;&quot;,&quot;3&quot;:1}\" data-sheets-ischild=\"\">99 h<\/td>\n<td style=\"width: 79px; text-align: center;\" data-sheets-value=\"{&quot;1&quot;:3,&quot;3&quot;:264}\" data-sheets-numberformat=\"{&quot;1&quot;:2,&quot;2&quot;:&quot;0 \\&quot;h\\&quot;&quot;,&quot;3&quot;:1}\" data-sheets-ischild=\"\"><strong>264 h<\/strong><\/td>\n<td style=\"width: 79px; text-align: center;\" data-sheets-value=\"{&quot;1&quot;:3,&quot;3&quot;:19}\" data-sheets-numberformat=\"{&quot;1&quot;:1}\" data-sheets-ischild=\"\"><strong>19<\/strong><\/td>\n<\/tr>\n<tr>\n<td style=\"width: 126px;\" data-sheets-value=\"{&quot;1&quot;:2,&quot;2&quot;:&quot;1479 (MP03)&quot;}\" data-sheets-numberformat=\"{&quot;1&quot;:1}\" data-sheets-ischild=\"\">1479 (MP03)<\/td>\n<td style=\"width: 413px;\" data-sheets-value=\"{&quot;1&quot;:2,&quot;2&quot;:&quot;Disseny de productes gr\u00e0fics&quot;}\" data-sheets-ischild=\"\">Disseny de productes gr\u00e0fics<\/td>\n<td style=\"width: 79px; text-align: center;\" data-sheets-value=\"{&quot;1&quot;:3,&quot;3&quot;:132}\" data-sheets-numberformat=\"{&quot;1&quot;:2,&quot;2&quot;:&quot;0 \\&quot;h\\&quot;&quot;,&quot;3&quot;:1}\" data-sheets-ischild=\"\">132 h<\/td>\n<td style=\"width: 80px; text-align: center;\" data-sheets-value=\"{&quot;1&quot;:3,&quot;3&quot;:99}\" data-sheets-numberformat=\"{&quot;1&quot;:2,&quot;2&quot;:&quot;0 \\&quot;h\\&quot;&quot;,&quot;3&quot;:1}\" data-sheets-ischild=\"\">99 h<\/td>\n<td style=\"width: 79px; text-align: center;\" data-sheets-value=\"{&quot;1&quot;:3,&quot;3&quot;:231}\" data-sheets-numberformat=\"{&quot;1&quot;:2,&quot;2&quot;:&quot;0 \\&quot;h\\&quot;&quot;,&quot;3&quot;:1}\" data-sheets-ischild=\"\"><strong>231 h<\/strong><\/td>\n<td style=\"width: 79px; text-align: center;\" data-sheets-value=\"{&quot;1&quot;:3,&quot;3&quot;:19}\" data-sheets-numberformat=\"{&quot;1&quot;:1}\" data-sheets-ischild=\"\"><strong>19<\/strong><\/td>\n<\/tr>\n<tr>\n<td style=\"width: 126px;\" data-sheets-value=\"{&quot;1&quot;:2,&quot;2&quot;:&quot;1481 (MP04)&quot;}\" data-sheets-numberformat=\"{&quot;1&quot;:1}\" data-sheets-ischild=\"\">1481 (MP04)<\/td>\n<td style=\"width: 413px;\" data-sheets-value=\"{&quot;1&quot;:2,&quot;2&quot;:&quot;Gesti\u00f3 de la producci\u00f3 en processos d\u2019edici\u00f3&quot;}\" data-sheets-ischild=\"\">Gesti\u00f3 de la producci\u00f3 en processos d\u2019edici\u00f3<\/td>\n<td style=\"width: 79px; text-align: center;\" data-sheets-value=\"{&quot;1&quot;:3,&quot;3&quot;:66}\" data-sheets-numberformat=\"{&quot;1&quot;:2,&quot;2&quot;:&quot;0 \\&quot;h\\&quot;&quot;,&quot;3&quot;:1}\" data-sheets-ischild=\"\">66 h<\/td>\n<td style=\"width: 80px; text-align: center;\" data-sheets-value=\"{&quot;1&quot;:3,&quot;3&quot;:33}\" data-sheets-numberformat=\"{&quot;1&quot;:2,&quot;2&quot;:&quot;0 \\&quot;h\\&quot;&quot;,&quot;3&quot;:1}\" data-sheets-ischild=\"\">33 h<\/td>\n<td style=\"width: 79px; text-align: center;\" data-sheets-value=\"{&quot;1&quot;:3,&quot;3&quot;:99}\" data-sheets-numberformat=\"{&quot;1&quot;:2,&quot;2&quot;:&quot;0 \\&quot;h\\&quot;&quot;,&quot;3&quot;:1}\" data-sheets-ischild=\"\"><strong>99 h<\/strong><\/td>\n<td style=\"width: 79px; text-align: center;\" data-sheets-value=\"{&quot;1&quot;:3,&quot;3&quot;:6}\" data-sheets-numberformat=\"{&quot;1&quot;:1}\" data-sheets-ischild=\"\"><strong>6<\/strong><\/td>\n<\/tr>\n<tr>\n<td style=\"width: 126px;\" data-sheets-value=\"{&quot;1&quot;:2,&quot;2&quot;:&quot;1482 (MP05)&quot;}\" data-sheets-numberformat=\"{&quot;1&quot;:1}\" data-sheets-ischild=\"\">1482 (MP05)<\/td>\n<td style=\"width: 413px;\" data-sheets-value=\"{&quot;1&quot;:2,&quot;2&quot;:&quot;Producci\u00f3 editorial&quot;}\" data-sheets-ischild=\"\">Producci\u00f3 editorial<\/td>\n<td style=\"width: 79px; text-align: center;\" data-sheets-value=\"{&quot;1&quot;:3,&quot;3&quot;:66}\" data-sheets-numberformat=\"{&quot;1&quot;:2,&quot;2&quot;:&quot;0 \\&quot;h\\&quot;&quot;,&quot;3&quot;:1}\" data-sheets-ischild=\"\">66 h<\/td>\n<td style=\"width: 80px; text-align: center;\" data-sheets-value=\"{&quot;1&quot;:3,&quot;3&quot;:33}\" data-sheets-numberformat=\"{&quot;1&quot;:2,&quot;2&quot;:&quot;0 \\&quot;h\\&quot;&quot;,&quot;3&quot;:1}\" data-sheets-ischild=\"\">33 h<\/td>\n<td style=\"width: 79px; text-align: center;\" data-sheets-value=\"{&quot;1&quot;:3,&quot;3&quot;:99}\" data-sheets-numberformat=\"{&quot;1&quot;:2,&quot;2&quot;:&quot;0 \\&quot;h\\&quot;&quot;,&quot;3&quot;:1}\" data-sheets-ischild=\"\"><strong>99 h<\/strong><\/td>\n<td style=\"width: 79px; text-align: center;\" data-sheets-value=\"{&quot;1&quot;:3,&quot;3&quot;:6}\" data-sheets-numberformat=\"{&quot;1&quot;:1}\" data-sheets-ischild=\"\"><strong>6<\/strong><\/td>\n<\/tr>\n<tr>\n<td style=\"width: 126px;\" data-sheets-value=\"{&quot;1&quot;:2,&quot;2&quot;:&quot;1483 (MP06)&quot;}\" data-sheets-numberformat=\"{&quot;1&quot;:1}\" data-sheets-ischild=\"\">1483 (MP06)<\/td>\n<td style=\"width: 413px;\" data-sheets-value=\"{&quot;1&quot;:2,&quot;2&quot;:&quot;Disseny estructural d\u2019env\u00e0s i embalatge&quot;}\" data-sheets-ischild=\"\">Disseny estructural d\u2019env\u00e0s i embalatge<\/td>\n<td style=\"width: 79px; text-align: center;\" data-sheets-value=\"{&quot;1&quot;:3,&quot;3&quot;:66}\" data-sheets-numberformat=\"{&quot;1&quot;:2,&quot;2&quot;:&quot;0 \\&quot;h\\&quot;&quot;,&quot;3&quot;:1}\" data-sheets-ischild=\"\">66 h<\/td>\n<td style=\"width: 80px; text-align: center;\" data-sheets-value=\"{&quot;1&quot;:3,&quot;3&quot;:33}\" data-sheets-numberformat=\"{&quot;1&quot;:2,&quot;2&quot;:&quot;0 \\&quot;h\\&quot;&quot;,&quot;3&quot;:1}\" data-sheets-ischild=\"\">33 h<\/td>\n<td style=\"width: 79px; text-align: center;\" data-sheets-value=\"{&quot;1&quot;:3,&quot;3&quot;:99}\" data-sheets-numberformat=\"{&quot;1&quot;:2,&quot;2&quot;:&quot;0 \\&quot;h\\&quot;&quot;,&quot;3&quot;:1}\" data-sheets-ischild=\"\"><strong>99 h<\/strong><\/td>\n<td style=\"width: 79px; text-align: center;\" data-sheets-value=\"{&quot;1&quot;:3,&quot;3&quot;:5}\" data-sheets-numberformat=\"{&quot;1&quot;:1}\" data-sheets-ischild=\"\"><strong>5<\/strong><\/td>\n<\/tr>\n<tr>\n<td style=\"width: 126px;\" data-sheets-value=\"{&quot;1&quot;:2,&quot;2&quot;:&quot;1665 (MP13)&quot;}\" data-sheets-numberformat=\"{&quot;1&quot;:1}\" data-sheets-ischild=\"\">1708 (MP14)<\/td>\n<td style=\"width: 413px;\" data-sheets-value=\"{&quot;1&quot;:2,&quot;2&quot;:&quot;Digitalitzaci\u00f3 aplicada als sectors productius&quot;}\" data-sheets-ischild=\"\">Sostenibilitat aplicada al sistema productiu<\/td>\n<td style=\"width: 79px; text-align: center;\" data-sheets-value=\"{&quot;1&quot;:3,&quot;3&quot;:33}\" data-sheets-numberformat=\"{&quot;1&quot;:2,&quot;2&quot;:&quot;0 \\&quot;h\\&quot;&quot;,&quot;3&quot;:1}\" data-sheets-ischild=\"\">33 h<\/td>\n<td style=\"width: 80px; text-align: center;\" data-sheets-value=\"{&quot;1&quot;:3,&quot;3&quot;:0}\" data-sheets-numberformat=\"{&quot;1&quot;:2,&quot;2&quot;:&quot;0 \\&quot;h\\&quot;&quot;,&quot;3&quot;:1}\" data-sheets-ischild=\"\">0 h<\/td>\n<td style=\"width: 79px; text-align: center;\" data-sheets-value=\"{&quot;1&quot;:3,&quot;3&quot;:33}\" data-sheets-numberformat=\"{&quot;1&quot;:2,&quot;2&quot;:&quot;0 \\&quot;h\\&quot;&quot;,&quot;3&quot;:1}\" data-sheets-ischild=\"\"><strong>33 h<\/strong><\/td>\n<td style=\"width: 79px; text-align: center;\" data-sheets-value=\"{&quot;1&quot;:3,&quot;3&quot;:3}\" data-sheets-numberformat=\"{&quot;1&quot;:1}\" data-sheets-ischild=\"\"><strong>3<\/strong><\/td>\n<\/tr>\n<tr>\n<td style=\"width: 126px;\" data-sheets-value=\"{&quot;1&quot;:2,&quot;2&quot;:&quot;1709 (MP10)&quot;}\" data-sheets-numberformat=\"{&quot;1&quot;:1}\" data-sheets-ischild=\"\">1709 (MP10)<\/td>\n<td style=\"width: 413px;\" data-sheets-value=\"{&quot;1&quot;:2,&quot;2&quot;:&quot;Itinerari personal per a l'ocupabilitat I&quot;}\" data-sheets-ischild=\"\">Itinerari personal per a l&#8217;ocupabilitat I<\/td>\n<td style=\"width: 79px; text-align: center;\" data-sheets-value=\"{&quot;1&quot;:3,&quot;3&quot;:99}\" data-sheets-numberformat=\"{&quot;1&quot;:2,&quot;2&quot;:&quot;0 \\&quot;h\\&quot;&quot;,&quot;3&quot;:1}\" data-sheets-ischild=\"\">99 h<\/td>\n<td style=\"width: 80px; text-align: center;\" data-sheets-value=\"{&quot;1&quot;:3,&quot;3&quot;:0}\" data-sheets-numberformat=\"{&quot;1&quot;:2,&quot;2&quot;:&quot;0 \\&quot;h\\&quot;&quot;,&quot;3&quot;:1}\" data-sheets-ischild=\"\">0 h<\/td>\n<td style=\"width: 79px; text-align: center;\" data-sheets-value=\"{&quot;1&quot;:3,&quot;3&quot;:99}\" data-sheets-numberformat=\"{&quot;1&quot;:2,&quot;2&quot;:&quot;0 \\&quot;h\\&quot;&quot;,&quot;3&quot;:1}\" data-sheets-ischild=\"\"><strong>99 h<\/strong><\/td>\n<td style=\"width: 79px; text-align: center;\" data-sheets-value=\"{&quot;1&quot;:3,&quot;3&quot;:5}\" data-sheets-numberformat=\"{&quot;1&quot;:1}\" data-sheets-ischild=\"\"><strong>5<\/strong><\/td>\n<\/tr>\n<\/tbody>\n<\/table>\n<p>&nbsp;<\/p>\n<ul>\n<li><a href=\"https:\/\/xtec.gencat.cat\/ca\/curriculum\/professionals\/fp\/titolsloe\/artsgrafiques\/\">Web XTEC on trobar els disseny curriculars dels ensenyaments de formaci\u00f3 professional de la fam\u00edlia d&#8217;Arts gr\u00e0fiques<\/a><\/li>\n<\/ul>\n<p>&nbsp;<\/p>\n","protected":false},"excerpt":{"rendered":"<p>M\u00f2duls i hores<br \/>\nCurs 2025-2026<br \/>\nNOU DISSENY CURRICULAR<\/p>\n<p>Codi<br \/>\nM\u00f2dul professional<br \/>\nHores centre<br \/>\nHores empresa<br \/>\nHores totals<br \/>\nCr\u00e8dits ECTS<\/p>\n<p>0179 (MP12)<br \/>\nAngl\u00e8s professional<br \/>\n66 h<br \/>\n0 h<br \/>\n66 h<br \/>\n5<\/p>\n<p>1417 (MP01)<br \/>\nMaterials de producci\u00f3 gr\u00e0fica<br \/>\n99 h<br \/>\n53 h<br \/>\n152 h<br \/>\n10<\/p>\n<p>1478 (MP02)<br \/>\nOrganitzaci\u00f3 dels processos de preimpressi\u00f3 digital<br \/>\n165 h<br \/>\n99 h<br \/>\n264 h<br \/>\n19<\/p>\n<p>1479 (MP03)<br \/>\nDisseny de productes gr\u00e0fics<br \/>\n132 h<br \/>\n99 h<br \/>\n231 h<br \/>\n19<\/p>\n<p>1481 (MP04)<br \/>\nGesti\u00f3 de la producci\u00f3 en processos&hellip;  <a href=\"https:\/\/agora.xtec.cat\/ifp-alguero\/estudis\/distribucio-de-moduls-pel-curs-2025-2026\/moduls-cfgs-disseny-i-edicio-de-publicacions-impreses-i-multimedia-1r-curs-de1\/\" title=\"Read M\u00f2duls CFPS Disseny i Edici\u00f3 de Publicacions Impreses i Multim\u00e8dia 1r curs (DE1)\">Llegeix m\u00e9s\u00bb<\/a><\/p>\n","protected":false},"author":1,"featured_media":0,"parent":4458,"menu_order":9,"comment_status":"closed","ping_status":"closed","template":"page-templates\/side-menu.php","meta":{"_bbp_topic_count":0,"_bbp_reply_count":0,"_bbp_total_topic_count":0,"_bbp_total_reply_count":0,"_bbp_voice_count":0,"_bbp_anonymous_reply_count":0,"_bbp_topic_count_hidden":0,"_bbp_reply_count_hidden":0,"_bbp_forum_subforum_count":0,"footnotes":""},"class_list":["post-1256","page","type-page","status-publish","hentry"],"post_mailing_queue_ids":[],"_links":{"self":[{"href":"https:\/\/agora.xtec.cat\/ifp-alguero\/wp-json\/wp\/v2\/pages\/1256","targetHints":{"allow":["GET"]}}],"collection":[{"href":"https:\/\/agora.xtec.cat\/ifp-alguero\/wp-json\/wp\/v2\/pages"}],"about":[{"href":"https:\/\/agora.xtec.cat\/ifp-alguero\/wp-json\/wp\/v2\/types\/page"}],"author":[{"embeddable":true,"href":"https:\/\/agora.xtec.cat\/ifp-alguero\/wp-json\/wp\/v2\/users\/1"}],"replies":[{"embeddable":true,"href":"https:\/\/agora.xtec.cat\/ifp-alguero\/wp-json\/wp\/v2\/comments?post=1256"}],"version-history":[{"count":6,"href":"https:\/\/agora.xtec.cat\/ifp-alguero\/wp-json\/wp\/v2\/pages\/1256\/revisions"}],"predecessor-version":[{"id":4532,"href":"https:\/\/agora.xtec.cat\/ifp-alguero\/wp-json\/wp\/v2\/pages\/1256\/revisions\/4532"}],"up":[{"embeddable":true,"href":"https:\/\/agora.xtec.cat\/ifp-alguero\/wp-json\/wp\/v2\/pages\/4458"}],"wp:attachment":[{"href":"https:\/\/agora.xtec.cat\/ifp-alguero\/wp-json\/wp\/v2\/media?parent=1256"}],"curies":[{"name":"wp","href":"https:\/\/api.w.org\/{rel}","templated":true}]}}