{"id":1250,"date":"2022-04-13T12:45:52","date_gmt":"2022-04-13T10:45:52","guid":{"rendered":"https:\/\/agora.xtec.cat\/ifp-alguero\/?page_id=1250"},"modified":"2025-07-07T18:28:40","modified_gmt":"2025-07-07T16:28:40","slug":"moduls-cfgm-preimpressio-digital-2n-curs-pd2","status":"publish","type":"page","link":"https:\/\/agora.xtec.cat\/ifp-alguero\/estudis\/distribucio-de-moduls-pel-curs-2025-2026\/moduls-cfgm-preimpressio-digital-2n-curs-pd2\/","title":{"rendered":"M\u00f2duls CFPM Preimpressi\u00f3 Digital 2n curs (PD2)"},"content":{"rendered":"<h3>M\u00f2duls i hores<br \/>\nCurs 2025-2026<\/h3>\n<p><span style=\"color: #ff0000;\"><strong>NOU DISSENY CURRICULAR<\/strong><\/span><\/p>\n<table dir=\"ltr\" border=\"1\" cellspacing=\"0\" cellpadding=\"0\" data-sheets-root=\"1\" data-sheets-baot=\"1\">\n<colgroup>\n<col width=\"100\" \/>\n<col width=\"400\" \/>\n<col width=\"60\" \/>\n<col width=\"60\" \/>\n<col width=\"60\" \/><\/colgroup>\n<tbody>\n<tr>\n<td style=\"background-color: #dcdcdc;\"><strong>Codi<\/strong><\/td>\n<td style=\"background-color: #dcdcdc;\"><strong>M\u00f2dul professional<\/strong><\/td>\n<td style=\"background-color: #dcdcdc; text-align: center;\"><strong>Hores centre<\/strong><\/td>\n<td style=\"background-color: #dcdcdc; text-align: center;\"><strong>Hores empresa<\/strong><\/td>\n<td style=\"background-color: #dcdcdc; text-align: center;\"><strong>Hores totals MP<\/strong><\/td>\n<\/tr>\n<tr>\n<td>0868 (MP03)<\/td>\n<td>Imposici\u00f3 i obtenci\u00f3 digital de la forma impressora<\/td>\n<td style=\"text-align: center;\">66 h<\/td>\n<td style=\"text-align: center;\">66 h<\/td>\n<td style=\"text-align: center;\"><strong>132 h<\/strong><\/td>\n<\/tr>\n<tr>\n<td>0869 (MP04)<\/td>\n<td>Impressi\u00f3 digital<\/td>\n<td style=\"text-align: center;\">132 h<\/td>\n<td style=\"text-align: center;\">53 h<\/td>\n<td style=\"text-align: center;\"><strong>185 h<\/strong><\/td>\n<\/tr>\n<tr>\n<td>0872 (MP08)<\/td>\n<td>Realitzaci\u00f3 de publicacions electr\u00f2niques<\/td>\n<td style=\"text-align: center;\">165 h<\/td>\n<td style=\"text-align: center;\">66 h<\/td>\n<td style=\"text-align: center;\"><strong>231 h<\/strong><\/td>\n<\/tr>\n<tr>\n<td>1710 (MP10)<\/td>\n<td>Itinerari personal per a l&#8217;ocupabilitat II<\/td>\n<td style=\"text-align: center;\">66 h<\/td>\n<td style=\"text-align: center;\">0 h<\/td>\n<td style=\"text-align: center;\"><strong>66 h<\/strong><\/td>\n<\/tr>\n<tr>\n<td>1713 (MP14)<\/td>\n<td>Projecte intermodular<\/td>\n<td style=\"text-align: center;\">198 h<\/td>\n<td style=\"text-align: center;\">0 h<\/td>\n<td style=\"text-align: center;\"><strong>198 h<\/strong><\/td>\n<\/tr>\n<tr>\n<td>MO2 (MP16)<\/td>\n<td>Projecte d&#8217;introducci\u00f3 a 2n curs<\/td>\n<td style=\"text-align: center;\">66 h<\/td>\n<td style=\"text-align: center;\">0 h<\/td>\n<td style=\"text-align: center;\"><strong>66 h<\/strong><\/td>\n<\/tr>\n<\/tbody>\n<\/table>\n<ul>\n<li><a href=\"https:\/\/xtec.gencat.cat\/ca\/curriculum\/professionals\/fp\/titolsloe\/artsgrafiques\/\">Web XTEC on trobar els disseny curriculars dels ensenyaments de formaci\u00f3 professional de la fam\u00edlia d&#8217;Arts gr\u00e0fiques<\/a><\/li>\n<\/ul>\n<p>&nbsp;<\/p>\n","protected":false},"excerpt":{"rendered":"<p>M\u00f2duls i hores<br \/>\nCurs 2025-2026<br \/>\nNOU DISSENY CURRICULAR<\/p>\n<p>Codi<br \/>\nM\u00f2dul professional<br \/>\nHores centre<br \/>\nHores empresa<br \/>\nHores totals MP<\/p>\n<p>0868 (MP03)<br \/>\nImposici\u00f3 i obtenci\u00f3 digital de la forma impressora<br \/>\n66 h<br \/>\n66 h<br \/>\n132 h<\/p>\n<p>0869 (MP04)<br \/>\nImpressi\u00f3 digital<br \/>\n132 h<br \/>\n53 h<br \/>\n185 h<\/p>\n<p>0872 (MP08)<br \/>\nRealitzaci\u00f3 de publicacions electr\u00f2niques<br \/>\n165 h<br \/>\n66 h<br \/>\n231 h<\/p>\n<p>1710 (MP10)<br \/>\nItinerari personal per a l&#8217;ocupabilitat II<br \/>\n66 h<br \/>\n0 h<br \/>\n66 h<\/p>\n<p>1713 (MP14)<br \/>\nProjecte intermodular<br \/>\n198&hellip;  <a href=\"https:\/\/agora.xtec.cat\/ifp-alguero\/estudis\/distribucio-de-moduls-pel-curs-2025-2026\/moduls-cfgm-preimpressio-digital-2n-curs-pd2\/\" title=\"Read M\u00f2duls CFPM Preimpressi\u00f3 Digital 2n curs (PD2)\">Llegeix m\u00e9s\u00bb<\/a><\/p>\n","protected":false},"author":1,"featured_media":0,"parent":4458,"menu_order":6,"comment_status":"closed","ping_status":"closed","template":"page-templates\/side-menu.php","meta":{"_bbp_topic_count":0,"_bbp_reply_count":0,"_bbp_total_topic_count":0,"_bbp_total_reply_count":0,"_bbp_voice_count":0,"_bbp_anonymous_reply_count":0,"_bbp_topic_count_hidden":0,"_bbp_reply_count_hidden":0,"_bbp_forum_subforum_count":0,"footnotes":""},"class_list":["post-1250","page","type-page","status-publish","hentry"],"post_mailing_queue_ids":[],"_links":{"self":[{"href":"https:\/\/agora.xtec.cat\/ifp-alguero\/wp-json\/wp\/v2\/pages\/1250","targetHints":{"allow":["GET"]}}],"collection":[{"href":"https:\/\/agora.xtec.cat\/ifp-alguero\/wp-json\/wp\/v2\/pages"}],"about":[{"href":"https:\/\/agora.xtec.cat\/ifp-alguero\/wp-json\/wp\/v2\/types\/page"}],"author":[{"embeddable":true,"href":"https:\/\/agora.xtec.cat\/ifp-alguero\/wp-json\/wp\/v2\/users\/1"}],"replies":[{"embeddable":true,"href":"https:\/\/agora.xtec.cat\/ifp-alguero\/wp-json\/wp\/v2\/comments?post=1250"}],"version-history":[{"count":6,"href":"https:\/\/agora.xtec.cat\/ifp-alguero\/wp-json\/wp\/v2\/pages\/1250\/revisions"}],"predecessor-version":[{"id":4512,"href":"https:\/\/agora.xtec.cat\/ifp-alguero\/wp-json\/wp\/v2\/pages\/1250\/revisions\/4512"}],"up":[{"embeddable":true,"href":"https:\/\/agora.xtec.cat\/ifp-alguero\/wp-json\/wp\/v2\/pages\/4458"}],"wp:attachment":[{"href":"https:\/\/agora.xtec.cat\/ifp-alguero\/wp-json\/wp\/v2\/media?parent=1250"}],"curies":[{"name":"wp","href":"https:\/\/api.w.org\/{rel}","templated":true}]}}