{"id":1248,"date":"2022-04-13T12:45:47","date_gmt":"2022-04-13T10:45:47","guid":{"rendered":"https:\/\/agora.xtec.cat\/ifp-alguero\/?page_id=1248"},"modified":"2025-07-07T18:30:00","modified_gmt":"2025-07-07T16:30:00","slug":"moduls-cfgm-preimpressio-digital-1r-curs-pd1","status":"publish","type":"page","link":"https:\/\/agora.xtec.cat\/ifp-alguero\/estudis\/distribucio-de-moduls-pel-curs-2025-2026\/moduls-cfgm-preimpressio-digital-1r-curs-pd1\/","title":{"rendered":"M\u00f2duls CFPM Preimpressi\u00f3 Digital 1r curs (PD1)"},"content":{"rendered":"<h3>M\u00f2duls i hores<br \/>\nCurs 2025-2026<\/h3>\n<p><span style=\"color: #ff0000;\"><strong>NOU DISSENY CURRICULAR<\/strong><\/span><\/p>\n<table dir=\"ltr\" style=\"width: 856px;\" border=\"1\" cellspacing=\"0\" cellpadding=\"0\" data-sheets-root=\"1\">\n<colgroup>\n<col width=\"140\" \/>\n<col width=\"440\" \/>\n<col width=\"100\" \/>\n<col width=\"100\" \/>\n<col width=\"100\" \/><\/colgroup>\n<tbody>\n<tr>\n<td style=\"background-color: #dcdcdc; width: 127px;\" data-sheets-value=\"{&quot;1&quot;:2,&quot;2&quot;:&quot;Codi&quot;}\"><strong>Codi<\/strong><\/td>\n<td style=\"background-color: #dcdcdc; width: 434px;\" data-sheets-value=\"{&quot;1&quot;:2,&quot;2&quot;:&quot;M\u00f2dul professional&quot;}\"><strong>M\u00f2dul professional<\/strong><\/td>\n<td style=\"text-align: center; background-color: #dcdcdc; width: 98px;\" data-sheets-value=\"{&quot;1&quot;:2,&quot;2&quot;:&quot;Hores centre&quot;}\"><strong>Hores centre<\/strong><\/td>\n<td style=\"text-align: center; background-color: #dcdcdc; width: 99px;\" data-sheets-value=\"{&quot;1&quot;:2,&quot;2&quot;:&quot;Hores empresa&quot;}\"><strong>Hores empresa<\/strong><\/td>\n<td style=\"text-align: center; background-color: #dcdcdc; width: 98px;\" data-sheets-value=\"{&quot;1&quot;:2,&quot;2&quot;:&quot;Hores totals MP&quot;}\"><strong>Hores totals<\/strong><\/td>\n<\/tr>\n<tr>\n<td style=\"width: 127px;\" data-sheets-value=\"{&quot;1&quot;:2,&quot;2&quot;:&quot;0156 (MP11)&quot;}\" data-sheets-numberformat=\"{&quot;1&quot;:1}\" data-sheets-formula=\"=IMPORTRANGE(R2C1;LEFT(R1C1;3)&amp;&quot;!c11:I40&quot;)\">0156 (MP11)<\/td>\n<td style=\"width: 434px;\" data-sheets-value=\"{&quot;1&quot;:2,&quot;2&quot;:&quot;Angl\u00e8s professional&quot;}\" data-sheets-ischild=\"\">Angl\u00e8s professional<\/td>\n<td style=\"width: 98px; text-align: center;\" data-sheets-value=\"{&quot;1&quot;:3,&quot;3&quot;:66}\" data-sheets-numberformat=\"{&quot;1&quot;:2,&quot;2&quot;:&quot;0 \\&quot;h\\&quot;&quot;,&quot;3&quot;:1}\" data-sheets-ischild=\"\">66 h<\/td>\n<td style=\"width: 99px; text-align: center;\" data-sheets-value=\"{&quot;1&quot;:3,&quot;3&quot;:0}\" data-sheets-numberformat=\"{&quot;1&quot;:2,&quot;2&quot;:&quot;0 \\&quot;h\\&quot;&quot;,&quot;3&quot;:1}\" data-sheets-ischild=\"\">0 h<\/td>\n<td style=\"width: 98px; text-align: center;\" data-sheets-value=\"{&quot;1&quot;:3,&quot;3&quot;:66}\" data-sheets-numberformat=\"{&quot;1&quot;:2,&quot;2&quot;:&quot;0 \\&quot;h\\&quot;&quot;,&quot;3&quot;:1}\" data-sheets-ischild=\"\"><strong>66 h<\/strong><\/td>\n<\/tr>\n<tr>\n<td style=\"width: 127px;\" data-sheets-value=\"{&quot;1&quot;:2,&quot;2&quot;:&quot;0866 (MP01)&quot;}\" data-sheets-numberformat=\"{&quot;1&quot;:1}\" data-sheets-ischild=\"\">0866 (MP01)<\/td>\n<td style=\"width: 434px;\" data-sheets-value=\"{&quot;1&quot;:2,&quot;2&quot;:&quot;Tractament de textos&quot;}\" data-sheets-ischild=\"\">Tractament de textos<\/td>\n<td style=\"width: 98px; text-align: center;\" data-sheets-value=\"{&quot;1&quot;:3,&quot;3&quot;:99}\" data-sheets-numberformat=\"{&quot;1&quot;:2,&quot;2&quot;:&quot;0 \\&quot;h\\&quot;&quot;,&quot;3&quot;:1}\" data-sheets-ischild=\"\">99 h<\/td>\n<td style=\"width: 99px; text-align: center;\" data-sheets-value=\"{&quot;1&quot;:3,&quot;3&quot;:99}\" data-sheets-numberformat=\"{&quot;1&quot;:2,&quot;2&quot;:&quot;0 \\&quot;h\\&quot;&quot;,&quot;3&quot;:1}\" data-sheets-ischild=\"\">99 h<\/td>\n<td style=\"width: 98px; text-align: center;\" data-sheets-value=\"{&quot;1&quot;:3,&quot;3&quot;:198}\" data-sheets-numberformat=\"{&quot;1&quot;:2,&quot;2&quot;:&quot;0 \\&quot;h\\&quot;&quot;,&quot;3&quot;:1}\" data-sheets-ischild=\"\"><strong>198 h<\/strong><\/td>\n<\/tr>\n<tr>\n<td style=\"width: 127px;\" data-sheets-value=\"{&quot;1&quot;:2,&quot;2&quot;:&quot;0867 (MP02)&quot;}\" data-sheets-numberformat=\"{&quot;1&quot;:1}\" data-sheets-ischild=\"\">0867 (MP02)<\/td>\n<td style=\"width: 434px;\" data-sheets-value=\"{&quot;1&quot;:2,&quot;2&quot;:&quot;Tractament d'imatges en mapa de bits&quot;}\" data-sheets-ischild=\"\">Tractament d&#8217;imatges en mapa de bits<\/td>\n<td style=\"width: 98px; text-align: center;\" data-sheets-value=\"{&quot;1&quot;:3,&quot;3&quot;:165}\" data-sheets-numberformat=\"{&quot;1&quot;:2,&quot;2&quot;:&quot;0 \\&quot;h\\&quot;&quot;,&quot;3&quot;:1}\" data-sheets-ischild=\"\">165 h<\/td>\n<td style=\"width: 99px; text-align: center;\" data-sheets-value=\"{&quot;1&quot;:3,&quot;3&quot;:99}\" data-sheets-numberformat=\"{&quot;1&quot;:2,&quot;2&quot;:&quot;0 \\&quot;h\\&quot;&quot;,&quot;3&quot;:1}\" data-sheets-ischild=\"\">99 h<\/td>\n<td style=\"width: 98px; text-align: center;\" data-sheets-value=\"{&quot;1&quot;:3,&quot;3&quot;:264}\" data-sheets-numberformat=\"{&quot;1&quot;:2,&quot;2&quot;:&quot;0 \\&quot;h\\&quot;&quot;,&quot;3&quot;:1}\" data-sheets-ischild=\"\"><strong>264 h<\/strong><\/td>\n<\/tr>\n<tr>\n<td style=\"width: 127px;\" data-sheets-value=\"{&quot;1&quot;:2,&quot;2&quot;:&quot;0870 (MP05)&quot;}\" data-sheets-numberformat=\"{&quot;1&quot;:1}\" data-sheets-ischild=\"\">0870 (MP05)<\/td>\n<td style=\"width: 434px;\" data-sheets-value=\"{&quot;1&quot;:2,&quot;2&quot;:&quot;Compaginaci\u00f3&quot;}\" data-sheets-ischild=\"\">Compaginaci\u00f3<\/td>\n<td style=\"width: 98px; text-align: center;\" data-sheets-value=\"{&quot;1&quot;:3,&quot;3&quot;:99}\" data-sheets-numberformat=\"{&quot;1&quot;:2,&quot;2&quot;:&quot;0 \\&quot;h\\&quot;&quot;,&quot;3&quot;:1}\" data-sheets-ischild=\"\">99 h<\/td>\n<td style=\"width: 99px; text-align: center;\" data-sheets-value=\"{&quot;1&quot;:3,&quot;3&quot;:99}\" data-sheets-numberformat=\"{&quot;1&quot;:2,&quot;2&quot;:&quot;0 \\&quot;h\\&quot;&quot;,&quot;3&quot;:1}\" data-sheets-ischild=\"\">99 h<\/td>\n<td style=\"width: 98px; text-align: center;\" data-sheets-value=\"{&quot;1&quot;:3,&quot;3&quot;:198}\" data-sheets-numberformat=\"{&quot;1&quot;:2,&quot;2&quot;:&quot;0 \\&quot;h\\&quot;&quot;,&quot;3&quot;:1}\" data-sheets-ischild=\"\"><strong>198 h<\/strong><\/td>\n<\/tr>\n<tr>\n<td style=\"width: 127px;\" data-sheets-value=\"{&quot;1&quot;:2,&quot;2&quot;:&quot;0871 (MP07)&quot;}\" data-sheets-numberformat=\"{&quot;1&quot;:1}\" data-sheets-ischild=\"\">0871 (MP07)<\/td>\n<td style=\"width: 434px;\" data-sheets-value=\"{&quot;1&quot;:2,&quot;2&quot;:&quot;Identificaci\u00f3 de materials en preimpressi\u00f3&quot;}\" data-sheets-ischild=\"\">Identificaci\u00f3 de materials en preimpressi\u00f3<\/td>\n<td style=\"width: 98px; text-align: center;\" data-sheets-value=\"{&quot;1&quot;:3,&quot;3&quot;:99}\" data-sheets-numberformat=\"{&quot;1&quot;:2,&quot;2&quot;:&quot;0 \\&quot;h\\&quot;&quot;,&quot;3&quot;:1}\" data-sheets-ischild=\"\">99 h<\/td>\n<td style=\"width: 99px; text-align: center;\" data-sheets-value=\"{&quot;1&quot;:3,&quot;3&quot;:0}\" data-sheets-numberformat=\"{&quot;1&quot;:2,&quot;2&quot;:&quot;0 \\&quot;h\\&quot;&quot;,&quot;3&quot;:1}\" data-sheets-ischild=\"\">0 h<\/td>\n<td style=\"width: 98px; text-align: center;\" data-sheets-value=\"{&quot;1&quot;:3,&quot;3&quot;:99}\" data-sheets-numberformat=\"{&quot;1&quot;:2,&quot;2&quot;:&quot;0 \\&quot;h\\&quot;&quot;,&quot;3&quot;:1}\" data-sheets-ischild=\"\"><strong>99 h<\/strong><\/td>\n<\/tr>\n<tr>\n<td style=\"width: 127px;\" data-sheets-value=\"{&quot;1&quot;:2,&quot;2&quot;:&quot;0873 (MP06)&quot;}\" data-sheets-numberformat=\"{&quot;1&quot;:1}\" data-sheets-ischild=\"\">0873 (MP06)<\/td>\n<td style=\"width: 434px;\" data-sheets-value=\"{&quot;1&quot;:2,&quot;2&quot;:&quot;Il\u00b7lustraci\u00f3 vectorial&quot;}\" data-sheets-ischild=\"\">Il\u00b7lustraci\u00f3 vectorial<\/td>\n<td style=\"width: 98px; text-align: center;\" data-sheets-value=\"{&quot;1&quot;:3,&quot;3&quot;:66}\" data-sheets-numberformat=\"{&quot;1&quot;:2,&quot;2&quot;:&quot;0 \\&quot;h\\&quot;&quot;,&quot;3&quot;:1}\" data-sheets-ischild=\"\">66 h<\/td>\n<td style=\"width: 99px; text-align: center;\" data-sheets-value=\"{&quot;1&quot;:3,&quot;3&quot;:33}\" data-sheets-numberformat=\"{&quot;1&quot;:2,&quot;2&quot;:&quot;0 \\&quot;h\\&quot;&quot;,&quot;3&quot;:1}\" data-sheets-ischild=\"\">33 h<\/td>\n<td style=\"width: 98px; text-align: center;\" data-sheets-value=\"{&quot;1&quot;:3,&quot;3&quot;:99}\" data-sheets-numberformat=\"{&quot;1&quot;:2,&quot;2&quot;:&quot;0 \\&quot;h\\&quot;&quot;,&quot;3&quot;:1}\" data-sheets-ischild=\"\"><strong>99 h<\/strong><\/td>\n<\/tr>\n<tr>\n<td style=\"width: 127px;\" data-sheets-value=\"{&quot;1&quot;:2,&quot;2&quot;:&quot;1664 (MP12)&quot;}\" data-sheets-numberformat=\"{&quot;1&quot;:1}\" data-sheets-ischild=\"\">1664 (MP12)<\/td>\n<td style=\"width: 434px;\" data-sheets-value=\"{&quot;1&quot;:2,&quot;2&quot;:&quot;Digitalitzaci\u00f3 aplicada als sectors productius&quot;}\" data-sheets-ischild=\"\">Digitalitzaci\u00f3 aplicada als sectors productius<\/td>\n<td style=\"width: 98px; text-align: center;\" data-sheets-value=\"{&quot;1&quot;:3,&quot;3&quot;:33}\" data-sheets-numberformat=\"{&quot;1&quot;:2,&quot;2&quot;:&quot;0 \\&quot;h\\&quot;&quot;,&quot;3&quot;:1}\" data-sheets-ischild=\"\">33 h<\/td>\n<td style=\"width: 99px; text-align: center;\" data-sheets-value=\"{&quot;1&quot;:3,&quot;3&quot;:0}\" data-sheets-numberformat=\"{&quot;1&quot;:2,&quot;2&quot;:&quot;0 \\&quot;h\\&quot;&quot;,&quot;3&quot;:1}\" data-sheets-ischild=\"\">0 h<\/td>\n<td style=\"width: 98px; text-align: center;\" data-sheets-value=\"{&quot;1&quot;:3,&quot;3&quot;:33}\" data-sheets-numberformat=\"{&quot;1&quot;:2,&quot;2&quot;:&quot;0 \\&quot;h\\&quot;&quot;,&quot;3&quot;:1}\" data-sheets-ischild=\"\"><strong>33 h<\/strong><\/td>\n<\/tr>\n<tr>\n<td style=\"width: 127px;\" data-sheets-value=\"{&quot;1&quot;:2,&quot;2&quot;:&quot;1708 (MP13)&quot;}\" data-sheets-numberformat=\"{&quot;1&quot;:1}\" data-sheets-ischild=\"\">1708 (MP13)<\/td>\n<td style=\"width: 434px;\" data-sheets-value=\"{&quot;1&quot;:2,&quot;2&quot;:&quot;Sostenibilitat aplicada al sistema productiu&quot;}\" data-sheets-ischild=\"\">Sostenibilitat aplicada al sistema productiu<\/td>\n<td style=\"width: 98px; text-align: center;\" data-sheets-value=\"{&quot;1&quot;:3,&quot;3&quot;:33}\" data-sheets-numberformat=\"{&quot;1&quot;:2,&quot;2&quot;:&quot;0 \\&quot;h\\&quot;&quot;,&quot;3&quot;:1}\" data-sheets-ischild=\"\">33 h<\/td>\n<td style=\"width: 99px; text-align: center;\" data-sheets-value=\"{&quot;1&quot;:3,&quot;3&quot;:0}\" data-sheets-numberformat=\"{&quot;1&quot;:2,&quot;2&quot;:&quot;0 \\&quot;h\\&quot;&quot;,&quot;3&quot;:1}\" data-sheets-ischild=\"\">0 h<\/td>\n<td style=\"width: 98px; text-align: center;\" data-sheets-value=\"{&quot;1&quot;:3,&quot;3&quot;:33}\" data-sheets-numberformat=\"{&quot;1&quot;:2,&quot;2&quot;:&quot;0 \\&quot;h\\&quot;&quot;,&quot;3&quot;:1}\" data-sheets-ischild=\"\"><strong>33 h<\/strong><\/td>\n<\/tr>\n<tr>\n<td style=\"width: 127px;\" data-sheets-value=\"{&quot;1&quot;:2,&quot;2&quot;:&quot;1709 (MP09)&quot;}\" data-sheets-numberformat=\"{&quot;1&quot;:1}\" data-sheets-ischild=\"\">1709 (MP09)<\/td>\n<td style=\"width: 434px;\" data-sheets-value=\"{&quot;1&quot;:2,&quot;2&quot;:&quot;Itinerari personal per a l'ocupabilitat I&quot;}\" data-sheets-ischild=\"\">Itinerari personal per a l&#8217;ocupabilitat I<\/td>\n<td style=\"width: 98px; text-align: center;\" data-sheets-value=\"{&quot;1&quot;:3,&quot;3&quot;:99}\" data-sheets-numberformat=\"{&quot;1&quot;:2,&quot;2&quot;:&quot;0 \\&quot;h\\&quot;&quot;,&quot;3&quot;:1}\" data-sheets-ischild=\"\">99 h<\/td>\n<td style=\"width: 99px; text-align: center;\" data-sheets-value=\"{&quot;1&quot;:3,&quot;3&quot;:0}\" data-sheets-numberformat=\"{&quot;1&quot;:2,&quot;2&quot;:&quot;0 \\&quot;h\\&quot;&quot;,&quot;3&quot;:1}\" data-sheets-ischild=\"\">0 h<\/td>\n<td style=\"width: 98px; text-align: center;\" data-sheets-value=\"{&quot;1&quot;:3,&quot;3&quot;:99}\" data-sheets-numberformat=\"{&quot;1&quot;:2,&quot;2&quot;:&quot;0 \\&quot;h\\&quot;&quot;,&quot;3&quot;:1}\" data-sheets-ischild=\"\"><strong>99 h<\/strong><\/td>\n<\/tr>\n<tr>\n<td style=\"width: 127px;\" data-sheets-value=\"{&quot;1&quot;:2,&quot;2&quot;:&quot;MO1 (MP15)&quot;}\" data-sheets-numberformat=\"{&quot;1&quot;:1}\" data-sheets-ischild=\"\">MO1 (MP15)<\/td>\n<td style=\"width: 434px;\" data-sheets-value=\"{&quot;1&quot;:2,&quot;2&quot;:&quot;Introducci\u00f3 a les arts gr\u00e0fiques&quot;}\" data-sheets-ischild=\"\">Introducci\u00f3 a les arts gr\u00e0fiques<\/td>\n<td style=\"width: 98px; text-align: center;\" data-sheets-value=\"{&quot;1&quot;:3,&quot;3&quot;:33}\" data-sheets-numberformat=\"{&quot;1&quot;:2,&quot;2&quot;:&quot;0 \\&quot;h\\&quot;&quot;,&quot;3&quot;:1}\" data-sheets-ischild=\"\">33 h<\/td>\n<td style=\"width: 99px; text-align: center;\" data-sheets-value=\"{&quot;1&quot;:3,&quot;3&quot;:0}\" data-sheets-numberformat=\"{&quot;1&quot;:2,&quot;2&quot;:&quot;0 \\&quot;h\\&quot;&quot;,&quot;3&quot;:1}\" data-sheets-ischild=\"\">0 h<\/td>\n<td style=\"width: 98px; text-align: center;\" data-sheets-value=\"{&quot;1&quot;:3,&quot;3&quot;:33}\" data-sheets-numberformat=\"{&quot;1&quot;:2,&quot;2&quot;:&quot;0 \\&quot;h\\&quot;&quot;,&quot;3&quot;:1}\" data-sheets-ischild=\"\"><strong>33 h<\/strong><\/td>\n<\/tr>\n<\/tbody>\n<\/table>\n<p>&nbsp;<\/p>\n<ul>\n<li><a href=\"https:\/\/xtec.gencat.cat\/ca\/curriculum\/professionals\/fp\/titolsloe\/artsgrafiques\/\">Web XTEC on trobar els disseny curriculars dels ensenyaments de formaci\u00f3 professional de la fam\u00edlia d&#8217;Arts gr\u00e0fiques<\/a><\/li>\n<\/ul>\n<p>&nbsp;<\/p>\n","protected":false},"excerpt":{"rendered":"<p>M\u00f2duls i hores<br \/>\nCurs 2025-2026<br \/>\nNOU DISSENY CURRICULAR<\/p>\n<p>Codi<br \/>\nM\u00f2dul professional<br \/>\nHores centre<br \/>\nHores empresa<br \/>\nHores totals<\/p>\n<p>0156 (MP11)<br \/>\nAngl\u00e8s professional<br \/>\n66 h<br \/>\n0 h<br \/>\n66 h<\/p>\n<p>0866 (MP01)<br \/>\nTractament de textos<br \/>\n99 h<br \/>\n99 h<br \/>\n198 h<\/p>\n<p>0867 (MP02)<br \/>\nTractament d&#8217;imatges en mapa de bits<br \/>\n165 h<br \/>\n99 h<br \/>\n264 h<\/p>\n<p>0870 (MP05)<br \/>\nCompaginaci\u00f3<br \/>\n99 h<br \/>\n99 h<br \/>\n198 h<\/p>\n<p>0871 (MP07)<br \/>\nIdentificaci\u00f3 de materials en preimpressi\u00f3<br \/>\n99 h<br \/>\n0 h<br \/>\n99 h<\/p>\n<p>0873 (MP06)<br \/>\nIl\u00b7lustraci\u00f3 vectorial<br \/>\n66 h<br \/>\n33&hellip;  <a href=\"https:\/\/agora.xtec.cat\/ifp-alguero\/estudis\/distribucio-de-moduls-pel-curs-2025-2026\/moduls-cfgm-preimpressio-digital-1r-curs-pd1\/\" title=\"Read M\u00f2duls CFPM Preimpressi\u00f3 Digital 1r curs (PD1)\">Llegeix m\u00e9s\u00bb<\/a><\/p>\n","protected":false},"author":1,"featured_media":0,"parent":4458,"menu_order":5,"comment_status":"closed","ping_status":"closed","template":"page-templates\/side-menu.php","meta":{"_bbp_topic_count":0,"_bbp_reply_count":0,"_bbp_total_topic_count":0,"_bbp_total_reply_count":0,"_bbp_voice_count":0,"_bbp_anonymous_reply_count":0,"_bbp_topic_count_hidden":0,"_bbp_reply_count_hidden":0,"_bbp_forum_subforum_count":0,"footnotes":""},"class_list":["post-1248","page","type-page","status-publish","hentry"],"post_mailing_queue_ids":[],"_links":{"self":[{"href":"https:\/\/agora.xtec.cat\/ifp-alguero\/wp-json\/wp\/v2\/pages\/1248","targetHints":{"allow":["GET"]}}],"collection":[{"href":"https:\/\/agora.xtec.cat\/ifp-alguero\/wp-json\/wp\/v2\/pages"}],"about":[{"href":"https:\/\/agora.xtec.cat\/ifp-alguero\/wp-json\/wp\/v2\/types\/page"}],"author":[{"embeddable":true,"href":"https:\/\/agora.xtec.cat\/ifp-alguero\/wp-json\/wp\/v2\/users\/1"}],"replies":[{"embeddable":true,"href":"https:\/\/agora.xtec.cat\/ifp-alguero\/wp-json\/wp\/v2\/comments?post=1248"}],"version-history":[{"count":7,"href":"https:\/\/agora.xtec.cat\/ifp-alguero\/wp-json\/wp\/v2\/pages\/1248\/revisions"}],"predecessor-version":[{"id":4523,"href":"https:\/\/agora.xtec.cat\/ifp-alguero\/wp-json\/wp\/v2\/pages\/1248\/revisions\/4523"}],"up":[{"embeddable":true,"href":"https:\/\/agora.xtec.cat\/ifp-alguero\/wp-json\/wp\/v2\/pages\/4458"}],"wp:attachment":[{"href":"https:\/\/agora.xtec.cat\/ifp-alguero\/wp-json\/wp\/v2\/media?parent=1248"}],"curies":[{"name":"wp","href":"https:\/\/api.w.org\/{rel}","templated":true}]}}