{"id":1242,"date":"2022-04-13T12:45:42","date_gmt":"2022-04-13T10:45:42","guid":{"rendered":"https:\/\/agora.xtec.cat\/ifp-alguero\/?page_id=1242"},"modified":"2025-07-07T18:29:43","modified_gmt":"2025-07-07T16:29:43","slug":"moduls-cfgm-postimpressio-i-acabats-grafics-2n-curs-pa2","status":"publish","type":"page","link":"https:\/\/agora.xtec.cat\/ifp-alguero\/estudis\/distribucio-de-moduls-pel-curs-2025-2026\/moduls-cfgm-postimpressio-i-acabats-grafics-2n-curs-pa2\/","title":{"rendered":"M\u00f2duls CFPM Postimpressi\u00f3 i Acabats Gr\u00e0fics 2n curs (PA2)"},"content":{"rendered":"<h3>M\u00f2duls i hores<br \/>\nCurs 2025-2026<\/h3>\n<p><span style=\"color: #ff0000;\"><strong>NOU DISSENY CURRICULAR<\/strong><\/span><\/p>\n<table dir=\"ltr\" border=\"1\" cellspacing=\"0\" cellpadding=\"0\" data-sheets-root=\"1\" data-sheets-baot=\"1\">\n<colgroup>\n<col width=\"100\" \/>\n<col width=\"400\" \/>\n<col width=\"60\" \/>\n<col width=\"60\" \/>\n<col width=\"60\" \/><\/colgroup>\n<tbody>\n<tr>\n<td style=\"background-color: #dcdcdc; width: 127px;\"><strong>Codi<\/strong><\/td>\n<td style=\"background-color: #dcdcdc; width: 435px;\"><strong>M\u00f2dul professional<\/strong><\/td>\n<td style=\"background-color: #dcdcdc; width: 98px; text-align: center;\"><strong>Hores centre<\/strong><\/td>\n<td style=\"background-color: #dcdcdc; width: 98px; text-align: center;\"><strong>Hores empresa<\/strong><\/td>\n<td style=\"background-color: #dcdcdc; width: 98px; text-align: center;\"><strong>Hores totals MP<\/strong><\/td>\n<\/tr>\n<tr>\n<td>0879 (MP05)<\/td>\n<td>Impressi\u00f3 en flexografia<\/td>\n<td style=\"text-align: center;\">132 h<\/td>\n<td style=\"text-align: center;\">99 h<\/td>\n<td style=\"text-align: center;\"><strong>231 h<\/strong><\/td>\n<\/tr>\n<tr>\n<td>1216 (MP03)<\/td>\n<td>Enquadernaci\u00f3 en r\u00fastica i tapa dura<\/td>\n<td style=\"text-align: center;\">132 h<\/td>\n<td style=\"text-align: center;\">66 h<\/td>\n<td style=\"text-align: center;\"><strong>198 h<\/strong><\/td>\n<\/tr>\n<tr>\n<td>1220 (MP06)<\/td>\n<td>Elaboraci\u00f3 de tapes i arxivadors<\/td>\n<td style=\"text-align: center;\">66 h<\/td>\n<td style=\"text-align: center;\">66 h<\/td>\n<td style=\"text-align: center;\"><strong>132 h<\/strong><\/td>\n<\/tr>\n<tr>\n<td>1221 (MP07)<\/td>\n<td>Tractament superficial de l\u2019impr\u00e8s<\/td>\n<td style=\"text-align: center;\">99 h<\/td>\n<td style=\"text-align: center;\">66 h<\/td>\n<td style=\"text-align: center;\"><strong>165 h<\/strong><\/td>\n<\/tr>\n<tr>\n<td>1710 (MP11)<\/td>\n<td>Itinerari personal per a l&#8217;ocupabilitat II<\/td>\n<td style=\"text-align: center;\">66 h<\/td>\n<td style=\"text-align: center;\">0 h<\/td>\n<td style=\"text-align: center;\"><strong>66 h<\/strong><\/td>\n<\/tr>\n<tr>\n<td>1713 (MP15)<\/td>\n<td>Projecte intermodular<\/td>\n<td style=\"text-align: center;\">198 h<\/td>\n<td style=\"text-align: center;\">0 h<\/td>\n<td style=\"text-align: center;\"><strong>198 h<\/strong><\/td>\n<\/tr>\n<\/tbody>\n<\/table>\n<ul>\n<li><a href=\"https:\/\/xtec.gencat.cat\/ca\/curriculum\/professionals\/fp\/titolsloe\/artsgrafiques\/\">Web XTEC on trobar els disseny curriculars dels ensenyaments de formaci\u00f3 professional de la fam\u00edlia d&#8217;Arts gr\u00e0fiques<\/a><\/li>\n<\/ul>\n<p>&nbsp;<\/p>\n","protected":false},"excerpt":{"rendered":"<p>M\u00f2duls i hores<br \/>\nCurs 2025-2026<br \/>\nNOU DISSENY CURRICULAR<\/p>\n<p>Codi<br \/>\nM\u00f2dul professional<br \/>\nHores centre<br \/>\nHores empresa<br \/>\nHores totals MP<\/p>\n<p>0879 (MP05)<br \/>\nImpressi\u00f3 en flexografia<br \/>\n132 h<br \/>\n99 h<br \/>\n231 h<\/p>\n<p>1216 (MP03)<br \/>\nEnquadernaci\u00f3 en r\u00fastica i tapa dura<br \/>\n132 h<br \/>\n66 h<br \/>\n198 h<\/p>\n<p>1220 (MP06)<br \/>\nElaboraci\u00f3 de tapes i arxivadors<br \/>\n66 h<br \/>\n66 h<br \/>\n132 h<\/p>\n<p>1221 (MP07)<br \/>\nTractament superficial de l\u2019impr\u00e8s<br \/>\n99 h<br \/>\n66 h<br \/>\n165 h<\/p>\n<p>1710 (MP11)<br \/>\nItinerari personal per a&hellip;  <a href=\"https:\/\/agora.xtec.cat\/ifp-alguero\/estudis\/distribucio-de-moduls-pel-curs-2025-2026\/moduls-cfgm-postimpressio-i-acabats-grafics-2n-curs-pa2\/\" title=\"Read M\u00f2duls CFPM Postimpressi\u00f3 i Acabats Gr\u00e0fics 2n curs (PA2)\">Llegeix m\u00e9s\u00bb<\/a><\/p>\n","protected":false},"author":1,"featured_media":0,"parent":4458,"menu_order":4,"comment_status":"closed","ping_status":"closed","template":"page-templates\/side-menu.php","meta":{"_bbp_topic_count":0,"_bbp_reply_count":0,"_bbp_total_topic_count":0,"_bbp_total_reply_count":0,"_bbp_voice_count":0,"_bbp_anonymous_reply_count":0,"_bbp_topic_count_hidden":0,"_bbp_reply_count_hidden":0,"_bbp_forum_subforum_count":0,"footnotes":""},"class_list":["post-1242","page","type-page","status-publish","hentry"],"post_mailing_queue_ids":[],"_links":{"self":[{"href":"https:\/\/agora.xtec.cat\/ifp-alguero\/wp-json\/wp\/v2\/pages\/1242","targetHints":{"allow":["GET"]}}],"collection":[{"href":"https:\/\/agora.xtec.cat\/ifp-alguero\/wp-json\/wp\/v2\/pages"}],"about":[{"href":"https:\/\/agora.xtec.cat\/ifp-alguero\/wp-json\/wp\/v2\/types\/page"}],"author":[{"embeddable":true,"href":"https:\/\/agora.xtec.cat\/ifp-alguero\/wp-json\/wp\/v2\/users\/1"}],"replies":[{"embeddable":true,"href":"https:\/\/agora.xtec.cat\/ifp-alguero\/wp-json\/wp\/v2\/comments?post=1242"}],"version-history":[{"count":7,"href":"https:\/\/agora.xtec.cat\/ifp-alguero\/wp-json\/wp\/v2\/pages\/1242\/revisions"}],"predecessor-version":[{"id":4521,"href":"https:\/\/agora.xtec.cat\/ifp-alguero\/wp-json\/wp\/v2\/pages\/1242\/revisions\/4521"}],"up":[{"embeddable":true,"href":"https:\/\/agora.xtec.cat\/ifp-alguero\/wp-json\/wp\/v2\/pages\/4458"}],"wp:attachment":[{"href":"https:\/\/agora.xtec.cat\/ifp-alguero\/wp-json\/wp\/v2\/media?parent=1242"}],"curies":[{"name":"wp","href":"https:\/\/api.w.org\/{rel}","templated":true}]}}