{"id":1132,"date":"2022-03-30T17:50:06","date_gmt":"2022-03-30T15:50:06","guid":{"rendered":"https:\/\/agora.xtec.cat\/ifp-alguero\/?page_id=1132"},"modified":"2025-02-23T17:09:55","modified_gmt":"2025-02-23T16:09:55","slug":"beques_mec","status":"publish","type":"page","link":"https:\/\/agora.xtec.cat\/ifp-alguero\/secretaria\/beques_mec\/","title":{"rendered":"Beques MEC (curs 2024-2025)"},"content":{"rendered":"<div class=\"panel-heading\">\n<h1>Beques per a ensenyaments postobligatoris no universitaris<\/h1>\n<p style=\"padding-left: 80px;\">Els tr\u00e0mits es fan directament a la p\u00e0gina web de tr\u00e0mits del Departament d&#8217;Educaci\u00f3:<br \/>\n<a href=\"https:\/\/educacio.gencat.cat\/ca\/tramits\/tramits-temes\/247-beques-ministerio-postobligatoris\"><span style=\"font-size: 125%;\"><strong>Sol\u00b7licitud de beques per a ensenyaments postobligatoris no universitaris<\/strong><\/span><\/a><\/p>\n<h1 class=\"panel-title\">Terminis<\/h1>\n<\/div>\n<div id=\"acordio-tramits-1\" class=\"panel-collapse collapse in\">\n<div class=\"panel-body link-dotted\" role=\"region\" aria-labelledby=\"acordioTerminis\">\n<p style=\"padding-left: 80px;\">La sol\u00b7licitud s&#8217;ha de presentar del <strong>19 de mar\u00e7 al 10 de maig de 2024<\/strong>.<\/p>\n<p style=\"padding-left: 80px;\">Has de sol\u00b7licitar la beca dins d&#8217;aquest termini, encara que no s\u00e0pigues qu\u00e8 estudiar\u00e0s o, fins i tot, encara que no s\u00e0pigues si estudiar\u00e0s o no. Posa els estudis que consideris m\u00e9s probables i cap al setembre podr\u00e0s modificar-los, si cal.<\/p>\n<div class=\"panel-heading\">\n<h1 class=\"panel-title\">Documentaci\u00f3<\/h1>\n<\/div>\n<div id=\"acordio-tramits-2\" class=\"panel-collapse collapse in\">\n<div class=\"panel-body\" role=\"region\" aria-labelledby=\"acordioDocumentacio\">\n<div class=\"link-dotted\">\n<p style=\"padding-left: 80px;\">Com a norma general, per sol\u00b7licitar una beca no cal presentar cap document; aix\u00f2 no obstant, en qualsevol moment del procediment es podr\u00e0 requerir l&#8217;aportaci\u00f3 dels documents originals justificatius de les circumst\u00e0ncies al\u00b7legades a la sol\u00b7licitud.<\/p>\n<\/div>\n<\/div>\n<\/div>\n<\/div>\n<\/div>\n<p style=\"padding-left: 80px;\">La presentaci\u00f3 de la sol\u00b7licitud implica l&#8217;autoritzaci\u00f3 a l&#8217;administraci\u00f3 educativa per obtenir les dades necess\u00e0ries per determinar la renda a efectes de beca a trav\u00e9s d&#8217;altres administracions p\u00fabliques.<\/p>\n<div class=\"panel-heading\">\n<h1 class=\"panel-title\">Requisits<\/h1>\n<\/div>\n<div id=\"acordio-tramits-3\" class=\"panel-collapse collapse in\">\n<div class=\"panel-body\" role=\"region\" aria-labelledby=\"acordioRequisits\">\n<div class=\"link-dotted\">\n<h4 style=\"padding-left: 80px;\"><strong>1. Requisits generals<\/strong><\/h4>\n<ul>\n<li style=\"list-style-type: none;\">\n<ul>\n<li style=\"list-style-type: none;\">\n<ul>\n<li style=\"list-style-type: none;\">\n<ul>\n<li style=\"list-style-type: none;\">\n<ul class=\"llista-especial\" style=\"list-style-type: disc;\">\n<li>No posseir un t\u00edtol d&#8217;igual o superior nivell al dels ensenyaments per als quals sol\u00b7licites la beca.<\/li>\n<li>Estar matriculat en algun dels ensenyaments indicats a l&#8217;article 3 de la convocat\u00f2ria del Ministeri.<\/li>\n<li>Ser espanyol o tenir la nacionalitat d&#8217;un estat membre de la Uni\u00f3 Europea.<\/li>\n<li>Si tu o la teva fam\u00edlia sou ciutadans de la Uni\u00f3 Europea, heu de residir de forma permanent a Espanya o acreditar un treball per compte propi o ali\u00e8 a Espanya.<\/li>\n<li>Si no ets ciutad\u00e0\/ana de la Uni\u00f3 Europea, aplicarem all\u00f2 que indica la normativa sobre drets i llibertats dels estrangers a Espanya i la seva integraci\u00f3 social: \u00e9s a dir, pots tenir dret a beca si ets menor de 18 anys o si has obtingut perm\u00eds de resid\u00e8ncia a 31 de desembre de l&#8217;any anterior al de la convocat\u00f2ria.Tenen la consideraci\u00f3 de \u00abfamiliars\u00bb:\n<ul>\n<li style=\"list-style-type: none;\">\n<ul style=\"list-style-type: circle;\">\n<li>el c\u00f2njuge o la parella legal,<\/li>\n<li>els ascendents directes a c\u00e0rrec,<\/li>\n<li>els descendents directes a c\u00e0rrec menors de 25 anys.<\/li>\n<\/ul>\n<\/li>\n<\/ul>\n<\/li>\n<\/ul>\n<\/li>\n<\/ul>\n<\/li>\n<\/ul>\n<\/li>\n<\/ul>\n<\/li>\n<\/ul>\n<h4 style=\"padding-left: 80px;\"><strong>2.\u00a0 Requisits acad\u00e8mics<\/strong><\/h4>\n<p style=\"padding-left: 80px;\"><span style=\"text-decoration: underline;\">Si repeteixes curs, no se&#8217;t concedir\u00e0 cap beca<\/span>. Ara b\u00e9, si no \u00e9s el teu cas i pots sol\u00b7licitar-la, t&#8217;has de matricular el curs 2023-2024 en algun dels ensenyaments seg\u00fcents i haver obtingut les qualificacions indicades:<\/p>\n<h5 style=\"padding-left: 80px;\">Ensenyaments de grau superior de formaci\u00f3 professional, d&#8217;arts pl\u00e0stiques i disseny i d&#8217;ensenyaments esportius:<\/h5>\n<ol>\n<li style=\"list-style-type: none;\">\n<ol>\n<li style=\"list-style-type: none;\">\n<ol>\n<li style=\"list-style-type: none;\">\n<ol>\n<li style=\"list-style-type: none;\">\n<ol>\n<li style=\"list-style-type: none;\">\n<ol style=\"list-style-type: lower-alpha;\">\n<li><strong>Si ets sol\u00b7licitant de 1r curs<\/strong>\u00a0has d&#8217;acreditar haver obtingut 5 punts en alguns d&#8217;aquests cursos:<br \/>\n&#8211; 2n curs de batxillerat<br \/>\n&#8211; Prova o curs d&#8217;acc\u00e9s<br \/>\n&#8211; En la qualificaci\u00f3 final del cicle formatiu de grau mitj\u00e0 que doni acc\u00e9s al cicle formatiu de grau superior.<\/li>\n<li><strong>Si ets sol\u00b7licitant de 2n curs i de cursos posteriors organitzats per m\u00f2duls<\/strong>, has d&#8217;acreditar que en el curs anterior van superar almenys un nombre de m\u00f2duls que suposi el 85 % de les hores totals del curs al qual t&#8217;has matriculat.<\/li>\n<\/ol>\n<\/li>\n<\/ol>\n<\/li>\n<\/ol>\n<\/li>\n<\/ol>\n<\/li>\n<\/ol>\n<\/li>\n<\/ol>\n<ul>\n<li style=\"list-style-type: none;\">\n<ul>\n<li style=\"list-style-type: none;\">\n<ul>\n<li style=\"list-style-type: none;\">\n<ul>\n<li style=\"list-style-type: none;\">\n<ul>\n<li style=\"list-style-type: none;\"><\/li>\n<\/ul>\n<\/li>\n<\/ul>\n<\/li>\n<\/ul>\n<\/li>\n<\/ul>\n<\/li>\n<\/ul>\n<ol>\n<li style=\"list-style-type: none;\">\n<ol>\n<li style=\"list-style-type: none;\">\n<ol>\n<li style=\"list-style-type: none;\">\n<ol>\n<li style=\"list-style-type: none;\"><\/li>\n<\/ol>\n<\/li>\n<\/ol>\n<\/li>\n<\/ol>\n<\/li>\n<\/ol>\n<h5 style=\"padding-left: 80px;\">Ensenyaments de batxillerat, ensenyaments professionals de m\u00fasica i de dansa i grau mitj\u00e0 de formaci\u00f3 professional, ensenyaments professionals d&#8217;arts pl\u00e0stiques i disseny i dels ensenyaments esportius:<\/h5>\n<ol>\n<li style=\"list-style-type: none;\">\n<ol>\n<li style=\"list-style-type: none;\">\n<ol>\n<li style=\"list-style-type: none;\">\n<ol>\n<li style=\"list-style-type: none;\">\n<ol>\n<li style=\"list-style-type: none;\">\n<ol style=\"list-style-type: lower-alpha;\">\n<li><strong>Si ets estudiant de 1r curs de batxillerat<\/strong>, has d&#8217;acreditar que has obtingut una nota mitjana de 5 punts en algun dels apartats seg\u00fcents:<br \/>\nA 4t curs d&#8217;ESO<br \/>\nProva o curs que hi dona acc\u00e9s<br \/>\nEn la qualificaci\u00f3 final del cicle formatiu de grau mitj\u00e0 o de cicle formatiu de grau b\u00e0sic.<\/li>\n<li><strong style=\"font-family: inherit; font-size: 1em;\">Si ets estudiant de 2n curs o de cursos posteriors organitzats per assignatures<\/strong><span style=\"font-family: inherit; font-size: 1em;\"><span style=\"font-family: inherit; font-size: 1em;\">, has d&#8217;acreditar que has superat totes les assignatures del curs anterior, amb excepci\u00f3 d&#8217;una.<\/span><\/span><\/li>\n<li><strong style=\"font-family: inherit; font-size: 1em;\">Si ets estudiant de 2n curs i de cursos posteriors organitzats per m\u00f2duls<\/strong><span style=\"font-family: inherit; font-size: 1em;\">, has d&#8217;acreditar que han superat en el curs anterior almenys un nombre de m\u00f2duls que suposi el 85 % de les hores totals del curs al qual t&#8217;has matriculat.<\/span><\/li>\n<\/ol>\n<\/li>\n<\/ol>\n<\/li>\n<\/ol>\n<\/li>\n<\/ol>\n<\/li>\n<\/ol>\n<\/li>\n<\/ol>\n<h5 style=\"padding-left: 80px;\">Ensenyaments d&#8217;idiomes: no es demana qualificaci\u00f3.<\/h5>\n<h5 style=\"padding-left: 80px;\">Cicles formatius de grau b\u00e0sic i cursos de preparaci\u00f3 de les proves d&#8217;acc\u00e9s a la formaci\u00f3 professional: no es demana qualificaci\u00f3.<\/h5>\n<h5 style=\"padding-left: 80px;\">Ensenyaments art\u00edstics superiors i estudis religiosos superiors:<\/h5>\n<ol>\n<li style=\"list-style-type: none;\">\n<ol>\n<li style=\"list-style-type: none;\">\n<ol>\n<li style=\"list-style-type: none;\">\n<ol>\n<li style=\"list-style-type: none;\">\n<ol>\n<li style=\"list-style-type: none;\">\n<ol style=\"list-style-type: lower-alpha;\">\n<li><strong>Si ets estudiant de 1r curs<\/strong>, has d&#8217;acreditar que has obtingut 5 punts en la prova o curs d&#8217;acc\u00e9s.<\/li>\n<li><strong style=\"font-family: inherit; font-size: 1em;\">Si ets estudiant d&#8217;altres cursos<\/strong><span style=\"font-family: inherit; font-size: 1em;\">, has d&#8217;haver superat el 90 % de les mat\u00e8ries o cr\u00e8dits del curs anterior.<\/span><\/li>\n<\/ol>\n<\/li>\n<\/ol>\n<\/li>\n<\/ol>\n<\/li>\n<\/ol>\n<\/li>\n<\/ol>\n<\/li>\n<\/ol>\n<h4 style=\"padding-left: 80px;\"><strong>3. Requisits econ\u00f2mics<\/strong><\/h4>\n<p style=\"padding-left: 80px;\">Segons els ingressos de la unitat familiar durant l&#8217;exercici fiscal de l&#8217;any 2021, s&#8217;estableixen els anomenats\u00a0llindars o l\u00edmits de renda. La quantitat de la beca s&#8217;estableix segons el llindar sota el qual quedi la renda familiar:<\/p>\n<p>&nbsp;<\/p>\n<div style=\"padding-left: 80px;\">\n<table class=\"center\" style=\"border-collapse: collapse; margin-left: auto; margin-right: auto; font-size: 80%;\">\n<tbody>\n<tr>\n<td><\/td>\n<td style=\"text-align: center;\"><strong>Llindar 1<\/strong><\/td>\n<td style=\"text-align: center;\"><strong>Llindar 2<\/strong><\/td>\n<td style=\"text-align: center;\"><strong>Llindar 3<\/strong><\/td>\n<\/tr>\n<tr>\n<td>Fam\u00edlies d&#8217;1 membre:<\/td>\n<td>8.843,00 \u20ac<\/td>\n<td>13.898,00 \u20ac<\/td>\n<td>14.818,00 \u20ac<\/td>\n<\/tr>\n<tr>\n<td>Fam\u00edlies de 2\u00a0membres:<\/td>\n<td>13.26400 \u20ac<\/td>\n<td>23.724,00 \u20ac<\/td>\n<td>25.293,00 \u20ac<\/td>\n<\/tr>\n<tr>\n<td>Fam\u00edlies de 3 membres:<\/td>\n<td>17.685,00 \u20ac<\/td>\n<td>32.201,00 \u20ac<\/td>\n<td>34.332,00 \u20ac<\/td>\n<\/tr>\n<tr>\n<td>Fam\u00edlies de 4 membres:<\/td>\n<td>22.107,00 \u20ac<\/td>\n<td>38.242,00 \u20ac<\/td>\n<td>40.773,00 \u20ac<\/td>\n<\/tr>\n<tr>\n<td>Fam\u00edlies de 5 membres:<\/td>\n<td>25.644,00 \u20ac<\/td>\n<td>42.743,00 \u20ac<\/td>\n<td>45.572,00 \u20ac<\/td>\n<\/tr>\n<tr>\n<td>Fam\u00edlies de 6 membres:<\/td>\n<td>29.181,00 \u20ac<\/td>\n<td>46.142,00 \u20ac<\/td>\n<td>49.196,00 \u20ac<\/td>\n<\/tr>\n<tr>\n<td>Fam\u00edlies de 7 membres:<\/td>\n<td>32.718,00 \u20ac<\/td>\n<td>49.503,00 \u20ac<\/td>\n<td>52.780,00 \u20ac<\/td>\n<\/tr>\n<tr>\n<td>Fam\u00edlies de 8 membres:<\/td>\n<td>36.255,00 \u20ac<\/td>\n<td>52.850,00 \u20ac<\/td>\n<td>56.348,00 \u20ac<\/td>\n<\/tr>\n<\/tbody>\n<\/table>\n<\/div>\n<p style=\"padding-left: 80px;\">Tingues en compte que el c\u00e0lcul per determinar la teva renda a efectes de beca est\u00e0 establert en l&#8217;article 16 de la\u00a0<a title=\"Descarrega el document\" href=\"https:\/\/www.infosubvenciones.es\/bdnstrans\/GE\/es\/convocatoria\/749075\/document\/1034404\">convocat\u00f2ria<\/a>.<\/p>\n<p style=\"padding-left: 80px;\">Tipus de quanties que pots obtenir, en funci\u00f3 del llindar en qu\u00e8 et trobis:<\/p>\n<ol>\n<li style=\"list-style-type: none;\">\n<ol>\n<li style=\"list-style-type: none;\">\n<ol>\n<li style=\"list-style-type: none;\">\n<ol>\n<li style=\"list-style-type: none;\">\n<ol>\n<li style=\"list-style-type: none;\">\n<ol>\n<li>Si la teva unitat familiar ha obtingut\u00a0<strong>ingressos inferiors al llindar 1<\/strong>\u00a0tens dret a:\n<ul>\n<li>Quantia fixa lligada a la renda (1.700 \u20ac)<\/li>\n<li>Quantia fixa lligada a la resid\u00e8ncia (2.500 \u20ac), si has de residir fora del domicili familiar durant el curs<\/li>\n<li>Quantia fixa lligada a l&#8217;excel\u00b7l\u00e8ncia (50 \u20ac-125 \u20ac)<\/li>\n<li>Quantia variable<\/li>\n<\/ul>\n<\/li>\n<li>Si la teva unitat familiar ha obtingut ingressos\u00a0<strong>superiors al llindar 1, per\u00f2 inferiors al 2<\/strong>\u00a0tens dret a:\n<ul>\n<li>Beca b\u00e0sica (300 \u20ac)<\/li>\n<li>Quantia fixa lligada a la resid\u00e8ncia (2.500 \u20ac), si has de residir fora del domicili familiar durant el curs<\/li>\n<li>Quantia fixa lligada a l&#8217;excel\u00b7l\u00e8ncia (50 \u20ac-125 \u20ac)<\/li>\n<li>Quantia variable<\/li>\n<\/ul>\n<\/li>\n<li>Si la teva unitat familiar ha obtingut ingressos\u00a0<strong>superiors al llindar 2, per\u00f2 inferiors al 3<\/strong>\u00a0tens dret a la beca b\u00e0sica (300 \u20ac) i a la quantia fixa lligada a l&#8217;excel\u00b7l\u00e8ncia (50 \u20ac-125 \u20ac)<\/li>\n<\/ol>\n<\/li>\n<\/ol>\n<\/li>\n<\/ol>\n<\/li>\n<\/ol>\n<\/li>\n<\/ol>\n<\/li>\n<\/ol>\n<p style=\"padding-left: 80px;\"><strong>Quan no et poden concedir la beca?<\/strong><\/p>\n<p style=\"padding-left: 80px;\">Encara que reuneixis els requisits de renda, si superes els llindars que, segons la convocat\u00f2ria, es consideren indicatius de la possessi\u00f3 de patrimoni: capital mobiliari (&gt;1.700,00 \u20ac), finques urbanes (&gt;42.900,00 \u20ac), finques r\u00fastiques (&gt;13.130,00 \u20ac x n\u00fam. persones a la unitat familiar) i volum de negoci (&gt;155.500,00 \u20ac).<\/p>\n<\/div>\n<\/div>\n<\/div>\n<p>&nbsp;<\/p>\n<p><strong>La presentaci\u00f3 de la sol\u00b7licitud implica l&#8217;autoritzaci\u00f3 a l&#8217;administraci\u00f3 educativa per obtenir les dades necess\u00e0ries per determinar la renda a efectes de beca a trav\u00e9s d&#8217;altres administracions p\u00fabliques.<\/strong><\/p>\n<p>&nbsp;<\/p>\n<h3>Es pot trobar informaci\u00f3 ampliada als seg\u00fcents enlla\u00e7os:<\/h3>\n<ul>\n<li><a href=\"https:\/\/educacio.gencat.cat\/ca\/tramits\/tramits-temes\/247-beques-ministerio-postobligatoris?category=\">Beques per a ensenyaments postobligatoris no universitaris<\/a><\/li>\n<li><a href=\"https:\/\/educacio.gencat.cat\/ca\/serveis-tramits\/beques\/beques-postobligatoris\/preguntes-frequents\/\">Preguntes freq\u00fcents<\/a><\/li>\n<\/ul>\n<p>&nbsp;<\/p>\n","protected":false},"excerpt":{"rendered":"<p>Beques per a ensenyaments postobligatoris no universitaris<br \/>\nEls tr\u00e0mits es fan directament a la p\u00e0gina web de tr\u00e0mits del Departament d&#8217;Educaci\u00f3:<br \/>\n<a href=\"https:\/\/educacio.gencat.cat\/ca\/tramits\/tramits-temes\/247-beques-ministerio-postobligatoris\">Sol\u00b7licitud de beques per a ensenyaments postobligatoris no universitaris<\/a><br \/>\nTerminis<\/p>\n<p>La sol\u00b7licitud s&#8217;ha de presentar del 19 de mar\u00e7 al 10 de maig de 2024.<br \/>\nHas de sol\u00b7licitar&hellip;  <a href=\"https:\/\/agora.xtec.cat\/ifp-alguero\/secretaria\/beques_mec\/\" title=\"Read Beques MEC (curs 2024-2025)\">Llegeix m\u00e9s\u00bb<\/a><\/p>\n","protected":false},"author":1,"featured_media":0,"parent":81,"menu_order":0,"comment_status":"closed","ping_status":"closed","template":"page-templates\/side-menu.php","meta":{"_bbp_topic_count":0,"_bbp_reply_count":0,"_bbp_total_topic_count":0,"_bbp_total_reply_count":0,"_bbp_voice_count":0,"_bbp_anonymous_reply_count":0,"_bbp_topic_count_hidden":0,"_bbp_reply_count_hidden":0,"_bbp_forum_subforum_count":0,"footnotes":""},"class_list":["post-1132","page","type-page","status-publish","hentry"],"post_mailing_queue_ids":[],"_links":{"self":[{"href":"https:\/\/agora.xtec.cat\/ifp-alguero\/wp-json\/wp\/v2\/pages\/1132","targetHints":{"allow":["GET"]}}],"collection":[{"href":"https:\/\/agora.xtec.cat\/ifp-alguero\/wp-json\/wp\/v2\/pages"}],"about":[{"href":"https:\/\/agora.xtec.cat\/ifp-alguero\/wp-json\/wp\/v2\/types\/page"}],"author":[{"embeddable":true,"href":"https:\/\/agora.xtec.cat\/ifp-alguero\/wp-json\/wp\/v2\/users\/1"}],"replies":[{"embeddable":true,"href":"https:\/\/agora.xtec.cat\/ifp-alguero\/wp-json\/wp\/v2\/comments?post=1132"}],"version-history":[{"count":5,"href":"https:\/\/agora.xtec.cat\/ifp-alguero\/wp-json\/wp\/v2\/pages\/1132\/revisions"}],"predecessor-version":[{"id":4059,"href":"https:\/\/agora.xtec.cat\/ifp-alguero\/wp-json\/wp\/v2\/pages\/1132\/revisions\/4059"}],"up":[{"embeddable":true,"href":"https:\/\/agora.xtec.cat\/ifp-alguero\/wp-json\/wp\/v2\/pages\/81"}],"wp:attachment":[{"href":"https:\/\/agora.xtec.cat\/ifp-alguero\/wp-json\/wp\/v2\/media?parent=1132"}],"curies":[{"name":"wp","href":"https:\/\/api.w.org\/{rel}","templated":true}]}}