{"id":973,"date":"2024-11-19T15:40:07","date_gmt":"2024-11-19T14:40:07","guid":{"rendered":"https:\/\/agora.xtec.cat\/ifeb\/?page_id=973"},"modified":"2026-03-05T12:51:52","modified_gmt":"2026-03-05T11:51:52","slug":"estudis-a-lifeb","status":"publish","type":"page","link":"https:\/\/agora.xtec.cat\/ifeb\/estudis-a-lifeb\/","title":{"rendered":"ESTUDIS A L&#8217;IFEB"},"content":{"rendered":"\n<p><\/p>\n\n\n\n<div class=\"wp-block-getwid-section alignfull alignfull getwid-section-content-full-width\"><div class=\"wp-block-getwid-section__wrapper getwid-padding-top-large getwid-padding-bottom-large getwid-padding-left-medium getwid-padding-right-medium\" style=\"min-height:70vh\"><div class=\"wp-block-getwid-section__inner-wrapper\"><div class=\"wp-block-getwid-section__background-holder\"><div class=\"wp-block-getwid-section__background has-background has-white-background-color\" style=\"background-image:url('https:\/\/agora.xtec.cat\/ifeb\/wp-content\/uploads\/usu3035\/2024\/06\/logo-simplificat-color.jpg')\"><div class=\"wp-block-getwid-section__background-image-wrapper\"><img decoding=\"async\" class=\"wp-block-getwid-section__background-image\" src=\"https:\/\/agora.xtec.cat\/ifeb\/wp-content\/uploads\/usu3035\/2024\/06\/logo-simplificat-color.jpg\" alt=\"\"\/><\/div><\/div><div class=\"wp-block-getwid-section__foreground\" style=\"opacity:0.6;background-color:#000000\"><\/div><\/div><div class=\"wp-block-getwid-section__content\"><div class=\"wp-block-getwid-section__inner-content\">\n<div class=\"wp-block-getwid-advanced-heading\" style=\"margin-bottom:0px;margin-top:0px\"><span class=\"wp-block-getwid-advanced-heading__content has-text-color\" style=\"text-align:center;color:#ffffff\"><\/span><\/div>\n\n\n\n<div class=\"wp-block-getwid-advanced-heading has-custom-font-size\" style=\"font-size:51px;margin-bottom:30px;margin-top:10px\"><h2 class=\"wp-block-getwid-advanced-heading__content has-text-color has-white-color\" style=\"text-align:center\">Estudis a l&#8217;IFEB<\/h2><\/div>\n\n\n\n<p class=\"has-text-align-center has-text-color\" style=\"color:#ffffff\"><\/p>\n\n\n\n<div class=\"wp-block-columns has-3-columns is-layout-flex wp-container-core-columns-is-layout-1 wp-block-columns-is-layout-flex\">\n<div class=\"wp-block-column is-layout-flow wp-block-column-is-layout-flow\">\n<div class=\"wp-block-getwid-section\"><div class=\"wp-block-getwid-section__wrapper getwid-justify-content-flex-start\"><div class=\"wp-block-getwid-section__inner-wrapper\"><div class=\"wp-block-getwid-section__background-holder\"><div class=\"wp-block-getwid-section__background has-background has-white-background-color\"><\/div><div class=\"wp-block-getwid-section__foreground\"><\/div><\/div><div class=\"wp-block-getwid-section__content\"><div class=\"wp-block-getwid-section__inner-content\">\n<div class=\"wp-block-getwid-icon-box getwid-animation has-text-center\" data-animation=\"slideTop\"><div class=\"wp-block-getwid-icon-box__icon-container is-position-top\"><div class=\"wp-block-getwid-icon-box__icon-wrapper has-text-color has-dark-blue-color\" style=\"font-size:36px;padding:0px\"><i class=\"fas fa-angle-double-up\"><\/i><\/div><\/div><div class=\"wp-block-getwid-icon-box__content\">\n<div class=\"wp-block-getwid-advanced-heading\"><h3 class=\"wp-block-getwid-advanced-heading__content\">Grau Superior<\/h3><\/div>\n\n\n\n<p class=\"has-small-font-size\"><\/p>\n\n\n\n<p style=\"font-size:18px\">Descobreix els cicles formatius de Grau Superior de l\u2019IFEB i impulsa el teu futur professional!<\/p>\n<\/div><\/div>\n\n\n\n<p>Forma\u2019t en:<\/p>\n\n\n\n<ul class=\"wp-block-list\">\n<li><strong><a href=\"https:\/\/agora.xtec.cat\/ifeb\/estudis\/cicles-formatius-de-grau-superior\/administracio-i-finances\/\" data-type=\"page\" data-id=\"952\">Administraci\u00f3 i Finances<\/a><\/strong><\/li>\n\n\n\n<li><strong><a href=\"https:\/\/agora.xtec.cat\/ifeb\/estudis\/cicles-formatius-de-grau-superior\/assistencia-a-la-direccio\/\" data-type=\"page\" data-id=\"955\">Assist\u00e8ncia a Direcci\u00f3<\/a><\/strong><\/li>\n\n\n\n<li><strong><a href=\"https:\/\/agora.xtec.cat\/ifeb\/estudis\/cicles-formatius-de-grau-superior\/gestio-de-vendes-i-espais-comercials\/\" data-type=\"page\" data-id=\"965\">Gesti\u00f3 de Vendes i Espais Comercials<\/a><\/strong><\/li>\n\n\n\n<li><strong><a href=\"https:\/\/agora.xtec.cat\/ifeb\/estudis\/cicles-formatius-de-grau-superior\/marqueting-i-publicitat\/\" data-type=\"page\" data-id=\"967\">M\u00e0rqueting i Publicitat<\/a><\/strong><\/li>\n<\/ul>\n<\/div><\/div><\/div><\/div><\/div>\n<\/div>\n\n\n\n<div class=\"wp-block-column is-layout-flow wp-block-column-is-layout-flow\">\n<div class=\"wp-block-getwid-section\"><div class=\"wp-block-getwid-section__wrapper\"><div class=\"wp-block-getwid-section__inner-wrapper\"><div class=\"wp-block-getwid-section__background-holder\"><div class=\"wp-block-getwid-section__background has-background has-white-background-color\"><\/div><div class=\"wp-block-getwid-section__foreground\"><\/div><\/div><div class=\"wp-block-getwid-section__content\"><div class=\"wp-block-getwid-section__inner-content\">\n<div class=\"wp-block-getwid-icon-box getwid-animation has-text-center\" data-animation=\"slideTop\"><div class=\"wp-block-getwid-icon-box__icon-container is-position-top\"><div class=\"wp-block-getwid-icon-box__icon-wrapper has-text-color has-dark-blue-color\" style=\"font-size:36px;padding:0px\"><i class=\"fas fa-terminal\"><\/i><\/div><\/div><div class=\"wp-block-getwid-icon-box__content\">\n<div class=\"wp-block-getwid-advanced-heading\"><h3 class=\"wp-block-getwid-advanced-heading__content\">Grau Mitj\u00e0<\/h3><\/div>\n\n\n\n<p class=\"has-small-font-size\"><\/p>\n<\/div><\/div>\n\n\n\n<p style=\"font-size:18px\">Endinsa\u2019t en els cicles de Grau Mitj\u00e0 de i comen\u00e7a a construir el teu cam\u00ed!<\/p>\n\n\n\n<p style=\"font-size:18px\">Forma\u2019t en:<\/p>\n\n\n\n<ul class=\"wp-block-list\">\n<li><strong><a href=\"https:\/\/agora.xtec.cat\/ifeb\/estudis\/cicles-formatius-de-grau-mitja\/activitats-comercials\/\" data-type=\"page\" data-id=\"948\">Activitats Comercials<\/a><\/strong><\/li>\n\n\n\n<li><strong><a href=\"https:\/\/agora.xtec.cat\/ifeb\/estudis\/cicles-formatius-de-grau-mitja\/activitats-comercials-moda\/\" data-type=\"page\" data-id=\"950\">Activitats Comercials (Moda)<\/a><\/strong><\/li>\n\n\n\n<li><strong><a href=\"https:\/\/agora.xtec.cat\/ifeb\/estudis\/cicles-formatius-de-grau-mitja\/gestio-administrativa\/\" data-type=\"page\" data-id=\"961\">Gesti\u00f3 Administrativa<\/a><\/strong><\/li>\n\n\n\n<li><strong><a href=\"https:\/\/agora.xtec.cat\/ifeb\/estudis\/cicle-formatiu-de-grau-basic\/formacio-professional-basica-en-serveis-comercials\/gestio-administrativa-ambit-juridic\/\" data-type=\"page\" data-id=\"963\">Gesti\u00f3 Administrativa (\u00e0mbit jur\u00eddic)<\/a><\/strong><\/li>\n<\/ul>\n<\/div><\/div><\/div><\/div><\/div>\n\n\n\n<p><\/p>\n<\/div>\n<\/div>\n\n\n\n<hr class=\"wp-block-separator has-alpha-channel-opacity\"\/>\n\n\n\n<div class=\"wp-block-columns has-3-columns is-layout-flex wp-container-core-columns-is-layout-3 wp-block-columns-is-layout-flex\">\n<div class=\"wp-block-column is-layout-flow wp-block-column-is-layout-flow\">\n<div class=\"wp-block-getwid-section\"><div class=\"wp-block-getwid-section__wrapper\"><div class=\"wp-block-getwid-section__inner-wrapper\"><div class=\"wp-block-getwid-section__background-holder\"><div class=\"wp-block-getwid-section__background has-background has-white-background-color\"><\/div><div class=\"wp-block-getwid-section__foreground\"><\/div><\/div><div class=\"wp-block-getwid-section__content\"><div class=\"wp-block-getwid-section__inner-content\">\n<div class=\"wp-block-getwid-icon-box getwid-animation has-text-center\" data-animation=\"slideTop\"><div class=\"wp-block-getwid-icon-box__icon-container is-position-top\"><div class=\"wp-block-getwid-icon-box__icon-wrapper has-text-color has-dark-blue-color\" style=\"font-size:36px;padding:0px\"><i class=\"fas fa-lightbulb\"><\/i><\/div><\/div><div class=\"wp-block-getwid-icon-box__content\">\n<div class=\"wp-block-getwid-advanced-heading\"><h3 class=\"wp-block-getwid-advanced-heading__content\"><a href=\"https:\/\/agora.xtec.cat\/ifeb\/estudis-a-lifeb\/auxiliar-de-vendes-oficina-i-atencio-al-public\/\" data-type=\"page\" data-id=\"957\">Programes de Formaci\u00f3 i Inserci\u00f3 (PFI)<\/a><\/h3><\/div>\n\n\n\n<p style=\"font-size:18px\">Inicia la teva carrera amb la Formaci\u00f3 Professional B\u00e0sica en <strong>Auxiliar de Comer\u00e7 i Atenci\u00f3 al P\u00fablic<\/strong> a l&#8217;IFEB!<\/p>\n\n\n\n<p><br><\/p>\n<\/div><\/div>\n<\/div><\/div><\/div><\/div><\/div>\n<\/div>\n\n\n\n<div class=\"wp-block-column is-layout-flow wp-block-column-is-layout-flow\">\n<div class=\"wp-block-getwid-section\"><div class=\"wp-block-getwid-section__wrapper\"><div class=\"wp-block-getwid-section__inner-wrapper\"><div class=\"wp-block-getwid-section__background-holder\"><div class=\"wp-block-getwid-section__background has-background has-white-background-color\"><\/div><div class=\"wp-block-getwid-section__foreground\"><\/div><\/div><div class=\"wp-block-getwid-section__content\"><div class=\"wp-block-getwid-section__inner-content\">\n<div class=\"wp-block-getwid-icon-box getwid-animation has-text-center\" data-animation=\"slideTop\"><div class=\"wp-block-getwid-icon-box__icon-container is-position-top\"><div class=\"wp-block-getwid-icon-box__icon-wrapper has-text-color has-dark-blue-color\" style=\"font-size:36px;padding:0px\"><i class=\"fas fa-arrows-alt-h\"><\/i><\/div><\/div><div class=\"wp-block-getwid-icon-box__content\">\n<div class=\"wp-block-getwid-advanced-heading\"><h3 class=\"wp-block-getwid-advanced-heading__content\">F.P. B\u00e0sic<\/h3><\/div>\n\n\n\n<p style=\"font-size:18px\">Forma\u2019t en <strong>comer\u00e7 <\/strong>o <strong>administraci\u00f3 <\/strong>amb els <strong>Cicles Formatius de Grau B\u00e0sic<\/strong> de l\u2019IFEB i prepara\u2019t per al teu futur acad\u00e8mic i professional.<\/p>\n\n\n\n<div class=\"wp-block-group is-layout-constrained wp-block-group-is-layout-constrained\">\n<ul class=\"wp-block-list\">\n<li><a href=\"https:\/\/agora.xtec.cat\/ifeb\/estudis-a-lifeb\/fp-basica\/\" data-type=\"page\" data-id=\"1353\"><strong>Serveis Comercials<\/strong><\/a><\/li>\n\n\n\n<li><a href=\"https:\/\/agora.xtec.cat\/ifeb\/estudis-a-lifeb\/fp-basica-de-serveis-administratius\/\" data-type=\"page\" data-id=\"2283\"><strong>Serveis Administratius<\/strong><\/a><\/li>\n<\/ul>\n<\/div>\n\n\n\n<div class=\"wp-block-columns alignwide is-layout-flex wp-container-core-columns-is-layout-2 wp-block-columns-is-layout-flex\">\n<div class=\"wp-block-column is-layout-flow wp-block-column-is-layout-flow\" style=\"flex-basis:100%\"><\/div>\n<\/div>\n<\/div><\/div>\n<\/div><\/div><\/div><\/div><\/div>\n<\/div>\n\n\n\n<div class=\"wp-block-column is-layout-flow wp-block-column-is-layout-flow\">\n<div class=\"wp-block-getwid-section\"><div class=\"wp-block-getwid-section__wrapper\"><div class=\"wp-block-getwid-section__inner-wrapper\"><div class=\"wp-block-getwid-section__background-holder\"><div class=\"wp-block-getwid-section__background has-background has-white-background-color\"><\/div><div class=\"wp-block-getwid-section__foreground\"><\/div><\/div><div class=\"wp-block-getwid-section__content\"><div class=\"wp-block-getwid-section__inner-content\">\n<div class=\"wp-block-getwid-icon-box getwid-animation has-text-center\" data-animation=\"slideTop\"><div class=\"wp-block-getwid-icon-box__icon-container is-position-top\"><div class=\"wp-block-getwid-icon-box__icon-wrapper has-text-color has-dark-blue-color\" style=\"font-size:36px;padding:0px\"><i class=\"fas fa-certificate\"><\/i><\/div><\/div><div class=\"wp-block-getwid-icon-box__content\">\n<div class=\"wp-block-getwid-advanced-heading\"><h3 class=\"wp-block-getwid-advanced-heading__content\"><a href=\"https:\/\/agora.xtec.cat\/ifeb\/estudis-a-lifeb\/certificats-de-professionalitat\/\" data-type=\"page\" data-id=\"1218\">Certificats de Professionalitat<\/a><\/h3><\/div>\n\n\n\n<p style=\"font-size:18px\">Accedeix als nostres <a href=\"https:\/\/agora.xtec.cat\/ifeb\/estudis-a-lifeb\/certificats-de-professionalitat\/\" data-type=\"page\" data-id=\"1218\">certificats de professionalitat<\/a> i obre\u2019t noves oportunitats laborals!<\/p>\n\n\n\n<p><br>      <\/p>\n<\/div><\/div>\n<\/div><\/div><\/div><\/div><\/div>\n<\/div>\n<\/div>\n\n\n\n<hr class=\"wp-block-separator has-alpha-channel-opacity\"\/>\n\n\n\n<div class=\"wp-block-columns has-3-columns is-layout-flex wp-container-core-columns-is-layout-4 wp-block-columns-is-layout-flex\">\n<div class=\"wp-block-column is-layout-flow wp-block-column-is-layout-flow\">\n<div class=\"wp-block-getwid-section\"><div class=\"wp-block-getwid-section__wrapper\"><div class=\"wp-block-getwid-section__inner-wrapper\"><div class=\"wp-block-getwid-section__background-holder\"><div class=\"wp-block-getwid-section__background has-background has-white-background-color\"><\/div><div class=\"wp-block-getwid-section__foreground\"><\/div><\/div><div class=\"wp-block-getwid-section__content\"><div class=\"wp-block-getwid-section__inner-content\">\n<div class=\"wp-block-getwid-icon-box getwid-animation has-text-center\" data-animation=\"slideTop\"><div class=\"wp-block-getwid-icon-box__icon-container is-position-top\"><div class=\"wp-block-getwid-icon-box__icon-wrapper has-text-color has-dark-blue-color\" style=\"font-size:36px;padding:0px\"><i class=\"fas fa-sort-amount-up\"><\/i><\/div><\/div><div class=\"wp-block-getwid-icon-box__content\">\n<div class=\"wp-block-getwid-advanced-heading\"><h3 class=\"wp-block-getwid-advanced-heading__content\"><a href=\"https:\/\/agora.xtec.cat\/ifeb\/estudis-a-lifeb\/redaccio-de-continguts-digitals-per-a-marqueting-i-vendes\/\" data-type=\"page\" data-id=\"1452\">M\u00e0ster F.P.<\/a><\/h3><\/div>\n\n\n\n<p class=\"has-small-font-size\"><\/p>\n\n\n\n<p style=\"font-size:18px\">Impulsa la teva carrera amb el M\u00e0ster de F.P. en Redacci\u00f3 de Continguts Digitals: Creativitat i Estrat\u00e8gia a l\u2019\u00c8poca Digital!<\/p>\n<\/div><\/div>\n<\/div><\/div><\/div><\/div><\/div>\n<\/div>\n<\/div>\n<\/div><\/div><\/div><\/div><\/div>\n","protected":false},"excerpt":{"rendered":"","protected":false},"author":5,"featured_media":0,"parent":0,"menu_order":0,"comment_status":"closed","ping_status":"close","template":"","meta":{"site-sidebar-layout":"default","site-content-layout":"","ast-site-content-layout":"default","site-content-style":"default","site-sidebar-style":"default","ast-global-header-display":"","ast-banner-title-visibility":"","ast-main-header-display":"","ast-hfb-above-header-display":"","ast-hfb-below-header-display":"","ast-hfb-mobile-header-display":"","site-post-title":"","ast-breadcrumbs-content":"","ast-featured-img":"","footer-sml-layout":"","theme-transparent-header-meta":"","adv-header-id-meta":"","stick-header-meta":"","header-above-stick-meta":"","header-main-stick-meta":"","header-below-stick-meta":"","astra-migrate-meta-layouts":"set","ast-page-background-enabled":"default","ast-page-background-meta":{"desktop":{"background-color":"var(--ast-global-color-4)","background-image":"","background-repeat":"repeat","background-position":"center center","background-size":"auto","background-attachment":"scroll","background-type":"","background-media":"","overlay-type":"","overlay-color":"","overlay-opacity":"","overlay-gradient":""},"tablet":{"background-color":"","background-image":"","background-repeat":"repeat","background-position":"center center","background-size":"auto","background-attachment":"scroll","background-type":"","background-media":"","overlay-type":"","overlay-color":"","overlay-opacity":"","overlay-gradient":""},"mobile":{"background-color":"","background-image":"","background-repeat":"repeat","background-position":"center center","background-size":"auto","background-attachment":"scroll","background-type":"","background-media":"","overlay-type":"","overlay-color":"","overlay-opacity":"","overlay-gradient":""}},"ast-content-background-meta":{"desktop":{"background-color":"var(--ast-global-color-5)","background-image":"","background-repeat":"repeat","background-position":"center center","background-size":"auto","background-attachment":"scroll","background-type":"","background-media":"","overlay-type":"","overlay-color":"","overlay-opacity":"","overlay-gradient":""},"tablet":{"background-color":"var(--ast-global-color-5)","background-image":"","background-repeat":"repeat","background-position":"center center","background-size":"auto","background-attachment":"scroll","background-type":"","background-media":"","overlay-type":"","overlay-color":"","overlay-opacity":"","overlay-gradient":""},"mobile":{"background-color":"var(--ast-global-color-5)","background-image":"","background-repeat":"repeat","background-position":"center center","background-size":"auto","background-attachment":"scroll","background-type":"","background-media":"","overlay-type":"","overlay-color":"","overlay-opacity":"","overlay-gradient":""}},"footnotes":""},"class_list":["post-973","page","type-page","status-publish","hentry"],"post_mailing_queue_ids":[],"_links":{"self":[{"href":"https:\/\/agora.xtec.cat\/ifeb\/wp-json\/wp\/v2\/pages\/973","targetHints":{"allow":["GET"]}}],"collection":[{"href":"https:\/\/agora.xtec.cat\/ifeb\/wp-json\/wp\/v2\/pages"}],"about":[{"href":"https:\/\/agora.xtec.cat\/ifeb\/wp-json\/wp\/v2\/types\/page"}],"author":[{"embeddable":true,"href":"https:\/\/agora.xtec.cat\/ifeb\/wp-json\/wp\/v2\/users\/5"}],"replies":[{"embeddable":true,"href":"https:\/\/agora.xtec.cat\/ifeb\/wp-json\/wp\/v2\/comments?post=973"}],"version-history":[{"count":6,"href":"https:\/\/agora.xtec.cat\/ifeb\/wp-json\/wp\/v2\/pages\/973\/revisions"}],"predecessor-version":[{"id":2305,"href":"https:\/\/agora.xtec.cat\/ifeb\/wp-json\/wp\/v2\/pages\/973\/revisions\/2305"}],"wp:attachment":[{"href":"https:\/\/agora.xtec.cat\/ifeb\/wp-json\/wp\/v2\/media?parent=973"}],"curies":[{"name":"wp","href":"https:\/\/api.w.org\/{rel}","templated":true}]}}