{"id":2276,"date":"2026-03-05T10:21:50","date_gmt":"2026-03-05T09:21:50","guid":{"rendered":"https:\/\/agora.xtec.cat\/ifeb\/?page_id=2276"},"modified":"2026-03-05T10:21:51","modified_gmt":"2026-03-05T09:21:51","slug":"palmieri-studio-lex-comptable","status":"publish","type":"page","link":"https:\/\/agora.xtec.cat\/ifeb\/pagines-dinici\/pagina-dinici-buida\/borsa-de-treball\/palmieri-studio-lex-comptable\/","title":{"rendered":"Palmieri Studio Lex \u2013 Comptable"},"content":{"rendered":"\n<p><strong>Descripci\u00f3 de la feina<\/strong><br>Palmieri Studio Lex busca incorporar un\/a comptable per donar suport a la gesti\u00f3 comptable dels clients de l\u2019assessoria. La persona seleccionada participar\u00e0 en la comptabilitzaci\u00f3 d\u2019operacions i en la preparaci\u00f3 de documentaci\u00f3 fiscal i mercantil.<\/p>\n\n\n\n<p><strong>Funcions principals<\/strong><\/p>\n\n\n\n<ul class=\"wp-block-list\">\n<li>Comptabilitzaci\u00f3 de factures emeses i rebudes dels clients de l\u2019assessoria.<\/li>\n\n\n\n<li>Suport en la preparaci\u00f3 i presentaci\u00f3 de models davant l\u2019Ag\u00e8ncia Tribut\u00e0ria.<\/li>\n\n\n\n<li>Col\u00b7laboraci\u00f3 en la preparaci\u00f3 de comptes i documentaci\u00f3 per al Registre Mercantil.<\/li>\n\n\n\n<li>Gesti\u00f3 i revisi\u00f3 de documentaci\u00f3 comptable.<\/li>\n<\/ul>\n\n\n\n<p><strong>Perfil i requisits<\/strong><\/p>\n\n\n\n<ul class=\"wp-block-list\">\n<li>CFGS en Administraci\u00f3 i Finances.<\/li>\n\n\n\n<li>Resid\u00e8ncia a Barcelona ciutat.<\/li>\n\n\n\n<li>Coneixement de programes de comptabilitat, preferentment A3.<\/li>\n\n\n\n<li>Persona organitzada, responsable i amb inter\u00e8s en l\u2019\u00e0mbit comptable.<\/li>\n<\/ul>\n\n\n\n<p><strong>Qu\u00e8 s\u2019ofereix<\/strong><\/p>\n\n\n\n<ul class=\"wp-block-list\">\n<li>Modalitat de beca amb possibilitat de continu\u00eftat.<\/li>\n\n\n\n<li>Jornada de dilluns a divendres de 9:00 a 15:00.<\/li>\n\n\n\n<li>Possibilitat de contracte per a estudiants que hagin finalitzat la beca.<\/li>\n<\/ul>\n\n\n\n<p>Envia el teu CV a: <a>mpalmieri@palmierilex.com<\/a><\/p>\n","protected":false},"excerpt":{"rendered":"<p>Descripci\u00f3 de la feinaPalmieri Studio Lex busca incorporar un\/a comptable per donar suport a la gesti\u00f3 comptable dels clients de l\u2019assessoria. La persona seleccionada participar\u00e0 en la comptabilitzaci\u00f3 d\u2019operacions i en la preparaci\u00f3 de documentaci\u00f3 fiscal i mercantil. Funcions principals Perfil i requisits Qu\u00e8 s\u2019ofereix Envia el teu CV a: mpalmieri@palmierilex.com<\/p>\n","protected":false},"author":8,"featured_media":0,"parent":1282,"menu_order":0,"comment_status":"closed","ping_status":"close","template":"","meta":{"site-sidebar-layout":"default","site-content-layout":"","ast-site-content-layout":"default","site-content-style":"default","site-sidebar-style":"default","ast-global-header-display":"","ast-banner-title-visibility":"","ast-main-header-display":"","ast-hfb-above-header-display":"","ast-hfb-below-header-display":"","ast-hfb-mobile-header-display":"","site-post-title":"","ast-breadcrumbs-content":"","ast-featured-img":"","footer-sml-layout":"","theme-transparent-header-meta":"","adv-header-id-meta":"","stick-header-meta":"","header-above-stick-meta":"","header-main-stick-meta":"","header-below-stick-meta":"","astra-migrate-meta-layouts":"set","ast-page-background-enabled":"default","ast-page-background-meta":{"desktop":{"background-color":"var(--ast-global-color-4)","background-image":"","background-repeat":"repeat","background-position":"center center","background-size":"auto","background-attachment":"scroll","background-type":"","background-media":"","overlay-type":"","overlay-color":"","overlay-opacity":"","overlay-gradient":""},"tablet":{"background-color":"","background-image":"","background-repeat":"repeat","background-position":"center center","background-size":"auto","background-attachment":"scroll","background-type":"","background-media":"","overlay-type":"","overlay-color":"","overlay-opacity":"","overlay-gradient":""},"mobile":{"background-color":"","background-image":"","background-repeat":"repeat","background-position":"center center","background-size":"auto","background-attachment":"scroll","background-type":"","background-media":"","overlay-type":"","overlay-color":"","overlay-opacity":"","overlay-gradient":""}},"ast-content-background-meta":{"desktop":{"background-color":"var(--ast-global-color-5)","background-image":"","background-repeat":"repeat","background-position":"center center","background-size":"auto","background-attachment":"scroll","background-type":"","background-media":"","overlay-type":"","overlay-color":"","overlay-opacity":"","overlay-gradient":""},"tablet":{"background-color":"var(--ast-global-color-5)","background-image":"","background-repeat":"repeat","background-position":"center center","background-size":"auto","background-attachment":"scroll","background-type":"","background-media":"","overlay-type":"","overlay-color":"","overlay-opacity":"","overlay-gradient":""},"mobile":{"background-color":"var(--ast-global-color-5)","background-image":"","background-repeat":"repeat","background-position":"center center","background-size":"auto","background-attachment":"scroll","background-type":"","background-media":"","overlay-type":"","overlay-color":"","overlay-opacity":"","overlay-gradient":""}},"footnotes":""},"class_list":["post-2276","page","type-page","status-publish","hentry"],"post_mailing_queue_ids":[],"_links":{"self":[{"href":"https:\/\/agora.xtec.cat\/ifeb\/wp-json\/wp\/v2\/pages\/2276","targetHints":{"allow":["GET"]}}],"collection":[{"href":"https:\/\/agora.xtec.cat\/ifeb\/wp-json\/wp\/v2\/pages"}],"about":[{"href":"https:\/\/agora.xtec.cat\/ifeb\/wp-json\/wp\/v2\/types\/page"}],"author":[{"embeddable":true,"href":"https:\/\/agora.xtec.cat\/ifeb\/wp-json\/wp\/v2\/users\/8"}],"replies":[{"embeddable":true,"href":"https:\/\/agora.xtec.cat\/ifeb\/wp-json\/wp\/v2\/comments?post=2276"}],"version-history":[{"count":1,"href":"https:\/\/agora.xtec.cat\/ifeb\/wp-json\/wp\/v2\/pages\/2276\/revisions"}],"predecessor-version":[{"id":2277,"href":"https:\/\/agora.xtec.cat\/ifeb\/wp-json\/wp\/v2\/pages\/2276\/revisions\/2277"}],"up":[{"embeddable":true,"href":"https:\/\/agora.xtec.cat\/ifeb\/wp-json\/wp\/v2\/pages\/1282"}],"wp:attachment":[{"href":"https:\/\/agora.xtec.cat\/ifeb\/wp-json\/wp\/v2\/media?parent=2276"}],"curies":[{"name":"wp","href":"https:\/\/api.w.org\/{rel}","templated":true}]}}