{"id":1927,"date":"2025-09-22T13:02:58","date_gmt":"2025-09-22T11:02:58","guid":{"rendered":"https:\/\/agora.xtec.cat\/ifeb\/?page_id=1927"},"modified":"2026-04-14T13:40:29","modified_gmt":"2026-04-14T11:40:29","slug":"complecio-destudis","status":"publish","type":"page","link":"https:\/\/agora.xtec.cat\/ifeb\/complecio-destudis\/","title":{"rendered":"Compleci\u00f3 d&#8217;estudis"},"content":{"rendered":"\n<p>_________________<\/p>\n\n\n\n<p>El curs 2024 \u2013 2025 ha estat el darrer curs en que s\u2019han pogut cursar els estudis de \u201cpla antic\u201d. Durant el curs 2025-2026, l\u2019<a href=\"https:\/\/cido.diba.cat\/legislacio\/19478447\/ordre-edf742025-de-15-de-maig-del-procediment-per-completar-els-ensenyaments-professionalitzadors-que-sextingeixen-departament-deducacio-i-formacio-professional\" target=\"_blank\" rel=\"noreferrer noopener\">Ordre EDF\/74\/2025, de 15 de maig, del procediment per completar els ensenyaments professionalitzadors que&nbsp;s\u2019extingeixen<\/a>&nbsp;preveu que no hi haur\u00e0 doc\u00e8ncia. Nom\u00e9s hi haur\u00e0 proves d\u2019avaluaci\u00f3 al novembre i a l\u2019abril (que a m\u00e9s consumeixen convocat\u00f2ria). Si alg\u00fa no aprova totes les UFs pendents en aquests dos anys, haur\u00e0 de passar a pla nou un cop finalitzada la compleci\u00f3 (curs 2027\/28).<\/p>\n\n\n\n<p>Informem a tot l\u2019alumnat i ex-alumnat del centre IFEB i\/o Institut Joan Brossa, Institut La Guineueta o Institut Vall d&#8217;Hebron amb m\u00f2duls i\/o unitats formatives pendents dels cicles formatius LOE de la fam\u00edlia d&#8217;administraci\u00f3 o de comer\u00e7 extingits que s\u2019hauran de matricular per poder optar a la convocat\u00f2ria d\u2019ex\u00e0mens extraordinaris de compleci\u00f3 al novembre. Aviat publicarem les dates i els procediments concrets a trav\u00e9s d&#8217;aquesta p\u00e0gina.<\/p>\n\n\n\n<p><strong>Compleci\u00f3 d\u2019estudis<\/strong><\/p>\n\n\n\n<p>\u00c9s el procediment establert per l\u2019administraci\u00f3 per completar els ensenyaments de formaci\u00f3 professional que s\u2019extingeixen. Es poden completar els estudis durant els dos cursos seg\u00fcents a l\u2019extinci\u00f3. Est\u00e0 regulat en&nbsp;<a href=\"https:\/\/cido.diba.cat\/legislacio\/19478447\/ordre-edf742025-de-15-de-maig-del-procediment-per-completar-els-ensenyaments-professionalitzadors-que-sextingeixen-departament-deducacio-i-formacio-professional\">Ordre EDF\/74\/2025, de 15 de maig<\/a>.<\/p>\n\n\n\n<p><strong>Inscripci\u00f3 i matr\u00edcula<\/strong><\/p>\n\n\n\n<p>La inscripci\u00f3 a les proves d\u2019avaluaci\u00f3 s\u2019ha de dur a terme mitjan\u00e7ant el seg\u00fcent formulari:<\/p>\n\n\n\n<p class=\"has-luminous-vivid-amber-background-color has-background\"><a href=\"https:\/\/docs.google.com\/forms\/d\/e\/1FAIpQLSdMwSFYL4-gbwhGzIwFhO7ykHy4eXbtcy37_gr4YrgSc-pxCQ\/viewform?usp=dialog\"><strong>FORMULARI PRE-MATR\u00cdCULA COMPLECI\u00d3<\/strong><\/a> (obert fins al 15\/3\/2026 a les 23:59)<\/p>\n\n\n\n<p><em>De l\u20191 al 15 d\u2019octubre.<br><\/em>Permet participar en les convocat\u00f2ries de novembre i d\u2019abril. L\u2019alumnat ha de confirmar, amb antelaci\u00f3, l\u2019assist\u00e8ncia o la ren\u00fancia a la segona convocat\u00f2ria a trav\u00e9s del formulari.<\/p>\n\n\n\n<p><em>De l\u20191 al 15 de mar\u00e7.<br><\/em>Permet participar en la convocat\u00f2ria d\u2019abril. Aquell alumnat matriculat a l&#8217;octubre no caldr\u00e0 que es torni a matricular en aquest per\u00edode.<\/p>\n\n\n\n<p><strong>Convocat\u00f2ries i calendari<\/strong> <br>Les proves d\u2019avaluaci\u00f3 es duran a terme durant els mesos de novembre i abril.<\/p>\n\n\n\n<p class=\"has-luminous-vivid-amber-background-color has-background has-medium-font-size\"><a href=\"https:\/\/docs.google.com\/document\/d\/e\/2PACX-1vQD_tWndYmLEFokPHxUeNquMepZxXLIZKb_rk78fdZfqbQ-ViuQm8QPHLmZv4oFfzLeLKD8j9sS7YK_\/pub\" data-type=\"link\" data-id=\"https:\/\/docs.google.com\/document\/d\/1vHAn5PIXZVbw7wCVaAtBvvGX9JTBvt-EBB4YFyhhy1k\/edit?tab=t.0\">Enlla\u00e7 al calendari de les proves d&#8217;abril.<\/a><\/p>\n\n\n\n<p><\/p>\n\n\n\n<p><\/p>\n\n\n\n<p>Per a la convocat\u00f2ria de novembre, es convocaran les proves als dies marcats per a cada m\u00f2dul del 10 al 17 de novembre. <br>Per a la convocat\u00f2ria d\u2019abril, entre l\u20191 i el 30 d\u2019abril, es convocaran les proves als dies marcats per a cada m\u00f2dul (pendent de determinar)<\/p>\n\n\n\n<p><strong>Preus  <\/strong><br>Ordre&nbsp;EDF\/148\/2025,&nbsp;de&nbsp;28&nbsp;de&nbsp;juliol, per la qual es creen diversos&nbsp;preus&nbsp;p\u00fablics per a la matr\u00edcula dels cicles formatius&nbsp;de&nbsp;grau superior impartits en els centres dependents&nbsp;del&nbsp;Departament d&#8217;Educaci\u00f3 i Formaci\u00f3 Professional.<\/p>\n\n\n\n<p>Es fixa l&#8217;import seg\u00fcent per al preu p\u00fablic creat a l&#8217;article 1.3 d&#8217;aquesta Ordre:<br>Preu p\u00fablic per la compleci\u00f3, <strong>per cr\u00e8dit<\/strong>, dels cicles formatius de grau superior de formaci\u00f3 professional espec\u00edfica i el preu per la compleci\u00f3, per m\u00f2duls, dels cicles formatius de grau superior d&#8217;arts pl\u00e0stiques i<br>disseny, derivats de la LOGSE, impartits en els centres dependents del Departament d&#8217;Educaci\u00f3 i Formaci\u00f3  Professional: 20,00 euros.<br><\/p>\n\n\n\n<p>Es fixa l&#8217;import seg\u00fcent per al preu p\u00fablic creat a l&#8217;article 1.4 d&#8217;aquesta Ordre:<br>Preu p\u00fablic per la compleci\u00f3,<strong> per unitat formativa<\/strong>, dels cicles formatius de grau superior de formaci\u00f3 professional inicial, d&#8217;arts pl\u00e0stiques i disseny, derivats de la Llei org\u00e0nica 2\/2006, de 3 de maig, d&#8217;educaci\u00f3<br>(LOE), impartits en els centres dependents del Departament d&#8217;Educaci\u00f3 i Formaci\u00f3 Professional: 25,00 euros.<\/p>\n\n\n\n<p><strong>Comunicaci\u00f3 de qualificacions i reclamacions<\/strong> (CONVOCAT\u00d2RIA NOVEMBRE 2025)<\/p>\n\n\n\n<p>S\u2019enviaran les notes al correu de l\u2019alumnat el dimarts 9 de desembre a les 8:30h.<br>En cas d\u2019estar d\u2019acord, no cal fer res.<br>En cas de desacord es podr\u00e0 venir a veure l\u2019examen i la seva qualificaci\u00f3 el dia 10\/12 de 9 a 10 (torn mat\u00ed) i de 17 a 18 (torn tarda) a la secretaria del centre.<br>En cas de voler interposar reclamaci\u00f3, l\u2019alumne\/a ha d\u2019anar a la secretaria del centre i omplir una sol\u00b7licitud en paper reclamant la revisi\u00f3 de la nota.<br>S\u2019haur\u00e0 d\u2019especificar el cicle formatiu, el m\u00f2dul, la UF i els apartats que han de ser revisats.<br>La data m\u00e0xima per a presentar la sol\u00b7licitud de revisi\u00f3 ser\u00e0 fins al dia 12 de desembre a les 13:00 hores.<br>La sol\u00b7licitud ser\u00e0 resposta per correu electr\u00f2nic en el termini m\u00e0xim de 45 dies naturals.<\/p>\n\n\n\n<p class=\"has-luminous-vivid-amber-background-color has-background\"><br><strong>Abril 2026<\/strong><\/p>\n\n\n\n<p><strong>Comunicaci\u00f3 de qualificacions i reclamacions<\/strong><\/p>\n\n\n\n<p>S\u2019enviaran les notes al correu de l\u2019alumnat el dimarts <strong>21\/04 a les 8:30 h<\/strong><\/p>\n\n\n\n<p>En cas d&#8217;estar d&#8217;acord, no cal fer res.<\/p>\n\n\n\n<p>En cas de desacord es podr\u00e0 venir a veure l&#8217;examen i la seva qualificaci\u00f3 el <strong>dia 22\/04<\/strong> de <strong>9 a 10 h (torn mat\u00ed) <\/strong>i de <strong>17 a 18 h (torn tarda)<\/strong> a la secretaria del centre.<\/p>\n\n\n\n<p>En cas de voler interposar reclamaci\u00f3, l\u2019alumne\/a ha d\u2019anar a la secretaria del centre i omplir una sol\u00b7licitud en paper reclamant la revisi\u00f3 de la nota. S\u2019haur\u00e0 d\u2019especificar el cicle formatiu, el m\u00f2dul, la UF i els apartats que han de ser revisats.<\/p>\n\n\n\n<p>La data m\u00e0xima per a presentar la sol\u00b7licitud de reclamaci\u00f3 ser\u00e0 fins al dia <strong>24\/04 a les 13 h.<\/strong><\/p>\n\n\n\n<p>La sol\u00b7licitud ser\u00e0 resposta per correu electr\u00f2nic en el termini m\u00e0xim de <strong>45 dies naturals<\/strong>.<\/p>\n\n\n\n<p><\/p>\n","protected":false},"excerpt":{"rendered":"<p>_________________ El curs 2024 \u2013 2025 ha estat el darrer curs en que s\u2019han pogut cursar els estudis de \u201cpla antic\u201d. Durant el curs 2025-2026, l\u2019Ordre EDF\/74\/2025, de 15 de maig, del procediment per completar els ensenyaments professionalitzadors que&nbsp;s\u2019extingeixen&nbsp;preveu que no hi haur\u00e0 doc\u00e8ncia. Nom\u00e9s hi haur\u00e0 proves d\u2019avaluaci\u00f3 al novembre i a l\u2019abril (que [&hellip;]<\/p>\n","protected":false},"author":3,"featured_media":0,"parent":0,"menu_order":0,"comment_status":"closed","ping_status":"close","template":"","meta":{"site-sidebar-layout":"default","site-content-layout":"","ast-site-content-layout":"default","site-content-style":"default","site-sidebar-style":"default","ast-global-header-display":"","ast-banner-title-visibility":"","ast-main-header-display":"","ast-hfb-above-header-display":"","ast-hfb-below-header-display":"","ast-hfb-mobile-header-display":"","site-post-title":"","ast-breadcrumbs-content":"","ast-featured-img":"","footer-sml-layout":"","theme-transparent-header-meta":"","adv-header-id-meta":"","stick-header-meta":"","header-above-stick-meta":"","header-main-stick-meta":"","header-below-stick-meta":"","astra-migrate-meta-layouts":"set","ast-page-background-enabled":"default","ast-page-background-meta":{"desktop":{"background-color":"var(--ast-global-color-4)","background-image":"","background-repeat":"repeat","background-position":"center center","background-size":"auto","background-attachment":"scroll","background-type":"","background-media":"","overlay-type":"","overlay-color":"","overlay-opacity":"","overlay-gradient":""},"tablet":{"background-color":"","background-image":"","background-repeat":"repeat","background-position":"center center","background-size":"auto","background-attachment":"scroll","background-type":"","background-media":"","overlay-type":"","overlay-color":"","overlay-opacity":"","overlay-gradient":""},"mobile":{"background-color":"","background-image":"","background-repeat":"repeat","background-position":"center center","background-size":"auto","background-attachment":"scroll","background-type":"","background-media":"","overlay-type":"","overlay-color":"","overlay-opacity":"","overlay-gradient":""}},"ast-content-background-meta":{"desktop":{"background-color":"var(--ast-global-color-5)","background-image":"","background-repeat":"repeat","background-position":"center center","background-size":"auto","background-attachment":"scroll","background-type":"","background-media":"","overlay-type":"","overlay-color":"","overlay-opacity":"","overlay-gradient":""},"tablet":{"background-color":"var(--ast-global-color-5)","background-image":"","background-repeat":"repeat","background-position":"center center","background-size":"auto","background-attachment":"scroll","background-type":"","background-media":"","overlay-type":"","overlay-color":"","overlay-opacity":"","overlay-gradient":""},"mobile":{"background-color":"var(--ast-global-color-5)","background-image":"","background-repeat":"repeat","background-position":"center center","background-size":"auto","background-attachment":"scroll","background-type":"","background-media":"","overlay-type":"","overlay-color":"","overlay-opacity":"","overlay-gradient":""}},"footnotes":""},"class_list":["post-1927","page","type-page","status-publish","hentry"],"post_mailing_queue_ids":[],"_links":{"self":[{"href":"https:\/\/agora.xtec.cat\/ifeb\/wp-json\/wp\/v2\/pages\/1927","targetHints":{"allow":["GET"]}}],"collection":[{"href":"https:\/\/agora.xtec.cat\/ifeb\/wp-json\/wp\/v2\/pages"}],"about":[{"href":"https:\/\/agora.xtec.cat\/ifeb\/wp-json\/wp\/v2\/types\/page"}],"author":[{"embeddable":true,"href":"https:\/\/agora.xtec.cat\/ifeb\/wp-json\/wp\/v2\/users\/3"}],"replies":[{"embeddable":true,"href":"https:\/\/agora.xtec.cat\/ifeb\/wp-json\/wp\/v2\/comments?post=1927"}],"version-history":[{"count":6,"href":"https:\/\/agora.xtec.cat\/ifeb\/wp-json\/wp\/v2\/pages\/1927\/revisions"}],"predecessor-version":[{"id":2329,"href":"https:\/\/agora.xtec.cat\/ifeb\/wp-json\/wp\/v2\/pages\/1927\/revisions\/2329"}],"wp:attachment":[{"href":"https:\/\/agora.xtec.cat\/ifeb\/wp-json\/wp\/v2\/media?parent=1927"}],"curies":[{"name":"wp","href":"https:\/\/api.w.org\/{rel}","templated":true}]}}