{"id":1837,"date":"2025-06-27T11:08:11","date_gmt":"2025-06-27T09:08:11","guid":{"rendered":"https:\/\/agora.xtec.cat\/ifeb\/?page_id=1837"},"modified":"2026-01-29T08:54:23","modified_gmt":"2026-01-29T07:54:23","slug":"1837-2","status":"publish","type":"page","link":"https:\/\/agora.xtec.cat\/ifeb\/1837-2\/","title":{"rendered":"Internacionalitzaci\u00f3"},"content":{"rendered":"\n<div class=\"wp-block-getwid-section alignfull alignfull getwid-section-content-custom-width\"><div class=\"wp-block-getwid-section__wrapper getwid-padding-top-normal getwid-padding-bottom-normal getwid-padding-left-medium getwid-padding-right-medium\"><div class=\"wp-block-getwid-section__inner-wrapper\" style=\"max-width:740px\"><div class=\"wp-block-getwid-section__background-holder\"><div class=\"wp-block-getwid-section__background\"><\/div><div class=\"wp-block-getwid-section__foreground\"><\/div><\/div><div class=\"wp-block-getwid-section__content\"><div class=\"wp-block-getwid-section__inner-content\">\n<div class=\"wp-block-getwid-advanced-heading\" style=\"margin-bottom:30px;margin-top:10px\"><h2 class=\"wp-block-getwid-advanced-heading__content\" style=\"text-align:center\">Internacionalitzaci\u00f3<\/h2><\/div>\n<\/div><\/div><\/div><\/div><\/div>\n\n\n\n<p class=\"has-medium-font-size\" style=\"padding-top:0;padding-right:var(--wp--preset--spacing--50);padding-bottom:0;padding-left:var(--wp--preset--spacing--50)\">L\u2019Institut de Formaci\u00f3 Empresarial de Barcelona (IFEB) ha iniciat el seu proc\u00e9s d&#8217;internacionalitzaci\u00f3 amb l&#8217;objectiu de fomentar la participaci\u00f3 en projectes europeus i oferir oportunitats de mobilitat a l&#8217;alumnat dels cicles formatius. A partir del curs 2024-2025, l\u2019IFEB impulsa la seva primera estrat\u00e8gia de mobilitat pr\u00f2pia en el marc del programa Erasmus+, amb l&#8217;objectiu de facilitar que l\u2019alumnat pugui realitzar estades formatives en empreses d\u2019altres pa\u00efsos de la Uni\u00f3 Europea.<\/p>\n\n\n\n<p class=\"has-medium-font-size\" style=\"padding-top:0;padding-right:var(--wp--preset--spacing--50);padding-bottom:0;padding-left:var(--wp--preset--spacing--50)\">La mobilitat en els processos formatius \u00e9s una estrat\u00e8gia fonamental per al creixement personal i professional de l\u2019alumnat. Participar en experi\u00e8ncies internacionals permet millorar compet\u00e8ncies clau com la comunicaci\u00f3, l\u2019adaptabilitat i les habilitats ling\u00fc\u00edstiques, alhora que augmenta l\u2019ocupabilitat i afavoreix una visi\u00f3 m\u00e9s \u00e0mplia del m\u00f3n laboral i cultural. La mobilitat d\u2019estudiants i professorat \u00e9s tamb\u00e9 una eina clau per a la modernitzaci\u00f3 i la qualitat del sistema educatiu.<\/p>\n\n\n\n<p class=\"has-medium-font-size\" style=\"padding-top:0;padding-right:var(--wp--preset--spacing--50);padding-bottom:0;padding-left:var(--wp--preset--spacing--50)\">Actualment, l\u2019institut forma part de dos consorcis Erasmus+: el consorci del Departament d&#8217;Educaci\u00f3, que facilita la participaci\u00f3 de centres educatius p\u00fablics en projectes europeus, i el consorci coordinat per la Fundaci\u00f3 BCN Formaci\u00f3 Professional, especialitzat en pr\u00e0ctiques internacionals en empreses per a estudiants de formaci\u00f3 professional.<\/p>\n\n\n\n<p class=\"has-medium-font-size\" style=\"padding-top:0;padding-right:var(--wp--preset--spacing--50);padding-bottom:0;padding-left:var(--wp--preset--spacing--50)\">A m\u00e9s, l\u2019IFEB forma part de Netinvet, una xarxa europea composta per escoles, centres de formaci\u00f3, organitzacions professionals i empreses associades, en la qual es creen relacions de confian\u00e7a per permetre la mobilitat dels alumnes durant la seva formaci\u00f3 professional.<\/p>\n\n\n\n<hr class=\"wp-block-separator has-text-color has-ast-global-color-0-color has-alpha-channel-opacity has-ast-global-color-0-background-color has-background is-style-default\" style=\"margin-top:var(--wp--preset--spacing--70);margin-bottom:var(--wp--preset--spacing--70)\"\/>\n\n\n\n<p class=\"has-medium-font-size\" style=\"padding-top:0;padding-right:var(--wp--preset--spacing--50);padding-bottom:0;padding-left:var(--wp--preset--spacing--50)\">The <em>Institut de Formaci\u00f3 Empresarial de Barcelona<\/em> (IFEB) has begun its internationalization process with the aim of promoting participation in European projects and offering mobility opportunities to vocational training students. Starting in the 2024\u20132025 academic year, IFEB is launching its first mobility strategy within the Erasmus+ programme framework, with the goal of enabling students to carry out training placements in companies in other European Union countries.<\/p>\n\n\n\n<p class=\"has-medium-font-size\" style=\"padding-top:0;padding-right:var(--wp--preset--spacing--50);padding-bottom:0;padding-left:var(--wp--preset--spacing--50)\">Mobility in educational pathways is a key strategy for the personal and professional development of students. Participating in international experiences helps improve essential skills such as communication, adaptability, and language proficiency, while also increasing employability and fostering a broader understanding of the professional and cultural world. Facilitating mobility contributes significantly to the continuous development and modernization of educational practices.<\/p>\n\n\n\n<p class=\"has-medium-font-size\" style=\"padding-top:0;padding-right:var(--wp--preset--spacing--50);padding-bottom:0;padding-left:var(--wp--preset--spacing--50)\">Currently, Ifeb is part of two Erasmus+ consortia: the consortium led by the Department of Education, which facilitates the participation of public schools in European projects, and the consortium coordinated by the <em>Fundaci\u00f3 BCN Formaci\u00f3 Professional<\/em>, which specializes in international internships for vocational training students.<\/p>\n\n\n\n<p class=\"has-medium-font-size\" style=\"padding-top:0;padding-right:var(--wp--preset--spacing--50);padding-bottom:0;padding-left:var(--wp--preset--spacing--50)\">In addition, IFEB is a member of Netinvet, a European network made up of schools, training centres, professional organizations, and partner companies, where relationships of trust are built to support student mobility during their vocational training.<\/p>\n\n\n\n<div style=\"height:50px\" aria-hidden=\"true\" class=\"wp-block-spacer\"><\/div>\n\n\n\n<p class=\"has-ast-global-color-0-color has-text-color has-link-color has-medium-font-size wp-elements-5c2c1a39f2e89dcc70fc9fa5aedd716d\"><strong><mark>IFEB Centre ERASMUS acreditat<\/mark><\/strong><\/p>\n\n\n\n<details class=\"wp-block-details is-layout-flow wp-block-details-is-layout-flow\"><summary>Erasmus Charter for Higher Education 2021-2027<\/summary>\n<div data-wp-interactive=\"core\/file\" class=\"wp-block-file\"><object data-wp-bind--hidden=\"!state.hasPdfPreview\" hidden class=\"wp-block-file__embed\" data=\"https:\/\/agora.xtec.cat\/ifeb\/wp-content\/uploads\/usu3035\/2025\/10\/Erasmus-Charter-for-Higher-Education.pdf\" type=\"application\/pdf\" style=\"width:100%;height:600px\" aria-label=\"Incrustaci\u00f3 del fitxer Erasmus Charter for Higher Education.\"><\/object><a id=\"wp-block-file--media-d8091581-84bf-44e4-9943-a3487f22d0c7\" href=\"https:\/\/agora.xtec.cat\/ifeb\/wp-content\/uploads\/usu3035\/2025\/10\/Erasmus-Charter-for-Higher-Education.pdf\">Erasmus Charter for Higher Education<\/a><a href=\"https:\/\/agora.xtec.cat\/ifeb\/wp-content\/uploads\/usu3035\/2025\/10\/Erasmus-Charter-for-Higher-Education.pdf\" class=\"wp-block-file__button wp-element-button\" download aria-describedby=\"wp-block-file--media-d8091581-84bf-44e4-9943-a3487f22d0c7\">Baixa<\/a><\/div>\n<\/details>\n\n\n\n<p><\/p>\n\n\n\n<details class=\"wp-block-details is-layout-flow wp-block-details-is-layout-flow\"><summary>Erasmus Policy Statement<\/summary>\n<div data-wp-interactive=\"core\/file\" class=\"wp-block-file\"><object data-wp-bind--hidden=\"!state.hasPdfPreview\" hidden class=\"wp-block-file__embed\" data=\"https:\/\/agora.xtec.cat\/ifeb\/wp-content\/uploads\/usu3035\/2026\/01\/Erasmus-policy-statement.pdf\" type=\"application\/pdf\" style=\"width:100%;height:600px\" aria-label=\"Incrustaci\u00f3 del fitxer Erasmus policy statement.\"><\/object><a id=\"wp-block-file--media-37cfdb91-d34a-4f6a-8da9-d5a43148f2bc\" href=\"https:\/\/agora.xtec.cat\/ifeb\/wp-content\/uploads\/usu3035\/2026\/01\/Erasmus-policy-statement.pdf\">Erasmus policy statement<\/a><a href=\"https:\/\/agora.xtec.cat\/ifeb\/wp-content\/uploads\/usu3035\/2026\/01\/Erasmus-policy-statement.pdf\" class=\"wp-block-file__button wp-element-button\" download aria-describedby=\"wp-block-file--media-37cfdb91-d34a-4f6a-8da9-d5a43148f2bc\">Baixa<\/a><\/div>\n<\/details>\n\n\n\n<p><\/p>\n","protected":false},"excerpt":{"rendered":"<p>L\u2019Institut de Formaci\u00f3 Empresarial de Barcelona (IFEB) ha iniciat el seu proc\u00e9s d&#8217;internacionalitzaci\u00f3 amb l&#8217;objectiu de fomentar la participaci\u00f3 en projectes europeus i oferir oportunitats de mobilitat a l&#8217;alumnat dels cicles formatius. A partir del curs 2024-2025, l\u2019IFEB impulsa la seva primera estrat\u00e8gia de mobilitat pr\u00f2pia en el marc del programa Erasmus+, amb l&#8217;objectiu de [&hellip;]<\/p>\n","protected":false},"author":5,"featured_media":0,"parent":0,"menu_order":0,"comment_status":"closed","ping_status":"close","template":"","meta":{"site-sidebar-layout":"default","site-content-layout":"","ast-site-content-layout":"default","site-content-style":"default","site-sidebar-style":"default","ast-global-header-display":"","ast-banner-title-visibility":"","ast-main-header-display":"","ast-hfb-above-header-display":"","ast-hfb-below-header-display":"","ast-hfb-mobile-header-display":"","site-post-title":"","ast-breadcrumbs-content":"","ast-featured-img":"","footer-sml-layout":"","theme-transparent-header-meta":"","adv-header-id-meta":"","stick-header-meta":"","header-above-stick-meta":"","header-main-stick-meta":"","header-below-stick-meta":"","astra-migrate-meta-layouts":"set","ast-page-background-enabled":"default","ast-page-background-meta":{"desktop":{"background-color":"var(--ast-global-color-4)","background-image":"","background-repeat":"repeat","background-position":"center center","background-size":"auto","background-attachment":"scroll","background-type":"","background-media":"","overlay-type":"","overlay-color":"","overlay-opacity":"","overlay-gradient":""},"tablet":{"background-color":"","background-image":"","background-repeat":"repeat","background-position":"center center","background-size":"auto","background-attachment":"scroll","background-type":"","background-media":"","overlay-type":"","overlay-color":"","overlay-opacity":"","overlay-gradient":""},"mobile":{"background-color":"","background-image":"","background-repeat":"repeat","background-position":"center center","background-size":"auto","background-attachment":"scroll","background-type":"","background-media":"","overlay-type":"","overlay-color":"","overlay-opacity":"","overlay-gradient":""}},"ast-content-background-meta":{"desktop":{"background-color":"var(--ast-global-color-5)","background-image":"","background-repeat":"repeat","background-position":"center center","background-size":"auto","background-attachment":"scroll","background-type":"","background-media":"","overlay-type":"","overlay-color":"","overlay-opacity":"","overlay-gradient":""},"tablet":{"background-color":"var(--ast-global-color-5)","background-image":"","background-repeat":"repeat","background-position":"center center","background-size":"auto","background-attachment":"scroll","background-type":"","background-media":"","overlay-type":"","overlay-color":"","overlay-opacity":"","overlay-gradient":""},"mobile":{"background-color":"var(--ast-global-color-5)","background-image":"","background-repeat":"repeat","background-position":"center center","background-size":"auto","background-attachment":"scroll","background-type":"","background-media":"","overlay-type":"","overlay-color":"","overlay-opacity":"","overlay-gradient":""}},"footnotes":""},"class_list":["post-1837","page","type-page","status-publish","hentry"],"post_mailing_queue_ids":[],"_links":{"self":[{"href":"https:\/\/agora.xtec.cat\/ifeb\/wp-json\/wp\/v2\/pages\/1837","targetHints":{"allow":["GET"]}}],"collection":[{"href":"https:\/\/agora.xtec.cat\/ifeb\/wp-json\/wp\/v2\/pages"}],"about":[{"href":"https:\/\/agora.xtec.cat\/ifeb\/wp-json\/wp\/v2\/types\/page"}],"author":[{"embeddable":true,"href":"https:\/\/agora.xtec.cat\/ifeb\/wp-json\/wp\/v2\/users\/5"}],"replies":[{"embeddable":true,"href":"https:\/\/agora.xtec.cat\/ifeb\/wp-json\/wp\/v2\/comments?post=1837"}],"version-history":[{"count":6,"href":"https:\/\/agora.xtec.cat\/ifeb\/wp-json\/wp\/v2\/pages\/1837\/revisions"}],"predecessor-version":[{"id":2221,"href":"https:\/\/agora.xtec.cat\/ifeb\/wp-json\/wp\/v2\/pages\/1837\/revisions\/2221"}],"wp:attachment":[{"href":"https:\/\/agora.xtec.cat\/ifeb\/wp-json\/wp\/v2\/media?parent=1837"}],"curies":[{"name":"wp","href":"https:\/\/api.w.org\/{rel}","templated":true}]}}