{"id":1663,"date":"2025-06-03T11:37:06","date_gmt":"2025-06-03T09:37:06","guid":{"rendered":"https:\/\/agora.xtec.cat\/ifeb\/?page_id=1663"},"modified":"2025-07-04T17:54:50","modified_gmt":"2025-07-04T15:54:50","slug":"publicacio-de-la-llista-provisional-de-sollicituds-pfi-2025-2026","status":"publish","type":"page","link":"https:\/\/agora.xtec.cat\/ifeb\/llistats-provisionals-dacces\/publicacio-de-la-llista-provisional-de-sollicituds-pfi-2025-2026\/","title":{"rendered":"Publicaci\u00f3 de la Llista Definitiva d&#8217;alumnat adm\u00e8s \u2013 PFI 2025-2026"},"content":{"rendered":"\n<p>L\u2019Institut de Formaci\u00f3 Empresarial de Barcelona informa que ja est\u00e0 publicada la <strong>llista definitiva de sol\u00b7licituds admeses<\/strong> per al curs 2025-2026 del Programa de Formaci\u00f3 i Inserci\u00f3 (PFI) en l\u2019especialitat <strong>CM02 &#8211; Auxiliar de comer\u00e7 i atenci\u00f3 al p\u00fablic<\/strong>.<\/p>\n\n\n\n<p>Amb data de 04\/07\/2025 es publiquen els llistats definitius (cliqueu al bot\u00f3 descarrega per obrir-los): <\/p>\n\n\n\n<ul class=\"wp-block-list\">\n<li><strong>Alumnat  amb pla\u00e7a i adm\u00e8s <\/strong>&#8211;<a href=\"https:\/\/drive.google.com\/file\/d\/1A955lSoDuYRsKaNbUpDFHhCloQixFjjl\/view?usp=sharing\"> <strong>DESCARREGA<\/strong><\/a><\/li>\n<\/ul>\n\n\n\n<ul class=\"wp-block-list\">\n<li><strong>Alumnat en llista d&#8217;espera &#8211;<\/strong> <a href=\"https:\/\/drive.google.com\/file\/d\/1frmFWlmcnmBvSHTHcBPI_a5uD4ZOmOkD\/view?usp=sharing\"><strong>DESCARREGA<\/strong><\/a><\/li>\n<\/ul>\n\n\n\n<p>Aquell alumnat que heu obtingut pla\u00e7a, rebreu un correu amb el formulari de matr\u00edcula. En cas que no l&#8217;h\u00e0giu rebut, si us plau, escriviu a ifeb.gadm@gmail.com perqu\u00e8 us el tornin a enviar. <\/p>\n\n\n\n<p><\/p>\n","protected":false},"excerpt":{"rendered":"<p>L\u2019Institut de Formaci\u00f3 Empresarial de Barcelona informa que ja est\u00e0 publicada la llista definitiva de sol\u00b7licituds admeses per al curs 2025-2026 del Programa de Formaci\u00f3 i Inserci\u00f3 (PFI) en l\u2019especialitat CM02 &#8211; Auxiliar de comer\u00e7 i atenci\u00f3 al p\u00fablic. Amb data de 04\/07\/2025 es publiquen els llistats definitius (cliqueu al bot\u00f3 descarrega per obrir-los): Aquell [&hellip;]<\/p>\n","protected":false},"author":5,"featured_media":0,"parent":1654,"menu_order":0,"comment_status":"closed","ping_status":"close","template":"","meta":{"site-sidebar-layout":"default","site-content-layout":"","ast-site-content-layout":"default","site-content-style":"default","site-sidebar-style":"default","ast-global-header-display":"","ast-banner-title-visibility":"","ast-main-header-display":"","ast-hfb-above-header-display":"","ast-hfb-below-header-display":"","ast-hfb-mobile-header-display":"","site-post-title":"","ast-breadcrumbs-content":"","ast-featured-img":"","footer-sml-layout":"","theme-transparent-header-meta":"","adv-header-id-meta":"","stick-header-meta":"","header-above-stick-meta":"","header-main-stick-meta":"","header-below-stick-meta":"","astra-migrate-meta-layouts":"set","ast-page-background-enabled":"default","ast-page-background-meta":{"desktop":{"background-color":"var(--ast-global-color-4)","background-image":"","background-repeat":"repeat","background-position":"center center","background-size":"auto","background-attachment":"scroll","background-type":"","background-media":"","overlay-type":"","overlay-color":"","overlay-opacity":"","overlay-gradient":""},"tablet":{"background-color":"","background-image":"","background-repeat":"repeat","background-position":"center center","background-size":"auto","background-attachment":"scroll","background-type":"","background-media":"","overlay-type":"","overlay-color":"","overlay-opacity":"","overlay-gradient":""},"mobile":{"background-color":"","background-image":"","background-repeat":"repeat","background-position":"center center","background-size":"auto","background-attachment":"scroll","background-type":"","background-media":"","overlay-type":"","overlay-color":"","overlay-opacity":"","overlay-gradient":""}},"ast-content-background-meta":{"desktop":{"background-color":"var(--ast-global-color-5)","background-image":"","background-repeat":"repeat","background-position":"center center","background-size":"auto","background-attachment":"scroll","background-type":"","background-media":"","overlay-type":"","overlay-color":"","overlay-opacity":"","overlay-gradient":""},"tablet":{"background-color":"var(--ast-global-color-5)","background-image":"","background-repeat":"repeat","background-position":"center center","background-size":"auto","background-attachment":"scroll","background-type":"","background-media":"","overlay-type":"","overlay-color":"","overlay-opacity":"","overlay-gradient":""},"mobile":{"background-color":"var(--ast-global-color-5)","background-image":"","background-repeat":"repeat","background-position":"center center","background-size":"auto","background-attachment":"scroll","background-type":"","background-media":"","overlay-type":"","overlay-color":"","overlay-opacity":"","overlay-gradient":""}},"footnotes":""},"class_list":["post-1663","page","type-page","status-publish","hentry"],"post_mailing_queue_ids":[],"_links":{"self":[{"href":"https:\/\/agora.xtec.cat\/ifeb\/wp-json\/wp\/v2\/pages\/1663","targetHints":{"allow":["GET"]}}],"collection":[{"href":"https:\/\/agora.xtec.cat\/ifeb\/wp-json\/wp\/v2\/pages"}],"about":[{"href":"https:\/\/agora.xtec.cat\/ifeb\/wp-json\/wp\/v2\/types\/page"}],"author":[{"embeddable":true,"href":"https:\/\/agora.xtec.cat\/ifeb\/wp-json\/wp\/v2\/users\/5"}],"replies":[{"embeddable":true,"href":"https:\/\/agora.xtec.cat\/ifeb\/wp-json\/wp\/v2\/comments?post=1663"}],"version-history":[{"count":5,"href":"https:\/\/agora.xtec.cat\/ifeb\/wp-json\/wp\/v2\/pages\/1663\/revisions"}],"predecessor-version":[{"id":1867,"href":"https:\/\/agora.xtec.cat\/ifeb\/wp-json\/wp\/v2\/pages\/1663\/revisions\/1867"}],"up":[{"embeddable":true,"href":"https:\/\/agora.xtec.cat\/ifeb\/wp-json\/wp\/v2\/pages\/1654"}],"wp:attachment":[{"href":"https:\/\/agora.xtec.cat\/ifeb\/wp-json\/wp\/v2\/media?parent=1663"}],"curies":[{"name":"wp","href":"https:\/\/api.w.org\/{rel}","templated":true}]}}